{"id":8747,"date":"2025-05-12T11:07:32","date_gmt":"2025-05-12T10:07:32","guid":{"rendered":"https:\/\/www.greenmobility.com\/dk\/?page_id=8747"},"modified":"2026-04-20T10:05:06","modified_gmt":"2026-04-20T09:05:06","slug":"lej-id-buzz","status":"publish","type":"page","link":"https:\/\/www.greenmobility.com\/dk\/da\/lej-id-buzz\/","title":{"rendered":"ID. Buzz"},"content":{"rendered":"<div class=\"wpb-content-wrapper\"><p>[vc_row padding_top=&#8221;5%&#8221;][vc_column]<div class=\" agni-section-heading text-left ihda\" ><h1 class=\"section-heading-text \" style=\"font-size:48px;\"><span>Lej en VW ID. Buzz hos GreenMobility<\/span><\/h1><div class=\"section-divide-line divide-line text-left\"><span style=\"width:90px; height:1px; background-color:#3ea635\"><\/span><\/div><p class=\"section-additional-heading-text\" style=\"font-size:22px;\">ID. Buzz er perfekt til ture med venner og familie<\/p><\/div>[vc_empty_space][\/vc_column][vc_column width=&#8221;1\/2&#8243;][vc_column_text]Med GreenMobility kan du leje en Volkswagen ID. Buzz direkte fra gaderne i K\u00f8benhavn \u2013 perfekt n\u00e5r du skal p\u00e5 ferie, udflugter eller weekendture med hele familien eller vennerne.[\/vc_column_text][\/vc_column][vc_column width=&#8221;1\/2&#8243;][vc_column_text]<\/p>\n<p style=\"text-align: justify;\">Lej en 100 % elektrisk VW ID. Buzz med plads til 7 personer og op til 468 km k\u00f8rsel p\u00e5 \u00e9n opladning. Ingen CO<sub>2<\/sub> udledning under k\u00f8rslen \u2013 bare ren k\u00f8regl\u00e6de og god samvittighed.<\/p>\n<p>[\/vc_column_text][\/vc_column][\/vc_row][vc_row margin_bottom=&#8221;32&#8243;][vc_column align=&#8221;center&#8221;][vc_empty_space height=&#8221;80px&#8221;]<div class=\" agni-section-heading text-center ihda\" ><h2 class=\"section-heading-text \" style=\"font-size:36px;\"><span>S\u00e5dan lejer du en ID. Buzz<\/span><\/h2><div class=\"section-divide-line divide-line text-center\"><span style=\"width:90px; height:1px; background-color:#3ea635\"><\/span><\/div><\/div>[\/vc_column][\/vc_row][vc_row][vc_column align=&#8221;center&#8221; width=&#8221;1\/3&#8243;]<div class=\" service-box service-box-style-1 text-center \" >\r\n\t\t\t\t\t<div class=\" agni-icon has-icon \" ><span class=\"agni-icon-container\" style=\"border-radius:50%; color:#000000; \"><i class=\"icon-basic-smartphone  \" style=\"border-radius:50%; color:#3ea635; \"><\/i><\/span><\/div><h6 class=\"service-box-heading\" style=\"font-size:24px; \">1. Download appen<\/h6><div class=\"divide-line text-center\"><span ><\/span><\/div><div class=\"service-box-description\" ><p>ID. Buzz er tilg\u00e6ngelig i K\u00f8benhavn i appen. Se efter det gule bil-ikon med teksten ID. Buzz.<\/p>\n<\/div>\r\n\t\t\t\t<\/div>[vc_empty_space][\/vc_column][vc_column align=&#8221;center&#8221; width=&#8221;1\/3&#8243;]<div class=\" service-box service-box-style-1 text-center \" >\r\n\t\t\t\t\t<div class=\" agni-icon has-icon \" ><span class=\"agni-icon-container\" style=\"border-radius:50%; color:#000000; \"><i class=\"ion-load-c  \" style=\"border-radius:50%; color:#3ea635; \"><\/i><\/span><\/div><h6 class=\"service-box-heading\" style=\"font-size:24px; \">2. Find ID. Buzz i appen<\/h6><div class=\"divide-line text-center\"><span ><\/span><\/div><div class=\"service-box-description\" ><p>Lej ID. Buzz med et swipe &#8211; husk, at du skal opfylde nogle bestemte krav for at leje den.<\/p>\n<\/div>\r\n\t\t\t\t<\/div>[vc_empty_space][\/vc_column][vc_column align=&#8221;center&#8221; width=&#8221;1\/3&#8243;]<div class=\" service-box service-box-style-1 text-center \" >\r\n\t\t\t\t\t<div class=\" agni-icon has-icon \" ><span class=\"agni-icon-container\" style=\"border-radius:50%; color:#000000; \"><i class=\"ion-ios-checkmark-outline  \" style=\"border-radius:50%; color:#3ea635; \"><\/i><\/span><\/div><h6 class=\"service-box-heading\" style=\"font-size:24px; \">3. Nyd turen<\/h6><div class=\"divide-line text-center\"><span ><\/span><\/div><div class=\"service-box-description\" ><p>K\u00f8r pr. minut, time, d\u00f8gn, uge eller m\u00e5ned &#8211; kun fantasien s\u00e6tter gr\u00e6nser. ID. Buzz till\u00e6g g\u00e6lder for pakker.<\/p>\n<\/div>\r\n\t\t\t\t<\/div>[vc_empty_space][\/vc_column][\/vc_row][vc_row margin_bottom=&#8221;32&#8243;][vc_column align=&#8221;center&#8221;]<div class=\" call-to-action call-to-action-style-1\"><div class=\"call-to-action-description\"><\/div><div class=\"call-to-action-button\"><a class=\"btn btn-alt btn-default \" target=\"_blank\" href=\"https:\/\/app.adjust.com\/bze7zzu\" style=\"margin-top: 10px; \"> G\u00e5 til appen<\/a><\/div><\/div>[vc_empty_space height=&#8221;50px&#8221;][\/vc_column][\/vc_row][vc_row fullwidth=&#8221;has-fullwidth-column&#8221; equal_height=&#8221;yes&#8221;][vc_column bg_color=&#8221;#BBD6A0&#8243; width=&#8221;1\/2&#8243;][vc_empty_space height=&#8221;80px&#8221;][vc_custom_heading divide_line=&#8221;yes&#8221; divide_line_color=&#8221;#ffffff&#8221; text=&#8221;Lej en elbil til 7 personer&#8221; font_container=&#8221;tag:h2|text_align:center|color:%23ffffff&#8221; google_fonts=&#8221;font_family:Open%20Sans%3A300%2C300italic%2Cregular%2Citalic%2C600%2C600italic%2C700%2C700italic%2C800%2C800italic|font_style:400%20regular%3A400%3Anormal&#8221; responsive_font_size=&#8221;yes&#8221;][vc_empty_space height=&#8221;20px&#8221;][vc_column_text padding_right=&#8221;5%&#8221; padding_left=&#8221;5%&#8221;]<span style=\"color: #ffffff;\">VW ID. Buzz g\u00f8r det nemt at tage p\u00e5 weekendtur, k\u00f8re p\u00e5 festival, p\u00e5 ferie, til familief\u00f8dselsdag og meget mere. Med et ikonisk retrodesign og masser af wow-faktor bliver en k\u00f8retur i ID. Buzz lige s\u00e5 uforglemmelig som destinationen. Du f\u00e5r:\u00a0<\/span><\/p>\n<p><span style=\"color: #ffffff;\">\u2713 7 komfortable s\u00e6der til voksne og et rummeligt bagagerum<\/span><br \/>\n<span style=\"color: #ffffff;\">\u2713 Op til 468 km k\u00f8rsel p\u00e5 \u00e9n opladning<\/span><br \/>\n<span style=\"color: #ffffff;\">\u2713 Automatgear, bakkamera og smart f\u00f8rerassistentsystem<\/span><br \/>\n<span style=\"color: #ffffff;\">\u2713 Ikonisk VW-retrodesign med moderne teknologi<\/span>[\/vc_column_text][vc_empty_space height=&#8221;80px&#8221;][\/vc_column][vc_column bg_choice=&#8221;2&#8243; bg_image=&#8221;9288&#8243; width=&#8221;1\/2&#8243; padding_right=&#8221;2%&#8221; padding_left=&#8221;2%&#8221;][vc_empty_space height=&#8221;300px&#8221;][\/vc_column][\/vc_row][vc_row fullwidth=&#8221;has-fullwidth-column&#8221; equal_height=&#8221;yes&#8221;][vc_column bg_choice=&#8221;2&#8243; bg_image=&#8221;9310&#8243; width=&#8221;1\/2&#8243;][vc_empty_space height=&#8221;300px&#8221;][\/vc_column][vc_column bg_color=&#8221;#BBD6A0&#8243; width=&#8221;1\/2&#8243;][vc_empty_space height=&#8221;80px&#8221;][vc_custom_heading divide_line=&#8221;yes&#8221; divide_line_color=&#8221;#ffffff&#8221; text=&#8221;Krav til dig der vil leje en ID. Buzz&#8221; font_container=&#8221;tag:h2|text_align:center|color:%23ffffff&#8221; google_fonts=&#8221;font_family:Open%20Sans%3A300%2C300italic%2Cregular%2Citalic%2C600%2C600italic%2C700%2C700italic%2C800%2C800italic|font_style:400%20regular%3A400%3Anormal&#8221; responsive_font_size=&#8221;yes&#8221;][vc_empty_space height=&#8221;20px&#8221;][vc_column_text padding_right=&#8221;5%&#8221; padding_left=&#8221;5%&#8221;]<span style=\"color: #ffffff;\">For at leje en ID. Buzz skal du opfylde f\u00f8lgende krav:<\/span><\/p>\n<p><span style=\"color: #ffffff;\">\u2713 Du skal v\u00e6re mindst 25 \u00e5r (eller 23 \u00e5r, hvis du er GreenSaver)<\/span><br data-start=\"207\" data-end=\"210\" \/><span style=\"color: #ffffff;\">\u2713 Du skal have gennemf\u00f8rt mindst \u00e9n tur med GreenMobility<\/span><br data-start=\"267\" data-end=\"270\" \/><span style=\"color: #ffffff;\">\u2713 Du m\u00e5 ikke have ubetalte regninger eller tidligere overtr\u00e6delser af vores regler \u2013 fx rygning i bilen, skader eller efterladt affald.<\/span>[\/vc_column_text][vc_empty_space height=&#8221;80px&#8221;][\/vc_column][\/vc_row][vc_row margin_bottom=&#8221;32&#8243;][vc_column align=&#8221;center&#8221;][vc_empty_space height=&#8221;80px&#8221;][\/vc_column][\/vc_row][vc_row padding_right=&#8221;5%&#8221; padding_left=&#8221;5%&#8221;][vc_column align=&#8221;center&#8221;][vc_empty_space height=&#8221;50px&#8221;]<div class=\" agni-section-heading text-center ihda\" ><h2 class=\"section-heading-text \" style=\"font-size:48px;\"><span>Hvad koster det at leje VW ID. Buzz?<\/span><\/h2><div class=\"section-divide-line divide-line text-center\"><span style=\"width:90px; height:1px; background-color:#73b742\"><\/span><\/div><\/div>[vc_column_text]<\/p>\n<p style=\"text-align: center;\">Med GreenMobility f\u00e5r du billig leje af ID. Buzz i K\u00f8benhavn &#8211; ingen uforudsete omkostninger, skjulte gebyrer eller papirarbejde. VW ID. Buzz priserne er enkle &#8211; betal p\u00e5 farten eller brug vores time- og d\u00f8gnpakker til de l\u00e6ngere ture og ferier. Du k\u00f8rer <em>alt inklusiv:<\/em> Str\u00f8m, parkering i zonen, forsikring og vedligeholdelse er inkluderet.<\/p>\n<p>[\/vc_column_text][\/vc_column][vc_column][vc_empty_space][\/vc_column][\/vc_row][vc_row el_id=&#8221;Priser_id.buzz&#8221;][vc_column align=&#8221;center&#8221;][vc_row_inner gap=&#8221;15&#8243;][vc_column_inner align=&#8221;center&#8221; width=&#8221;1\/3&#8243; border_top=&#8221;3&#8243; border_right=&#8221;3&#8243; border_bottom=&#8221;3&#8243; border_left=&#8221;3&#8243; border_color=&#8221;#3ea635&#8243; border_style=&#8221;solid&#8221; border_radius=&#8221;3&#8243;][vc_column_text]<\/p>\n<h4><\/h4>\n<h4 style=\"text-align: center;\">Betal p\u00e5 farten<br \/>\nK\u00f8r for 7 kr.\/minut<\/h4>\n<p>[\/vc_column_text][vc_column_text]Lej en ID. Buzz direkte p\u00e5 gaden og betal per minut. Ideelt til kortere svipture rundt i byen.[\/vc_column_text][vc_empty_space height=&#8221;15px&#8221;][\/vc_column_inner][vc_column_inner align=&#8221;center&#8221; width=&#8221;1\/3&#8243; border_top=&#8221;3&#8243; border_right=&#8221;3&#8243; border_bottom=&#8221;3&#8243; border_left=&#8221;3&#8243; border_color=&#8221;#3ea635&#8243; border_style=&#8221;solid&#8221; border_radius=&#8221;3&#8243;][vc_column_text]<\/p>\n<h4><\/h4>\n<h4 style=\"text-align: center;\">Timepakker<br \/>\nK\u00f8r fra 107 kr.\/time<\/h4>\n<p>[\/vc_column_text][vc_column_text]Brug vores timepakker n\u00e5r du f.eks. vil p\u00e5 udflugt eller til familief\u00f8dselsdag. ID. Buzz-till\u00e6g g\u00e6lder.[\/vc_column_text][vc_empty_space height=&#8221;15px&#8221;][\/vc_column_inner][vc_column_inner align=&#8221;center&#8221; width=&#8221;1\/3&#8243; border_top=&#8221;3&#8243; border_right=&#8221;3&#8243; border_bottom=&#8221;3&#8243; border_left=&#8221;3&#8243; border_color=&#8221;#3ea635&#8243; border_style=&#8221;solid&#8221; border_radius=&#8221;3&#8243;][vc_column_text]<\/p>\n<h4><\/h4>\n<h4 style=\"text-align: center;\">D\u00f8gnpakker<br \/>\nK\u00f8r fra 733 kr.\/d\u00f8gn<\/h4>\n<p>[\/vc_column_text][vc_column_text]Lej en ID. Buzz i 1, 2, 3, 7, 14 eller 30 d\u00f8gn, n\u00e5r du vil p\u00e5 tur eller ferie. ID. Buzz-till\u00e6g g\u00e6lder.[\/vc_column_text][vc_empty_space height=&#8221;15px&#8221;][\/vc_column_inner][\/vc_row_inner][vc_empty_space]<div class=\" call-to-action call-to-action-style-1\"><div class=\"call-to-action-description\"><\/div><div class=\"call-to-action-button\"><a class=\"btn btn-alt btn-default \" target=\"_blank\" href=\"https:\/\/www.greenmobility.com\/dk\/da\/priser\/\" style=\"margin-top: 10px; \"> Se priser<\/a><\/div><\/div>[\/vc_column][\/vc_row][vc_row margin_bottom=&#8221;32&#8243;][vc_column align=&#8221;center&#8221;][vc_empty_space height=&#8221;80px&#8221;][\/vc_column][\/vc_row][vc_row fullwidth=&#8221;has-fullwidth-column&#8221; equal_height=&#8221;yes&#8221;][vc_column align=&#8221;center&#8221; bg_color=&#8221;#BBD6A0&#8243; width=&#8221;1\/2&#8243;][vc_empty_space height=&#8221;80px&#8221;][vc_custom_heading divide_line=&#8221;yes&#8221; divide_line_color=&#8221;#ffffff&#8221; text=&#8221;S\u00e5dan oplader du ID. Buzz&#8221; font_container=&#8221;tag:h2|text_align:center|color:%23ffffff&#8221; google_fonts=&#8221;font_family:Open%20Sans%3A300%2C300italic%2Cregular%2Citalic%2C600%2C600italic%2C700%2C700italic%2C800%2C800italic|font_style:400%20regular%3A400%3Anormal&#8221; responsive_font_size=&#8221;yes&#8221;][vc_empty_space height=&#8221;20px&#8221;][vc_column_text padding_right=&#8221;5%&#8221; padding_left=&#8221;5%&#8221;]<\/p>\n<p style=\"text-align: left;\"><span style=\"color: #ffffff;\">Med en r\u00e6kkevidde p\u00e5 op til 468 km p\u00e5 et fuldt batteri er Volkswagen ID. Buzz skabt til de l\u00e6ngere ture. Skal du oplade undervejs, kan du g\u00f8re det gratis p\u00e5 E.ON og Spirii ladestationer i Danmark.<\/span><\/p>\n<p style=\"text-align: left;\"><span style=\"color: #ffffff;\"><strong>S\u00e5dan oplader du:<\/strong> S\u00f8rg for at ID. Buzz er l\u00e5st op i appen. \u00c5bn ladeporten, som er placeret ved h\u00f8jre baghjul \u2013 tryk let p\u00e5 VW-logoet p\u00e5 d\u00e6kslet, s\u00e5 springer det op. Tag ladekablet i bagagerummet. S\u00e6t det ene stik i bilens ladeport og det andet i ladestanderen. Find derefter ladebrikken i holderen under gearstangen og hold ladebrikken hen til kortl\u00e6seren p\u00e5 ladestanderen. N\u00e5r bilen begynder at oplade, vil du se et bl\u00e5t lys ved ladeporten. S\u00e6t ladebrikken tilbage i holderen under gearstangen og afslut din tur i appen.<\/span><\/p>\n<p>[\/vc_column_text][vc_empty_space height=&#8221;80px&#8221;][\/vc_column][vc_column bg_choice=&#8221;2&#8243; bg_image=&#8221;6756&#8243; width=&#8221;1\/2&#8243;][vc_empty_space height=&#8221;300px&#8221;][\/vc_column][\/vc_row][vc_row][vc_column][vc_empty_space][\/vc_column][\/vc_row][vc_row][vc_column][vc_empty_space height=&#8221;50px&#8221;]<div class=\" agni-section-heading text-left ihda\" ><h2 class=\"section-heading-text \" style=\"font-size:40px;\"><span>Godt at vide n\u00e5r du lejer en ID. Buzz<\/span><\/h2><div class=\"section-divide-line divide-line text-left\"><span style=\"width:90px; height:1px; background-color:#73b742\"><\/span><\/div><\/div>[vc_column_text]<strong>Hvor kan jeg k\u00f8re hen i en ID. Buzz?<\/strong><br \/>\nDu m\u00e5 k\u00f8re i hele Danmark, og du har ogs\u00e5 mulighed for at k\u00f8re til Sverige. Husk blot, at turen altid skal afsluttes inden for zonen i K\u00f8benhavn eller tilh\u00f8rende satellitzoner, og at parkering og opladning er p\u00e5 egen regning i Sverige.<\/p>\n<p><strong>Er parkering og str\u00f8m inkluderet i prisen?<\/strong><br \/>\nJa, parkering i GreenMobilitys zoner i og omkring K\u00f8benhavn samt str\u00f8m i hele Danmark er inkluderet i prisen.<\/p>\n<p><strong>Hvor kan jeg oplade ID. Buzz i l\u00f8bet af lejeperioden?<\/strong><br \/>\nN\u00e5r du lejer en ID. Buzz kan du oplade p\u00e5 E.ON og Spirii ladestandere rundt omkring i landet p\u00e5 vores regning. L\u00e6s mere om opladning <a href=\"https:\/\/www.greenmobility.com\/dk\/da\/opladning\/\">her<\/a>.<\/p>\n<p><strong>Hvor mange autostole eller barnes\u00e6der er der plads til i ID. Buzz?<\/strong><br \/>\n<span data-teams=\"true\">I vores ID. Buzz kan du nemt montere hele fem autostole med ISOFIX. Det forreste passagers\u00e6de, de yderste s\u00e6der p\u00e5 anden r\u00e6kke og s\u00e6derne p\u00e5 tredje r\u00e6kke er udstyret med ISOFIX og Top Tether-barnes\u00e6deforankringer som standard. <\/span>Har du behov for flere barnes\u00e6der, kan de fleste ogs\u00e5 fastg\u00f8res med bilens sikkerhedsseler.<\/p>\n<p><strong>Hvor meget bagage kan jeg tage med i ID. Buzz?<\/strong><br \/>\nMed alle syv siddepladser i brug har ID. Buzz et bagagerumsvolumen p\u00e5 306 liter, hvilket svarer til ca. 2 store kufferter <em>eller<\/em> 1 stor kuffert + 1-2 kabinekufferter <em>eller<\/em> 4\u20135 kabinekufferter. Har du brug for mere plads, kan s\u00e6derne p\u00e5 tredje r\u00e6kke nemt og hurtigt afmonteres. Med fem s\u00e6der i brug i bilen har du en volumen p\u00e5 1.340 liter. Hvis du har brug for at transportere st\u00f8rre ting som cykler, surfboards og lignende, kan du nemt folde rygl\u00e6nene p\u00e5 b\u00e5de anden og tredje s\u00e6der\u00e6kke ned, hvormed bagagerumsvolumen \u00f8ges til hele 2.469 liter.<\/p>\n<p><strong>M\u00e5 jeg medbringe k\u00e6ledyr i ID. Buzz?<\/strong><br \/>\nNej, som det g\u00e6lder alle vores biltyper, m\u00e5 der desv\u00e6rre ikke medbringes dyr i bilen. En overtr\u00e6delse af dette vil medf\u00f8re en b\u00f8de, der fremg\u00e5r af vores prisside.<\/p>\n<p><strong>Kan jeg forl\u00e6nge min lejeperiode?<\/strong><br \/>\nJa, du kan nemt forl\u00e6nge din lejeperiode, hvis du har brug for at have bilen i l\u00e6ngere tid. K\u00f8b blot en ny pakke i appen, f.eks. en 3, 5 eller 10 timers pakke eller en af vores d\u00f8gnpakker, hvis du har brug for l\u00e6ngere tid. Husk at aktivere pakken under \u201cMine pakker\u201d i appen, inden den eksisterende pakke udl\u00f8ber.<\/p>\n<p><strong>Kan jeg bruge Tank-op-kroner til at betale for min tur i ID. Buzz?<\/strong><br \/>\nJa, du kan godt bruge Tank-op-kroner som betaling for din ID. Buzz tur. Tank nemt din profil op via appen.<\/p>\n<p><strong>Hvem m\u00e5 k\u00f8re ID. Buzz?<\/strong><br \/>\nKun den registrerede bruger, der har lejet ID. Buzz i GreenMobility-appen, m\u00e5 k\u00f8re den.<\/p>\n<p><strong>Kan ID. Buzz forudbestilles?<\/strong><br \/>\nNej, ID. Buzz kan desv\u00e6rre ikke forudbestilles i \u00f8jeblikket.[\/vc_column_text][vc_empty_space height=&#8221;50px&#8221;][\/vc_column][\/vc_row]<\/p>\n<\/div>","protected":false},"excerpt":{"rendered":"<p>[vc_row padding_top=&#8221;5%&#8221;][vc_column][vc_empty_space][\/vc_column][vc_column width=&#8221;1\/2&#8243;][vc_column_text]Med GreenMobility kan du leje en Volkswagen ID. Buzz direkte fra gaderne i K\u00f8benhavn \u2013 perfekt n\u00e5r du skal p\u00e5 ferie, udflugter eller weekendture med hele familien eller vennerne.[\/vc_column_text][\/vc_column][vc_column width=&#8221;1\/2&#8243;][vc_column_text] Lej en 100 % elektrisk VW ID. Buzz med plads til 7 personer og op til 468 km k\u00f8rsel p\u00e5 \u00e9n opladning. Ingen [&hellip;]<\/p>\n","protected":false},"author":7,"featured_media":0,"parent":0,"menu_order":0,"comment_status":"closed","ping_status":"closed","template":"","meta":{"om_disable_all_campaigns":false,"footnotes":"","_links_to":"","_links_to_target":""},"class_list":["post-8747","page","type-page","status-publish","hentry"],"yoast_head":"<!-- This site is optimized with the Yoast SEO plugin v27.3 - https:\/\/yoast.com\/product\/yoast-seo-wordpress\/ -->\n<title>Lej ID. Buzz - Elektrisk minibus med 7 s\u00e6der | GreenMobility<\/title>\n<meta name=\"description\" content=\"Oplev VW ID. Buzz Life hos GreenMobility! En 100 % elektrisk bil med plads til 7 personer og op til 466 km r\u00e6kkevidde.\" \/>\n<meta name=\"robots\" content=\"index, follow, max-snippet:-1, max-image-preview:large, max-video-preview:-1\" \/>\n<link rel=\"canonical\" href=\"https:\/\/www.greenmobility.com\/dk\/da\/lej-id-buzz\/\" \/>\n<meta property=\"og:locale\" content=\"da_DK\" \/>\n<meta property=\"og:type\" content=\"article\" \/>\n<meta property=\"og:title\" content=\"Lej ID. Buzz - Elektrisk minibus med 7 s\u00e6der | GreenMobility\" \/>\n<meta property=\"og:description\" content=\"Oplev VW ID. Buzz Life hos GreenMobility! En 100 % elektrisk bil med plads til 7 personer og op til 466 km r\u00e6kkevidde.\" \/>\n<meta property=\"og:url\" content=\"https:\/\/www.greenmobility.com\/dk\/da\/lej-id-buzz\/\" \/>\n<meta property=\"og:site_name\" content=\"GreenMobility Denmark\" \/>\n<meta property=\"article:modified_time\" content=\"2026-04-20T09:05:06+00:00\" \/>\n<meta name=\"twitter:card\" content=\"summary_large_image\" \/>\n<meta name=\"twitter:label1\" content=\"Estimeret l\u00e6setid\" \/>\n\t<meta name=\"twitter:data1\" content=\"9 minutter\" \/>\n<script type=\"application\/ld+json\" class=\"yoast-schema-graph\">{\"@context\":\"https:\\\/\\\/schema.org\",\"@graph\":[{\"@type\":\"WebPage\",\"@id\":\"https:\\\/\\\/www.greenmobility.com\\\/dk\\\/da\\\/lej-id-buzz\\\/\",\"url\":\"https:\\\/\\\/www.greenmobility.com\\\/dk\\\/da\\\/lej-id-buzz\\\/\",\"name\":\"Lej ID. Buzz - Elektrisk minibus med 7 s\u00e6der | GreenMobility\",\"isPartOf\":{\"@id\":\"https:\\\/\\\/www.greenmobility.com\\\/dk\\\/da\\\/#website\"},\"datePublished\":\"2025-05-12T10:07:32+00:00\",\"dateModified\":\"2026-04-20T09:05:06+00:00\",\"description\":\"Oplev VW ID. Buzz Life hos GreenMobility! En 100 % elektrisk bil med plads til 7 personer og op til 466 km r\u00e6kkevidde.\",\"breadcrumb\":{\"@id\":\"https:\\\/\\\/www.greenmobility.com\\\/dk\\\/da\\\/lej-id-buzz\\\/#breadcrumb\"},\"inLanguage\":\"da-DK\",\"potentialAction\":[{\"@type\":\"ReadAction\",\"target\":[\"https:\\\/\\\/www.greenmobility.com\\\/dk\\\/da\\\/lej-id-buzz\\\/\"]}]},{\"@type\":\"BreadcrumbList\",\"@id\":\"https:\\\/\\\/www.greenmobility.com\\\/dk\\\/da\\\/lej-id-buzz\\\/#breadcrumb\",\"itemListElement\":[{\"@type\":\"ListItem\",\"position\":1,\"name\":\"Home\",\"item\":\"https:\\\/\\\/www.greenmobility.com\\\/dk\\\/da\\\/\"},{\"@type\":\"ListItem\",\"position\":2,\"name\":\"ID. Buzz\"}]},{\"@type\":\"WebSite\",\"@id\":\"https:\\\/\\\/www.greenmobility.com\\\/dk\\\/da\\\/#website\",\"url\":\"https:\\\/\\\/www.greenmobility.com\\\/dk\\\/da\\\/\",\"name\":\"GreenMobility Denmark\",\"description\":\"\",\"publisher\":{\"@id\":\"https:\\\/\\\/www.greenmobility.com\\\/dk\\\/da\\\/#organization\"},\"potentialAction\":[{\"@type\":\"SearchAction\",\"target\":{\"@type\":\"EntryPoint\",\"urlTemplate\":\"https:\\\/\\\/www.greenmobility.com\\\/dk\\\/da\\\/?s={search_term_string}\"},\"query-input\":{\"@type\":\"PropertyValueSpecification\",\"valueRequired\":true,\"valueName\":\"search_term_string\"}}],\"inLanguage\":\"da-DK\"},{\"@type\":\"Organization\",\"@id\":\"https:\\\/\\\/www.greenmobility.com\\\/dk\\\/da\\\/#organization\",\"name\":\"GreenMobility\",\"url\":\"https:\\\/\\\/www.greenmobility.com\\\/dk\\\/da\\\/\",\"logo\":{\"@type\":\"ImageObject\",\"inLanguage\":\"da-DK\",\"@id\":\"https:\\\/\\\/www.greenmobility.com\\\/dk\\\/da\\\/#\\\/schema\\\/logo\\\/image\\\/\",\"url\":\"https:\\\/\\\/www.greenmobility.com\\\/dk\\\/wp-content\\\/uploads\\\/sites\\\/9\\\/2021\\\/06\\\/logo-EM-DK.png\",\"contentUrl\":\"https:\\\/\\\/www.greenmobility.com\\\/dk\\\/wp-content\\\/uploads\\\/sites\\\/9\\\/2021\\\/06\\\/logo-EM-DK.png\",\"width\":3125,\"height\":788,\"caption\":\"GreenMobility\"},\"image\":{\"@id\":\"https:\\\/\\\/www.greenmobility.com\\\/dk\\\/da\\\/#\\\/schema\\\/logo\\\/image\\\/\"}}]}<\/script>\n<!-- \/ Yoast SEO plugin. -->","yoast_head_json":{"title":"Lej ID. Buzz - Elektrisk minibus med 7 s\u00e6der | GreenMobility","description":"Oplev VW ID. Buzz Life hos GreenMobility! En 100 % elektrisk bil med plads til 7 personer og op til 466 km r\u00e6kkevidde.","robots":{"index":"index","follow":"follow","max-snippet":"max-snippet:-1","max-image-preview":"max-image-preview:large","max-video-preview":"max-video-preview:-1"},"canonical":"https:\/\/www.greenmobility.com\/dk\/da\/lej-id-buzz\/","og_locale":"da_DK","og_type":"article","og_title":"Lej ID. Buzz - Elektrisk minibus med 7 s\u00e6der | GreenMobility","og_description":"Oplev VW ID. Buzz Life hos GreenMobility! En 100 % elektrisk bil med plads til 7 personer og op til 466 km r\u00e6kkevidde.","og_url":"https:\/\/www.greenmobility.com\/dk\/da\/lej-id-buzz\/","og_site_name":"GreenMobility Denmark","article_modified_time":"2026-04-20T09:05:06+00:00","twitter_card":"summary_large_image","twitter_misc":{"Estimeret l\u00e6setid":"9 minutter"},"schema":{"@context":"https:\/\/schema.org","@graph":[{"@type":"WebPage","@id":"https:\/\/www.greenmobility.com\/dk\/da\/lej-id-buzz\/","url":"https:\/\/www.greenmobility.com\/dk\/da\/lej-id-buzz\/","name":"Lej ID. Buzz - Elektrisk minibus med 7 s\u00e6der | GreenMobility","isPartOf":{"@id":"https:\/\/www.greenmobility.com\/dk\/da\/#website"},"datePublished":"2025-05-12T10:07:32+00:00","dateModified":"2026-04-20T09:05:06+00:00","description":"Oplev VW ID. Buzz Life hos GreenMobility! En 100 % elektrisk bil med plads til 7 personer og op til 466 km r\u00e6kkevidde.","breadcrumb":{"@id":"https:\/\/www.greenmobility.com\/dk\/da\/lej-id-buzz\/#breadcrumb"},"inLanguage":"da-DK","potentialAction":[{"@type":"ReadAction","target":["https:\/\/www.greenmobility.com\/dk\/da\/lej-id-buzz\/"]}]},{"@type":"BreadcrumbList","@id":"https:\/\/www.greenmobility.com\/dk\/da\/lej-id-buzz\/#breadcrumb","itemListElement":[{"@type":"ListItem","position":1,"name":"Home","item":"https:\/\/www.greenmobility.com\/dk\/da\/"},{"@type":"ListItem","position":2,"name":"ID. Buzz"}]},{"@type":"WebSite","@id":"https:\/\/www.greenmobility.com\/dk\/da\/#website","url":"https:\/\/www.greenmobility.com\/dk\/da\/","name":"GreenMobility Denmark","description":"","publisher":{"@id":"https:\/\/www.greenmobility.com\/dk\/da\/#organization"},"potentialAction":[{"@type":"SearchAction","target":{"@type":"EntryPoint","urlTemplate":"https:\/\/www.greenmobility.com\/dk\/da\/?s={search_term_string}"},"query-input":{"@type":"PropertyValueSpecification","valueRequired":true,"valueName":"search_term_string"}}],"inLanguage":"da-DK"},{"@type":"Organization","@id":"https:\/\/www.greenmobility.com\/dk\/da\/#organization","name":"GreenMobility","url":"https:\/\/www.greenmobility.com\/dk\/da\/","logo":{"@type":"ImageObject","inLanguage":"da-DK","@id":"https:\/\/www.greenmobility.com\/dk\/da\/#\/schema\/logo\/image\/","url":"https:\/\/www.greenmobility.com\/dk\/wp-content\/uploads\/sites\/9\/2021\/06\/logo-EM-DK.png","contentUrl":"https:\/\/www.greenmobility.com\/dk\/wp-content\/uploads\/sites\/9\/2021\/06\/logo-EM-DK.png","width":3125,"height":788,"caption":"GreenMobility"},"image":{"@id":"https:\/\/www.greenmobility.com\/dk\/da\/#\/schema\/logo\/image\/"}}]}},"_links":{"self":[{"href":"https:\/\/www.greenmobility.com\/dk\/da\/wp-json\/wp\/v2\/pages\/8747","targetHints":{"allow":["GET"]}}],"collection":[{"href":"https:\/\/www.greenmobility.com\/dk\/da\/wp-json\/wp\/v2\/pages"}],"about":[{"href":"https:\/\/www.greenmobility.com\/dk\/da\/wp-json\/wp\/v2\/types\/page"}],"author":[{"embeddable":true,"href":"https:\/\/www.greenmobility.com\/dk\/da\/wp-json\/wp\/v2\/users\/7"}],"replies":[{"embeddable":true,"href":"https:\/\/www.greenmobility.com\/dk\/da\/wp-json\/wp\/v2\/comments?post=8747"}],"version-history":[{"count":3,"href":"https:\/\/www.greenmobility.com\/dk\/da\/wp-json\/wp\/v2\/pages\/8747\/revisions"}],"predecessor-version":[{"id":11429,"href":"https:\/\/www.greenmobility.com\/dk\/da\/wp-json\/wp\/v2\/pages\/8747\/revisions\/11429"}],"wp:attachment":[{"href":"https:\/\/www.greenmobility.com\/dk\/da\/wp-json\/wp\/v2\/media?parent=8747"}],"curies":[{"name":"wp","href":"https:\/\/api.w.org\/{rel}","templated":true}]}}