{"id":8704,"date":"2025-04-11T11:54:32","date_gmt":"2025-04-11T10:54:32","guid":{"rendered":"https:\/\/www.greenmobility.com\/dk\/?page_id=8704"},"modified":"2025-10-08T13:10:26","modified_gmt":"2025-10-08T12:10:26","slug":"drive-in-bio","status":"publish","type":"page","link":"https:\/\/www.greenmobility.com\/dk\/da\/drive-in-bio\/","title":{"rendered":"Drive in Bio"},"content":{"rendered":"<div class=\"wpb-content-wrapper\"><p>[vc_row padding_top=&#8221;3.5%&#8221; padding_bottom=&#8221;3%&#8221; border_top=&#8221;1&#8243; border_color=&#8221;#dddddd&#8221; border_style=&#8221;solid&#8221;][vc_column][vc_empty_space height=&#8221;50px&#8221;]<div class=\" agni-section-heading text-center ihda\" ><h2 class=\"section-heading-text section-heading-text_responsive\" style=\"font-size:56px;\"><span>Drive In Bio med GreenMobility<\/span><\/h2><div class=\"section-divide-line divide-line text-center\"><span style=\"width:180px; height:1px; background-color:#52d34c\"><\/span><\/div><p class=\"section-additional-heading-text\" style=\"font-size:22px;\">Den perfekte filmaften \u2013 nu p\u00e5 hjul \ud83c\udfac\ud83d\ude97<\/p><\/div>[\/vc_column][\/vc_row][vc_row bg_choice=&#8221;2&#8243; equal_height=&#8221;yes&#8221; border_color=&#8221;#dddddd&#8221; border_style=&#8221;solid&#8221;][vc_column bg_choice=&#8221;2&#8243; width=&#8221;1\/2&#8243;][vc_empty_space][vc_column_text]\ud83c\udfac\u2728 GreenMobility og Drive In Bio i Lynge er g\u00e5et sammen om at give dig en uforglemmelig filmaften! Ankom i en GreenMobility-bil med biografbilletter til mindst 2 personer og f\u00e5 en voucher p\u00e5 100 kr. til valgfri l\u00e6kkerier i kiosken. \ud83c\udf7f\ud83e\udd64<\/p>\n<p>K\u00f8r ind, park\u00e9r og nyd en hyggelig drive-in-oplevelse under stjernerne &#8211; snacks inkluderet! \ud83d\ude97\ud83d\udc9a[\/vc_column_text][\/vc_column][vc_column width=&#8221;1\/2&#8243;]<div class=\" agni-image custom-image-container text-left\">\r\n\t\t\t<figure class=\"agni-image-figure\">\r\n\t\t\t\t<img decoding=\"async\" width=\"518\" height=\"288\" data-src=\"https:\/\/www.greenmobility.com\/dk\/wp-content\/uploads\/sites\/9\/2025\/10\/Drive-In-web-2.png\" class=\"fullwidth-image attachment-full  attachment-full lazyload\" alt=\"\" title=\"Drive In web-2\" data-srcset=\"https:\/\/www.greenmobility.com\/dk\/wp-content\/uploads\/sites\/9\/2025\/10\/Drive-In-web-2.png 518w, https:\/\/www.greenmobility.com\/dk\/wp-content\/uploads\/sites\/9\/2025\/10\/Drive-In-web-2-300x167.png 300w, https:\/\/www.greenmobility.com\/dk\/wp-content\/uploads\/sites\/9\/2025\/10\/Drive-In-web-2-90x50.png 90w\" data-sizes=\"(max-width: 518px) 100vw, 518px\" src=\"data:image\/svg+xml;base64,PHN2ZyB3aWR0aD0iMSIgaGVpZ2h0PSIxIiB4bWxucz0iaHR0cDovL3d3dy53My5vcmcvMjAwMC9zdmciPjwvc3ZnPg==\" style=\"--smush-placeholder-width: 518px; --smush-placeholder-aspect-ratio: 518\/288;\" \/>\r\n\t\t\t\t<figcaption class=\"vc_figure-caption\"><\/figcaption>\r\n\t\t\t<\/figure>\r\n\t\t<\/div>[\/vc_column][\/vc_row][vc_row][vc_column][vc_empty_space height=&#8221;50px&#8221;][\/vc_column][\/vc_row][vc_section el_id=&#8221;tilbud&#8221;][vc_row][vc_column width=&#8221;1\/2&#8243;]<div class=\" agni-image custom-image-container text-center\">\r\n\t\t\t<figure class=\"agni-image-figure\">\r\n\t\t\t\t<img decoding=\"async\" width=\"1024\" height=\"1024\" data-src=\"https:\/\/www.greenmobility.com\/dk\/wp-content\/uploads\/sites\/9\/2025\/10\/DriveIN-1024x1024.png\" class=\"fullwidth-image attachment-large  attachment-large lazyload\" alt=\"\" title=\"DriveIN\" data-srcset=\"https:\/\/www.greenmobility.com\/dk\/wp-content\/uploads\/sites\/9\/2025\/10\/DriveIN-1024x1024.png 1024w, https:\/\/www.greenmobility.com\/dk\/wp-content\/uploads\/sites\/9\/2025\/10\/DriveIN-300x300.png 300w, https:\/\/www.greenmobility.com\/dk\/wp-content\/uploads\/sites\/9\/2025\/10\/DriveIN-150x150.png 150w, https:\/\/www.greenmobility.com\/dk\/wp-content\/uploads\/sites\/9\/2025\/10\/DriveIN-768x768.png 768w, https:\/\/www.greenmobility.com\/dk\/wp-content\/uploads\/sites\/9\/2025\/10\/DriveIN-50x50.png 50w, https:\/\/www.greenmobility.com\/dk\/wp-content\/uploads\/sites\/9\/2025\/10\/DriveIN-960x960.png 960w, https:\/\/www.greenmobility.com\/dk\/wp-content\/uploads\/sites\/9\/2025\/10\/DriveIN.png 1080w\" data-sizes=\"(max-width: 1024px) 100vw, 1024px\" src=\"data:image\/svg+xml;base64,PHN2ZyB3aWR0aD0iMSIgaGVpZ2h0PSIxIiB4bWxucz0iaHR0cDovL3d3dy53My5vcmcvMjAwMC9zdmciPjwvc3ZnPg==\" style=\"--smush-placeholder-width: 1024px; --smush-placeholder-aspect-ratio: 1024\/1024;\" \/>\r\n\t\t\t\t<figcaption class=\"vc_figure-caption\"><\/figcaption>\r\n\t\t\t<\/figure>\r\n\t\t<\/div>[\/vc_column][vc_column align=&#8221;center&#8221; width=&#8221;1\/2&#8243;]<div class=\" agni-section-heading text-left ihda\" ><h2 class=\"section-heading-text \" style=\"font-size:36px;\"><span>S\u00e5dan indl\u00f8ser du tilbuddet:<\/span><\/h2><div class=\"section-divide-line divide-line text-left\"><span style=\"width:90px; height:1px; background-color:#3EA635\"><\/span><\/div><\/div>[vc_column_text]<\/p>\n<ol>\n<li style=\"text-align: left;\">K\u00f8b mindst to biografbilletter online p\u00e5 Drive In Bios hjemmeside. \ud83c\udf9f\ufe0f<\/li>\n<li style=\"text-align: left;\">K\u00f8r til Drive In Bio i Lynge i en GreenMobility-bil \ud83d\ude98<\/li>\n<li style=\"text-align: left;\">F\u00e5 udleveret en <strong>voucher p\u00e5 100 kr.<\/strong> i porten til valgfri l\u00e6kkerier og drikkevarer i kiosken. \ud83c\udf7f<\/li>\n<\/ol>\n<p style=\"text-align: left;\">Vi anbefaler, at du k\u00f8rer til Drive In Bio p\u00e5 en timepakke med mindst 3 timer og 100 km inkluderet.<\/p>\n<p>[\/vc_column_text]<div class=\" call-to-action call-to-action-style-1\"><div class=\"call-to-action-description\"><\/div><div class=\"call-to-action-button\"><a class=\"btn btn-alt btn-default btn-lg\" target=\"_blank\" href=\"https:\/\/app.adjust.com\/1kd5uimm\" style=\"margin-top: 10px; border-radius: 30px; \"> K\u00f8b din timepakke i appen<\/a><\/div><\/div>[vc_empty_space][vc_column_text]<\/p>\n<p style=\"text-align: left;\"><em><span style=\"font-size: 10pt;\"><strong>Voucherbetingelser<\/strong><\/span><\/em><br \/>\n<em><span style=\"font-size: 10pt;\">Voucheren udleveres ved indgangen og skal indl\u00f8ses samme dag. <\/span><\/em><em><span style=\"font-size: 10pt;\">G\u00e6lder kun ved k\u00f8b af mindst 2 biografbilletter til en film, du selv v\u00e6lger. Kan ikke kombineres med gavekort eller andre tilbud.<\/span><\/em><\/p>\n<p>[\/vc_column_text][\/vc_column][\/vc_row][\/vc_section][vc_section el_id=&#8221;FAQ&#8221;][vc_row][vc_column][vc_empty_space height=&#8221;100px&#8221;][\/vc_column][\/vc_row][vc_row equal_height=&#8221;yes&#8221;][vc_column width=&#8221;1\/3&#8243;]<div class=\" agni-image custom-image-container text-center\">\r\n\t\t\t<figure class=\"agni-image-figure\">\r\n\t\t\t\t<img decoding=\"async\" class=\"fullwidth-image attachment-75x75 lazyload\" data-src=\"https:\/\/www.greenmobility.com\/dk\/wp-content\/uploads\/sites\/9\/2025\/04\/Phone-75x75.png\" width=\"75\" height=\"75\" alt=\"Phone\" title=\"Phone\" src=\"data:image\/svg+xml;base64,PHN2ZyB3aWR0aD0iMSIgaGVpZ2h0PSIxIiB4bWxucz0iaHR0cDovL3d3dy53My5vcmcvMjAwMC9zdmciPjwvc3ZnPg==\" style=\"--smush-placeholder-width: 75px; --smush-placeholder-aspect-ratio: 75\/75;\" \/>\r\n\t\t\t\t<figcaption class=\"vc_figure-caption\"><\/figcaption>\r\n\t\t\t<\/figure>\r\n\t\t<\/div>[vc_empty_space height=&#8221;20px&#8221;]<div class=\" agni-section-heading text-center ihda\" ><h2 class=\"section-heading-text \" style=\"font-size:20px;\"><span>Hvilken pakke skal jeg v\u00e6lge?<\/span><\/h2><\/div>[vc_column_text]Vi anbefaler, at du k\u00f8ber en timepakke p\u00e5 forh\u00e5nd, der d\u00e6kker turen til og fra Drive In Bio samt filmens varighed.<\/p>\n<p><strong>Vores tip<\/strong>: 5-timers pakke inkl. 150 km.[\/vc_column_text][\/vc_column][vc_column width=&#8221;1\/3&#8243;]<div class=\" agni-image custom-image-container text-center\">\r\n\t\t\t<figure class=\"agni-image-figure\">\r\n\t\t\t\t<img decoding=\"async\" class=\"fullwidth-image attachment-75x75 lazyload\" data-src=\"https:\/\/www.greenmobility.com\/dk\/wp-content\/uploads\/sites\/9\/2025\/01\/Tickets-1-75x75.png\" width=\"75\" height=\"75\" alt=\"Tickets\" title=\"Tickets\" src=\"data:image\/svg+xml;base64,PHN2ZyB3aWR0aD0iMSIgaGVpZ2h0PSIxIiB4bWxucz0iaHR0cDovL3d3dy53My5vcmcvMjAwMC9zdmciPjwvc3ZnPg==\" style=\"--smush-placeholder-width: 75px; --smush-placeholder-aspect-ratio: 75\/75;\" \/>\r\n\t\t\t\t<figcaption class=\"vc_figure-caption\"><\/figcaption>\r\n\t\t\t<\/figure>\r\n\t\t<\/div>[vc_empty_space height=&#8221;20px&#8221;]<div class=\" agni-section-heading text-center ihda\" ><h2 class=\"section-heading-text \" style=\"font-size:20px;\"><span>Hvordan f\u00e5r jeg mine biografbilletter?<\/span><\/h2><\/div>[vc_column_text]Du skal k\u00f8be dine billetter online p\u00e5 Drive In Bios hjemmeside. Husk, at du skal k\u00f8be mindst 2 billetter for at kunne benytte tilbuddet.[\/vc_column_text][\/vc_column][vc_column width=&#8221;1\/3&#8243;]<div class=\" agni-image custom-image-container text-center\">\r\n\t\t\t<figure class=\"agni-image-figure\">\r\n\t\t\t\t<img decoding=\"async\" class=\"fullwidth-image attachment-75x75 lazyload\" data-src=\"https:\/\/www.greenmobility.com\/dk\/wp-content\/uploads\/sites\/9\/2025\/01\/Car-1-75x75.png\" width=\"75\" height=\"75\" alt=\"Car\" title=\"Car\" src=\"data:image\/svg+xml;base64,PHN2ZyB3aWR0aD0iMSIgaGVpZ2h0PSIxIiB4bWxucz0iaHR0cDovL3d3dy53My5vcmcvMjAwMC9zdmciPjwvc3ZnPg==\" style=\"--smush-placeholder-width: 75px; --smush-placeholder-aspect-ratio: 75\/75;\" \/>\r\n\t\t\t\t<figcaption class=\"vc_figure-caption\"><\/figcaption>\r\n\t\t\t<\/figure>\r\n\t\t<\/div>[vc_empty_space height=&#8221;20px&#8221;]<div class=\" agni-section-heading text-center ihda\" ><h2 class=\"section-heading-text \" style=\"font-size:20px;\"><span>S\u00e5dan g\u00f8r du bilen klar til Drive In<\/span><\/h2><\/div>[vc_column_text]Vi anbefaler, at du lejer en bil med mindst 50% str\u00f8m \u2013 s\u00e5 er der nok til turen til Lynge og retur. Under filmen skal bilen forblive t\u00e6ndt (vigtigt for 12V-batteriet). Sluk lyset eller f\u00e5 lygteafd\u00e6kning hos personalet. Lyden sendes via radiofrekvens, som oplyses ved ankomst.[\/vc_column_text][\/vc_column][\/vc_row][\/vc_section]<\/p>\n<\/div>","protected":false},"excerpt":{"rendered":"<p>[vc_row padding_top=&#8221;3.5%&#8221; padding_bottom=&#8221;3%&#8221; border_top=&#8221;1&#8243; border_color=&#8221;#dddddd&#8221; border_style=&#8221;solid&#8221;][vc_column][vc_empty_space height=&#8221;50px&#8221;][\/vc_column][\/vc_row][vc_row bg_choice=&#8221;2&#8243; equal_height=&#8221;yes&#8221; border_color=&#8221;#dddddd&#8221; border_style=&#8221;solid&#8221;][vc_column bg_choice=&#8221;2&#8243; width=&#8221;1\/2&#8243;][vc_empty_space][vc_column_text]\ud83c\udfac\u2728 GreenMobility og Drive In Bio i Lynge er g\u00e5et sammen om at give dig en uforglemmelig filmaften! Ankom i en GreenMobility-bil med biografbilletter til mindst 2 personer og f\u00e5 en voucher p\u00e5 100 kr. til valgfri l\u00e6kkerier i kiosken. \ud83c\udf7f\ud83e\udd64 K\u00f8r ind, [&hellip;]<\/p>\n","protected":false},"author":33,"featured_media":0,"parent":0,"menu_order":0,"comment_status":"closed","ping_status":"closed","template":"","meta":{"om_disable_all_campaigns":false,"footnotes":"","_links_to":"","_links_to_target":""},"class_list":["post-8704","page","type-page","status-publish","hentry"],"yoast_head":"<!-- This site is optimized with the Yoast SEO plugin v26.7 - https:\/\/yoast.com\/wordpress\/plugins\/seo\/ -->\n<title>Drive in Bio - GreenMobility Denmark<\/title>\n<meta name=\"robots\" content=\"index, follow, max-snippet:-1, max-image-preview:large, max-video-preview:-1\" \/>\n<link rel=\"canonical\" href=\"https:\/\/www.greenmobility.com\/dk\/da\/drive-in-bio\/\" \/>\n<meta property=\"og:locale\" content=\"da_DK\" \/>\n<meta property=\"og:type\" content=\"article\" \/>\n<meta property=\"og:title\" content=\"Drive in Bio - GreenMobility Denmark\" \/>\n<meta property=\"og:description\" content=\"[vc_row padding_top=&#8221;3.5%&#8221; padding_bottom=&#8221;3%&#8221; border_top=&#8221;1&#8243; border_color=&#8221;#dddddd&#8221; border_style=&#8221;solid&#8221;][vc_column][vc_empty_space height=&#8221;50px&#8221;][\/vc_column][\/vc_row][vc_row bg_choice=&#8221;2&#8243; equal_height=&#8221;yes&#8221; border_color=&#8221;#dddddd&#8221; border_style=&#8221;solid&#8221;][vc_column bg_choice=&#8221;2&#8243; width=&#8221;1\/2&#8243;][vc_empty_space][vc_column_text]\ud83c\udfac\u2728 GreenMobility og Drive In Bio i Lynge er g\u00e5et sammen om at give dig en uforglemmelig filmaften! Ankom i en GreenMobility-bil med biografbilletter til mindst 2 personer og f\u00e5 en voucher p\u00e5 100 kr. til valgfri l\u00e6kkerier i kiosken. \ud83c\udf7f\ud83e\udd64 K\u00f8r ind, [&hellip;]\" \/>\n<meta property=\"og:url\" content=\"https:\/\/www.greenmobility.com\/dk\/da\/drive-in-bio\/\" \/>\n<meta property=\"og:site_name\" content=\"GreenMobility Denmark\" \/>\n<meta property=\"article:modified_time\" content=\"2025-10-08T12:10:26+00:00\" \/>\n<meta name=\"twitter:card\" content=\"summary_large_image\" \/>\n<meta name=\"twitter:label1\" content=\"Estimeret l\u00e6setid\" \/>\n\t<meta name=\"twitter:data1\" content=\"3 minutter\" \/>\n<script type=\"application\/ld+json\" class=\"yoast-schema-graph\">{\"@context\":\"https:\/\/schema.org\",\"@graph\":[{\"@type\":\"WebPage\",\"@id\":\"https:\/\/www.greenmobility.com\/dk\/da\/drive-in-bio\/\",\"url\":\"https:\/\/www.greenmobility.com\/dk\/da\/drive-in-bio\/\",\"name\":\"Drive in Bio - GreenMobility Denmark\",\"isPartOf\":{\"@id\":\"https:\/\/www.greenmobility.com\/dk\/da\/#website\"},\"datePublished\":\"2025-04-11T10:54:32+00:00\",\"dateModified\":\"2025-10-08T12:10:26+00:00\",\"breadcrumb\":{\"@id\":\"https:\/\/www.greenmobility.com\/dk\/da\/drive-in-bio\/#breadcrumb\"},\"inLanguage\":\"da-DK\",\"potentialAction\":[{\"@type\":\"ReadAction\",\"target\":[\"https:\/\/www.greenmobility.com\/dk\/da\/drive-in-bio\/\"]}]},{\"@type\":\"BreadcrumbList\",\"@id\":\"https:\/\/www.greenmobility.com\/dk\/da\/drive-in-bio\/#breadcrumb\",\"itemListElement\":[{\"@type\":\"ListItem\",\"position\":1,\"name\":\"Home\",\"item\":\"https:\/\/www.greenmobility.com\/dk\/da\/\"},{\"@type\":\"ListItem\",\"position\":2,\"name\":\"Drive in Bio\"}]},{\"@type\":\"WebSite\",\"@id\":\"https:\/\/www.greenmobility.com\/dk\/da\/#website\",\"url\":\"https:\/\/www.greenmobility.com\/dk\/da\/\",\"name\":\"GreenMobility Denmark\",\"description\":\"\",\"publisher\":{\"@id\":\"https:\/\/www.greenmobility.com\/dk\/da\/#organization\"},\"potentialAction\":[{\"@type\":\"SearchAction\",\"target\":{\"@type\":\"EntryPoint\",\"urlTemplate\":\"https:\/\/www.greenmobility.com\/dk\/da\/?s={search_term_string}\"},\"query-input\":{\"@type\":\"PropertyValueSpecification\",\"valueRequired\":true,\"valueName\":\"search_term_string\"}}],\"inLanguage\":\"da-DK\"},{\"@type\":\"Organization\",\"@id\":\"https:\/\/www.greenmobility.com\/dk\/da\/#organization\",\"name\":\"GreenMobility\",\"url\":\"https:\/\/www.greenmobility.com\/dk\/da\/\",\"logo\":{\"@type\":\"ImageObject\",\"inLanguage\":\"da-DK\",\"@id\":\"https:\/\/www.greenmobility.com\/dk\/da\/#\/schema\/logo\/image\/\",\"url\":\"https:\/\/www.greenmobility.com\/dk\/wp-content\/uploads\/sites\/9\/2021\/06\/logo-EM-DK.png\",\"contentUrl\":\"https:\/\/www.greenmobility.com\/dk\/wp-content\/uploads\/sites\/9\/2021\/06\/logo-EM-DK.png\",\"width\":3125,\"height\":788,\"caption\":\"GreenMobility\"},\"image\":{\"@id\":\"https:\/\/www.greenmobility.com\/dk\/da\/#\/schema\/logo\/image\/\"}}]}<\/script>\n<!-- \/ Yoast SEO plugin. -->","yoast_head_json":{"title":"Drive in Bio - GreenMobility Denmark","robots":{"index":"index","follow":"follow","max-snippet":"max-snippet:-1","max-image-preview":"max-image-preview:large","max-video-preview":"max-video-preview:-1"},"canonical":"https:\/\/www.greenmobility.com\/dk\/da\/drive-in-bio\/","og_locale":"da_DK","og_type":"article","og_title":"Drive in Bio - GreenMobility Denmark","og_description":"[vc_row padding_top=&#8221;3.5%&#8221; padding_bottom=&#8221;3%&#8221; border_top=&#8221;1&#8243; border_color=&#8221;#dddddd&#8221; border_style=&#8221;solid&#8221;][vc_column][vc_empty_space height=&#8221;50px&#8221;][\/vc_column][\/vc_row][vc_row bg_choice=&#8221;2&#8243; equal_height=&#8221;yes&#8221; border_color=&#8221;#dddddd&#8221; border_style=&#8221;solid&#8221;][vc_column bg_choice=&#8221;2&#8243; width=&#8221;1\/2&#8243;][vc_empty_space][vc_column_text]\ud83c\udfac\u2728 GreenMobility og Drive In Bio i Lynge er g\u00e5et sammen om at give dig en uforglemmelig filmaften! Ankom i en GreenMobility-bil med biografbilletter til mindst 2 personer og f\u00e5 en voucher p\u00e5 100 kr. til valgfri l\u00e6kkerier i kiosken. \ud83c\udf7f\ud83e\udd64 K\u00f8r ind, [&hellip;]","og_url":"https:\/\/www.greenmobility.com\/dk\/da\/drive-in-bio\/","og_site_name":"GreenMobility Denmark","article_modified_time":"2025-10-08T12:10:26+00:00","twitter_card":"summary_large_image","twitter_misc":{"Estimeret l\u00e6setid":"3 minutter"},"schema":{"@context":"https:\/\/schema.org","@graph":[{"@type":"WebPage","@id":"https:\/\/www.greenmobility.com\/dk\/da\/drive-in-bio\/","url":"https:\/\/www.greenmobility.com\/dk\/da\/drive-in-bio\/","name":"Drive in Bio - GreenMobility Denmark","isPartOf":{"@id":"https:\/\/www.greenmobility.com\/dk\/da\/#website"},"datePublished":"2025-04-11T10:54:32+00:00","dateModified":"2025-10-08T12:10:26+00:00","breadcrumb":{"@id":"https:\/\/www.greenmobility.com\/dk\/da\/drive-in-bio\/#breadcrumb"},"inLanguage":"da-DK","potentialAction":[{"@type":"ReadAction","target":["https:\/\/www.greenmobility.com\/dk\/da\/drive-in-bio\/"]}]},{"@type":"BreadcrumbList","@id":"https:\/\/www.greenmobility.com\/dk\/da\/drive-in-bio\/#breadcrumb","itemListElement":[{"@type":"ListItem","position":1,"name":"Home","item":"https:\/\/www.greenmobility.com\/dk\/da\/"},{"@type":"ListItem","position":2,"name":"Drive in Bio"}]},{"@type":"WebSite","@id":"https:\/\/www.greenmobility.com\/dk\/da\/#website","url":"https:\/\/www.greenmobility.com\/dk\/da\/","name":"GreenMobility Denmark","description":"","publisher":{"@id":"https:\/\/www.greenmobility.com\/dk\/da\/#organization"},"potentialAction":[{"@type":"SearchAction","target":{"@type":"EntryPoint","urlTemplate":"https:\/\/www.greenmobility.com\/dk\/da\/?s={search_term_string}"},"query-input":{"@type":"PropertyValueSpecification","valueRequired":true,"valueName":"search_term_string"}}],"inLanguage":"da-DK"},{"@type":"Organization","@id":"https:\/\/www.greenmobility.com\/dk\/da\/#organization","name":"GreenMobility","url":"https:\/\/www.greenmobility.com\/dk\/da\/","logo":{"@type":"ImageObject","inLanguage":"da-DK","@id":"https:\/\/www.greenmobility.com\/dk\/da\/#\/schema\/logo\/image\/","url":"https:\/\/www.greenmobility.com\/dk\/wp-content\/uploads\/sites\/9\/2021\/06\/logo-EM-DK.png","contentUrl":"https:\/\/www.greenmobility.com\/dk\/wp-content\/uploads\/sites\/9\/2021\/06\/logo-EM-DK.png","width":3125,"height":788,"caption":"GreenMobility"},"image":{"@id":"https:\/\/www.greenmobility.com\/dk\/da\/#\/schema\/logo\/image\/"}}]}},"_links":{"self":[{"href":"https:\/\/www.greenmobility.com\/dk\/da\/wp-json\/wp\/v2\/pages\/8704","targetHints":{"allow":["GET"]}}],"collection":[{"href":"https:\/\/www.greenmobility.com\/dk\/da\/wp-json\/wp\/v2\/pages"}],"about":[{"href":"https:\/\/www.greenmobility.com\/dk\/da\/wp-json\/wp\/v2\/types\/page"}],"author":[{"embeddable":true,"href":"https:\/\/www.greenmobility.com\/dk\/da\/wp-json\/wp\/v2\/users\/33"}],"replies":[{"embeddable":true,"href":"https:\/\/www.greenmobility.com\/dk\/da\/wp-json\/wp\/v2\/comments?post=8704"}],"version-history":[{"count":0,"href":"https:\/\/www.greenmobility.com\/dk\/da\/wp-json\/wp\/v2\/pages\/8704\/revisions"}],"wp:attachment":[{"href":"https:\/\/www.greenmobility.com\/dk\/da\/wp-json\/wp\/v2\/media?parent=8704"}],"curies":[{"name":"wp","href":"https:\/\/api.w.org\/{rel}","templated":true}]}}