{"id":8015,"date":"2025-01-30T09:21:59","date_gmt":"2025-01-30T08:21:59","guid":{"rendered":"https:\/\/www.greenmobility.com\/dk\/?page_id=8015"},"modified":"2025-02-28T12:02:35","modified_gmt":"2025-02-28T11:02:35","slug":"freemobility","status":"publish","type":"page","link":"https:\/\/www.greenmobility.com\/dk\/da\/freemobility\/","title":{"rendered":"FreeMobility"},"content":{"rendered":"<div class=\"wpb-content-wrapper\"><p>[vc_row padding_top=&#8221;3%&#8221; padding_bottom=&#8221;3%&#8221; el_id=&#8221;intro&#8221; el_class=&#8221;intro&#8221;][vc_column width=&#8221;5\/6&#8243; padding_top=&#8221;20px&#8221; padding_bottom=&#8221;20px&#8221; offset=&#8221;vc_col-md-8 vc_col-xs-12&#8243;]<div class=\" agni-section-heading text-left ihda\" ><h1 class=\"section-heading-text section-heading-text_responsive\" style=\"font-size:48px;\"><span>K\u00f8r gratis ture med FreeMobility<\/span><\/h1><div class=\"section-divide-line divide-line text-left\"><span style=\"width:80px; height:2px; background-color:#81d742\"><\/span><\/div><\/div>[\/vc_column][vc_column width=&#8221;1\/2&#8243; padding_bottom=&#8221;20px&#8221; offset=&#8221;vc_col-md-6&#8243;][vc_column_text]<\/p>\n<p style=\"text-align: justify;\">Med vores unikke koncept, FreeMobility, kan du k\u00f8re helt gratis ture i vores elbiler mellem to specifikke omr\u00e5der. De gratis ture tilf\u00f8jes l\u00f8bende til appen, og du kan tage s\u00e5 mange du vil, s\u00e5 snart du har k\u00f8rt en betalt tur med GreenMobility.<\/p>\n<p>[\/vc_column_text][\/vc_column][vc_column width=&#8221;1\/2&#8243; padding_bottom=&#8221;20px&#8221; offset=&#8221;vc_col-md-6&#8243;][vc_column_text]<\/p>\n<p style=\"text-align: justify;\">F\u00f8rst-til-m\u00f8lle! N\u00e5r du tager en FreeMobility tur, hj\u00e6lper du os med at placere bilerne smartere, s\u00e5 flere kan f\u00e5 gl\u00e6de af dem. Du f\u00e5r <span class=\"pc-w620-font-weight-700\">en <\/span><span class=\"pc-w620-font-weight-700\">gratis tur<\/span> ud af det, og p\u00e5 den m\u00e5de \u00f8nsker vi at sige tak for hj\u00e6lpen og hylde f\u00e6llesskabet!<\/p>\n<p>[\/vc_column_text][\/vc_column][\/vc_row][vc_row][vc_column]<div class=\"row service-box-container\" style=\"margin: 0px -15px;\"><div class=\"service-box-column col-xs-12 col-sm-6 col-md-4 col-lg-4\" style=\"padding: 15px;\" ><div class =\"service-box service-box-style-1 text-center \" >\r\n\t\t\t\t\t\t<div class=\" agni-icon has-icon \" ><span class=\"agni-icon-container\" style=\"border-radius:50%; color:#000000; \"><i class=\"pe-7s-phone  \" style=\"border-radius:50%; color:#000000; \"><\/i><\/span><\/div><h6 class=\"service-box-heading\" style=\"font-size:24px; \">1. F\u00e5 adgang<\/h6><div class=\"divide-line text-center\"><span ><\/span><\/div><div class=\"service-box-description\" >Du f\u00e5r adgang til FreeMobility turene i appen, n\u00e5r du har k\u00f8rt en betalt tur med GreenMobility.<\/div>\r\n\t\t\t\t\t<\/div><\/div><div class=\"service-box-column col-xs-12 col-sm-6 col-md-4 col-lg-4\" style=\"padding: 15px;\" ><div class =\"service-box service-box-style-1 text-center \" >\r\n\t\t\t\t\t\t<div class=\" agni-icon has-icon \" ><span class=\"agni-icon-container\" style=\"border-radius:50%; color:#000000; \"><i class=\"ion-ios-list-outline  \" style=\"border-radius:50%; color:#000000; \"><\/i><\/span><\/div><h6 class=\"service-box-heading\" style=\"font-size:24px; \">2. V\u00e6lg en gratis tur<\/h6><div class=\"divide-line text-center\"><span ><\/span><\/div><div class=\"service-box-description\" >G\u00e5 til \"Bestil en bil\" og v\u00e6lg \"FreeMobility\". V\u00e6lg en tur, tjek drop-off omr\u00e5det og hvor lang tid, du har til at k\u00f8re turen.<\/div>\r\n\t\t\t\t\t<\/div><\/div><div class=\"service-box-column col-xs-12 col-sm-6 col-md-4 col-lg-4\" style=\"padding: 15px;\" ><div class =\"service-box service-box-style-1 text-center \" >\r\n\t\t\t\t\t\t<div class=\" agni-icon has-icon \" ><span class=\"agni-icon-container\" style=\"border-radius:50%; color:#000000; \"><i class=\"ion-android-done  \" style=\"border-radius:50%; color:#000000; \"><\/i><\/span><\/div><h6 class=\"service-box-heading\" style=\"font-size:24px; \">3. K\u00f8r til drop-off omr\u00e5det<\/h6><div class=\"divide-line text-center\"><span ><\/span><\/div><div class=\"service-box-description\" >Afslut turen i drop-off omr\u00e5det, der kan variere fra tur til tur. S\u00e5ledes undg\u00e5r du selv at betale for turen.<\/div>\r\n\t\t\t\t\t<\/div><\/div><\/div>[vc_empty_space height=&#8221;40px&#8221;][vc_column_text]<em>\u26a0\ufe0f Form\u00e5let med FreeMobility er smartere placering af bilerne. Det er derfor ikke tilladt at tage en anden GreenMobility bil til og fra FreeMobility bilen. I tilf\u00e6lde af at retningslinjerne, eller vores generelle vilk\u00e5r, bliver brudt, kan GreenMobility fjerne en brugers adgang til FreeMobility.<\/em>[\/vc_column_text][\/vc_column][\/vc_row][vc_row fullwidth=&#8221;has-fullwidth-column&#8221; content_placement=&#8221;middle&#8221; margin_top=&#8221;50&#8243; margin_bottom=&#8221;20&#8243;][vc_column][vc_empty_space height=&#8221;30px&#8221; height_mobile=&#8221;20px&#8221;][\/vc_column][\/vc_row][vc_row fullwidth=&#8221;has-fullwidth-column&#8221; equal_height=&#8221;yes&#8221;][vc_column align=&#8221;center&#8221; bg_color=&#8221;#bbd6af&#8221; width=&#8221;1\/2&#8243;][vc_empty_space height=&#8221;80px&#8221;][vc_custom_heading divide_line=&#8221;yes&#8221; divide_line_color=&#8221;#ffffff&#8221; text=&#8221;Fordele med FreeMobility&#8221; font_container=&#8221;tag:h2|text_align:center|color:%23ffffff&#8221; google_fonts=&#8221;font_family:Open%20Sans%3A300%2C300italic%2Cregular%2Citalic%2C600%2C600italic%2C700%2C700italic%2C800%2C800italic|font_style:400%20regular%3A400%3Anormal&#8221; responsive_font_size=&#8221;yes&#8221;][vc_empty_space height=&#8221;20px&#8221;][vc_column_text padding_right=&#8221;5%&#8221; padding_left=&#8221;5%&#8221;]<\/p>\n<p style=\"text-align: left;\"><span style=\"color: #ffffff;\">FreeMobility g\u00f8r det nemt og gratis at pendle mellem forst\u00e6derne og K\u00f8benhavn eller Aarhus \u2013 perfekt for pendlere, studerende og andre p\u00e5 farten.\u00a0<\/span><\/p>\n<p style=\"text-align: left;\"><span style=\"color: #ffffff;\">\u2705 <strong>Gratis ture<\/strong>: K\u00f8r fra A til B uden omkostninger.<\/span><br \/>\n<span style=\"color: #ffffff;\">\ud83c\udf0d <strong>B\u00e6redygtigt valg<\/strong>: Reducer CO\u2082-udledningen p\u00e5 vejen.<\/span><br \/>\n<span style=\"color: #ffffff;\">\ud83c\udd7f\ufe0f <strong>Nem parkering<\/strong>: Masser af p-pladser i <span style=\"text-decoration: underline;\"><strong><span style=\"text-decoration: underline;\"><a style=\"color: #ffffff; text-decoration: underline;\" href=\"https:\/\/www.greenmobility.com\/dk\/da\/lej-en-bil-i-koebenhavn\/\">K\u00f8benhavn<\/a><\/span><\/strong><\/span> og <strong><span style=\"text-decoration: underline;\"><a style=\"color: #ffffff; text-decoration: underline;\" href=\"https:\/\/www.greenmobility.com\/dk\/da\/lej-en-bil-i-aarhus\/\">Aarhus<\/a><\/span><\/strong>.<\/span><br \/>\n<span style=\"color: #ffffff;\">\ud83c\udf81 <strong>Bonus:<\/strong> I nogle tilf\u00e6lde f\u00e5r du minutter i bonus efter turen.<\/span><\/p>\n<p style=\"text-align: left;\"><span style=\"color: #ffffff;\">Book din gratis tur via appen i dag \u2013 f\u00f8rst til m\u00f8lle!<\/span><\/p>\n<p>[\/vc_column_text]<div class=\" call-to-action call-to-action-style-1\"><div class=\"call-to-action-description\"><\/div><div class=\"call-to-action-button\"><a class=\"btn btn-alt btn-white \" target=\"_blank\" href=\"https:\/\/app.adjust.com\/142jceat\" style=\"margin-top: 10px; \"> Pr\u00f8v FreeMobility i appen<\/a><\/div><\/div>[vc_empty_space height=&#8221;80px&#8221;][\/vc_column][vc_column bg_choice=&#8221;2&#8243; bg_image=&#8221;6730&#8243; width=&#8221;1\/2&#8243; offset=&#8221;vc_hidden-xs&#8221;][vc_empty_space height=&#8221;80px&#8221; height_tab=&#8221;60&#8243; height_mobile=&#8221;40&#8243;][\/vc_column][\/vc_row][vc_row fullwidth=&#8221;has-fullwidth-column&#8221; content_placement=&#8221;middle&#8221; margin_top=&#8221;50&#8243; margin_bottom=&#8221;20&#8243;][vc_column][vc_empty_space height_mobile=&#8221;20px&#8221;][\/vc_column][\/vc_row][vc_row margin_bottom=&#8221;32&#8243;][vc_column align=&#8221;center&#8221; width=&#8221;1\/2&#8243;][vc_empty_space height=&#8221;80px&#8221; height_mobile=&#8221;20px&#8221;][vc_column_text]<\/p>\n<h4 style=\"text-align: center;\">Bliv FreeRider nu.<\/h4>\n<p style=\"text-align: center;\">Hent appen, k\u00f8r 1 betalt tur og f\u00e5 adgang til FreeMobility.<\/p>\n<p>[\/vc_column_text][vc_empty_space]<div class=\" call-to-action call-to-action-style-1\"><div class=\"call-to-action-description\"><\/div><div class=\"call-to-action-button\"><a class=\"btn btn-alt btn-default \" target=\"_blank\" href=\"https:\/\/app.adjust.com\/142jceat\" style=\"margin-top: 10px; margin-bottom: 10px; \"> Hent appen<\/a><\/div><\/div>[vc_empty_space height=&#8221;20px&#8221;][vc_column_text]<a href=\"https:\/\/play.google.com\/store\/apps\/details?id=com.greenmobility.app\"><img decoding=\"async\" class=\"alignnone size-full wp-image-1672 lazyload\" data-src=\"https:\/\/greenmobility.com\/dk\/wp-content\/uploads\/sites\/9\/2020\/02\/icon-googleplay-e1581435939298.png\" alt=\"Download i Google Play\" width=\"80\" height=\"24\" src=\"data:image\/svg+xml;base64,PHN2ZyB3aWR0aD0iMSIgaGVpZ2h0PSIxIiB4bWxucz0iaHR0cDovL3d3dy53My5vcmcvMjAwMC9zdmciPjwvc3ZnPg==\" style=\"--smush-placeholder-width: 80px; --smush-placeholder-aspect-ratio: 80\/24;\" \/><\/a> <a href=\"https:\/\/apps.apple.com\/app\/id1487639988?mt=8\"><img decoding=\"async\" class=\"alignnone size-full wp-image-1671 lazyload\" data-src=\"https:\/\/greenmobility.com\/dk\/wp-content\/uploads\/sites\/9\/2020\/02\/icon-appstore-e1581435958316.png\" alt=\"Download i AppStore\" width=\"80\" height=\"24\" src=\"data:image\/svg+xml;base64,PHN2ZyB3aWR0aD0iMSIgaGVpZ2h0PSIxIiB4bWxucz0iaHR0cDovL3d3dy53My5vcmcvMjAwMC9zdmciPjwvc3ZnPg==\" style=\"--smush-placeholder-width: 80px; --smush-placeholder-aspect-ratio: 80\/24;\" \/><\/a>[\/vc_column_text][vc_empty_space height=&#8221;40px&#8221;][vc_column_text]<\/p>\n<p style=\"text-align: center;\"><strong><span style=\"font-size: 10pt;\">G\u00e5 til &#8220;Bestil en bil&#8221; og v\u00e6lg &#8220;FreeMobility&#8221;.<\/span><\/strong><\/p>\n<p style=\"text-align: center;\">Vi tilf\u00f8jer l\u00f8bende nye gratis ture! F\u00f8rst-til-m\u00f8lle. \ud83d\udc9a<\/p>\n<p>[\/vc_column_text][vc_empty_space height=&#8221;50px&#8221; height_tab=&#8221;40&#8243; height_mobile=&#8221;30&#8243;][\/vc_column][vc_column width=&#8221;1\/2&#8243;][vc_empty_space height=&#8221;50px&#8221;]<div class=\" agni-image custom-image-container text-center\">\r\n\t\t\t<figure class=\"agni-image-figure\">\r\n\t\t\t\t<img decoding=\"async\" width=\"1080\" height=\"1080\" data-src=\"https:\/\/www.greenmobility.com\/dk\/wp-content\/uploads\/sites\/9\/2025\/01\/FreeMobility-DK_11zon.png\" class=\"fullwidth-image attachment-full  attachment-full lazyload\" alt=\"\" title=\"FreeMobility DK_11zon\" data-srcset=\"https:\/\/www.greenmobility.com\/dk\/wp-content\/uploads\/sites\/9\/2025\/01\/FreeMobility-DK_11zon.png 1080w, https:\/\/www.greenmobility.com\/dk\/wp-content\/uploads\/sites\/9\/2025\/01\/FreeMobility-DK_11zon-300x300.png 300w, https:\/\/www.greenmobility.com\/dk\/wp-content\/uploads\/sites\/9\/2025\/01\/FreeMobility-DK_11zon-1024x1024.png 1024w, https:\/\/www.greenmobility.com\/dk\/wp-content\/uploads\/sites\/9\/2025\/01\/FreeMobility-DK_11zon-150x150.png 150w, https:\/\/www.greenmobility.com\/dk\/wp-content\/uploads\/sites\/9\/2025\/01\/FreeMobility-DK_11zon-768x768.png 768w, https:\/\/www.greenmobility.com\/dk\/wp-content\/uploads\/sites\/9\/2025\/01\/FreeMobility-DK_11zon-50x50.png 50w, https:\/\/www.greenmobility.com\/dk\/wp-content\/uploads\/sites\/9\/2025\/01\/FreeMobility-DK_11zon-960x960.png 960w\" data-sizes=\"(max-width: 1080px) 100vw, 1080px\" src=\"data:image\/svg+xml;base64,PHN2ZyB3aWR0aD0iMSIgaGVpZ2h0PSIxIiB4bWxucz0iaHR0cDovL3d3dy53My5vcmcvMjAwMC9zdmciPjwvc3ZnPg==\" style=\"--smush-placeholder-width: 1080px; --smush-placeholder-aspect-ratio: 1080\/1080;\" \/>\r\n\t\t\t\t<figcaption class=\"vc_figure-caption\"><\/figcaption>\r\n\t\t\t<\/figure>\r\n\t\t<\/div>[\/vc_column][\/vc_row][vc_row fullwidth=&#8221;has-fullwidth-column&#8221; content_placement=&#8221;middle&#8221; margin_top=&#8221;50&#8243; margin_bottom=&#8221;20&#8243;][vc_column][vc_empty_space height_mobile=&#8221;20px&#8221;][\/vc_column][\/vc_row]<\/p>\n<\/div>","protected":false},"excerpt":{"rendered":"<p>[vc_row padding_top=&#8221;3%&#8221; padding_bottom=&#8221;3%&#8221; el_id=&#8221;intro&#8221; el_class=&#8221;intro&#8221;][vc_column width=&#8221;5\/6&#8243; padding_top=&#8221;20px&#8221; padding_bottom=&#8221;20px&#8221; offset=&#8221;vc_col-md-8 vc_col-xs-12&#8243;][\/vc_column][vc_column width=&#8221;1\/2&#8243; padding_bottom=&#8221;20px&#8221; offset=&#8221;vc_col-md-6&#8243;][vc_column_text] Med vores unikke koncept, FreeMobility, kan du k\u00f8re helt gratis ture i vores elbiler mellem to specifikke omr\u00e5der. De gratis ture tilf\u00f8jes l\u00f8bende til appen, og du kan tage s\u00e5 mange du vil, s\u00e5 snart du har k\u00f8rt en betalt tur med [&hellip;]<\/p>\n","protected":false},"author":7,"featured_media":0,"parent":0,"menu_order":0,"comment_status":"closed","ping_status":"closed","template":"","meta":{"om_disable_all_campaigns":false,"footnotes":"","_links_to":"","_links_to_target":""},"class_list":["post-8015","page","type-page","status-publish","hentry"],"yoast_head":"<!-- This site is optimized with the Yoast SEO plugin v26.7 - https:\/\/yoast.com\/wordpress\/plugins\/seo\/ -->\n<title>K\u00f8r gratis ture med konceptet FreeMobility hos GreenMobility<\/title>\n<meta name=\"description\" content=\"Hos GreenMobility kan du k\u00f8re gratis ture gennem vores koncept FreeMobility. K\u00f8r en gratis tur med FreeMobility i dag.\" \/>\n<meta name=\"robots\" content=\"index, follow, max-snippet:-1, max-image-preview:large, max-video-preview:-1\" \/>\n<link rel=\"canonical\" href=\"https:\/\/www.greenmobility.com\/dk\/da\/freemobility\/\" \/>\n<meta property=\"og:locale\" content=\"da_DK\" \/>\n<meta property=\"og:type\" content=\"article\" \/>\n<meta property=\"og:title\" content=\"K\u00f8r gratis ture med konceptet FreeMobility hos GreenMobility\" \/>\n<meta property=\"og:description\" content=\"Hos GreenMobility kan du k\u00f8re gratis ture gennem vores koncept FreeMobility. K\u00f8r en gratis tur med FreeMobility i dag.\" \/>\n<meta property=\"og:url\" content=\"https:\/\/www.greenmobility.com\/dk\/da\/freemobility\/\" \/>\n<meta property=\"og:site_name\" content=\"GreenMobility Denmark\" \/>\n<meta property=\"article:modified_time\" content=\"2025-02-28T11:02:35+00:00\" \/>\n<meta property=\"og:image\" content=\"https:\/\/www.greenmobility.com\/dk\/wp-content\/uploads\/sites\/9\/2020\/02\/icon-googleplay-e1581435939298.png\" \/>\n\t<meta property=\"og:image:width\" content=\"80\" \/>\n\t<meta property=\"og:image:height\" content=\"24\" \/>\n\t<meta property=\"og:image:type\" content=\"image\/png\" \/>\n<meta name=\"twitter:card\" content=\"summary_large_image\" \/>\n<meta name=\"twitter:label1\" content=\"Estimeret l\u00e6setid\" \/>\n\t<meta name=\"twitter:data1\" content=\"5 minutter\" \/>\n<script type=\"application\/ld+json\" class=\"yoast-schema-graph\">{\"@context\":\"https:\/\/schema.org\",\"@graph\":[{\"@type\":\"WebPage\",\"@id\":\"https:\/\/www.greenmobility.com\/dk\/da\/freemobility\/\",\"url\":\"https:\/\/www.greenmobility.com\/dk\/da\/freemobility\/\",\"name\":\"K\u00f8r gratis ture med konceptet FreeMobility hos GreenMobility\",\"isPartOf\":{\"@id\":\"https:\/\/www.greenmobility.com\/dk\/da\/#website\"},\"primaryImageOfPage\":{\"@id\":\"https:\/\/www.greenmobility.com\/dk\/da\/freemobility\/#primaryimage\"},\"image\":{\"@id\":\"https:\/\/www.greenmobility.com\/dk\/da\/freemobility\/#primaryimage\"},\"thumbnailUrl\":\"https:\/\/greenmobility.com\/dk\/wp-content\/uploads\/sites\/9\/2020\/02\/icon-googleplay-e1581435939298.png\",\"datePublished\":\"2025-01-30T08:21:59+00:00\",\"dateModified\":\"2025-02-28T11:02:35+00:00\",\"description\":\"Hos GreenMobility kan du k\u00f8re gratis ture gennem vores koncept FreeMobility. K\u00f8r en gratis tur med FreeMobility i dag.\",\"breadcrumb\":{\"@id\":\"https:\/\/www.greenmobility.com\/dk\/da\/freemobility\/#breadcrumb\"},\"inLanguage\":\"da-DK\",\"potentialAction\":[{\"@type\":\"ReadAction\",\"target\":[\"https:\/\/www.greenmobility.com\/dk\/da\/freemobility\/\"]}]},{\"@type\":\"ImageObject\",\"inLanguage\":\"da-DK\",\"@id\":\"https:\/\/www.greenmobility.com\/dk\/da\/freemobility\/#primaryimage\",\"url\":\"https:\/\/greenmobility.com\/dk\/wp-content\/uploads\/sites\/9\/2020\/02\/icon-googleplay-e1581435939298.png\",\"contentUrl\":\"https:\/\/greenmobility.com\/dk\/wp-content\/uploads\/sites\/9\/2020\/02\/icon-googleplay-e1581435939298.png\"},{\"@type\":\"BreadcrumbList\",\"@id\":\"https:\/\/www.greenmobility.com\/dk\/da\/freemobility\/#breadcrumb\",\"itemListElement\":[{\"@type\":\"ListItem\",\"position\":1,\"name\":\"Home\",\"item\":\"https:\/\/www.greenmobility.com\/dk\/da\/\"},{\"@type\":\"ListItem\",\"position\":2,\"name\":\"FreeMobility\"}]},{\"@type\":\"WebSite\",\"@id\":\"https:\/\/www.greenmobility.com\/dk\/da\/#website\",\"url\":\"https:\/\/www.greenmobility.com\/dk\/da\/\",\"name\":\"GreenMobility Denmark\",\"description\":\"\",\"publisher\":{\"@id\":\"https:\/\/www.greenmobility.com\/dk\/da\/#organization\"},\"potentialAction\":[{\"@type\":\"SearchAction\",\"target\":{\"@type\":\"EntryPoint\",\"urlTemplate\":\"https:\/\/www.greenmobility.com\/dk\/da\/?s={search_term_string}\"},\"query-input\":{\"@type\":\"PropertyValueSpecification\",\"valueRequired\":true,\"valueName\":\"search_term_string\"}}],\"inLanguage\":\"da-DK\"},{\"@type\":\"Organization\",\"@id\":\"https:\/\/www.greenmobility.com\/dk\/da\/#organization\",\"name\":\"GreenMobility\",\"url\":\"https:\/\/www.greenmobility.com\/dk\/da\/\",\"logo\":{\"@type\":\"ImageObject\",\"inLanguage\":\"da-DK\",\"@id\":\"https:\/\/www.greenmobility.com\/dk\/da\/#\/schema\/logo\/image\/\",\"url\":\"https:\/\/www.greenmobility.com\/dk\/wp-content\/uploads\/sites\/9\/2021\/06\/logo-EM-DK.png\",\"contentUrl\":\"https:\/\/www.greenmobility.com\/dk\/wp-content\/uploads\/sites\/9\/2021\/06\/logo-EM-DK.png\",\"width\":3125,\"height\":788,\"caption\":\"GreenMobility\"},\"image\":{\"@id\":\"https:\/\/www.greenmobility.com\/dk\/da\/#\/schema\/logo\/image\/\"}}]}<\/script>\n<!-- \/ Yoast SEO plugin. -->","yoast_head_json":{"title":"K\u00f8r gratis ture med konceptet FreeMobility hos GreenMobility","description":"Hos GreenMobility kan du k\u00f8re gratis ture gennem vores koncept FreeMobility. K\u00f8r en gratis tur med FreeMobility i dag.","robots":{"index":"index","follow":"follow","max-snippet":"max-snippet:-1","max-image-preview":"max-image-preview:large","max-video-preview":"max-video-preview:-1"},"canonical":"https:\/\/www.greenmobility.com\/dk\/da\/freemobility\/","og_locale":"da_DK","og_type":"article","og_title":"K\u00f8r gratis ture med konceptet FreeMobility hos GreenMobility","og_description":"Hos GreenMobility kan du k\u00f8re gratis ture gennem vores koncept FreeMobility. K\u00f8r en gratis tur med FreeMobility i dag.","og_url":"https:\/\/www.greenmobility.com\/dk\/da\/freemobility\/","og_site_name":"GreenMobility Denmark","article_modified_time":"2025-02-28T11:02:35+00:00","og_image":[{"width":80,"height":24,"url":"https:\/\/www.greenmobility.com\/dk\/wp-content\/uploads\/sites\/9\/2020\/02\/icon-googleplay-e1581435939298.png","type":"image\/png"}],"twitter_card":"summary_large_image","twitter_misc":{"Estimeret l\u00e6setid":"5 minutter"},"schema":{"@context":"https:\/\/schema.org","@graph":[{"@type":"WebPage","@id":"https:\/\/www.greenmobility.com\/dk\/da\/freemobility\/","url":"https:\/\/www.greenmobility.com\/dk\/da\/freemobility\/","name":"K\u00f8r gratis ture med konceptet FreeMobility hos GreenMobility","isPartOf":{"@id":"https:\/\/www.greenmobility.com\/dk\/da\/#website"},"primaryImageOfPage":{"@id":"https:\/\/www.greenmobility.com\/dk\/da\/freemobility\/#primaryimage"},"image":{"@id":"https:\/\/www.greenmobility.com\/dk\/da\/freemobility\/#primaryimage"},"thumbnailUrl":"https:\/\/greenmobility.com\/dk\/wp-content\/uploads\/sites\/9\/2020\/02\/icon-googleplay-e1581435939298.png","datePublished":"2025-01-30T08:21:59+00:00","dateModified":"2025-02-28T11:02:35+00:00","description":"Hos GreenMobility kan du k\u00f8re gratis ture gennem vores koncept FreeMobility. K\u00f8r en gratis tur med FreeMobility i dag.","breadcrumb":{"@id":"https:\/\/www.greenmobility.com\/dk\/da\/freemobility\/#breadcrumb"},"inLanguage":"da-DK","potentialAction":[{"@type":"ReadAction","target":["https:\/\/www.greenmobility.com\/dk\/da\/freemobility\/"]}]},{"@type":"ImageObject","inLanguage":"da-DK","@id":"https:\/\/www.greenmobility.com\/dk\/da\/freemobility\/#primaryimage","url":"https:\/\/greenmobility.com\/dk\/wp-content\/uploads\/sites\/9\/2020\/02\/icon-googleplay-e1581435939298.png","contentUrl":"https:\/\/greenmobility.com\/dk\/wp-content\/uploads\/sites\/9\/2020\/02\/icon-googleplay-e1581435939298.png"},{"@type":"BreadcrumbList","@id":"https:\/\/www.greenmobility.com\/dk\/da\/freemobility\/#breadcrumb","itemListElement":[{"@type":"ListItem","position":1,"name":"Home","item":"https:\/\/www.greenmobility.com\/dk\/da\/"},{"@type":"ListItem","position":2,"name":"FreeMobility"}]},{"@type":"WebSite","@id":"https:\/\/www.greenmobility.com\/dk\/da\/#website","url":"https:\/\/www.greenmobility.com\/dk\/da\/","name":"GreenMobility Denmark","description":"","publisher":{"@id":"https:\/\/www.greenmobility.com\/dk\/da\/#organization"},"potentialAction":[{"@type":"SearchAction","target":{"@type":"EntryPoint","urlTemplate":"https:\/\/www.greenmobility.com\/dk\/da\/?s={search_term_string}"},"query-input":{"@type":"PropertyValueSpecification","valueRequired":true,"valueName":"search_term_string"}}],"inLanguage":"da-DK"},{"@type":"Organization","@id":"https:\/\/www.greenmobility.com\/dk\/da\/#organization","name":"GreenMobility","url":"https:\/\/www.greenmobility.com\/dk\/da\/","logo":{"@type":"ImageObject","inLanguage":"da-DK","@id":"https:\/\/www.greenmobility.com\/dk\/da\/#\/schema\/logo\/image\/","url":"https:\/\/www.greenmobility.com\/dk\/wp-content\/uploads\/sites\/9\/2021\/06\/logo-EM-DK.png","contentUrl":"https:\/\/www.greenmobility.com\/dk\/wp-content\/uploads\/sites\/9\/2021\/06\/logo-EM-DK.png","width":3125,"height":788,"caption":"GreenMobility"},"image":{"@id":"https:\/\/www.greenmobility.com\/dk\/da\/#\/schema\/logo\/image\/"}}]}},"_links":{"self":[{"href":"https:\/\/www.greenmobility.com\/dk\/da\/wp-json\/wp\/v2\/pages\/8015","targetHints":{"allow":["GET"]}}],"collection":[{"href":"https:\/\/www.greenmobility.com\/dk\/da\/wp-json\/wp\/v2\/pages"}],"about":[{"href":"https:\/\/www.greenmobility.com\/dk\/da\/wp-json\/wp\/v2\/types\/page"}],"author":[{"embeddable":true,"href":"https:\/\/www.greenmobility.com\/dk\/da\/wp-json\/wp\/v2\/users\/7"}],"replies":[{"embeddable":true,"href":"https:\/\/www.greenmobility.com\/dk\/da\/wp-json\/wp\/v2\/comments?post=8015"}],"version-history":[{"count":0,"href":"https:\/\/www.greenmobility.com\/dk\/da\/wp-json\/wp\/v2\/pages\/8015\/revisions"}],"wp:attachment":[{"href":"https:\/\/www.greenmobility.com\/dk\/da\/wp-json\/wp\/v2\/media?parent=8015"}],"curies":[{"name":"wp","href":"https:\/\/api.w.org\/{rel}","templated":true}]}}