{"id":7050,"date":"2024-10-11T11:56:34","date_gmt":"2024-10-11T10:56:34","guid":{"rendered":"https:\/\/www.greenmobility.com\/dk\/?page_id=7050"},"modified":"2024-10-11T12:00:10","modified_gmt":"2024-10-11T11:00:10","slug":"design-din-egen-greenmobility-elbil-og-vind","status":"publish","type":"page","link":"https:\/\/www.greenmobility.com\/dk\/da\/design-din-egen-greenmobility-elbil-og-vind\/","title":{"rendered":"Design din egen GreenMobility elbil og vind! \ud83d\ude97\ud83c\udfc6"},"content":{"rendered":"<div class=\"wpb-content-wrapper\"><p>[vc_row padding_top=&#8221;5%&#8221;][vc_column]<div class=\" agni-image custom-image-container text-center\">\r\n\t\t\t<figure class=\"agni-image-figure\">\r\n\t\t\t\t<img decoding=\"async\" width=\"300\" height=\"75\" data-src=\"https:\/\/www.greenmobility.com\/dk\/wp-content\/uploads\/sites\/9\/2024\/10\/MigogKbh_GreenMobility_logo-finakl-300x75.png\" class=\"fullwidth-image attachment-medium  attachment-medium lazyload\" alt=\"\" title=\"MigogKbh_GreenMobility_logo-finakl\" data-srcset=\"https:\/\/www.greenmobility.com\/dk\/wp-content\/uploads\/sites\/9\/2024\/10\/MigogKbh_GreenMobility_logo-finakl-300x75.png 300w, https:\/\/www.greenmobility.com\/dk\/wp-content\/uploads\/sites\/9\/2024\/10\/MigogKbh_GreenMobility_logo-finakl-200x50.png 200w, https:\/\/www.greenmobility.com\/dk\/wp-content\/uploads\/sites\/9\/2024\/10\/MigogKbh_GreenMobility_logo-finakl.png 625w\" data-sizes=\"(max-width: 300px) 100vw, 300px\" src=\"data:image\/svg+xml;base64,PHN2ZyB3aWR0aD0iMSIgaGVpZ2h0PSIxIiB4bWxucz0iaHR0cDovL3d3dy53My5vcmcvMjAwMC9zdmciPjwvc3ZnPg==\" style=\"--smush-placeholder-width: 300px; --smush-placeholder-aspect-ratio: 300\/75;\" \/>\r\n\t\t\t\t<figcaption class=\"vc_figure-caption\"><\/figcaption>\r\n\t\t\t<\/figure>\r\n\t\t<\/div>[vc_empty_space]<div class=\" agni-section-heading text-center ihda\" ><h1 class=\"section-heading-text \" style=\"font-size:40px;\"><span>Design din egen GreenMobility elbil og vind! \ud83d\ude97\ud83c\udfc6<\/span><\/h1><div class=\"section-sub-heading-text\" style=\"font-size:18px;\">Vil du give K\u00f8benhavn dit kreative touch?<\/div><div class=\"section-divide-line divide-line text-center\"><span style=\"width:90px; height:1px; background-color:#3ea635\"><\/span><\/div><\/div><div class=\" agni-image custom-image-container text-center\">\r\n\t\t\t<figure class=\"agni-image-figure\">\r\n\t\t\t\t<img decoding=\"async\" width=\"800\" height=\"500\" data-src=\"https:\/\/www.greenmobility.com\/dk\/wp-content\/uploads\/sites\/9\/2024\/10\/Primary-DK-4.png\" class=\"fullwidth-image attachment-full  attachment-full lazyload\" alt=\"\" title=\"Primary DK-4\" data-srcset=\"https:\/\/www.greenmobility.com\/dk\/wp-content\/uploads\/sites\/9\/2024\/10\/Primary-DK-4.png 800w, https:\/\/www.greenmobility.com\/dk\/wp-content\/uploads\/sites\/9\/2024\/10\/Primary-DK-4-300x188.png 300w, https:\/\/www.greenmobility.com\/dk\/wp-content\/uploads\/sites\/9\/2024\/10\/Primary-DK-4-768x480.png 768w, https:\/\/www.greenmobility.com\/dk\/wp-content\/uploads\/sites\/9\/2024\/10\/Primary-DK-4-80x50.png 80w\" data-sizes=\"(max-width: 800px) 100vw, 800px\" src=\"data:image\/svg+xml;base64,PHN2ZyB3aWR0aD0iMSIgaGVpZ2h0PSIxIiB4bWxucz0iaHR0cDovL3d3dy53My5vcmcvMjAwMC9zdmciPjwvc3ZnPg==\" style=\"--smush-placeholder-width: 800px; --smush-placeholder-aspect-ratio: 800\/500;\" \/>\r\n\t\t\t\t<figcaption class=\"vc_figure-caption\"><\/figcaption>\r\n\t\t\t<\/figure>\r\n\t\t<\/div>[vc_empty_space height=&#8221;50px&#8221;][vc_column_text]<\/p>\n<div>\n<p><span data-olk-copy-source=\"MessageBody\">Har du eller dit barn lyst til at give K\u00f8benhavn et kreativt touch? Nu har du chancen for at <\/span>designe din egen GreenMobility elbil og g\u00f8re den til byens nye blikfang! \ud83d\udc68\u200d\ud83c\udfa8<\/p>\n<p>Sammen med <strong>MigogKbh<\/strong>, det st\u00f8rste bymedie om K\u00f8benhavn, inviterer vi alle b\u00f8rn og voksne til at deltage i vores sjove efter\u00e5rskonkurrence og vinde fede pr\u00e6mier.\ud83d\udc4f<\/p>\n<\/div>\n<p>[\/vc_column_text]<div class=\" agni-section-heading text-left ihda\" ><h2 class=\"section-heading-text \" style=\"font-size:40px;\"><span>Vind en tur i din egen designede elbil<\/span><\/h2><div class=\"section-divide-line divide-line text-left\"><span style=\"width:90px; height:1px; background-color:#3ea635\"><\/span><\/div><\/div>[vc_column_text]<\/p>\n<div>\n<p>Ta&#8217; b\u00f8rnene i h\u00e5nden, find tuscherne frem og slip hver jeres indre Picasso l\u00f8s p\u00e5 vores <span style=\"text-decoration: underline;\"><a title=\"Oprindelig URL-adresse: https:\/\/greenmobilityas331.acemlna.com\/lt.php?x=3TxtmrUFUqPUT55qA1c4jOG-_n_8x~kVkylhXYsDU4fV5sGczQU5UeB4PaWij_~yjfYzXXbLMnmg95J8zNtN. Klik eller tryk, hvis du har tillid til dette link.\" href=\"https:\/\/eur03.safelinks.protection.outlook.com\/?url=https%3A%2F%2Fgreenmobilityas331.acemlna.com%2Flt.php%3Fx%3D3TxtmrUFUqPUT55qA1c4jOG-_n_8x~kVkylhXYsDU4fV5sGczQU5UeB4PaWij_~yjfYzXXbLMnmg95J8zNtN&amp;data=05%7C02%7C%7C48cf19e4cce84178e85808dce9d3f3b6%7Cf87b83595388462999d336e1a19369f2%7C0%7C0%7C638642343750248391%7CUnknown%7CTWFpbGZsb3d8eyJWIjoiMC4wLjAwMDAiLCJQIjoiV2luMzIiLCJBTiI6Ik1haWwiLCJXVCI6Mn0%3D%7C0%7C%7C%7C&amp;sdata=nVwqBw9QijAlHSveV1HoIQNi6sgcOVPnah%2FnjphkzQU%3D&amp;reserved=0\" target=\"_blank\" rel=\"noopener noreferrer\" data-auth=\"Verified\" data-linkindex=\"6\">skabelon<\/a><\/span> af en elbil. Send dit design til os senest d. 31. oktober og v\u00e6r med i dysten om at f\u00e5 dit kunstv\u00e6rk p\u00e5 en GreenMobility elbil, der kommer til at k\u00f8re rundt i K\u00f8benhavn, og som du selv f\u00e5r en gratis k\u00f8retur i. \ud83d\ude0d<\/p>\n<\/div>\n<div>\n<p>Et panel fra MigogKbh og GreenMobility v\u00e6lger to heldige vindere, der kan v\u00e6lge mellem to fede pr\u00e6mier &#8211; se dem herunder. \ud83c\udf81<\/p>\n<p>Konkurrencen er for alle fra 1 \u00e5r og opefter. Vi gl\u00e6der os til at se dine kreative id\u00e9er! \ud83d\udc9a<\/p>\n<p>Se konkurrencevilk\u00e5r <span style=\"text-decoration: underline;\"><a title=\"Oprindelig URL-adresse: https:\/\/greenmobilityas331.acemlna.com\/lt.php?x=3TxtmrUFUqPUT55qA1c4jOG-_n_8x~kVkylhXYsDU4fV5sGczQU5UeB4PaWij_~yjfYzXXbLMnmg95J8zNtO. Klik eller tryk, hvis du har tillid til dette link.\" href=\"https:\/\/eur03.safelinks.protection.outlook.com\/?url=https%3A%2F%2Fgreenmobilityas331.acemlna.com%2Flt.php%3Fx%3D3TxtmrUFUqPUT55qA1c4jOG-_n_8x~kVkylhXYsDU4fV5sGczQU5UeB4PaWij_~yjfYzXXbLMnmg95J8zNtO&amp;data=05%7C02%7C%7C48cf19e4cce84178e85808dce9d3f3b6%7Cf87b83595388462999d336e1a19369f2%7C0%7C0%7C638642343750261354%7CUnknown%7CTWFpbGZsb3d8eyJWIjoiMC4wLjAwMDAiLCJQIjoiV2luMzIiLCJBTiI6Ik1haWwiLCJXVCI6Mn0%3D%7C0%7C%7C%7C&amp;sdata=b%2Fs0qZgvKyT0Z1f2XEIedDUVyrHMdW7NEzoNKMOo4YI%3D&amp;reserved=0\" target=\"_blank\" rel=\"noopener noreferrer\" data-auth=\"Verified\" data-linkindex=\"7\">her<\/a><\/span>.<\/p>\n<\/div>\n<p>[\/vc_column_text][vc_empty_space][\/vc_column][\/vc_row][vc_row][vc_column][vc_empty_space]<div class=\" agni-section-heading text-left ihda\" ><h2 class=\"section-heading-text \" style=\"font-size:40px;\"><span>Det kan du vinde! \ud83c\udf81 V\u00e6lg mellem:<\/span><\/h2><div class=\"section-divide-line divide-line text-left\"><span style=\"width:90px; height:1px; background-color:#3ea635\"><\/span><\/div><\/div>[\/vc_column][vc_column width=&#8221;1\/2&#8243;][vc_empty_space][vc_custom_heading text=&#8221;7 d\u00f8gns leje af din egen designede bil&#8221; font_container=&#8221;tag:h2|font_size:36|text_align:left&#8221; google_fonts=&#8221;font_family:Montserrat%3Aregular%2C700|font_style:400%20regular%3A400%3Anormal&#8221;][vc_column_text]<\/p>\n<div><span data-olk-copy-source=\"MessageBody\">F\u00e5 dit design p\u00e5 en af vores elbiler og f\u00e5 en <\/span>gratis 7 d\u00f8gns pakke (inkl. 1000 km), s\u00e5 du selv kan vise dit v\u00e6rk frem i byen eller k\u00f8re p\u00e5 ferie i elbilen med dit eget design.<\/div>\n<div><strong>V\u00e6rdi: 2.995 kr.<\/strong><\/div>\n<p>[\/vc_column_text][\/vc_column][vc_column align=&#8221;center&#8221; width=&#8221;1\/2&#8243;][vc_empty_space]<div class=\" agni-image custom-image-container text-center\">\r\n\t\t\t<figure class=\"agni-image-figure\">\r\n\t\t\t\t<img decoding=\"async\" width=\"300\" height=\"300\" data-src=\"https:\/\/www.greenmobility.com\/dk\/wp-content\/uploads\/sites\/9\/2024\/10\/7-days-DK-300x300.png\" class=\"fullwidth-image attachment-medium  attachment-medium lazyload\" alt=\"\" title=\"7 days DK\" data-srcset=\"https:\/\/www.greenmobility.com\/dk\/wp-content\/uploads\/sites\/9\/2024\/10\/7-days-DK-300x300.png 300w, https:\/\/www.greenmobility.com\/dk\/wp-content\/uploads\/sites\/9\/2024\/10\/7-days-DK-1024x1024.png 1024w, https:\/\/www.greenmobility.com\/dk\/wp-content\/uploads\/sites\/9\/2024\/10\/7-days-DK-150x150.png 150w, https:\/\/www.greenmobility.com\/dk\/wp-content\/uploads\/sites\/9\/2024\/10\/7-days-DK-768x768.png 768w, https:\/\/www.greenmobility.com\/dk\/wp-content\/uploads\/sites\/9\/2024\/10\/7-days-DK-50x50.png 50w, https:\/\/www.greenmobility.com\/dk\/wp-content\/uploads\/sites\/9\/2024\/10\/7-days-DK-600x600.png 600w, https:\/\/www.greenmobility.com\/dk\/wp-content\/uploads\/sites\/9\/2024\/10\/7-days-DK-960x960.png 960w, https:\/\/www.greenmobility.com\/dk\/wp-content\/uploads\/sites\/9\/2024\/10\/7-days-DK.png 1080w\" data-sizes=\"(max-width: 300px) 100vw, 300px\" src=\"data:image\/svg+xml;base64,PHN2ZyB3aWR0aD0iMSIgaGVpZ2h0PSIxIiB4bWxucz0iaHR0cDovL3d3dy53My5vcmcvMjAwMC9zdmciPjwvc3ZnPg==\" style=\"--smush-placeholder-width: 300px; --smush-placeholder-aspect-ratio: 300\/300;\" \/>\r\n\t\t\t\t<figcaption class=\"vc_figure-caption\"><\/figcaption>\r\n\t\t\t<\/figure>\r\n\t\t<\/div>[\/vc_column][\/vc_row][vc_row][vc_column align=&#8221;center&#8221; width=&#8221;1\/2&#8243;][vc_empty_space]<div class=\" agni-image custom-image-container text-center\">\r\n\t\t\t<figure class=\"agni-image-figure\">\r\n\t\t\t\t<img decoding=\"async\" width=\"300\" height=\"300\" data-src=\"https:\/\/www.greenmobility.com\/dk\/wp-content\/uploads\/sites\/9\/2024\/10\/1-day-DK-300x300.png\" class=\"fullwidth-image attachment-medium  attachment-medium lazyload\" alt=\"\" title=\"1 day DK\" data-srcset=\"https:\/\/www.greenmobility.com\/dk\/wp-content\/uploads\/sites\/9\/2024\/10\/1-day-DK-300x300.png 300w, https:\/\/www.greenmobility.com\/dk\/wp-content\/uploads\/sites\/9\/2024\/10\/1-day-DK-1024x1024.png 1024w, https:\/\/www.greenmobility.com\/dk\/wp-content\/uploads\/sites\/9\/2024\/10\/1-day-DK-150x150.png 150w, https:\/\/www.greenmobility.com\/dk\/wp-content\/uploads\/sites\/9\/2024\/10\/1-day-DK-768x768.png 768w, https:\/\/www.greenmobility.com\/dk\/wp-content\/uploads\/sites\/9\/2024\/10\/1-day-DK-50x50.png 50w, https:\/\/www.greenmobility.com\/dk\/wp-content\/uploads\/sites\/9\/2024\/10\/1-day-DK-600x600.png 600w, https:\/\/www.greenmobility.com\/dk\/wp-content\/uploads\/sites\/9\/2024\/10\/1-day-DK-960x960.png 960w, https:\/\/www.greenmobility.com\/dk\/wp-content\/uploads\/sites\/9\/2024\/10\/1-day-DK.png 1080w\" data-sizes=\"(max-width: 300px) 100vw, 300px\" src=\"data:image\/svg+xml;base64,PHN2ZyB3aWR0aD0iMSIgaGVpZ2h0PSIxIiB4bWxucz0iaHR0cDovL3d3dy53My5vcmcvMjAwMC9zdmciPjwvc3ZnPg==\" style=\"--smush-placeholder-width: 300px; --smush-placeholder-aspect-ratio: 300\/300;\" \/>\r\n\t\t\t\t<figcaption class=\"vc_figure-caption\"><\/figcaption>\r\n\t\t\t<\/figure>\r\n\t\t<\/div>[\/vc_column][vc_column width=&#8221;1\/2&#8243;][vc_empty_space][vc_custom_heading text=&#8221;Tur i forlystelsespark og 1 d\u00f8gns leje&#8221; font_container=&#8221;tag:h2|font_size:36|text_align:left&#8221; google_fonts=&#8221;font_family:Montserrat%3Aregular%2C700|font_style:400%20regular%3A400%3Anormal&#8221;][vc_column_text]<\/p>\n<div><span data-olk-copy-source=\"MessageBody\">F\u00e5 dit design p\u00e5 en af vores elbiler, et gavekort p\u00e5 1.000 kr. til indgangen til en <\/span>forlystelsespark i Danmark og en 1 d\u00f8gns pakke (inkl. 200 km) til at k\u00f8re ud og hjem i bilen med dit eget design.<\/div>\n<div><strong>V\u00e6rdi: 1.595 kr.<\/strong><\/div>\n<p>[\/vc_column_text][\/vc_column][\/vc_row][vc_row][vc_column][vc_empty_space][\/vc_column][\/vc_row][vc_row][vc_column]<div class=\" agni-section-heading text-left ihda\" ><h2 class=\"section-heading-text \" style=\"font-size:40px;\"><span>S\u00e5dan deltager du:<\/span><\/h2><\/div>[vc_column_text]<\/p>\n<ol>\n<li><span data-olk-copy-source=\"MessageBody\">Farvel\u00e6g <\/span><a title=\"Oprindelig URL-adresse: https:\/\/greenmobilityas331.acemlna.com\/lt.php?x=3TxtmrUFUqPUT55qA1c4jOG-_n_8x~kVkylhXYsDU4fV5sGczQU5UeB4PaWij_~yjfYzXXbLMnmg95J8zNtN. Klik eller tryk, hvis du har tillid til dette link.\" href=\"https:\/\/eur03.safelinks.protection.outlook.com\/?url=https%3A%2F%2Fgreenmobilityas331.acemlna.com%2Flt.php%3Fx%3D3TxtmrUFUqPUT55qA1c4jOG-_n_8x~kVkylhXYsDU4fV5sGczQU5UeB4PaWij_~yjfYzXXbLMnmg95J8zNtN&amp;data=05%7C02%7C%7C48cf19e4cce84178e85808dce9d3f3b6%7Cf87b83595388462999d336e1a19369f2%7C0%7C0%7C638642343750296947%7CUnknown%7CTWFpbGZsb3d8eyJWIjoiMC4wLjAwMDAiLCJQIjoiV2luMzIiLCJBTiI6Ik1haWwiLCJXVCI6Mn0%3D%7C0%7C%7C%7C&amp;sdata=xRnwIUUQ23Egirb3eIKWscSsFu7vkPz%2FkQj9SC3mMRM%3D&amp;reserved=0\" target=\"_blank\" rel=\"noopener noreferrer\" data-auth=\"Verified\" data-linkindex=\"9\">skabelonen af elbilen<\/a> p\u00e5 et udprintet papir eller online. Tegn og design de hvide felter p\u00e5 bilen pr\u00e6cis, som du vil \u2013 kun fantasien s\u00e6tter gr\u00e6nser!<\/li>\n<li><span data-olk-copy-source=\"MessageBody\">Tag et billede af dit design og send det til os p\u00e5 <\/span><a href=\"mailto:marketing@greenmobility.com\" data-linkindex=\"10\">e-mail til <span style=\"text-decoration: underline;\">marketing@greenmobility.com<\/span><\/a> med emnefeltet &#8220;Design en elbil&#8221; senest d. 31. oktober. Husk at skrive navn og alder i mailen.<\/li>\n<li><span data-olk-copy-source=\"MessageBody\">Vores panel tr\u00e6kker to vindere blandt alle designs <\/span>d. 1. november &#8211; \u00e9n i alderen 1-12 \u00e5r og \u00e9n i alderen fra 13 \u00e5r og op. Vinderne f\u00e5r direkte besked via e-mail.<\/li>\n<\/ol>\n<p>[\/vc_column_text][vc_empty_space][vc_column_text]<em>Vi gl\u00e6der os til at se jeres kreative id\u00e9er! \ud83d\udc9a<\/em>[\/vc_column_text][vc_empty_space][\/vc_column][\/vc_row]<\/p>\n<\/div>","protected":false},"excerpt":{"rendered":"<p>[vc_row padding_top=&#8221;5%&#8221;][vc_column][vc_empty_space][vc_empty_space height=&#8221;50px&#8221;][vc_column_text] Har du eller dit barn lyst til at give K\u00f8benhavn et kreativt touch? Nu har du chancen for at designe din egen GreenMobility elbil og g\u00f8re den til byens nye blikfang! \ud83d\udc68\u200d\ud83c\udfa8 Sammen med MigogKbh, det st\u00f8rste bymedie om K\u00f8benhavn, inviterer vi alle b\u00f8rn og voksne til at deltage i vores sjove [&hellip;]<\/p>\n","protected":false},"author":7,"featured_media":7051,"parent":0,"menu_order":0,"comment_status":"closed","ping_status":"closed","template":"","meta":{"om_disable_all_campaigns":false,"footnotes":"","_links_to":"","_links_to_target":""},"class_list":["post-7050","page","type-page","status-publish","has-post-thumbnail","hentry"],"yoast_head":"<!-- This site is optimized with the Yoast SEO plugin v26.7 - https:\/\/yoast.com\/wordpress\/plugins\/seo\/ -->\n<title>Design din egen GreenMobility elbil<\/title>\n<meta name=\"description\" content=\"Nu har du chancen for at give K\u00f8benhavn dit kreative touch. Vind 1 eller 7 d\u00f8gns leje i en elbil du selv har designet!\" \/>\n<meta name=\"robots\" content=\"index, follow, max-snippet:-1, max-image-preview:large, max-video-preview:-1\" \/>\n<link rel=\"canonical\" href=\"https:\/\/www.greenmobility.com\/dk\/da\/design-din-egen-greenmobility-elbil-og-vind\/\" \/>\n<meta property=\"og:locale\" content=\"da_DK\" \/>\n<meta property=\"og:type\" content=\"article\" \/>\n<meta property=\"og:title\" content=\"Design din egen GreenMobility elbil\" \/>\n<meta property=\"og:description\" content=\"Nu har du chancen for at give K\u00f8benhavn dit kreative touch. Vind 1 eller 7 d\u00f8gns leje i en elbil du selv har designet!\" \/>\n<meta property=\"og:url\" content=\"https:\/\/www.greenmobility.com\/dk\/da\/design-din-egen-greenmobility-elbil-og-vind\/\" \/>\n<meta property=\"og:site_name\" content=\"GreenMobility Denmark\" \/>\n<meta property=\"article:modified_time\" content=\"2024-10-11T11:00:10+00:00\" \/>\n<meta property=\"og:image\" content=\"https:\/\/www.greenmobility.com\/dk\/wp-content\/uploads\/sites\/9\/2024\/10\/Primary-DK.png\" \/>\n\t<meta property=\"og:image:width\" content=\"1175\" \/>\n\t<meta property=\"og:image:height\" content=\"985\" \/>\n\t<meta property=\"og:image:type\" content=\"image\/png\" \/>\n<meta name=\"twitter:card\" content=\"summary_large_image\" \/>\n<meta name=\"twitter:label1\" content=\"Estimeret l\u00e6setid\" \/>\n\t<meta name=\"twitter:data1\" content=\"3 minutter\" \/>\n<script type=\"application\/ld+json\" class=\"yoast-schema-graph\">{\"@context\":\"https:\/\/schema.org\",\"@graph\":[{\"@type\":\"WebPage\",\"@id\":\"https:\/\/www.greenmobility.com\/dk\/da\/design-din-egen-greenmobility-elbil-og-vind\/\",\"url\":\"https:\/\/www.greenmobility.com\/dk\/da\/design-din-egen-greenmobility-elbil-og-vind\/\",\"name\":\"Design din egen GreenMobility elbil\",\"isPartOf\":{\"@id\":\"https:\/\/www.greenmobility.com\/dk\/da\/#website\"},\"primaryImageOfPage\":{\"@id\":\"https:\/\/www.greenmobility.com\/dk\/da\/design-din-egen-greenmobility-elbil-og-vind\/#primaryimage\"},\"image\":{\"@id\":\"https:\/\/www.greenmobility.com\/dk\/da\/design-din-egen-greenmobility-elbil-og-vind\/#primaryimage\"},\"thumbnailUrl\":\"https:\/\/www.greenmobility.com\/dk\/wp-content\/uploads\/sites\/9\/2024\/10\/Primary-DK.png\",\"datePublished\":\"2024-10-11T10:56:34+00:00\",\"dateModified\":\"2024-10-11T11:00:10+00:00\",\"description\":\"Nu har du chancen for at give K\u00f8benhavn dit kreative touch. Vind 1 eller 7 d\u00f8gns leje i en elbil du selv har designet!\",\"breadcrumb\":{\"@id\":\"https:\/\/www.greenmobility.com\/dk\/da\/design-din-egen-greenmobility-elbil-og-vind\/#breadcrumb\"},\"inLanguage\":\"da-DK\",\"potentialAction\":[{\"@type\":\"ReadAction\",\"target\":[\"https:\/\/www.greenmobility.com\/dk\/da\/design-din-egen-greenmobility-elbil-og-vind\/\"]}]},{\"@type\":\"ImageObject\",\"inLanguage\":\"da-DK\",\"@id\":\"https:\/\/www.greenmobility.com\/dk\/da\/design-din-egen-greenmobility-elbil-og-vind\/#primaryimage\",\"url\":\"https:\/\/www.greenmobility.com\/dk\/wp-content\/uploads\/sites\/9\/2024\/10\/Primary-DK.png\",\"contentUrl\":\"https:\/\/www.greenmobility.com\/dk\/wp-content\/uploads\/sites\/9\/2024\/10\/Primary-DK.png\",\"width\":1175,\"height\":985},{\"@type\":\"BreadcrumbList\",\"@id\":\"https:\/\/www.greenmobility.com\/dk\/da\/design-din-egen-greenmobility-elbil-og-vind\/#breadcrumb\",\"itemListElement\":[{\"@type\":\"ListItem\",\"position\":1,\"name\":\"Home\",\"item\":\"https:\/\/www.greenmobility.com\/dk\/da\/\"},{\"@type\":\"ListItem\",\"position\":2,\"name\":\"Design din egen GreenMobility elbil og vind! \ud83d\ude97\ud83c\udfc6\"}]},{\"@type\":\"WebSite\",\"@id\":\"https:\/\/www.greenmobility.com\/dk\/da\/#website\",\"url\":\"https:\/\/www.greenmobility.com\/dk\/da\/\",\"name\":\"GreenMobility Denmark\",\"description\":\"\",\"publisher\":{\"@id\":\"https:\/\/www.greenmobility.com\/dk\/da\/#organization\"},\"potentialAction\":[{\"@type\":\"SearchAction\",\"target\":{\"@type\":\"EntryPoint\",\"urlTemplate\":\"https:\/\/www.greenmobility.com\/dk\/da\/?s={search_term_string}\"},\"query-input\":{\"@type\":\"PropertyValueSpecification\",\"valueRequired\":true,\"valueName\":\"search_term_string\"}}],\"inLanguage\":\"da-DK\"},{\"@type\":\"Organization\",\"@id\":\"https:\/\/www.greenmobility.com\/dk\/da\/#organization\",\"name\":\"GreenMobility\",\"url\":\"https:\/\/www.greenmobility.com\/dk\/da\/\",\"logo\":{\"@type\":\"ImageObject\",\"inLanguage\":\"da-DK\",\"@id\":\"https:\/\/www.greenmobility.com\/dk\/da\/#\/schema\/logo\/image\/\",\"url\":\"https:\/\/www.greenmobility.com\/dk\/wp-content\/uploads\/sites\/9\/2021\/06\/logo-EM-DK.png\",\"contentUrl\":\"https:\/\/www.greenmobility.com\/dk\/wp-content\/uploads\/sites\/9\/2021\/06\/logo-EM-DK.png\",\"width\":3125,\"height\":788,\"caption\":\"GreenMobility\"},\"image\":{\"@id\":\"https:\/\/www.greenmobility.com\/dk\/da\/#\/schema\/logo\/image\/\"}}]}<\/script>\n<!-- \/ Yoast SEO plugin. -->","yoast_head_json":{"title":"Design din egen GreenMobility elbil","description":"Nu har du chancen for at give K\u00f8benhavn dit kreative touch. Vind 1 eller 7 d\u00f8gns leje i en elbil du selv har designet!","robots":{"index":"index","follow":"follow","max-snippet":"max-snippet:-1","max-image-preview":"max-image-preview:large","max-video-preview":"max-video-preview:-1"},"canonical":"https:\/\/www.greenmobility.com\/dk\/da\/design-din-egen-greenmobility-elbil-og-vind\/","og_locale":"da_DK","og_type":"article","og_title":"Design din egen GreenMobility elbil","og_description":"Nu har du chancen for at give K\u00f8benhavn dit kreative touch. Vind 1 eller 7 d\u00f8gns leje i en elbil du selv har designet!","og_url":"https:\/\/www.greenmobility.com\/dk\/da\/design-din-egen-greenmobility-elbil-og-vind\/","og_site_name":"GreenMobility Denmark","article_modified_time":"2024-10-11T11:00:10+00:00","og_image":[{"width":1175,"height":985,"url":"https:\/\/www.greenmobility.com\/dk\/wp-content\/uploads\/sites\/9\/2024\/10\/Primary-DK.png","type":"image\/png"}],"twitter_card":"summary_large_image","twitter_misc":{"Estimeret l\u00e6setid":"3 minutter"},"schema":{"@context":"https:\/\/schema.org","@graph":[{"@type":"WebPage","@id":"https:\/\/www.greenmobility.com\/dk\/da\/design-din-egen-greenmobility-elbil-og-vind\/","url":"https:\/\/www.greenmobility.com\/dk\/da\/design-din-egen-greenmobility-elbil-og-vind\/","name":"Design din egen GreenMobility elbil","isPartOf":{"@id":"https:\/\/www.greenmobility.com\/dk\/da\/#website"},"primaryImageOfPage":{"@id":"https:\/\/www.greenmobility.com\/dk\/da\/design-din-egen-greenmobility-elbil-og-vind\/#primaryimage"},"image":{"@id":"https:\/\/www.greenmobility.com\/dk\/da\/design-din-egen-greenmobility-elbil-og-vind\/#primaryimage"},"thumbnailUrl":"https:\/\/www.greenmobility.com\/dk\/wp-content\/uploads\/sites\/9\/2024\/10\/Primary-DK.png","datePublished":"2024-10-11T10:56:34+00:00","dateModified":"2024-10-11T11:00:10+00:00","description":"Nu har du chancen for at give K\u00f8benhavn dit kreative touch. Vind 1 eller 7 d\u00f8gns leje i en elbil du selv har designet!","breadcrumb":{"@id":"https:\/\/www.greenmobility.com\/dk\/da\/design-din-egen-greenmobility-elbil-og-vind\/#breadcrumb"},"inLanguage":"da-DK","potentialAction":[{"@type":"ReadAction","target":["https:\/\/www.greenmobility.com\/dk\/da\/design-din-egen-greenmobility-elbil-og-vind\/"]}]},{"@type":"ImageObject","inLanguage":"da-DK","@id":"https:\/\/www.greenmobility.com\/dk\/da\/design-din-egen-greenmobility-elbil-og-vind\/#primaryimage","url":"https:\/\/www.greenmobility.com\/dk\/wp-content\/uploads\/sites\/9\/2024\/10\/Primary-DK.png","contentUrl":"https:\/\/www.greenmobility.com\/dk\/wp-content\/uploads\/sites\/9\/2024\/10\/Primary-DK.png","width":1175,"height":985},{"@type":"BreadcrumbList","@id":"https:\/\/www.greenmobility.com\/dk\/da\/design-din-egen-greenmobility-elbil-og-vind\/#breadcrumb","itemListElement":[{"@type":"ListItem","position":1,"name":"Home","item":"https:\/\/www.greenmobility.com\/dk\/da\/"},{"@type":"ListItem","position":2,"name":"Design din egen GreenMobility elbil og vind! \ud83d\ude97\ud83c\udfc6"}]},{"@type":"WebSite","@id":"https:\/\/www.greenmobility.com\/dk\/da\/#website","url":"https:\/\/www.greenmobility.com\/dk\/da\/","name":"GreenMobility Denmark","description":"","publisher":{"@id":"https:\/\/www.greenmobility.com\/dk\/da\/#organization"},"potentialAction":[{"@type":"SearchAction","target":{"@type":"EntryPoint","urlTemplate":"https:\/\/www.greenmobility.com\/dk\/da\/?s={search_term_string}"},"query-input":{"@type":"PropertyValueSpecification","valueRequired":true,"valueName":"search_term_string"}}],"inLanguage":"da-DK"},{"@type":"Organization","@id":"https:\/\/www.greenmobility.com\/dk\/da\/#organization","name":"GreenMobility","url":"https:\/\/www.greenmobility.com\/dk\/da\/","logo":{"@type":"ImageObject","inLanguage":"da-DK","@id":"https:\/\/www.greenmobility.com\/dk\/da\/#\/schema\/logo\/image\/","url":"https:\/\/www.greenmobility.com\/dk\/wp-content\/uploads\/sites\/9\/2021\/06\/logo-EM-DK.png","contentUrl":"https:\/\/www.greenmobility.com\/dk\/wp-content\/uploads\/sites\/9\/2021\/06\/logo-EM-DK.png","width":3125,"height":788,"caption":"GreenMobility"},"image":{"@id":"https:\/\/www.greenmobility.com\/dk\/da\/#\/schema\/logo\/image\/"}}]}},"_links":{"self":[{"href":"https:\/\/www.greenmobility.com\/dk\/da\/wp-json\/wp\/v2\/pages\/7050","targetHints":{"allow":["GET"]}}],"collection":[{"href":"https:\/\/www.greenmobility.com\/dk\/da\/wp-json\/wp\/v2\/pages"}],"about":[{"href":"https:\/\/www.greenmobility.com\/dk\/da\/wp-json\/wp\/v2\/types\/page"}],"author":[{"embeddable":true,"href":"https:\/\/www.greenmobility.com\/dk\/da\/wp-json\/wp\/v2\/users\/7"}],"replies":[{"embeddable":true,"href":"https:\/\/www.greenmobility.com\/dk\/da\/wp-json\/wp\/v2\/comments?post=7050"}],"version-history":[{"count":0,"href":"https:\/\/www.greenmobility.com\/dk\/da\/wp-json\/wp\/v2\/pages\/7050\/revisions"}],"wp:featuredmedia":[{"embeddable":true,"href":"https:\/\/www.greenmobility.com\/dk\/da\/wp-json\/wp\/v2\/media\/7051"}],"wp:attachment":[{"href":"https:\/\/www.greenmobility.com\/dk\/da\/wp-json\/wp\/v2\/media?parent=7050"}],"curies":[{"name":"wp","href":"https:\/\/api.w.org\/{rel}","templated":true}]}}