{"id":6742,"date":"2024-08-13T11:40:16","date_gmt":"2024-08-13T10:40:16","guid":{"rendered":"https:\/\/www.greenmobility.com\/dk\/?page_id=6742"},"modified":"2026-04-20T11:20:27","modified_gmt":"2026-04-20T10:20:27","slug":"renault-megane","status":"publish","type":"page","link":"https:\/\/www.greenmobility.com\/dk\/da\/renault-megane\/","title":{"rendered":"Renault Megane"},"content":{"rendered":"<div class=\"wpb-content-wrapper\"><p>[vc_row padding_top=&#8221;5%&#8221;][vc_column]<div class=\" agni-section-heading text-left ihda\" ><h1 class=\"section-heading-text \" style=\"font-size:48px;\"><span>Lej en Renault Megane<\/span><\/h1><div class=\"section-divide-line divide-line text-left\"><span style=\"width:90px; height:1px; background-color:#3ea635\"><\/span><\/div><p class=\"section-additional-heading-text\" style=\"font-size:22px;\">Mere komfort og plads med Megane<\/p><\/div>[vc_empty_space][\/vc_column][vc_column width=&#8221;1\/2&#8243;][vc_column_text]<\/p>\n<p style=\"text-align: justify;\">Med GreenMobility kan du leje en Renault Megane og f\u00e5 en ekstra rummelig og komfortabel k\u00f8reoplevelse. Vores Megane er 100% elektrisk og kan k\u00f8re op til 470 km (WLTP) p\u00e5 en opladning.<\/p>\n<p>[\/vc_column_text][\/vc_column][vc_column width=&#8221;1\/2&#8243;][vc_column_text]Lej en Megane med GreenMobility direkte fra K\u00f8benhavns gader og k\u00f8r fra 6 kr.\/min. eller k\u00f8r p\u00e5 udflugt med en timepakke eller p\u00e5 <span style=\"text-decoration: underline;\"><a href=\"https:\/\/www.greenmobility.com\/dk\/da\/lej-en-bil-i-en-weekend\/\" target=\"_blank\" rel=\"noopener\">weekendtur<\/a><\/span> med en d\u00f8gnpakke &#8211; lige hvad der passer dig.[\/vc_column_text][\/vc_column][\/vc_row][vc_row margin_bottom=&#8221;32&#8243;][vc_column align=&#8221;center&#8221;][vc_empty_space height=&#8221;80px&#8221;]<div class=\" agni-section-heading text-center ihda\" ><h2 class=\"section-heading-text \" style=\"font-size:36px;\"><span>S\u00e5dan lejer du en Megane<\/span><\/h2><div class=\"section-divide-line divide-line text-center\"><span style=\"width:90px; height:1px; background-color:#3ea635\"><\/span><\/div><\/div>[\/vc_column][\/vc_row][vc_row][vc_column align=&#8221;center&#8221; width=&#8221;1\/3&#8243;]<div class=\" service-box service-box-style-1 text-center \" >\r\n\t\t\t\t\t<div class=\" agni-icon has-icon \" ><span class=\"agni-icon-container\" style=\"border-radius:50%; color:#000000; \"><i class=\"icon-basic-smartphone  \" style=\"border-radius:50%; color:#3ea635; \"><\/i><\/span><\/div><h6 class=\"service-box-heading\" style=\"font-size:24px; \">1. Download app'en<\/h6><div class=\"divide-line text-center\"><span ><\/span><\/div><div class=\"service-box-description\" ><p>Download GreenMobility-appen gratis og opret en profil.<\/p>\n<\/div>\r\n\t\t\t\t<\/div>[vc_empty_space][\/vc_column][vc_column align=&#8221;center&#8221; width=&#8221;1\/3&#8243;]<div class=\" service-box service-box-style-1 text-center \" >\r\n\t\t\t\t\t<div class=\" agni-icon has-icon \" ><span class=\"agni-icon-container\" style=\"border-radius:50%; color:#000000; \"><i class=\"ion-load-c  \" style=\"border-radius:50%; color:#3ea635; \"><\/i><\/span><\/div><h6 class=\"service-box-heading\" style=\"font-size:24px; \">2. Book en Megane<\/h6><div class=\"divide-line text-center\"><span ><\/span><\/div><div class=\"service-box-description\" ><p>Megane er tilg\u00e6ngelig i K\u00f8benhavn og har et gr\u00f8nt ikon med Megane skrevet p\u00e5 i appen.<\/p>\n<\/div>\r\n\t\t\t\t<\/div>[vc_empty_space][\/vc_column][vc_column align=&#8221;center&#8221; width=&#8221;1\/3&#8243;]<div class=\" service-box service-box-style-1 text-center \" >\r\n\t\t\t\t\t<div class=\" agni-icon has-icon \" ><span class=\"agni-icon-container\" style=\"border-radius:50%; color:#000000; \"><i class=\"ion-ios-checkmark-outline  \" style=\"border-radius:50%; color:#3ea635; \"><\/i><\/span><\/div><h6 class=\"service-box-heading\" style=\"font-size:24px; \">3. Nyd turen<\/h6><div class=\"divide-line text-center\"><span ><\/span><\/div><div class=\"service-box-description\" ><p>K\u00f8r pr. minut, time eller d\u00f8gn og nyd den ekstra komfort.<\/p>\n<\/div>\r\n\t\t\t\t<\/div>[vc_empty_space][\/vc_column][\/vc_row][vc_row margin_bottom=&#8221;32&#8243;][vc_column align=&#8221;center&#8221;]<div class=\" call-to-action call-to-action-style-1\"><div class=\"call-to-action-description\"><\/div><div class=\"call-to-action-button\"><a class=\"btn btn-alt btn-default \" target=\"_blank\" href=\"https:\/\/app.adjust.com\/bze7zzu\" style=\"margin-top: 10px; \"> Book nu<\/a><\/div><\/div>[vc_empty_space height=&#8221;50px&#8221;][\/vc_column][\/vc_row][vc_row fullwidth=&#8221;has-fullwidth-column&#8221; equal_height=&#8221;yes&#8221;][vc_column bg_color=&#8221;#3ea635&#8243; width=&#8221;1\/2&#8243;][vc_empty_space height=&#8221;80px&#8221;][vc_custom_heading divide_line=&#8221;yes&#8221; divide_line_color=&#8221;#ffffff&#8221; text=&#8221;Mere plads med Megane&#8221; font_container=&#8221;tag:h2|text_align:center|color:%23ffffff&#8221; google_fonts=&#8221;font_family:Open%20Sans%3A300%2C300italic%2Cregular%2Citalic%2C600%2C600italic%2C700%2C700italic%2C800%2C800italic|font_style:400%20regular%3A400%3Anormal&#8221; responsive_font_size=&#8221;yes&#8221;][vc_empty_space height=&#8221;20px&#8221;][vc_column_text padding_right=&#8221;5%&#8221; padding_left=&#8221;5%&#8221;]<span style=\"color: #ffffff;\">Med vores Meganes f\u00e5r du en unik k\u00f8reoplevelse. Nyd en 100 % elektrisk tur med automatgear og nem navigation, der g\u00f8r din n\u00e6ste tur til den mest behagelige.<\/span><\/p>\n<p><span style=\"color: #ffffff;\">\u2713 Mere komfort og plads p\u00e5 din rejse<\/span><br \/>\n<span style=\"color: #ffffff;\">\u2713 K\u00f8r op til 470 km (WLTP) p\u00e5 et fuldt batteri<\/span><br \/>\n<span style=\"color: #ffffff;\">\u2713 Intelligent ruteplanl\u00e6gning med Google Maps<\/span><br \/>\n<span style=\"color: #ffffff;\">\u2713 Intet papirarbejde eller startgebyr<\/span>[\/vc_column_text][vc_empty_space height=&#8221;80px&#8221;][\/vc_column][vc_column bg_choice=&#8221;2&#8243; bg_image=&#8221;6741&#8243; bg_image_position=&#8221;center bottom&#8221; width=&#8221;1\/2&#8243;][vc_empty_space height=&#8221;320px&#8221;][\/vc_column][\/vc_row][vc_row fullwidth=&#8221;has-fullwidth-column&#8221; equal_height=&#8221;yes&#8221;][vc_column bg_choice=&#8221;2&#8243; bg_image=&#8221;6752&#8243; width=&#8221;1\/2&#8243;][vc_empty_space height=&#8221;300px&#8221;][\/vc_column][vc_column bg_color=&#8221;#3ea635&#8243; width=&#8221;1\/2&#8243;][vc_empty_space height=&#8221;80px&#8221;][vc_custom_heading divide_line=&#8221;yes&#8221; divide_line_color=&#8221;#ffffff&#8221; text=&#8221;Komfort med stort K&#8221; font_container=&#8221;tag:h2|text_align:center|color:%23ffffff&#8221; google_fonts=&#8221;font_family:Open%20Sans%3A300%2C300italic%2Cregular%2Citalic%2C600%2C600italic%2C700%2C700italic%2C800%2C800italic|font_style:400%20regular%3A400%3Anormal&#8221; responsive_font_size=&#8221;yes&#8221;][vc_empty_space height=&#8221;20px&#8221;][vc_column_text padding_right=&#8221;5%&#8221; padding_left=&#8221;5%&#8221;]<\/p>\n<div id=\"\" class=\"agni_text_column agni-text-block \">\n<p><span style=\"color: #ffffff;\">Oplev en k\u00f8reoplevelse udover det s\u00e6dvanlige med Megane:<\/span><\/p>\n<p><span style=\"color: #ffffff;\">\u2713 Ergonomiske s\u00e6der med justerbar l\u00e6ndest\u00f8tte. <\/span><br \/>\n<span style=\"color: #ffffff;\">\u2713 Range assistant-app der holder styr p\u00e5 fart og r\u00e6kkevidde.<\/span><br \/>\n<span style=\"color: #ffffff;\">\u2713 Aktiver ECO-climate og spar p\u00e5 batteriet. <\/span><br \/>\n<span style=\"color: #ffffff;\">\u2713 F\u00e5 vigtige trafikinformationer direkte i f\u00f8rerdisplayet. <\/span><br \/>\n<span style=\"color: #ffffff;\">\u2713 Naviger og stream musik med Google-infotainmentsystemet. <\/span><br \/>\n<span style=\"color: #ffffff;\">\u2713 Nyd s\u00e6devarmen i fors\u00e6derne p\u00e5 kolde dage. <\/span><br \/>\n<span style=\"color: #ffffff;\">\u2713 Hold din smartphone opladt p\u00e5 den tr\u00e5dl\u00f8se induktive oplader.<\/span><\/p>\n<\/div>\n<p>[\/vc_column_text][vc_empty_space height=&#8221;80px&#8221;][\/vc_column][\/vc_row][vc_row margin_bottom=&#8221;32&#8243;][vc_column align=&#8221;center&#8221;][vc_empty_space height=&#8221;80px&#8221;][\/vc_column][\/vc_row][vc_row fullwidth=&#8221;has-fullwidth-column&#8221; padding_right=&#8221;5%&#8221; padding_left=&#8221;5%&#8221;][vc_column][vc_empty_space height=&#8221;50px&#8221;]<div class=\" agni-section-heading text-left ihda\" ><h2 class=\"section-heading-text \" style=\"font-size:48px;\"><span>Du k\u00f8rer 'alt inklusiv'<\/span><\/h2><div class=\"section-divide-line divide-line text-left\"><span style=\"width:90px; height:1px; background-color:#73b742\"><\/span><\/div><p class=\"section-additional-heading-text\" style=\"font-size:22px;\">Det beh\u00f8ver ikke at v\u00e6re dyrt at f\u00e5 ekstra komfort<\/p><\/div>[vc_column_text]<\/p>\n<p style=\"text-align: left;\">Lej en Megane med GreenMobility og undg\u00e5 h\u00f8je omkostninger. Du betaler kun for den tid, du bruger bilen. Betal mens du k\u00f8rer, eller k\u00f8b en time- eller d\u00f8gnpakke til din tur. Str\u00f8m, parkering i zonen, forsikring og vedligeholdelse er altid inkluderet.<\/p>\n<p>[\/vc_column_text]<div class=\" call-to-action call-to-action-style-1\"><div class=\"call-to-action-description\"><\/div><div class=\"call-to-action-button\"><a class=\"btn btn-alt btn-default \" target=\"_blank\" href=\"https:\/\/www.greenmobility.com\/dk\/da\/priser\/\" style=\"margin-top: 10px; \"> Se priser<\/a><\/div><\/div>[\/vc_column][vc_column][vc_empty_space][\/vc_column][\/vc_row][vc_row][vc_column][vc_empty_space height=&#8221;100px&#8221; height_mobile=&#8221;20px&#8221;][\/vc_column][\/vc_row][vc_row][vc_column][vc_empty_space]<div class=\" agni-image custom-image-container text-left\">\r\n\t\t\t<figure class=\"agni-image-figure\">\r\n\t\t\t\t<img decoding=\"async\" width=\"2400\" height=\"600\" data-src=\"https:\/\/www.greenmobility.com\/dk\/wp-content\/uploads\/sites\/9\/2024\/04\/DK.png\" class=\"fullwidth-image attachment-full  attachment-full lazyload\" alt=\"\" title=\"DK\" data-srcset=\"https:\/\/www.greenmobility.com\/dk\/wp-content\/uploads\/sites\/9\/2024\/04\/DK.png 2400w, https:\/\/www.greenmobility.com\/dk\/wp-content\/uploads\/sites\/9\/2024\/04\/DK-300x75.png 300w, https:\/\/www.greenmobility.com\/dk\/wp-content\/uploads\/sites\/9\/2024\/04\/DK-1024x256.png 1024w, https:\/\/www.greenmobility.com\/dk\/wp-content\/uploads\/sites\/9\/2024\/04\/DK-768x192.png 768w, https:\/\/www.greenmobility.com\/dk\/wp-content\/uploads\/sites\/9\/2024\/04\/DK-200x50.png 200w, https:\/\/www.greenmobility.com\/dk\/wp-content\/uploads\/sites\/9\/2024\/04\/DK-1536x384.png 1536w, https:\/\/www.greenmobility.com\/dk\/wp-content\/uploads\/sites\/9\/2024\/04\/DK-2048x512.png 2048w, https:\/\/www.greenmobility.com\/dk\/wp-content\/uploads\/sites\/9\/2024\/04\/DK-960x240.png 960w\" data-sizes=\"(max-width: 2400px) 100vw, 2400px\" src=\"data:image\/svg+xml;base64,PHN2ZyB3aWR0aD0iMSIgaGVpZ2h0PSIxIiB4bWxucz0iaHR0cDovL3d3dy53My5vcmcvMjAwMC9zdmciPjwvc3ZnPg==\" style=\"--smush-placeholder-width: 2400px; --smush-placeholder-aspect-ratio: 2400\/600;\" \/>\r\n\t\t\t\t<figcaption class=\"vc_figure-caption\"><\/figcaption>\r\n\t\t\t<\/figure>\r\n\t\t<\/div>[vc_empty_space height=&#8221;50px&#8221;][\/vc_column][\/vc_row][vc_row fullwidth=&#8221;has-fullwidth-column&#8221; equal_height=&#8221;yes&#8221;][vc_column align=&#8221;center&#8221; bg_color=&#8221;#3ea635&#8243; width=&#8221;1\/2&#8243;][vc_empty_space height=&#8221;80px&#8221;][vc_custom_heading divide_line=&#8221;yes&#8221; divide_line_color=&#8221;#ffffff&#8221; text=&#8221;S\u00e5dan oplader du en Megane&#8221; font_container=&#8221;tag:h2|text_align:center|color:%23ffffff&#8221; google_fonts=&#8221;font_family:Open%20Sans%3A300%2C300italic%2Cregular%2Citalic%2C600%2C600italic%2C700%2C700italic%2C800%2C800italic|font_style:400%20regular%3A400%3Anormal&#8221; responsive_font_size=&#8221;yes&#8221;][vc_empty_space height=&#8221;20px&#8221;][vc_column_text padding_right=&#8221;5%&#8221; padding_left=&#8221;5%&#8221;]<\/p>\n<p style=\"text-align: justify;\"><span style=\"color: #ffffff;\">Vi d\u00e6kker dine eludgifter i Danmark. Oplad gratis p\u00e5 E.ON&#8217;s og Spiiris stationer. S\u00f8rg f\u00f8rst for, at d\u00f8rene er l\u00e5st op. \u00c5bn d\u00e6kslet til ladeporten p\u00e5 h\u00f8jre side af bilen ved at trykke p\u00e5 Renault-logoet p\u00e5 d\u00e6kslet. Tag ladekablet ud af bilens bagagerum. S\u00e6t den ene side af kablet i bilens ladeport og den anden side i ladestationen. Tag den hvide ladebrik med GreenMobility-logo ud af holderen under gearstangen. Hold ladebrikken mod l\u00e6seren p\u00e5 ladestationen, indtil lyset p\u00e5 stationen bliver gr\u00f8nt. S\u00e5 snart bilen begynder at oplade, skifter lyset til bl\u00e5t, og du s\u00e6tter ladebrikken tilbage i holderen under gearstangen. Du kan nu afslutte din tur (eller lave et stop) i appen.<\/span><\/p>\n<p style=\"text-align: justify;\"><span style=\"color: #ffffff;\">Vil du frakoble en Megane fra en ladestation? Tryk p\u00e5 knappen med stikket til venstre for opladningsstikket i opladningsporten. Derefter frig\u00f8res kablet.<\/span><\/p>\n<p>[\/vc_column_text][vc_empty_space height=&#8221;80px&#8221;][\/vc_column][vc_column bg_choice=&#8221;2&#8243; bg_image=&#8221;6756&#8243; width=&#8221;1\/2&#8243;][vc_empty_space height=&#8221;300px&#8221;][\/vc_column][\/vc_row][vc_row][vc_column][vc_empty_space height=&#8221;50px&#8221; height_mobile=&#8221;20px&#8221;][\/vc_column][\/vc_row][vc_row el_id=&#8221;FAQ&#8221;][vc_column][vc_empty_space height=&#8221;50px&#8221;]<div class=\" agni-section-heading text-left ihda\" ><h2 class=\"section-heading-text \" style=\"font-size:40px;\"><span>FAQ om at leje en Renault Megane<\/span><\/h2><div class=\"section-divide-line divide-line text-left\"><span style=\"width:90px; height:1px; background-color:#73b742\"><\/span><\/div><\/div>[vc_column_text]<strong> Hvordan sikrer jeg mig, at den Renault Megane, jeg booker, har nok r\u00e6kkevidde til min tur?<br \/>\n<\/strong><span style=\"font-weight: 400;\">I appen kan du se bilens aktuelle batteriniveau, f\u00f8r du reserverer den. Hvis du skal k\u00f8re langt, anbefaler vi at v\u00e6lge en bil med h\u00f8j opladning eller planl\u00e6gge et stop ved en hurtiglader undervejs.<\/span><\/p>\n<p><strong>Kan jeg finde hurtigladere, hvis jeg k\u00f8rer uden for de store byer?<br \/>\n<\/strong><span style=\"font-weight: 400;\">Ja, men tilg\u00e6ngeligheden varierer. Vi anbefaler at bruge lade-apps som f.eks. E.ON eller Spirii til at planl\u00e6gge din rute og finde hurtigladere p\u00e5 forh\u00e5nd.<\/span><\/p>\n<p><strong>Hvad g\u00f8r jeg, hvis opladning tager l\u00e6ngere tid end forventet, og jeg har en stram tidsplan?<br \/>\n<\/strong><span style=\"font-weight: 400;\">Brug altid hurtigladere (DC) for at minimere ladetiden. Hvis du oplever forsinkelse, kan du justere din rute eller kontakte kundeservice for hj\u00e6lp til at finde en alternativ lader.<\/span><\/p>\n<p><strong>Er Renault Megane stor nok til b\u00e5de barnevogn og kufferter?<br \/>\n<\/strong><span style=\"font-weight: 400;\">Renault Megane har et rummeligt bagagerum, der passer til en standard barnevogn og flere kufferter. Hvis du har s\u00e6rligt meget bagage, kan du tjekke m\u00e5lene p\u00e5 vores hjemmeside eller v\u00e6lge en bil med endnu st\u00f8rre kapacitet. Se vores biltyper <span style=\"text-decoration: underline;\"><a href=\"https:\/\/www.greenmobility.com\/dk\/da\/elbiler\/\">her<\/a><\/span>.<\/span><\/p>\n<p><strong>Hvad sker der, hvis jeg har brug for at beholde bilen l\u00e6ngere tid end planlagt?<br \/>\n<\/strong><span style=\"font-weight: 400;\">Hvis du har pauset turen med &#8220;Stopover&#8221;-funktionen i appen, er bilen stadig udlejet til dig, s\u00e5 l\u00e6nge du \u00f8nsker det. Husk blot, at du stadig betaler for lejen under &#8220;Stopover&#8221;. K\u00f8rer du p\u00e5 en time- eller d\u00f8gnpakke, kan du altid forl\u00e6nge din lejeperiode ved at k\u00f8be en ny pakke i appen og aktivere den, inden den anden udl\u00f8ber.<\/span>[\/vc_column_text][vc_empty_space height=&#8221;50px&#8221;][\/vc_column][\/vc_row]<\/p>\n<\/div>","protected":false},"excerpt":{"rendered":"<p>[vc_row padding_top=&#8221;5%&#8221;][vc_column][vc_empty_space][\/vc_column][vc_column width=&#8221;1\/2&#8243;][vc_column_text] Med GreenMobility kan du leje en Renault Megane og f\u00e5 en ekstra rummelig og komfortabel k\u00f8reoplevelse. Vores Megane er 100% elektrisk og kan k\u00f8re op til 470 km (WLTP) p\u00e5 en opladning. [\/vc_column_text][\/vc_column][vc_column width=&#8221;1\/2&#8243;][vc_column_text]Lej en Megane med GreenMobility direkte fra K\u00f8benhavns gader og k\u00f8r fra 6 kr.\/min. eller k\u00f8r p\u00e5 udflugt med [&hellip;]<\/p>\n","protected":false},"author":33,"featured_media":0,"parent":0,"menu_order":0,"comment_status":"closed","ping_status":"closed","template":"","meta":{"om_disable_all_campaigns":false,"footnotes":"","_links_to":"","_links_to_target":""},"class_list":["post-6742","page","type-page","status-publish","hentry"],"yoast_head":"<!-- This site is optimized with the Yoast SEO plugin v27.3 - https:\/\/yoast.com\/product\/yoast-seo-wordpress\/ -->\n<title>Lej en Renault Megane med GreenMobility - GreenMobility<\/title>\n<meta name=\"description\" content=\"Med GreenMobility kan du leje en Renault Megane og f\u00e5 en ekstra rummelig og komfortabel k\u00f8reoplevelse. Book direkte i appen.\" \/>\n<meta name=\"robots\" content=\"index, follow, max-snippet:-1, max-image-preview:large, max-video-preview:-1\" \/>\n<link rel=\"canonical\" href=\"https:\/\/www.greenmobility.com\/dk\/da\/renault-megane\/\" \/>\n<meta property=\"og:locale\" content=\"da_DK\" \/>\n<meta property=\"og:type\" content=\"article\" \/>\n<meta property=\"og:title\" content=\"Lej en Renault Megane med GreenMobility - GreenMobility\" \/>\n<meta property=\"og:description\" content=\"Med GreenMobility kan du leje en Renault Megane og f\u00e5 en ekstra rummelig og komfortabel k\u00f8reoplevelse. Book direkte i appen.\" \/>\n<meta property=\"og:url\" content=\"https:\/\/www.greenmobility.com\/dk\/da\/renault-megane\/\" \/>\n<meta property=\"og:site_name\" content=\"GreenMobility Denmark\" \/>\n<meta property=\"article:modified_time\" content=\"2026-04-20T10:20:27+00:00\" \/>\n<meta name=\"twitter:card\" content=\"summary_large_image\" \/>\n<meta name=\"twitter:label1\" content=\"Estimeret l\u00e6setid\" \/>\n\t<meta name=\"twitter:data1\" content=\"7 minutter\" \/>\n<script type=\"application\/ld+json\" class=\"yoast-schema-graph\">{\"@context\":\"https:\\\/\\\/schema.org\",\"@graph\":[{\"@type\":\"WebPage\",\"@id\":\"https:\\\/\\\/www.greenmobility.com\\\/dk\\\/da\\\/renault-megane\\\/\",\"url\":\"https:\\\/\\\/www.greenmobility.com\\\/dk\\\/da\\\/renault-megane\\\/\",\"name\":\"Lej en Renault Megane med GreenMobility - GreenMobility\",\"isPartOf\":{\"@id\":\"https:\\\/\\\/www.greenmobility.com\\\/dk\\\/da\\\/#website\"},\"datePublished\":\"2024-08-13T10:40:16+00:00\",\"dateModified\":\"2026-04-20T10:20:27+00:00\",\"description\":\"Med GreenMobility kan du leje en Renault Megane og f\u00e5 en ekstra rummelig og komfortabel k\u00f8reoplevelse. Book direkte i appen.\",\"breadcrumb\":{\"@id\":\"https:\\\/\\\/www.greenmobility.com\\\/dk\\\/da\\\/renault-megane\\\/#breadcrumb\"},\"inLanguage\":\"da-DK\",\"potentialAction\":[{\"@type\":\"ReadAction\",\"target\":[\"https:\\\/\\\/www.greenmobility.com\\\/dk\\\/da\\\/renault-megane\\\/\"]}]},{\"@type\":\"BreadcrumbList\",\"@id\":\"https:\\\/\\\/www.greenmobility.com\\\/dk\\\/da\\\/renault-megane\\\/#breadcrumb\",\"itemListElement\":[{\"@type\":\"ListItem\",\"position\":1,\"name\":\"Home\",\"item\":\"https:\\\/\\\/www.greenmobility.com\\\/dk\\\/da\\\/\"},{\"@type\":\"ListItem\",\"position\":2,\"name\":\"Renault Megane\"}]},{\"@type\":\"WebSite\",\"@id\":\"https:\\\/\\\/www.greenmobility.com\\\/dk\\\/da\\\/#website\",\"url\":\"https:\\\/\\\/www.greenmobility.com\\\/dk\\\/da\\\/\",\"name\":\"GreenMobility Denmark\",\"description\":\"\",\"publisher\":{\"@id\":\"https:\\\/\\\/www.greenmobility.com\\\/dk\\\/da\\\/#organization\"},\"potentialAction\":[{\"@type\":\"SearchAction\",\"target\":{\"@type\":\"EntryPoint\",\"urlTemplate\":\"https:\\\/\\\/www.greenmobility.com\\\/dk\\\/da\\\/?s={search_term_string}\"},\"query-input\":{\"@type\":\"PropertyValueSpecification\",\"valueRequired\":true,\"valueName\":\"search_term_string\"}}],\"inLanguage\":\"da-DK\"},{\"@type\":\"Organization\",\"@id\":\"https:\\\/\\\/www.greenmobility.com\\\/dk\\\/da\\\/#organization\",\"name\":\"GreenMobility\",\"url\":\"https:\\\/\\\/www.greenmobility.com\\\/dk\\\/da\\\/\",\"logo\":{\"@type\":\"ImageObject\",\"inLanguage\":\"da-DK\",\"@id\":\"https:\\\/\\\/www.greenmobility.com\\\/dk\\\/da\\\/#\\\/schema\\\/logo\\\/image\\\/\",\"url\":\"https:\\\/\\\/www.greenmobility.com\\\/dk\\\/wp-content\\\/uploads\\\/sites\\\/9\\\/2021\\\/06\\\/logo-EM-DK.png\",\"contentUrl\":\"https:\\\/\\\/www.greenmobility.com\\\/dk\\\/wp-content\\\/uploads\\\/sites\\\/9\\\/2021\\\/06\\\/logo-EM-DK.png\",\"width\":3125,\"height\":788,\"caption\":\"GreenMobility\"},\"image\":{\"@id\":\"https:\\\/\\\/www.greenmobility.com\\\/dk\\\/da\\\/#\\\/schema\\\/logo\\\/image\\\/\"}}]}<\/script>\n<!-- \/ Yoast SEO plugin. -->","yoast_head_json":{"title":"Lej en Renault Megane med GreenMobility - GreenMobility","description":"Med GreenMobility kan du leje en Renault Megane og f\u00e5 en ekstra rummelig og komfortabel k\u00f8reoplevelse. Book direkte i appen.","robots":{"index":"index","follow":"follow","max-snippet":"max-snippet:-1","max-image-preview":"max-image-preview:large","max-video-preview":"max-video-preview:-1"},"canonical":"https:\/\/www.greenmobility.com\/dk\/da\/renault-megane\/","og_locale":"da_DK","og_type":"article","og_title":"Lej en Renault Megane med GreenMobility - GreenMobility","og_description":"Med GreenMobility kan du leje en Renault Megane og f\u00e5 en ekstra rummelig og komfortabel k\u00f8reoplevelse. Book direkte i appen.","og_url":"https:\/\/www.greenmobility.com\/dk\/da\/renault-megane\/","og_site_name":"GreenMobility Denmark","article_modified_time":"2026-04-20T10:20:27+00:00","twitter_card":"summary_large_image","twitter_misc":{"Estimeret l\u00e6setid":"7 minutter"},"schema":{"@context":"https:\/\/schema.org","@graph":[{"@type":"WebPage","@id":"https:\/\/www.greenmobility.com\/dk\/da\/renault-megane\/","url":"https:\/\/www.greenmobility.com\/dk\/da\/renault-megane\/","name":"Lej en Renault Megane med GreenMobility - GreenMobility","isPartOf":{"@id":"https:\/\/www.greenmobility.com\/dk\/da\/#website"},"datePublished":"2024-08-13T10:40:16+00:00","dateModified":"2026-04-20T10:20:27+00:00","description":"Med GreenMobility kan du leje en Renault Megane og f\u00e5 en ekstra rummelig og komfortabel k\u00f8reoplevelse. Book direkte i appen.","breadcrumb":{"@id":"https:\/\/www.greenmobility.com\/dk\/da\/renault-megane\/#breadcrumb"},"inLanguage":"da-DK","potentialAction":[{"@type":"ReadAction","target":["https:\/\/www.greenmobility.com\/dk\/da\/renault-megane\/"]}]},{"@type":"BreadcrumbList","@id":"https:\/\/www.greenmobility.com\/dk\/da\/renault-megane\/#breadcrumb","itemListElement":[{"@type":"ListItem","position":1,"name":"Home","item":"https:\/\/www.greenmobility.com\/dk\/da\/"},{"@type":"ListItem","position":2,"name":"Renault Megane"}]},{"@type":"WebSite","@id":"https:\/\/www.greenmobility.com\/dk\/da\/#website","url":"https:\/\/www.greenmobility.com\/dk\/da\/","name":"GreenMobility Denmark","description":"","publisher":{"@id":"https:\/\/www.greenmobility.com\/dk\/da\/#organization"},"potentialAction":[{"@type":"SearchAction","target":{"@type":"EntryPoint","urlTemplate":"https:\/\/www.greenmobility.com\/dk\/da\/?s={search_term_string}"},"query-input":{"@type":"PropertyValueSpecification","valueRequired":true,"valueName":"search_term_string"}}],"inLanguage":"da-DK"},{"@type":"Organization","@id":"https:\/\/www.greenmobility.com\/dk\/da\/#organization","name":"GreenMobility","url":"https:\/\/www.greenmobility.com\/dk\/da\/","logo":{"@type":"ImageObject","inLanguage":"da-DK","@id":"https:\/\/www.greenmobility.com\/dk\/da\/#\/schema\/logo\/image\/","url":"https:\/\/www.greenmobility.com\/dk\/wp-content\/uploads\/sites\/9\/2021\/06\/logo-EM-DK.png","contentUrl":"https:\/\/www.greenmobility.com\/dk\/wp-content\/uploads\/sites\/9\/2021\/06\/logo-EM-DK.png","width":3125,"height":788,"caption":"GreenMobility"},"image":{"@id":"https:\/\/www.greenmobility.com\/dk\/da\/#\/schema\/logo\/image\/"}}]}},"_links":{"self":[{"href":"https:\/\/www.greenmobility.com\/dk\/da\/wp-json\/wp\/v2\/pages\/6742","targetHints":{"allow":["GET"]}}],"collection":[{"href":"https:\/\/www.greenmobility.com\/dk\/da\/wp-json\/wp\/v2\/pages"}],"about":[{"href":"https:\/\/www.greenmobility.com\/dk\/da\/wp-json\/wp\/v2\/types\/page"}],"author":[{"embeddable":true,"href":"https:\/\/www.greenmobility.com\/dk\/da\/wp-json\/wp\/v2\/users\/33"}],"replies":[{"embeddable":true,"href":"https:\/\/www.greenmobility.com\/dk\/da\/wp-json\/wp\/v2\/comments?post=6742"}],"version-history":[{"count":2,"href":"https:\/\/www.greenmobility.com\/dk\/da\/wp-json\/wp\/v2\/pages\/6742\/revisions"}],"predecessor-version":[{"id":11453,"href":"https:\/\/www.greenmobility.com\/dk\/da\/wp-json\/wp\/v2\/pages\/6742\/revisions\/11453"}],"wp:attachment":[{"href":"https:\/\/www.greenmobility.com\/dk\/da\/wp-json\/wp\/v2\/media?parent=6742"}],"curies":[{"name":"wp","href":"https:\/\/api.w.org\/{rel}","templated":true}]}}