{"id":5735,"date":"2023-10-24T09:51:22","date_gmt":"2023-10-24T08:51:22","guid":{"rendered":"https:\/\/www.greenmobility.com\/dk\/?page_id=5735"},"modified":"2025-11-10T09:11:42","modified_gmt":"2025-11-10T08:11:42","slug":"julekonkurrence-2025","status":"publish","type":"page","link":"https:\/\/www.greenmobility.com\/dk\/da\/julekonkurrence-2025\/","title":{"rendered":"Julekonkurrence 2025"},"content":{"rendered":"<div class=\"wpb-content-wrapper\"><p>[vc_row padding_top=&#8221;3.5%&#8221; padding_bottom=&#8221;3%&#8221; border_top=&#8221;1&#8243; border_color=&#8221;#dddddd&#8221; border_style=&#8221;solid&#8221; el_class=&#8221;our-approach&#8221;][vc_column][vc_empty_space height=&#8221;50px&#8221;]<div class=\" agni-section-heading text-center ihda\" ><h1 class=\"section-heading-text section-heading-text_responsive\" style=\"font-size:50px;\"><span>Konkurrence: K\u00f8r og vind en bil i en uge<\/span><\/h1><div class=\"section-divide-line divide-line text-center\"><span style=\"width:180px; height:1px; background-color:#3ea635\"><\/span><\/div><p class=\"section-additional-heading-text\" style=\"font-size:25px;\">Jo flere ture, jo st\u00f8rre vinderchance<\/p><\/div>[\/vc_column][vc_column width=&#8221;1\/2&#8243;][vc_empty_space height=&#8221;50px&#8221;][vc_column_text]<\/p>\n<div id=\"\" class=\"agni_text_column agni-text-block \">\n<div id=\"\" class=\"agni_text_column agni-text-block \">\n<p>Hos GreenMobility elsker vi juletiden. Derfor lyser vi gaderne op med en r\u00e6kke fine julebiler. Hver gang du k\u00f8rer en tur i en af julebilerne indtil d. 31. december 2025, \u00f8ger du din chance for at vinde <strong>7 d\u00f8gns billeje til en v\u00e6rdi \u00e0 2.995 kr.<\/strong> inkl. 1000 km k\u00f8rsel &#8211; perfekt til en uges ferie i Danmark eller Sverige. \u2728\ud83c\udf81<\/p>\n<p>Bilerne er nemme at finde: Se efter <strong>bil-ikonet med den r\u00f8de sl\u00f8jfe<\/strong> p\u00e5 kortet i appen eller find julebilerne p\u00e5 gaden.<\/p>\n<\/div>\n<\/div>\n<p>[\/vc_column_text][vc_empty_space height=&#8221;10px&#8221;][\/vc_column][vc_column width=&#8221;1\/2&#8243;][vc_empty_space height=&#8221;50px&#8221;]<div class=\" agni-image custom-image-container text-left\">\r\n\t\t\t<figure class=\"agni-image-figure\">\r\n\t\t\t\t<img decoding=\"async\" width=\"788\" height=\"394\" data-src=\"https:\/\/www.greenmobility.com\/dk\/wp-content\/uploads\/sites\/9\/2025\/11\/Christmas-car-2025.png\" class=\"fullwidth-image attachment-full  attachment-full lazyload\" alt=\"\" title=\"Christmas car 2025\" data-srcset=\"https:\/\/www.greenmobility.com\/dk\/wp-content\/uploads\/sites\/9\/2025\/11\/Christmas-car-2025.png 788w, https:\/\/www.greenmobility.com\/dk\/wp-content\/uploads\/sites\/9\/2025\/11\/Christmas-car-2025-300x150.png 300w, https:\/\/www.greenmobility.com\/dk\/wp-content\/uploads\/sites\/9\/2025\/11\/Christmas-car-2025-768x384.png 768w, https:\/\/www.greenmobility.com\/dk\/wp-content\/uploads\/sites\/9\/2025\/11\/Christmas-car-2025-100x50.png 100w\" data-sizes=\"(max-width: 788px) 100vw, 788px\" src=\"data:image\/svg+xml;base64,PHN2ZyB3aWR0aD0iMSIgaGVpZ2h0PSIxIiB4bWxucz0iaHR0cDovL3d3dy53My5vcmcvMjAwMC9zdmciPjwvc3ZnPg==\" style=\"--smush-placeholder-width: 788px; --smush-placeholder-aspect-ratio: 788\/394;\" \/>\r\n\t\t\t\t<figcaption class=\"vc_figure-caption\"><\/figcaption>\r\n\t\t\t<\/figure>\r\n\t\t<\/div>[vc_empty_space height=&#8221;10px&#8221;][\/vc_column][\/vc_row][vc_row][vc_column align=&#8221;center&#8221;]<div class=\" call-to-action call-to-action-style-1\"><div class=\"call-to-action-description\"><\/div><div class=\"call-to-action-button\"><a class=\"btn btn-alt btn-default \" target=\"_blank\" href=\"https:\/\/app.adjust.com\/166l9bdb\" style=\"margin-top: 10px; margin-bottom: 10px; \"> Download appen og k\u00f8r<\/a><\/div><\/div>[vc_empty_space height=&#8221;70px&#8221;]<div class=\" agni-section-heading text-center ihda\" ><h1 class=\"section-heading-text section-heading-text_responsive\" style=\"font-size:40px;\"><span>Hvordan deltager jeg?<\/span><\/h1><div class=\"section-divide-line divide-line text-center\"><span style=\"width:180px; height:1px; background-color:#3ea635\"><\/span><\/div><\/div>[\/vc_column][\/vc_row][vc_row][vc_column align=&#8221;center&#8221; width=&#8221;1\/3&#8243;][vc_empty_space height=&#8221;20px&#8221;]<div class=\" agni-image custom-image-container text-center\">\r\n\t\t\t<figure class=\"agni-image-figure\">\r\n\t\t\t\t<img decoding=\"async\" class=\"fullwidth-image attachment-90x140 lazyload\" data-src=\"https:\/\/www.greenmobility.com\/dk\/wp-content\/uploads\/sites\/9\/2023\/11\/Christmas-icon-90x140.png\" width=\"90\" height=\"140\" alt=\"Christmas icon\" title=\"Christmas icon\" src=\"data:image\/svg+xml;base64,PHN2ZyB3aWR0aD0iMSIgaGVpZ2h0PSIxIiB4bWxucz0iaHR0cDovL3d3dy53My5vcmcvMjAwMC9zdmciPjwvc3ZnPg==\" style=\"--smush-placeholder-width: 90px; --smush-placeholder-aspect-ratio: 90\/140;\" \/>\r\n\t\t\t\t<figcaption class=\"vc_figure-caption\"><\/figcaption>\r\n\t\t\t<\/figure>\r\n\t\t<\/div>[vc_column_text]<\/p>\n<h6>1. Find en julebil i appen<\/h6>\n<p>[\/vc_column_text]<div class=\" separator separator_center\" style=\"width:50%; \">\r\n\t\t\t\t\t<span class=\"sep_holder sep_holder_l\"><span style=\"border-top-style:solid; border-color:#0a0a0a\" class=\"sep_line\"><\/span><\/span>\r\n\t\t\t\t\t\r\n\t\t\t\t\t<span class=\"sep_holder sep_holder_r\"><span style=\"border-top-style:solid; border-color:#0a0a0a\" class=\"sep_line\"><\/span><\/span>\r\n\t\t\t\t<\/div>[vc_column_text]<\/p>\n<h6><\/h6>\n<p>Se efter det s\u00e6rlige bil-ikon med sl\u00f8jfen p\u00e5 kortet i appen. Book bilen eller \u00e5bn den med det samme.[\/vc_column_text][vc_empty_space height=&#8221;20px&#8221;][\/vc_column][vc_column align=&#8221;center&#8221; width=&#8221;1\/3&#8243;][vc_empty_space height=&#8221;20px&#8221;]<div class=\" agni-image custom-image-container text-center\">\r\n\t\t\t<figure class=\"agni-image-figure\">\r\n\t\t\t\t<img decoding=\"async\" class=\"fullwidth-image attachment-90x140 lazyload\" data-src=\"https:\/\/www.greenmobility.com\/dk\/wp-content\/uploads\/sites\/9\/2023\/11\/Untitled-design1.png\" width=\"90\" height=\"140\" alt=\"Untitled design(1)\" title=\"Untitled design(1)\" src=\"data:image\/svg+xml;base64,PHN2ZyB3aWR0aD0iMSIgaGVpZ2h0PSIxIiB4bWxucz0iaHR0cDovL3d3dy53My5vcmcvMjAwMC9zdmciPjwvc3ZnPg==\" style=\"--smush-placeholder-width: 90px; --smush-placeholder-aspect-ratio: 90\/140;\" \/>\r\n\t\t\t\t<figcaption class=\"vc_figure-caption\"><\/figcaption>\r\n\t\t\t<\/figure>\r\n\t\t<\/div>[vc_column_text]<\/p>\n<h6>2. Tag en tur i en julebil<\/h6>\n<p>[\/vc_column_text]<div class=\" separator separator_center\" style=\"width:50%; \">\r\n\t\t\t\t\t<span class=\"sep_holder sep_holder_l\"><span style=\"border-top-style:solid; border-color:#0a0a0a\" class=\"sep_line\"><\/span><\/span>\r\n\t\t\t\t\t\r\n\t\t\t\t\t<span class=\"sep_holder sep_holder_r\"><span style=\"border-top-style:solid; border-color:#0a0a0a\" class=\"sep_line\"><\/span><\/span>\r\n\t\t\t\t<\/div>[vc_column_text]<\/p>\n<h6><\/h6>\n<p>K\u00f8r en tur senest d. 31\/12-2025, f.eks. p\u00e5 julemarked, til julefrokost eller overrask familie og venner med en festlig tur.[\/vc_column_text][vc_empty_space height=&#8221;20px&#8221;][\/vc_column][vc_column align=&#8221;center&#8221; width=&#8221;1\/3&#8243;][vc_empty_space height=&#8221;20px&#8221;]<div class=\" agni-image custom-image-container text-center\">\r\n\t\t\t<figure class=\"agni-image-figure\">\r\n\t\t\t\t<img decoding=\"async\" class=\"fullwidth-image attachment-90x140 lazyload\" data-src=\"https:\/\/www.greenmobility.com\/dk\/wp-content\/uploads\/sites\/9\/2023\/11\/Untitled-design.png\" width=\"90\" height=\"140\" alt=\"Untitled design\" title=\"Untitled design\" src=\"data:image\/svg+xml;base64,PHN2ZyB3aWR0aD0iMSIgaGVpZ2h0PSIxIiB4bWxucz0iaHR0cDovL3d3dy53My5vcmcvMjAwMC9zdmciPjwvc3ZnPg==\" style=\"--smush-placeholder-width: 90px; --smush-placeholder-aspect-ratio: 90\/140;\" \/>\r\n\t\t\t\t<figcaption class=\"vc_figure-caption\"><\/figcaption>\r\n\t\t\t<\/figure>\r\n\t\t<\/div>[vc_column_text]<\/p>\n<h6>3. Vind en gratis bil i en uge<\/h6>\n<p>[\/vc_column_text]<div class=\" separator separator_center\" style=\"width:50%; \">\r\n\t\t\t\t\t<span class=\"sep_holder sep_holder_l\"><span style=\"border-top-style:solid; border-color:#0a0a0a\" class=\"sep_line\"><\/span><\/span>\r\n\t\t\t\t\t\r\n\t\t\t\t\t<span class=\"sep_holder sep_holder_r\"><span style=\"border-top-style:solid; border-color:#0a0a0a\" class=\"sep_line\"><\/span><\/span>\r\n\t\t\t\t<\/div>[vc_column_text]<\/p>\n<h6><\/h6>\n<p>Jo flere ture du k\u00f8rer i en julebil, jo st\u00f8rre er din chance for at vinde.[\/vc_column_text][vc_empty_space height=&#8221;20px&#8221;][\/vc_column][vc_column][vc_column_text]<\/p>\n<p style=\"text-align: center;\"><em><strong>Vi tr\u00e6kker en tilf\u00e6ldig vinder i uge 2 i januar 2026.<\/strong><\/em><\/p>\n<p>[\/vc_column_text][\/vc_column][\/vc_row][vc_row][vc_column align=&#8221;center&#8221;][vc_empty_space height=&#8221;50px&#8221;][\/vc_column][\/vc_row][vc_row margin_top=&#8221;20&#8243; margin_bottom=&#8221;30&#8243;][vc_column width=&#8221;1\/2&#8243;][vc_empty_space height=&#8221;50px&#8221;]<div class=\" agni-image custom-image-container text-center\">\r\n\t\t\t<figure class=\"agni-image-figure\">\r\n\t\t\t\t<img decoding=\"async\" width=\"880\" height=\"1024\" data-src=\"https:\/\/www.greenmobility.com\/dk\/wp-content\/uploads\/sites\/9\/2023\/11\/DK-880x1024.png\" class=\"fullwidth-image attachment-large  attachment-large lazyload\" alt=\"\" title=\"DK\" data-srcset=\"https:\/\/www.greenmobility.com\/dk\/wp-content\/uploads\/sites\/9\/2023\/11\/DK-880x1024.png 880w, https:\/\/www.greenmobility.com\/dk\/wp-content\/uploads\/sites\/9\/2023\/11\/DK-258x300.png 258w, https:\/\/www.greenmobility.com\/dk\/wp-content\/uploads\/sites\/9\/2023\/11\/DK-768x894.png 768w, https:\/\/www.greenmobility.com\/dk\/wp-content\/uploads\/sites\/9\/2023\/11\/DK-43x50.png 43w, https:\/\/www.greenmobility.com\/dk\/wp-content\/uploads\/sites\/9\/2023\/11\/DK-1320x1536.png 1320w, https:\/\/www.greenmobility.com\/dk\/wp-content\/uploads\/sites\/9\/2023\/11\/DK-1760x2048.png 1760w, https:\/\/www.greenmobility.com\/dk\/wp-content\/uploads\/sites\/9\/2023\/11\/DK-960x1117.png 960w, https:\/\/www.greenmobility.com\/dk\/wp-content\/uploads\/sites\/9\/2023\/11\/DK.png 1980w\" data-sizes=\"(max-width: 880px) 100vw, 880px\" src=\"data:image\/svg+xml;base64,PHN2ZyB3aWR0aD0iMSIgaGVpZ2h0PSIxIiB4bWxucz0iaHR0cDovL3d3dy53My5vcmcvMjAwMC9zdmciPjwvc3ZnPg==\" style=\"--smush-placeholder-width: 880px; --smush-placeholder-aspect-ratio: 880\/1024;\" \/>\r\n\t\t\t\t<figcaption class=\"vc_figure-caption\"><\/figcaption>\r\n\t\t\t<\/figure>\r\n\t\t<\/div>[\/vc_column][vc_column align=&#8221;center&#8221; width=&#8221;1\/2&#8243;][vc_empty_space height=&#8221;80px&#8221;][vc_column_text]<\/p>\n<h4>Ikke bruger endnu?<\/h4>\n<p>Tilmeld dig gratis<\/p>\n<p>[\/vc_column_text][vc_empty_space height=&#8221;20px&#8221;]<div class=\" call-to-action call-to-action-style-1\"><div class=\"call-to-action-description\"><\/div><div class=\"call-to-action-button\"><a class=\"btn btn-alt btn-default \" target=\"_blank\" href=\"https:\/\/app.adjust.com\/166l9bdb\" style=\"margin-top: 10px; margin-bottom: 10px; \"> Download appen<\/a><\/div><\/div>[vc_empty_space height=&#8221;20px&#8221;][vc_column_text]<\/p>\n<p><a href=\"https:\/\/apps.apple.com\/app\/id1487639988?mt=8\"><img decoding=\"async\" class=\"alignnone wp-image-1671 size-full lazyload\" data-src=\"https:\/\/greenmobility.com\/dk\/wp-content\/uploads\/sites\/9\/2020\/02\/icon-appstore-e1581435958316.png\" alt=\"\" width=\"80\" height=\"24\" src=\"data:image\/svg+xml;base64,PHN2ZyB3aWR0aD0iMSIgaGVpZ2h0PSIxIiB4bWxucz0iaHR0cDovL3d3dy53My5vcmcvMjAwMC9zdmciPjwvc3ZnPg==\" style=\"--smush-placeholder-width: 80px; --smush-placeholder-aspect-ratio: 80\/24;\" \/><\/a>\u00a0 \u00a0<a href=\"https:\/\/play.google.com\/store\/apps\/details?id=com.greenmobility.app\"><img decoding=\"async\" class=\"alignnone wp-image-1672 size-full lazyload\" data-src=\"https:\/\/greenmobility.com\/dk\/wp-content\/uploads\/sites\/9\/2020\/02\/icon-googleplay-e1581435939298.png\" alt=\"\" width=\"80\" height=\"24\" src=\"data:image\/svg+xml;base64,PHN2ZyB3aWR0aD0iMSIgaGVpZ2h0PSIxIiB4bWxucz0iaHR0cDovL3d3dy53My5vcmcvMjAwMC9zdmciPjwvc3ZnPg==\" style=\"--smush-placeholder-width: 80px; --smush-placeholder-aspect-ratio: 80\/24;\" \/><\/a><\/p>\n<p>[\/vc_column_text][vc_empty_space height=&#8221;20px&#8221;][vc_column_text]Opret en bruger med dit k\u00f8rekort og kreditkort og bliv godkendt i l\u00f8bet af kort tid. Julebilerne venter p\u00e5 dig i appen![\/vc_column_text][\/vc_column][\/vc_row][vc_row][vc_column][vc_empty_space height=&#8221;70px&#8221; height_mobile=&#8221;40px&#8221;][\/vc_column][\/vc_row][vc_row][vc_column width=&#8221;1\/2&#8243; margin_right=&#8221;5%&#8221;][vc_empty_space height=&#8221;60px&#8221;]<div class=\" agni-section-heading text-left ihda\" ><h2 class=\"section-heading-text \" style=\"font-size:24px;\"><span>Konkurrencevilk\u00e5r<\/span><\/h2><div class=\"section-divide-line divide-line text-left\"><span style=\"width:90px; height:1px; background-color:#3ea635\"><\/span><\/div><\/div>[vc_column_text]Konkurrencen l\u00f8ber fra den 14. november 2025 til den 31. december 2025. Du skal v\u00e6re GreenMobility-bruger og mindst 18 \u00e5r for at deltage. Julebilerne kan ikke forudbestilles eller leveres.[\/vc_column_text]<div class=\" call-to-action call-to-action-style-1\"><div class=\"call-to-action-description\"><\/div><div class=\"call-to-action-button\"><a class=\"btn btn-alt btn-default \" target=\"_blank\" href=\"https:\/\/www.greenmobility.com\/dk\/da\/konkurrencebetingelser\/\" style=\"margin-top: 10px; \"> Se konkurrencevilk\u00e5r<\/a><\/div><\/div>[\/vc_column][vc_column align=&#8221;right&#8221; width=&#8221;1\/2&#8243;][vc_empty_space height=&#8221;40px&#8221;]<div class=\" agni-image custom-image-container text-center\">\r\n\t\t\t<figure class=\"agni-image-figure\">\r\n\t\t\t\t<img decoding=\"async\" width=\"295\" height=\"300\" data-src=\"https:\/\/www.greenmobility.com\/dk\/wp-content\/uploads\/sites\/9\/2023\/11\/Heart2-Medium-295x300.png\" class=\"fullwidth-image attachment-medium  attachment-medium lazyload\" alt=\"\" title=\"Heart2 Medium\" data-srcset=\"https:\/\/www.greenmobility.com\/dk\/wp-content\/uploads\/sites\/9\/2023\/11\/Heart2-Medium-295x300.png 295w, https:\/\/www.greenmobility.com\/dk\/wp-content\/uploads\/sites\/9\/2023\/11\/Heart2-Medium-50x50.png 50w, https:\/\/www.greenmobility.com\/dk\/wp-content\/uploads\/sites\/9\/2023\/11\/Heart2-Medium-49x50.png 49w, https:\/\/www.greenmobility.com\/dk\/wp-content\/uploads\/sites\/9\/2023\/11\/Heart2-Medium.png 629w\" data-sizes=\"(max-width: 295px) 100vw, 295px\" src=\"data:image\/svg+xml;base64,PHN2ZyB3aWR0aD0iMSIgaGVpZ2h0PSIxIiB4bWxucz0iaHR0cDovL3d3dy53My5vcmcvMjAwMC9zdmciPjwvc3ZnPg==\" style=\"--smush-placeholder-width: 295px; --smush-placeholder-aspect-ratio: 295\/300;\" \/>\r\n\t\t\t\t<figcaption class=\"vc_figure-caption\"><\/figcaption>\r\n\t\t\t<\/figure>\r\n\t\t<\/div>[vc_empty_space height=&#8221;40px&#8221;][\/vc_column][\/vc_row][vc_row][vc_column][vc_empty_space height=&#8221;150px&#8221; height_mobile=&#8221;10px&#8221;][\/vc_column][\/vc_row]<\/p>\n<\/div>","protected":false},"excerpt":{"rendered":"<p>[vc_row padding_top=&#8221;3.5%&#8221; padding_bottom=&#8221;3%&#8221; border_top=&#8221;1&#8243; border_color=&#8221;#dddddd&#8221; border_style=&#8221;solid&#8221; el_class=&#8221;our-approach&#8221;][vc_column][vc_empty_space height=&#8221;50px&#8221;][\/vc_column][vc_column width=&#8221;1\/2&#8243;][vc_empty_space height=&#8221;50px&#8221;][vc_column_text] Hos GreenMobility elsker vi juletiden. Derfor lyser vi gaderne op med en r\u00e6kke fine julebiler. Hver gang du k\u00f8rer en tur i en af julebilerne indtil d. 31. december 2025, \u00f8ger du din chance for at vinde 7 d\u00f8gns billeje til en v\u00e6rdi \u00e0 2.995 [&hellip;]<\/p>\n","protected":false},"author":36,"featured_media":0,"parent":0,"menu_order":0,"comment_status":"closed","ping_status":"closed","template":"","meta":{"om_disable_all_campaigns":false,"footnotes":"","_links_to":"","_links_to_target":""},"class_list":["post-5735","page","type-page","status-publish","hentry"],"yoast_head":"<!-- This site is optimized with the Yoast SEO plugin v26.7 - https:\/\/yoast.com\/wordpress\/plugins\/seo\/ -->\n<title>Julekonkurrence 2025 - GreenMobility Denmark<\/title>\n<meta name=\"robots\" content=\"index, follow, max-snippet:-1, max-image-preview:large, max-video-preview:-1\" \/>\n<link rel=\"canonical\" href=\"https:\/\/www.greenmobility.com\/dk\/da\/julekonkurrence-2025\/\" \/>\n<meta property=\"og:locale\" content=\"da_DK\" \/>\n<meta property=\"og:type\" content=\"article\" \/>\n<meta property=\"og:title\" content=\"Julekonkurrence 2025 - GreenMobility Denmark\" \/>\n<meta property=\"og:description\" content=\"[vc_row padding_top=&#8221;3.5%&#8221; padding_bottom=&#8221;3%&#8221; border_top=&#8221;1&#8243; border_color=&#8221;#dddddd&#8221; border_style=&#8221;solid&#8221; el_class=&#8221;our-approach&#8221;][vc_column][vc_empty_space height=&#8221;50px&#8221;][\/vc_column][vc_column width=&#8221;1\/2&#8243;][vc_empty_space height=&#8221;50px&#8221;][vc_column_text] Hos GreenMobility elsker vi juletiden. Derfor lyser vi gaderne op med en r\u00e6kke fine julebiler. Hver gang du k\u00f8rer en tur i en af julebilerne indtil d. 31. december 2025, \u00f8ger du din chance for at vinde 7 d\u00f8gns billeje til en v\u00e6rdi \u00e0 2.995 [&hellip;]\" \/>\n<meta property=\"og:url\" content=\"https:\/\/www.greenmobility.com\/dk\/da\/julekonkurrence-2025\/\" \/>\n<meta property=\"og:site_name\" content=\"GreenMobility Denmark\" \/>\n<meta property=\"article:modified_time\" content=\"2025-11-10T08:11:42+00:00\" \/>\n<meta property=\"og:image\" content=\"https:\/\/greenmobility.com\/dk\/wp-content\/uploads\/sites\/9\/2020\/02\/icon-appstore-e1581435958316.png\" \/>\n<meta name=\"twitter:card\" content=\"summary_large_image\" \/>\n<meta name=\"twitter:label1\" content=\"Estimeret l\u00e6setid\" \/>\n\t<meta name=\"twitter:data1\" content=\"4 minutter\" \/>\n<script type=\"application\/ld+json\" class=\"yoast-schema-graph\">{\"@context\":\"https:\/\/schema.org\",\"@graph\":[{\"@type\":\"WebPage\",\"@id\":\"https:\/\/www.greenmobility.com\/dk\/da\/julekonkurrence-2025\/\",\"url\":\"https:\/\/www.greenmobility.com\/dk\/da\/julekonkurrence-2025\/\",\"name\":\"Julekonkurrence 2025 - GreenMobility Denmark\",\"isPartOf\":{\"@id\":\"https:\/\/www.greenmobility.com\/dk\/da\/#website\"},\"primaryImageOfPage\":{\"@id\":\"https:\/\/www.greenmobility.com\/dk\/da\/julekonkurrence-2025\/#primaryimage\"},\"image\":{\"@id\":\"https:\/\/www.greenmobility.com\/dk\/da\/julekonkurrence-2025\/#primaryimage\"},\"thumbnailUrl\":\"https:\/\/greenmobility.com\/dk\/wp-content\/uploads\/sites\/9\/2020\/02\/icon-appstore-e1581435958316.png\",\"datePublished\":\"2023-10-24T08:51:22+00:00\",\"dateModified\":\"2025-11-10T08:11:42+00:00\",\"breadcrumb\":{\"@id\":\"https:\/\/www.greenmobility.com\/dk\/da\/julekonkurrence-2025\/#breadcrumb\"},\"inLanguage\":\"da-DK\",\"potentialAction\":[{\"@type\":\"ReadAction\",\"target\":[\"https:\/\/www.greenmobility.com\/dk\/da\/julekonkurrence-2025\/\"]}]},{\"@type\":\"ImageObject\",\"inLanguage\":\"da-DK\",\"@id\":\"https:\/\/www.greenmobility.com\/dk\/da\/julekonkurrence-2025\/#primaryimage\",\"url\":\"https:\/\/greenmobility.com\/dk\/wp-content\/uploads\/sites\/9\/2020\/02\/icon-appstore-e1581435958316.png\",\"contentUrl\":\"https:\/\/greenmobility.com\/dk\/wp-content\/uploads\/sites\/9\/2020\/02\/icon-appstore-e1581435958316.png\"},{\"@type\":\"BreadcrumbList\",\"@id\":\"https:\/\/www.greenmobility.com\/dk\/da\/julekonkurrence-2025\/#breadcrumb\",\"itemListElement\":[{\"@type\":\"ListItem\",\"position\":1,\"name\":\"Home\",\"item\":\"https:\/\/www.greenmobility.com\/dk\/da\/\"},{\"@type\":\"ListItem\",\"position\":2,\"name\":\"Julekonkurrence 2025\"}]},{\"@type\":\"WebSite\",\"@id\":\"https:\/\/www.greenmobility.com\/dk\/da\/#website\",\"url\":\"https:\/\/www.greenmobility.com\/dk\/da\/\",\"name\":\"GreenMobility Denmark\",\"description\":\"\",\"publisher\":{\"@id\":\"https:\/\/www.greenmobility.com\/dk\/da\/#organization\"},\"potentialAction\":[{\"@type\":\"SearchAction\",\"target\":{\"@type\":\"EntryPoint\",\"urlTemplate\":\"https:\/\/www.greenmobility.com\/dk\/da\/?s={search_term_string}\"},\"query-input\":{\"@type\":\"PropertyValueSpecification\",\"valueRequired\":true,\"valueName\":\"search_term_string\"}}],\"inLanguage\":\"da-DK\"},{\"@type\":\"Organization\",\"@id\":\"https:\/\/www.greenmobility.com\/dk\/da\/#organization\",\"name\":\"GreenMobility\",\"url\":\"https:\/\/www.greenmobility.com\/dk\/da\/\",\"logo\":{\"@type\":\"ImageObject\",\"inLanguage\":\"da-DK\",\"@id\":\"https:\/\/www.greenmobility.com\/dk\/da\/#\/schema\/logo\/image\/\",\"url\":\"https:\/\/www.greenmobility.com\/dk\/wp-content\/uploads\/sites\/9\/2021\/06\/logo-EM-DK.png\",\"contentUrl\":\"https:\/\/www.greenmobility.com\/dk\/wp-content\/uploads\/sites\/9\/2021\/06\/logo-EM-DK.png\",\"width\":3125,\"height\":788,\"caption\":\"GreenMobility\"},\"image\":{\"@id\":\"https:\/\/www.greenmobility.com\/dk\/da\/#\/schema\/logo\/image\/\"}}]}<\/script>\n<!-- \/ Yoast SEO plugin. -->","yoast_head_json":{"title":"Julekonkurrence 2025 - GreenMobility Denmark","robots":{"index":"index","follow":"follow","max-snippet":"max-snippet:-1","max-image-preview":"max-image-preview:large","max-video-preview":"max-video-preview:-1"},"canonical":"https:\/\/www.greenmobility.com\/dk\/da\/julekonkurrence-2025\/","og_locale":"da_DK","og_type":"article","og_title":"Julekonkurrence 2025 - GreenMobility Denmark","og_description":"[vc_row padding_top=&#8221;3.5%&#8221; padding_bottom=&#8221;3%&#8221; border_top=&#8221;1&#8243; border_color=&#8221;#dddddd&#8221; border_style=&#8221;solid&#8221; el_class=&#8221;our-approach&#8221;][vc_column][vc_empty_space height=&#8221;50px&#8221;][\/vc_column][vc_column width=&#8221;1\/2&#8243;][vc_empty_space height=&#8221;50px&#8221;][vc_column_text] Hos GreenMobility elsker vi juletiden. Derfor lyser vi gaderne op med en r\u00e6kke fine julebiler. Hver gang du k\u00f8rer en tur i en af julebilerne indtil d. 31. december 2025, \u00f8ger du din chance for at vinde 7 d\u00f8gns billeje til en v\u00e6rdi \u00e0 2.995 [&hellip;]","og_url":"https:\/\/www.greenmobility.com\/dk\/da\/julekonkurrence-2025\/","og_site_name":"GreenMobility Denmark","article_modified_time":"2025-11-10T08:11:42+00:00","og_image":[{"url":"https:\/\/greenmobility.com\/dk\/wp-content\/uploads\/sites\/9\/2020\/02\/icon-appstore-e1581435958316.png","type":"","width":"","height":""}],"twitter_card":"summary_large_image","twitter_misc":{"Estimeret l\u00e6setid":"4 minutter"},"schema":{"@context":"https:\/\/schema.org","@graph":[{"@type":"WebPage","@id":"https:\/\/www.greenmobility.com\/dk\/da\/julekonkurrence-2025\/","url":"https:\/\/www.greenmobility.com\/dk\/da\/julekonkurrence-2025\/","name":"Julekonkurrence 2025 - GreenMobility Denmark","isPartOf":{"@id":"https:\/\/www.greenmobility.com\/dk\/da\/#website"},"primaryImageOfPage":{"@id":"https:\/\/www.greenmobility.com\/dk\/da\/julekonkurrence-2025\/#primaryimage"},"image":{"@id":"https:\/\/www.greenmobility.com\/dk\/da\/julekonkurrence-2025\/#primaryimage"},"thumbnailUrl":"https:\/\/greenmobility.com\/dk\/wp-content\/uploads\/sites\/9\/2020\/02\/icon-appstore-e1581435958316.png","datePublished":"2023-10-24T08:51:22+00:00","dateModified":"2025-11-10T08:11:42+00:00","breadcrumb":{"@id":"https:\/\/www.greenmobility.com\/dk\/da\/julekonkurrence-2025\/#breadcrumb"},"inLanguage":"da-DK","potentialAction":[{"@type":"ReadAction","target":["https:\/\/www.greenmobility.com\/dk\/da\/julekonkurrence-2025\/"]}]},{"@type":"ImageObject","inLanguage":"da-DK","@id":"https:\/\/www.greenmobility.com\/dk\/da\/julekonkurrence-2025\/#primaryimage","url":"https:\/\/greenmobility.com\/dk\/wp-content\/uploads\/sites\/9\/2020\/02\/icon-appstore-e1581435958316.png","contentUrl":"https:\/\/greenmobility.com\/dk\/wp-content\/uploads\/sites\/9\/2020\/02\/icon-appstore-e1581435958316.png"},{"@type":"BreadcrumbList","@id":"https:\/\/www.greenmobility.com\/dk\/da\/julekonkurrence-2025\/#breadcrumb","itemListElement":[{"@type":"ListItem","position":1,"name":"Home","item":"https:\/\/www.greenmobility.com\/dk\/da\/"},{"@type":"ListItem","position":2,"name":"Julekonkurrence 2025"}]},{"@type":"WebSite","@id":"https:\/\/www.greenmobility.com\/dk\/da\/#website","url":"https:\/\/www.greenmobility.com\/dk\/da\/","name":"GreenMobility Denmark","description":"","publisher":{"@id":"https:\/\/www.greenmobility.com\/dk\/da\/#organization"},"potentialAction":[{"@type":"SearchAction","target":{"@type":"EntryPoint","urlTemplate":"https:\/\/www.greenmobility.com\/dk\/da\/?s={search_term_string}"},"query-input":{"@type":"PropertyValueSpecification","valueRequired":true,"valueName":"search_term_string"}}],"inLanguage":"da-DK"},{"@type":"Organization","@id":"https:\/\/www.greenmobility.com\/dk\/da\/#organization","name":"GreenMobility","url":"https:\/\/www.greenmobility.com\/dk\/da\/","logo":{"@type":"ImageObject","inLanguage":"da-DK","@id":"https:\/\/www.greenmobility.com\/dk\/da\/#\/schema\/logo\/image\/","url":"https:\/\/www.greenmobility.com\/dk\/wp-content\/uploads\/sites\/9\/2021\/06\/logo-EM-DK.png","contentUrl":"https:\/\/www.greenmobility.com\/dk\/wp-content\/uploads\/sites\/9\/2021\/06\/logo-EM-DK.png","width":3125,"height":788,"caption":"GreenMobility"},"image":{"@id":"https:\/\/www.greenmobility.com\/dk\/da\/#\/schema\/logo\/image\/"}}]}},"_links":{"self":[{"href":"https:\/\/www.greenmobility.com\/dk\/da\/wp-json\/wp\/v2\/pages\/5735","targetHints":{"allow":["GET"]}}],"collection":[{"href":"https:\/\/www.greenmobility.com\/dk\/da\/wp-json\/wp\/v2\/pages"}],"about":[{"href":"https:\/\/www.greenmobility.com\/dk\/da\/wp-json\/wp\/v2\/types\/page"}],"author":[{"embeddable":true,"href":"https:\/\/www.greenmobility.com\/dk\/da\/wp-json\/wp\/v2\/users\/36"}],"replies":[{"embeddable":true,"href":"https:\/\/www.greenmobility.com\/dk\/da\/wp-json\/wp\/v2\/comments?post=5735"}],"version-history":[{"count":0,"href":"https:\/\/www.greenmobility.com\/dk\/da\/wp-json\/wp\/v2\/pages\/5735\/revisions"}],"wp:attachment":[{"href":"https:\/\/www.greenmobility.com\/dk\/da\/wp-json\/wp\/v2\/media?parent=5735"}],"curies":[{"name":"wp","href":"https:\/\/api.w.org\/{rel}","templated":true}]}}