{"id":5627,"date":"2023-05-24T09:07:04","date_gmt":"2023-05-24T08:07:04","guid":{"rendered":"https:\/\/www.greenmobility.com\/dk\/?page_id=5627"},"modified":"2025-08-18T08:21:39","modified_gmt":"2025-08-18T07:21:39","slug":"parkering-valby","status":"publish","type":"page","link":"https:\/\/www.greenmobility.com\/dk\/da\/hotspots\/parkering-valby\/","title":{"rendered":"Parkering Valby"},"content":{"rendered":"<div class=\"wpb-content-wrapper\"><p>[vc_row][vc_column][vc_empty_space]<div class=\" agni-section-heading text-left ihda\" ><h1 class=\"section-heading-text section-heading-text_responsive\" style=\"font-size:48px;\"><span>Parkering Valby<\/span><\/h1><div class=\"section-divide-line divide-line text-left\"><span style=\"width:90px; height:1px; background-color:#3ea635\"><\/span><\/div><\/div>[\/vc_column][\/vc_row][vc_row][vc_column][vc_column_text]<span style=\"font-weight: 400;\">Valby er en charmerende og hyggelig bydel i K\u00f8benhavn, der byder p\u00e5 gr\u00f8nne omr\u00e5der og kulturelle oplevelser. Med en GreenMobility-elbil kan du let udforske Valby og dens omgivelser uden at bekymre dig om parkeringsb\u00f8der og andre udfordringer, der f\u00f8lger med at eje en bil i byen.<\/span><\/p>\n<p><span style=\"font-weight: 400;\">Du kan leje en af vores elbiler p\u00e5 time- eller dagsbasis, s\u00e5 du nemt kan klare alle dine \u00e6rinder i Valby, uden at du skal bekymre dig om parkeringsomkostninger. Vi har gjort det nemt for dig som bruger at finde en parkeringsplads i Valby. Her p\u00e5 siden finder du alt den information, du kunne f\u00e5 brug for, n\u00e5r du skal parkere gratis i Valby.<\/span><\/p>\n<p><strong>Kig efter P ikonet i kanterne p\u00e5 kortet &#8211; zoom eventuelt ud for bedre overblik<\/strong><\/p>\n<p><iframe data-src=\"https:\/\/www.google.com\/maps\/d\/embed?mid=12WzNHZf0xaHLsxDwa0KlSgx5H8_sjEA&amp;ehbc=2E312F\" width=\"100%\" height=\"480\" src=\"data:image\/svg+xml;base64,PHN2ZyB3aWR0aD0iMSIgaGVpZ2h0PSIxIiB4bWxucz0iaHR0cDovL3d3dy53My5vcmcvMjAwMC9zdmciPjwvc3ZnPg==\" data-load-mode=\"1\"><span data-mce-type=\"bookmark\" style=\"display: inline-block; width: 0px; overflow: hidden; line-height: 0;\" class=\"mce_SELRES_start lazyload\">\ufeff<\/span><\/iframe><\/p>\n<p><span style=\"font-weight: 400;\">Er du ikke bruger endnu? <a href=\"https:\/\/www.greenmobility.com\/dk\/da\/saadan-virker-det\/\"><span style=\"color: #3ea635;\">Kom <\/span><\/a><\/span><span style=\"color: #3ea635;\"><span style=\"font-weight: 400;\">nemt i gang<\/span><\/span><span style=\"font-weight: 400;\"><span style=\"color: #3ea635;\"> med GreenMobility<\/span>!<\/span>[\/vc_column_text][\/vc_column][\/vc_row][vc_row][vc_column][vc_custom_heading divide_line=&#8221;yes&#8221; divide_line_color=&#8221;#3ea635&#8243; text=&#8221;GreenMobility Hotspot parkering i Valby&#8221; google_fonts=&#8221;font_family:Open%20Sans%3A300%2C300italic%2Cregular%2Citalic%2C600%2C600italic%2C700%2C700italic%2C800%2C800italic|font_style:400%20regular%3A400%3Anormal&#8221; responsive_font_size=&#8221;yes&#8221;][vc_column_text]<span style=\"font-weight: 400;\">GreenMobilitys zone i K\u00f8benhavn er sp\u00e6kket med parkeringsmuligheder i form af GreenMobility <\/span><span style=\"color: #3ea635;\"><a style=\"color: #3ea635;\" href=\"https:\/\/www.greenmobility.com\/dk\/da\/hotspots\/\"><span style=\"font-weight: 400;\">Hotspots<\/span><\/a><\/span><span style=\"font-weight: 400;\">, som er VIP-parkering for dig, der k\u00f8re gr\u00f8nt med GreenMobility.<\/span><\/p>\n<p><span style=\"font-weight: 400;\">N\u00e5r du skal parkere i Valby, har vi nogle forskellige Hotspots, hvor du kan parkere gratis \u2014 s\u00e5 l\u00e6nge du har lyst. N\u00e5r du skal parkere i Valby med GreenMobility, kan du nemt finde parkeringsmuligheder i n\u00e6rheden af Gr\u00f8nttorvet og Gl. K\u00f8ge Landevej, hvor du kan nyde godt af reserveret og gratis parkering.<\/span><\/p>\n<p><span style=\"font-weight: 400;\">Som regel kan du ogs\u00e5 finde en ledig bil p\u00e5 vores Hotspots, hvis du kommer g\u00e5ende eller er med anden transport, har du gode muligheder for at finde en elbil, du kan k\u00f8re videre i.<\/span><\/p>\n<p><span style=\"font-weight: 400;\">Hop ind i din GreenMobility-elbil og udforsk Valby p\u00e5 en gr\u00f8n og milj\u00f8venlig m\u00e5de uden at skulle bekymre dig om parkeringsomkostninger!<\/span>[\/vc_column_text][vc_empty_space height=&#8221;60px&#8221;][\/vc_column][\/vc_row][vc_row][vc_column][vc_custom_heading divide_line=&#8221;yes&#8221; divide_line_color=&#8221;#3ea635&#8243; text=&#8221;Gratis parkering i Valby&#8221; google_fonts=&#8221;font_family:Open%20Sans%3A300%2C300italic%2Cregular%2Citalic%2C600%2C600italic%2C700%2C700italic%2C800%2C800italic|font_style:400%20regular%3A400%3Anormal&#8221; responsive_font_size=&#8221;yes&#8221;][vc_column_text]<span style=\"font-weight: 400;\">Da du som bruger af GreenMobility hj\u00e6lper med at aflaste milj\u00f8et ved at k\u00f8re i en af vores elbiler, har du gratis parkering p\u00e5 de fleste offentlige p-pladser. Husk blot, at hvis der er tidsbegr\u00e6nsning p\u00e5 pladsen, skal der v\u00e6re mindst 2 timers parkering alle dage hele d\u00f8gnet, for at du m\u00e5 parkere der.<\/span><\/p>\n<p><span style=\"font-weight: 400;\">Med GreenMobility er du altid sikker p\u00e5 at f\u00e5 gratis parkering, og du slipper for at k\u00f8re byen tynd for at finde en ledig plads. Find appen frem og se alle vores Hotspots med reserverede pladser til dig som bruger af GreenMobility.<\/span>[\/vc_column_text][vc_empty_space height=&#8221;60px&#8221;][\/vc_column][\/vc_row][vc_row][vc_column][vc_custom_heading divide_line=&#8221;yes&#8221; divide_line_color=&#8221;#3ea635&#8243; text=&#8221;Adresser for GreenMobility Hotspots i Valby&#8221; google_fonts=&#8221;font_family:Open%20Sans%3A300%2C300italic%2Cregular%2Citalic%2C600%2C600italic%2C700%2C700italic%2C800%2C800italic|font_style:400%20regular%3A400%3Anormal&#8221; responsive_font_size=&#8221;yes&#8221;][vc_column_text]<span style=\"font-weight: 400;\">N\u00e5r turen skal g\u00e5 til Valby og omegn, har du nogle Hotspots at v\u00e6lge mellem. P\u00e5 Gr\u00f8nttorvet \u2014 K\u00f8benhavns gr\u00f8nneste bydel \u2014 m\u00e5 du parkere frit p\u00e5 alle omr\u00e5dets parkeringspladser, ogs\u00e5 p\u00e5 p-pladser med mindst 30 minuters parkering inden for omr\u00e5dekode 9550. Det giver en enorm stor frihed, n\u00e5r du skal bes\u00f8ge denne del af Valby.<\/span><\/p>\n<p><span style=\"font-weight: 400;\">Er du specifikt p\u00e5 udkig efter parkering ved Valby St., kan du trygt s\u00e6tte kurs mod vores Hotspot p\u00e5 Gl. K\u00f8ge Landevej, hvor du finder 4 parkeringspladser, der er reserveret til GreenMobility. Med parkering her er du ogs\u00e5 utrolig t\u00e6t p\u00e5 Vestre Kirkeg\u00e5rd og Carlsberg Byen, der begge er et bes\u00f8g v\u00e6rd.<\/span><\/p>\n<p><span style=\"font-weight: 400;\">P\u00e5 vores individuelle omr\u00e5desider finder du de specifikke adresser p\u00e5 vores parkeringspladser i hvert omr\u00e5de. Uanset hvilket omr\u00e5de du \u00f8nsker at udforske, kan du finde en gratis og reserveret parkeringsplads til din GreenMobility-elbil i n\u00e6rheden. Tag en tur til Valby med GreenMobility og lad parkering v\u00e6re din sidste bekymring!<\/span>[\/vc_column_text][vc_empty_space height=&#8221;60px&#8221;][\/vc_column][\/vc_row][vc_row][vc_column][vc_custom_heading divide_line=&#8221;yes&#8221; divide_line_color=&#8221;#3ea635&#8243; text=&#8221;Se vores Hotspot pladser i Valby&#8221; font_container=&#8221;tag:h3|text_align:left&#8221; google_fonts=&#8221;font_family:Open%20Sans%3A300%2C300italic%2Cregular%2Citalic%2C600%2C600italic%2C700%2C700italic%2C800%2C800italic|font_style:400%20regular%3A400%3Anormal&#8221; responsive_font_size=&#8221;yes&#8221;][vc_column_text]<\/p>\n<ul>\n<li style=\"font-weight: 400;\" aria-level=\"1\"><a href=\"https:\/\/www.greenmobility.com\/dk\/da\/hotspots\/parkering-gl-koege-landevej\/\"><span style=\"font-weight: 400;\">Gl. K\u00f8ge Landevej<\/span><\/a><\/li>\n<li style=\"font-weight: 400;\" aria-level=\"1\"><a href=\"https:\/\/www.greenmobility.com\/dk\/da\/hotspots\/parkering-groenttorvet\/\"><span style=\"font-weight: 400;\">Gr\u00f8nttorvet<\/span><\/a><\/li>\n<\/ul>\n<p>[\/vc_column_text][vc_empty_space height=&#8221;60px&#8221;][\/vc_column][\/vc_row]<\/p>\n<\/div>","protected":false},"excerpt":{"rendered":"<p>[vc_row][vc_column][vc_empty_space][\/vc_column][\/vc_row][vc_row][vc_column][vc_column_text]Valby er en charmerende og hyggelig bydel i K\u00f8benhavn, der byder p\u00e5 gr\u00f8nne omr\u00e5der og kulturelle oplevelser. Med en GreenMobility-elbil kan du let udforske Valby og dens omgivelser uden at bekymre dig om parkeringsb\u00f8der og andre udfordringer, der f\u00f8lger med at eje en bil i byen. Du kan leje en af vores elbiler p\u00e5 time- [&hellip;]<\/p>\n","protected":false},"author":38,"featured_media":0,"parent":1734,"menu_order":0,"comment_status":"closed","ping_status":"closed","template":"","meta":{"om_disable_all_campaigns":false,"footnotes":"","_links_to":"","_links_to_target":""},"class_list":["post-5627","page","type-page","status-publish","hentry"],"yoast_head":"<!-- This site is optimized with the Yoast SEO plugin v26.7 - https:\/\/yoast.com\/wordpress\/plugins\/seo\/ -->\n<title>GreenMobility Parkering i Valby | Gratis og Bekvem<\/title>\n<meta name=\"description\" content=\"Udforsk Valby med GreenMobility. Fri parkering p\u00e5 Hotspots ved Gr\u00f8nttorvet og Gl. K\u00f8ge Landevej. Oplev Valby p\u00e5 en gr\u00f8n og milj\u00f8venlig m\u00e5de.\" \/>\n<meta name=\"robots\" content=\"index, follow, max-snippet:-1, max-image-preview:large, max-video-preview:-1\" \/>\n<link rel=\"canonical\" href=\"https:\/\/www.greenmobility.com\/dk\/da\/hotspots\/parkering-valby\/\" \/>\n<meta property=\"og:locale\" content=\"da_DK\" \/>\n<meta property=\"og:type\" content=\"article\" \/>\n<meta property=\"og:title\" content=\"GreenMobility Parkering i Valby | Gratis og Bekvem\" \/>\n<meta property=\"og:description\" content=\"Udforsk Valby med GreenMobility. Fri parkering p\u00e5 Hotspots ved Gr\u00f8nttorvet og Gl. K\u00f8ge Landevej. Oplev Valby p\u00e5 en gr\u00f8n og milj\u00f8venlig m\u00e5de.\" \/>\n<meta property=\"og:url\" content=\"https:\/\/www.greenmobility.com\/dk\/da\/hotspots\/parkering-valby\/\" \/>\n<meta property=\"og:site_name\" content=\"GreenMobility Denmark\" \/>\n<meta property=\"article:modified_time\" content=\"2025-08-18T07:21:39+00:00\" \/>\n<meta name=\"twitter:card\" content=\"summary_large_image\" \/>\n<meta name=\"twitter:label1\" content=\"Estimeret l\u00e6setid\" \/>\n\t<meta name=\"twitter:data1\" content=\"3 minutter\" \/>\n<script type=\"application\/ld+json\" class=\"yoast-schema-graph\">{\"@context\":\"https:\/\/schema.org\",\"@graph\":[{\"@type\":\"WebPage\",\"@id\":\"https:\/\/www.greenmobility.com\/dk\/da\/hotspots\/parkering-valby\/\",\"url\":\"https:\/\/www.greenmobility.com\/dk\/da\/hotspots\/parkering-valby\/\",\"name\":\"GreenMobility Parkering i Valby | Gratis og Bekvem\",\"isPartOf\":{\"@id\":\"https:\/\/www.greenmobility.com\/dk\/da\/#website\"},\"datePublished\":\"2023-05-24T08:07:04+00:00\",\"dateModified\":\"2025-08-18T07:21:39+00:00\",\"description\":\"Udforsk Valby med GreenMobility. Fri parkering p\u00e5 Hotspots ved Gr\u00f8nttorvet og Gl. K\u00f8ge Landevej. Oplev Valby p\u00e5 en gr\u00f8n og milj\u00f8venlig m\u00e5de.\",\"breadcrumb\":{\"@id\":\"https:\/\/www.greenmobility.com\/dk\/da\/hotspots\/parkering-valby\/#breadcrumb\"},\"inLanguage\":\"da-DK\",\"potentialAction\":[{\"@type\":\"ReadAction\",\"target\":[\"https:\/\/www.greenmobility.com\/dk\/da\/hotspots\/parkering-valby\/\"]}]},{\"@type\":\"BreadcrumbList\",\"@id\":\"https:\/\/www.greenmobility.com\/dk\/da\/hotspots\/parkering-valby\/#breadcrumb\",\"itemListElement\":[{\"@type\":\"ListItem\",\"position\":1,\"name\":\"Home\",\"item\":\"https:\/\/www.greenmobility.com\/dk\/da\/\"},{\"@type\":\"ListItem\",\"position\":2,\"name\":\"Hotspots\",\"item\":\"https:\/\/www.greenmobility.com\/dk\/da\/hotspots\/\"},{\"@type\":\"ListItem\",\"position\":3,\"name\":\"Parkering Valby\"}]},{\"@type\":\"WebSite\",\"@id\":\"https:\/\/www.greenmobility.com\/dk\/da\/#website\",\"url\":\"https:\/\/www.greenmobility.com\/dk\/da\/\",\"name\":\"GreenMobility Denmark\",\"description\":\"\",\"publisher\":{\"@id\":\"https:\/\/www.greenmobility.com\/dk\/da\/#organization\"},\"potentialAction\":[{\"@type\":\"SearchAction\",\"target\":{\"@type\":\"EntryPoint\",\"urlTemplate\":\"https:\/\/www.greenmobility.com\/dk\/da\/?s={search_term_string}\"},\"query-input\":{\"@type\":\"PropertyValueSpecification\",\"valueRequired\":true,\"valueName\":\"search_term_string\"}}],\"inLanguage\":\"da-DK\"},{\"@type\":\"Organization\",\"@id\":\"https:\/\/www.greenmobility.com\/dk\/da\/#organization\",\"name\":\"GreenMobility\",\"url\":\"https:\/\/www.greenmobility.com\/dk\/da\/\",\"logo\":{\"@type\":\"ImageObject\",\"inLanguage\":\"da-DK\",\"@id\":\"https:\/\/www.greenmobility.com\/dk\/da\/#\/schema\/logo\/image\/\",\"url\":\"https:\/\/www.greenmobility.com\/dk\/wp-content\/uploads\/sites\/9\/2021\/06\/logo-EM-DK.png\",\"contentUrl\":\"https:\/\/www.greenmobility.com\/dk\/wp-content\/uploads\/sites\/9\/2021\/06\/logo-EM-DK.png\",\"width\":3125,\"height\":788,\"caption\":\"GreenMobility\"},\"image\":{\"@id\":\"https:\/\/www.greenmobility.com\/dk\/da\/#\/schema\/logo\/image\/\"}}]}<\/script>\n<!-- \/ Yoast SEO plugin. -->","yoast_head_json":{"title":"GreenMobility Parkering i Valby | Gratis og Bekvem","description":"Udforsk Valby med GreenMobility. Fri parkering p\u00e5 Hotspots ved Gr\u00f8nttorvet og Gl. K\u00f8ge Landevej. Oplev Valby p\u00e5 en gr\u00f8n og milj\u00f8venlig m\u00e5de.","robots":{"index":"index","follow":"follow","max-snippet":"max-snippet:-1","max-image-preview":"max-image-preview:large","max-video-preview":"max-video-preview:-1"},"canonical":"https:\/\/www.greenmobility.com\/dk\/da\/hotspots\/parkering-valby\/","og_locale":"da_DK","og_type":"article","og_title":"GreenMobility Parkering i Valby | Gratis og Bekvem","og_description":"Udforsk Valby med GreenMobility. Fri parkering p\u00e5 Hotspots ved Gr\u00f8nttorvet og Gl. K\u00f8ge Landevej. Oplev Valby p\u00e5 en gr\u00f8n og milj\u00f8venlig m\u00e5de.","og_url":"https:\/\/www.greenmobility.com\/dk\/da\/hotspots\/parkering-valby\/","og_site_name":"GreenMobility Denmark","article_modified_time":"2025-08-18T07:21:39+00:00","twitter_card":"summary_large_image","twitter_misc":{"Estimeret l\u00e6setid":"3 minutter"},"schema":{"@context":"https:\/\/schema.org","@graph":[{"@type":"WebPage","@id":"https:\/\/www.greenmobility.com\/dk\/da\/hotspots\/parkering-valby\/","url":"https:\/\/www.greenmobility.com\/dk\/da\/hotspots\/parkering-valby\/","name":"GreenMobility Parkering i Valby | Gratis og Bekvem","isPartOf":{"@id":"https:\/\/www.greenmobility.com\/dk\/da\/#website"},"datePublished":"2023-05-24T08:07:04+00:00","dateModified":"2025-08-18T07:21:39+00:00","description":"Udforsk Valby med GreenMobility. Fri parkering p\u00e5 Hotspots ved Gr\u00f8nttorvet og Gl. K\u00f8ge Landevej. Oplev Valby p\u00e5 en gr\u00f8n og milj\u00f8venlig m\u00e5de.","breadcrumb":{"@id":"https:\/\/www.greenmobility.com\/dk\/da\/hotspots\/parkering-valby\/#breadcrumb"},"inLanguage":"da-DK","potentialAction":[{"@type":"ReadAction","target":["https:\/\/www.greenmobility.com\/dk\/da\/hotspots\/parkering-valby\/"]}]},{"@type":"BreadcrumbList","@id":"https:\/\/www.greenmobility.com\/dk\/da\/hotspots\/parkering-valby\/#breadcrumb","itemListElement":[{"@type":"ListItem","position":1,"name":"Home","item":"https:\/\/www.greenmobility.com\/dk\/da\/"},{"@type":"ListItem","position":2,"name":"Hotspots","item":"https:\/\/www.greenmobility.com\/dk\/da\/hotspots\/"},{"@type":"ListItem","position":3,"name":"Parkering Valby"}]},{"@type":"WebSite","@id":"https:\/\/www.greenmobility.com\/dk\/da\/#website","url":"https:\/\/www.greenmobility.com\/dk\/da\/","name":"GreenMobility Denmark","description":"","publisher":{"@id":"https:\/\/www.greenmobility.com\/dk\/da\/#organization"},"potentialAction":[{"@type":"SearchAction","target":{"@type":"EntryPoint","urlTemplate":"https:\/\/www.greenmobility.com\/dk\/da\/?s={search_term_string}"},"query-input":{"@type":"PropertyValueSpecification","valueRequired":true,"valueName":"search_term_string"}}],"inLanguage":"da-DK"},{"@type":"Organization","@id":"https:\/\/www.greenmobility.com\/dk\/da\/#organization","name":"GreenMobility","url":"https:\/\/www.greenmobility.com\/dk\/da\/","logo":{"@type":"ImageObject","inLanguage":"da-DK","@id":"https:\/\/www.greenmobility.com\/dk\/da\/#\/schema\/logo\/image\/","url":"https:\/\/www.greenmobility.com\/dk\/wp-content\/uploads\/sites\/9\/2021\/06\/logo-EM-DK.png","contentUrl":"https:\/\/www.greenmobility.com\/dk\/wp-content\/uploads\/sites\/9\/2021\/06\/logo-EM-DK.png","width":3125,"height":788,"caption":"GreenMobility"},"image":{"@id":"https:\/\/www.greenmobility.com\/dk\/da\/#\/schema\/logo\/image\/"}}]}},"_links":{"self":[{"href":"https:\/\/www.greenmobility.com\/dk\/da\/wp-json\/wp\/v2\/pages\/5627","targetHints":{"allow":["GET"]}}],"collection":[{"href":"https:\/\/www.greenmobility.com\/dk\/da\/wp-json\/wp\/v2\/pages"}],"about":[{"href":"https:\/\/www.greenmobility.com\/dk\/da\/wp-json\/wp\/v2\/types\/page"}],"author":[{"embeddable":true,"href":"https:\/\/www.greenmobility.com\/dk\/da\/wp-json\/wp\/v2\/users\/38"}],"replies":[{"embeddable":true,"href":"https:\/\/www.greenmobility.com\/dk\/da\/wp-json\/wp\/v2\/comments?post=5627"}],"version-history":[{"count":0,"href":"https:\/\/www.greenmobility.com\/dk\/da\/wp-json\/wp\/v2\/pages\/5627\/revisions"}],"up":[{"embeddable":true,"href":"https:\/\/www.greenmobility.com\/dk\/da\/wp-json\/wp\/v2\/pages\/1734"}],"wp:attachment":[{"href":"https:\/\/www.greenmobility.com\/dk\/da\/wp-json\/wp\/v2\/media?parent=5627"}],"curies":[{"name":"wp","href":"https:\/\/api.w.org\/{rel}","templated":true}]}}