{"id":5625,"date":"2023-05-24T08:50:39","date_gmt":"2023-05-24T07:50:39","guid":{"rendered":"https:\/\/www.greenmobility.com\/dk\/?page_id=5625"},"modified":"2025-08-18T07:56:25","modified_gmt":"2025-08-18T06:56:25","slug":"parkering-gl-koege-landevej","status":"publish","type":"page","link":"https:\/\/www.greenmobility.com\/dk\/da\/hotspots\/parkering-gl-koege-landevej\/","title":{"rendered":"Parkering Gl. K\u00f8ge Landevej"},"content":{"rendered":"<div class=\"wpb-content-wrapper\"><p>[vc_row][vc_column][vc_empty_space]<div class=\" agni-section-heading text-left ihda\" ><h1 class=\"section-heading-text section-heading-text_responsive\" style=\"font-size:48px;\"><span>Parkering Gl. K\u00f8ge Landevej<\/span><\/h1><div class=\"section-divide-line divide-line text-left\"><span style=\"width:90px; height:1px; background-color:#3ea635\"><\/span><\/div><\/div>[\/vc_column][\/vc_row][vc_row][vc_column][vc_column_text]<span style=\"font-weight: 400;\">I Valby finder du en central parkeringsplads p\u00e5 Gl. K\u00f8ge Landevej 39, der er ideel for GreenMobility-brugere, der \u00f8nsker sig en hyggelig dag i Valby. Beliggende t\u00e6t p\u00e5 Valby Station og den hyggelige Vigerslev Park, giver de reserverede parkeringspladser dig frihed til at nyde alt, hvad Valby har at byde p\u00e5, uden at du skal bekymre dig om parkering.<\/span><\/p>\n<p><strong>Kig efter P ikonet midt p\u00e5 kortet<\/strong><br \/>\n<iframe data-src=\"https:\/\/www.google.com\/maps\/d\/embed?mid=1ia6xshAVjGmr5zRqmUOfeZYOSnWTx5s&amp;ehbc=2E312F\" width=\"100%\" height=\"480\" src=\"data:image\/svg+xml;base64,PHN2ZyB3aWR0aD0iMSIgaGVpZ2h0PSIxIiB4bWxucz0iaHR0cDovL3d3dy53My5vcmcvMjAwMC9zdmciPjwvc3ZnPg==\" class=\"lazyload\" data-load-mode=\"1\"><\/iframe><\/p>\n<p><span style=\"font-weight: 400;\">Med vores fleksible time- eller dagsbaserede leje kan du tage en afslappende tur i Valbyparken eller tage en tur til Valby Kulturhus for at nyde en film eller koncert. Lige meget hvad dit \u00e6rinde er, g\u00f8r GreenMobility det s\u00e5 nemt, som det kan v\u00e6re!\u00a0<\/span><\/p>\n<p><span style=\"font-weight: 400;\">Er du ikke bruger endnu? <a href=\"https:\/\/www.greenmobility.com\/dk\/da\/saadan-virker-det\/\"><span style=\"color: #3ea635;\">Kom <\/span><\/a><\/span><span style=\"color: #3ea635;\"><span style=\"font-weight: 400;\">nemt i gang<\/span><\/span><span style=\"font-weight: 400;\"><span style=\"color: #3ea635;\"> med GreenMobility<\/span> og oplev den frihed og b\u00e6redygtighed, der f\u00f8lger med at k\u00f8re gr\u00f8nt i byen.<\/span>[\/vc_column_text][\/vc_column][\/vc_row][vc_row][vc_column][vc_custom_heading divide_line=&#8221;yes&#8221; divide_line_color=&#8221;#3ea635&#8243; text=&#8221;GreenMobility Hotspot parkering p\u00e5 Gl. K\u00f8ge Landevej&#8221; google_fonts=&#8221;font_family:Open%20Sans%3A300%2C300italic%2Cregular%2Citalic%2C600%2C600italic%2C700%2C700italic%2C800%2C800italic|font_style:400%20regular%3A400%3Anormal&#8221; responsive_font_size=&#8221;yes&#8221;][vc_column_text]<span style=\"font-weight: 400;\">Et af vores <\/span><span style=\"color: #3ea635;\"><a style=\"color: #3ea635;\" href=\"https:\/\/www.greenmobility.com\/dk\/da\/hotspots\/\"><span style=\"font-weight: 400;\">Hotspots<\/span><\/a><\/span><span style=\"font-weight: 400;\"> i Valby er placeret p\u00e5 Gl. K\u00f8ge Landevej, hvor du finder 4 pladser, der er reserveret til alle GreenMobilty-brugere. Husk at s\u00e6tte bilen til opladning, n\u00e5r du parkerer her. Med let adgang til det n\u00e6rliggende S\u00f8ndermarken og Carlsberg Byen er parkering p\u00e5 Gl. K\u00f8ge Landevej et oplagt sted at parkere, n\u00e5r turen skal g\u00e5 til Valby.<\/span><\/p>\n<p><span style=\"font-weight: 400;\">Vores parkeringspladser p\u00e5 Gl. K\u00f8ge Landevej giver dig frihed til at tage p\u00e5 en sp\u00e6ndende udflugt i Valby, uden at parkering beh\u00f8ver v\u00e6re et problem. Befinder du dig i Valby og har brug for en bil til at komme videre rundt i byen, kan du altid l\u00e6gge vejen forbi Gl. K\u00f8ge Landevej eller bruge GreenMobility-appen til at hj\u00e6lpe dig videre.<\/span>[\/vc_column_text][vc_empty_space height=&#8221;60px&#8221;][\/vc_column][\/vc_row][vc_row][vc_column][vc_custom_heading divide_line=&#8221;yes&#8221; divide_line_color=&#8221;#3ea635&#8243; text=&#8221;Parkeringstid p\u00e5 Gl. K\u00f8ge Landevej&#8221; google_fonts=&#8221;font_family:Open%20Sans%3A300%2C300italic%2Cregular%2Citalic%2C600%2C600italic%2C700%2C700italic%2C800%2C800italic|font_style:400%20regular%3A400%3Anormal&#8221; responsive_font_size=&#8221;yes&#8221;][vc_column_text]<span style=\"font-weight: 400;\">Hvis du parkerer din GreenMobility-elbil p\u00e5 Gl. K\u00f8ge Landevej, skal du ikke t\u00e6nke over, hvor lang tid du m\u00e5 parkere. Du har gratis parkering hele d\u00f8gnet alle ugens dage. Er de parkeringspladser, der er markeret med \u201cReserveret til GreenMobility\u201d-skilte optaget, kan du frit benytte dig af alle de offentlige parkeringspladser i omr\u00e5det med minimum 2 timers tidsbegr\u00e6nsning 24\/7.<\/span>[\/vc_column_text][vc_empty_space height=&#8221;60px&#8221;][\/vc_column][\/vc_row][vc_row][vc_column][vc_custom_heading divide_line=&#8221;yes&#8221; divide_line_color=&#8221;#3ea635&#8243; text=&#8221;Adresse for Hotspot p\u00e5 Gl. K\u00f8ge Landevej&#8221; google_fonts=&#8221;font_family:Open%20Sans%3A300%2C300italic%2Cregular%2Citalic%2C600%2C600italic%2C700%2C700italic%2C800%2C800italic|font_style:400%20regular%3A400%3Anormal&#8221; responsive_font_size=&#8221;yes&#8221;][vc_column_text]<span style=\"font-weight: 400;\">Adressen for GreenMobilitys parkeringsplads p\u00e5 Gl. K\u00f8ge Landevej er: Gl. K\u00f8ge Landevej 39-45, 2500 Valby.<\/span>[\/vc_column_text][vc_empty_space height=&#8221;60px&#8221;][\/vc_column][\/vc_row][vc_row][vc_column][vc_custom_heading divide_line=&#8221;yes&#8221; divide_line_color=&#8221;#3ea635&#8243; text=&#8221;Se vores Hotspot pladser i Valby&#8221; font_container=&#8221;tag:h3|text_align:left&#8221; google_fonts=&#8221;font_family:Open%20Sans%3A300%2C300italic%2Cregular%2Citalic%2C600%2C600italic%2C700%2C700italic%2C800%2C800italic|font_style:400%20regular%3A400%3Anormal&#8221; responsive_font_size=&#8221;yes&#8221;][vc_column_text]<\/p>\n<ul>\n<li style=\"font-weight: 400;\" aria-level=\"1\"><span style=\"font-weight: 400;\">Gl. K\u00f8ge Landevej<\/span><\/li>\n<li style=\"font-weight: 400;\" aria-level=\"1\"><a href=\"https:\/\/www.greenmobility.com\/dk\/da\/hotspots\/parkering-groenttorvet\/\"><span style=\"font-weight: 400;\">Gr\u00f8nttorvet<\/span><\/a><\/li>\n<\/ul>\n<p>[\/vc_column_text][vc_empty_space height=&#8221;60px&#8221;][\/vc_column][\/vc_row]<\/p>\n<\/div>","protected":false},"excerpt":{"rendered":"<p>[vc_row][vc_column][vc_empty_space][\/vc_column][\/vc_row][vc_row][vc_column][vc_column_text]I Valby finder du en central parkeringsplads p\u00e5 Gl. K\u00f8ge Landevej 39, der er ideel for GreenMobility-brugere, der \u00f8nsker sig en hyggelig dag i Valby. Beliggende t\u00e6t p\u00e5 Valby Station og den hyggelige Vigerslev Park, giver de reserverede parkeringspladser dig frihed til at nyde alt, hvad Valby har at byde p\u00e5, uden at du skal [&hellip;]<\/p>\n","protected":false},"author":38,"featured_media":0,"parent":1734,"menu_order":0,"comment_status":"closed","ping_status":"closed","template":"","meta":{"om_disable_all_campaigns":false,"footnotes":"","_links_to":"","_links_to_target":""},"class_list":["post-5625","page","type-page","status-publish","hentry"],"yoast_head":"<!-- This site is optimized with the Yoast SEO plugin v26.7 - https:\/\/yoast.com\/wordpress\/plugins\/seo\/ -->\n<title>GreenMobility Parkering p\u00e5 Gl. K\u00f8ge Landevej | Gratis hele d\u00f8gnet<\/title>\n<meta name=\"description\" content=\"Nyd ubesv\u00e6ret parkering p\u00e5 Gl. K\u00f8ge Landevej i Valby med GreenMobility. T\u00e6t p\u00e5 Valby Station og Vigerslev Park. Hent appen i dag.\" \/>\n<meta name=\"robots\" content=\"index, follow, max-snippet:-1, max-image-preview:large, max-video-preview:-1\" \/>\n<link rel=\"canonical\" href=\"https:\/\/www.greenmobility.com\/dk\/da\/hotspots\/parkering-gl-koege-landevej\/\" \/>\n<meta property=\"og:locale\" content=\"da_DK\" \/>\n<meta property=\"og:type\" content=\"article\" \/>\n<meta property=\"og:title\" content=\"GreenMobility Parkering p\u00e5 Gl. K\u00f8ge Landevej | Gratis hele d\u00f8gnet\" \/>\n<meta property=\"og:description\" content=\"Nyd ubesv\u00e6ret parkering p\u00e5 Gl. K\u00f8ge Landevej i Valby med GreenMobility. T\u00e6t p\u00e5 Valby Station og Vigerslev Park. Hent appen i dag.\" \/>\n<meta property=\"og:url\" content=\"https:\/\/www.greenmobility.com\/dk\/da\/hotspots\/parkering-gl-koege-landevej\/\" \/>\n<meta property=\"og:site_name\" content=\"GreenMobility Denmark\" \/>\n<meta property=\"article:modified_time\" content=\"2025-08-18T06:56:25+00:00\" \/>\n<meta name=\"twitter:card\" content=\"summary_large_image\" \/>\n<meta name=\"twitter:label1\" content=\"Estimeret l\u00e6setid\" \/>\n\t<meta name=\"twitter:data1\" content=\"2 minutter\" \/>\n<script type=\"application\/ld+json\" class=\"yoast-schema-graph\">{\"@context\":\"https:\/\/schema.org\",\"@graph\":[{\"@type\":\"WebPage\",\"@id\":\"https:\/\/www.greenmobility.com\/dk\/da\/hotspots\/parkering-gl-koege-landevej\/\",\"url\":\"https:\/\/www.greenmobility.com\/dk\/da\/hotspots\/parkering-gl-koege-landevej\/\",\"name\":\"GreenMobility Parkering p\u00e5 Gl. K\u00f8ge Landevej | Gratis hele d\u00f8gnet\",\"isPartOf\":{\"@id\":\"https:\/\/www.greenmobility.com\/dk\/da\/#website\"},\"datePublished\":\"2023-05-24T07:50:39+00:00\",\"dateModified\":\"2025-08-18T06:56:25+00:00\",\"description\":\"Nyd ubesv\u00e6ret parkering p\u00e5 Gl. K\u00f8ge Landevej i Valby med GreenMobility. T\u00e6t p\u00e5 Valby Station og Vigerslev Park. Hent appen i dag.\",\"breadcrumb\":{\"@id\":\"https:\/\/www.greenmobility.com\/dk\/da\/hotspots\/parkering-gl-koege-landevej\/#breadcrumb\"},\"inLanguage\":\"da-DK\",\"potentialAction\":[{\"@type\":\"ReadAction\",\"target\":[\"https:\/\/www.greenmobility.com\/dk\/da\/hotspots\/parkering-gl-koege-landevej\/\"]}]},{\"@type\":\"BreadcrumbList\",\"@id\":\"https:\/\/www.greenmobility.com\/dk\/da\/hotspots\/parkering-gl-koege-landevej\/#breadcrumb\",\"itemListElement\":[{\"@type\":\"ListItem\",\"position\":1,\"name\":\"Home\",\"item\":\"https:\/\/www.greenmobility.com\/dk\/da\/\"},{\"@type\":\"ListItem\",\"position\":2,\"name\":\"Hotspots\",\"item\":\"https:\/\/www.greenmobility.com\/dk\/da\/hotspots\/\"},{\"@type\":\"ListItem\",\"position\":3,\"name\":\"Parkering Gl. K\u00f8ge Landevej\"}]},{\"@type\":\"WebSite\",\"@id\":\"https:\/\/www.greenmobility.com\/dk\/da\/#website\",\"url\":\"https:\/\/www.greenmobility.com\/dk\/da\/\",\"name\":\"GreenMobility Denmark\",\"description\":\"\",\"publisher\":{\"@id\":\"https:\/\/www.greenmobility.com\/dk\/da\/#organization\"},\"potentialAction\":[{\"@type\":\"SearchAction\",\"target\":{\"@type\":\"EntryPoint\",\"urlTemplate\":\"https:\/\/www.greenmobility.com\/dk\/da\/?s={search_term_string}\"},\"query-input\":{\"@type\":\"PropertyValueSpecification\",\"valueRequired\":true,\"valueName\":\"search_term_string\"}}],\"inLanguage\":\"da-DK\"},{\"@type\":\"Organization\",\"@id\":\"https:\/\/www.greenmobility.com\/dk\/da\/#organization\",\"name\":\"GreenMobility\",\"url\":\"https:\/\/www.greenmobility.com\/dk\/da\/\",\"logo\":{\"@type\":\"ImageObject\",\"inLanguage\":\"da-DK\",\"@id\":\"https:\/\/www.greenmobility.com\/dk\/da\/#\/schema\/logo\/image\/\",\"url\":\"https:\/\/www.greenmobility.com\/dk\/wp-content\/uploads\/sites\/9\/2021\/06\/logo-EM-DK.png\",\"contentUrl\":\"https:\/\/www.greenmobility.com\/dk\/wp-content\/uploads\/sites\/9\/2021\/06\/logo-EM-DK.png\",\"width\":3125,\"height\":788,\"caption\":\"GreenMobility\"},\"image\":{\"@id\":\"https:\/\/www.greenmobility.com\/dk\/da\/#\/schema\/logo\/image\/\"}}]}<\/script>\n<!-- \/ Yoast SEO plugin. -->","yoast_head_json":{"title":"GreenMobility Parkering p\u00e5 Gl. K\u00f8ge Landevej | Gratis hele d\u00f8gnet","description":"Nyd ubesv\u00e6ret parkering p\u00e5 Gl. K\u00f8ge Landevej i Valby med GreenMobility. T\u00e6t p\u00e5 Valby Station og Vigerslev Park. Hent appen i dag.","robots":{"index":"index","follow":"follow","max-snippet":"max-snippet:-1","max-image-preview":"max-image-preview:large","max-video-preview":"max-video-preview:-1"},"canonical":"https:\/\/www.greenmobility.com\/dk\/da\/hotspots\/parkering-gl-koege-landevej\/","og_locale":"da_DK","og_type":"article","og_title":"GreenMobility Parkering p\u00e5 Gl. K\u00f8ge Landevej | Gratis hele d\u00f8gnet","og_description":"Nyd ubesv\u00e6ret parkering p\u00e5 Gl. K\u00f8ge Landevej i Valby med GreenMobility. T\u00e6t p\u00e5 Valby Station og Vigerslev Park. Hent appen i dag.","og_url":"https:\/\/www.greenmobility.com\/dk\/da\/hotspots\/parkering-gl-koege-landevej\/","og_site_name":"GreenMobility Denmark","article_modified_time":"2025-08-18T06:56:25+00:00","twitter_card":"summary_large_image","twitter_misc":{"Estimeret l\u00e6setid":"2 minutter"},"schema":{"@context":"https:\/\/schema.org","@graph":[{"@type":"WebPage","@id":"https:\/\/www.greenmobility.com\/dk\/da\/hotspots\/parkering-gl-koege-landevej\/","url":"https:\/\/www.greenmobility.com\/dk\/da\/hotspots\/parkering-gl-koege-landevej\/","name":"GreenMobility Parkering p\u00e5 Gl. K\u00f8ge Landevej | Gratis hele d\u00f8gnet","isPartOf":{"@id":"https:\/\/www.greenmobility.com\/dk\/da\/#website"},"datePublished":"2023-05-24T07:50:39+00:00","dateModified":"2025-08-18T06:56:25+00:00","description":"Nyd ubesv\u00e6ret parkering p\u00e5 Gl. K\u00f8ge Landevej i Valby med GreenMobility. T\u00e6t p\u00e5 Valby Station og Vigerslev Park. Hent appen i dag.","breadcrumb":{"@id":"https:\/\/www.greenmobility.com\/dk\/da\/hotspots\/parkering-gl-koege-landevej\/#breadcrumb"},"inLanguage":"da-DK","potentialAction":[{"@type":"ReadAction","target":["https:\/\/www.greenmobility.com\/dk\/da\/hotspots\/parkering-gl-koege-landevej\/"]}]},{"@type":"BreadcrumbList","@id":"https:\/\/www.greenmobility.com\/dk\/da\/hotspots\/parkering-gl-koege-landevej\/#breadcrumb","itemListElement":[{"@type":"ListItem","position":1,"name":"Home","item":"https:\/\/www.greenmobility.com\/dk\/da\/"},{"@type":"ListItem","position":2,"name":"Hotspots","item":"https:\/\/www.greenmobility.com\/dk\/da\/hotspots\/"},{"@type":"ListItem","position":3,"name":"Parkering Gl. K\u00f8ge Landevej"}]},{"@type":"WebSite","@id":"https:\/\/www.greenmobility.com\/dk\/da\/#website","url":"https:\/\/www.greenmobility.com\/dk\/da\/","name":"GreenMobility Denmark","description":"","publisher":{"@id":"https:\/\/www.greenmobility.com\/dk\/da\/#organization"},"potentialAction":[{"@type":"SearchAction","target":{"@type":"EntryPoint","urlTemplate":"https:\/\/www.greenmobility.com\/dk\/da\/?s={search_term_string}"},"query-input":{"@type":"PropertyValueSpecification","valueRequired":true,"valueName":"search_term_string"}}],"inLanguage":"da-DK"},{"@type":"Organization","@id":"https:\/\/www.greenmobility.com\/dk\/da\/#organization","name":"GreenMobility","url":"https:\/\/www.greenmobility.com\/dk\/da\/","logo":{"@type":"ImageObject","inLanguage":"da-DK","@id":"https:\/\/www.greenmobility.com\/dk\/da\/#\/schema\/logo\/image\/","url":"https:\/\/www.greenmobility.com\/dk\/wp-content\/uploads\/sites\/9\/2021\/06\/logo-EM-DK.png","contentUrl":"https:\/\/www.greenmobility.com\/dk\/wp-content\/uploads\/sites\/9\/2021\/06\/logo-EM-DK.png","width":3125,"height":788,"caption":"GreenMobility"},"image":{"@id":"https:\/\/www.greenmobility.com\/dk\/da\/#\/schema\/logo\/image\/"}}]}},"_links":{"self":[{"href":"https:\/\/www.greenmobility.com\/dk\/da\/wp-json\/wp\/v2\/pages\/5625","targetHints":{"allow":["GET"]}}],"collection":[{"href":"https:\/\/www.greenmobility.com\/dk\/da\/wp-json\/wp\/v2\/pages"}],"about":[{"href":"https:\/\/www.greenmobility.com\/dk\/da\/wp-json\/wp\/v2\/types\/page"}],"author":[{"embeddable":true,"href":"https:\/\/www.greenmobility.com\/dk\/da\/wp-json\/wp\/v2\/users\/38"}],"replies":[{"embeddable":true,"href":"https:\/\/www.greenmobility.com\/dk\/da\/wp-json\/wp\/v2\/comments?post=5625"}],"version-history":[{"count":0,"href":"https:\/\/www.greenmobility.com\/dk\/da\/wp-json\/wp\/v2\/pages\/5625\/revisions"}],"up":[{"embeddable":true,"href":"https:\/\/www.greenmobility.com\/dk\/da\/wp-json\/wp\/v2\/pages\/1734"}],"wp:attachment":[{"href":"https:\/\/www.greenmobility.com\/dk\/da\/wp-json\/wp\/v2\/media?parent=5625"}],"curies":[{"name":"wp","href":"https:\/\/api.w.org\/{rel}","templated":true}]}}