{"id":5624,"date":"2023-05-24T08:36:55","date_gmt":"2023-05-24T07:36:55","guid":{"rendered":"https:\/\/www.greenmobility.com\/dk\/?page_id=5624"},"modified":"2025-08-18T07:56:15","modified_gmt":"2025-08-18T06:56:15","slug":"parkering-groenttorvet","status":"publish","type":"page","link":"https:\/\/www.greenmobility.com\/dk\/da\/hotspots\/parkering-groenttorvet\/","title":{"rendered":"Parkering Gr\u00f8nttorvet"},"content":{"rendered":"<div class=\"wpb-content-wrapper\"><p>[vc_row][vc_column][vc_empty_space]<div class=\" agni-section-heading text-left ihda\" ><h1 class=\"section-heading-text section-heading-text_responsive\" style=\"font-size:48px;\"><span>Parkering Gr\u00f8nttorvet<\/span><\/h1><div class=\"section-divide-line divide-line text-left\"><span style=\"width:90px; height:1px; background-color:#3ea635\"><\/span><\/div><\/div>[\/vc_column][\/vc_row][vc_row][vc_column][vc_column_text]<span style=\"font-weight: 400;\">P\u00e5 Gr\u00f8nttorvet finder du et praktisk sted at parkere, n\u00e5r du skal til Valby med GreenMobility. GreenMobility har en aftale med Gr\u00f8nttorvet, der g\u00f8r det nemt at parkere i omr\u00e5det og derfra udforske de mange sp\u00e6ndende omr\u00e5der i n\u00e6rheden. Omr\u00e5det er kendt for sit livlige torv, som byder p\u00e5 gr\u00f8nne omr\u00e5der og indk\u00f8bsmuligheder.<\/span><\/p>\n<p><strong>Kig efter P ikonet midt p\u00e5 kortet<\/strong><br \/>\n<iframe data-src=\"https:\/\/www.google.com\/maps\/d\/embed?mid=1dibzwrC5dVxDJrqReem_8BT8pwzCxuU&amp;ehbc=2E312F\" width=\"100%\" height=\"480\" src=\"data:image\/svg+xml;base64,PHN2ZyB3aWR0aD0iMSIgaGVpZ2h0PSIxIiB4bWxucz0iaHR0cDovL3d3dy53My5vcmcvMjAwMC9zdmciPjwvc3ZnPg==\" class=\"lazyload\" data-load-mode=\"1\"><\/iframe><\/p>\n<p><span style=\"font-weight: 400;\">Ved at parkere p\u00e5 Gr\u00f8nttorvet har du et godt startsted for en hyggelig dag i Valby, hvad end du skal bes\u00f8ge venner eller familie eller udforske Valbys gr\u00f8nne omr\u00e5der, der aldrig er langt v\u00e6k, n\u00e5r du parkerer p\u00e5 Gr\u00f8nttorvet.<\/span><\/p>\n<p><span style=\"font-weight: 400;\">Er du ikke bruger af GreenMobility? <a href=\"https:\/\/www.greenmobility.com\/dk\/da\/saadan-virker-det\/\"><span style=\"color: #3ea635;\">Kom <\/span><\/a><\/span><span style=\"font-weight: 400; color: #3ea635;\">nemt i gang<\/span><span style=\"font-weight: 400;\"><span style=\"color: #3ea635;\"> med GreenMobility<\/span>.<\/span>[\/vc_column_text][\/vc_column][\/vc_row][vc_row][vc_column][vc_custom_heading divide_line=&#8221;yes&#8221; divide_line_color=&#8221;#3ea635&#8243; text=&#8221;GreenMobility Hotspot parkering p\u00e5 Gr\u00f8nttorvet&#8221; google_fonts=&#8221;font_family:Open%20Sans%3A300%2C300italic%2Cregular%2Citalic%2C600%2C600italic%2C700%2C700italic%2C800%2C800italic|font_style:400%20regular%3A400%3Anormal&#8221; responsive_font_size=&#8221;yes&#8221;][vc_column_text]<span style=\"font-weight: 400;\">P\u00e5 Gr\u00f8nttorvet i Valby finder du et af vores <\/span><span style=\"color: #3ea635;\"><a style=\"color: #3ea635;\" href=\"https:\/\/www.greenmobility.com\/dk\/da\/hotspots\/\"><span style=\"font-weight: 400;\">Hotspots<\/span><\/a><\/span><span style=\"font-weight: 400;\"> i K\u00f8benhavn, som er gratis VIP-parkering for alle, der k\u00f8rer med GreenMobility. Ved Gr\u00f8nttorvet kan du parkere p\u00e5 terr\u00e6nniveauet p\u00e5 alle ikke-reserverede pladser, ogs\u00e5 dem hvor der er tidsbegr\u00e6nsning p\u00e5 30 minutter inden for omr\u00e5dekode 9550. Du m\u00e5 desv\u00e6rre ikke bruge ladestanderne i Gr\u00f8nttorvet.<\/span><\/p>\n<p><span style=\"font-weight: 400;\">Uanset om du er ude at bes\u00f8ge nogle eller vil g\u00e5 en tur i omr\u00e5det, kan du parkere din GreenMobility-elbil uden besv\u00e6r.\u00a0<\/span><\/p>\n<p><span style=\"font-weight: 400;\">Skulle du f\u00e5 brug for at finde en elbil, n\u00e5r du skal hjem igen, er det let for dig at finde en ledig elbil p\u00e5 Gr\u00f8nttorvet eller ved hj\u00e6lp af GreenMobility-appen.<\/span><\/p>\n<p><span style=\"font-weight: 400;\">Sammenfattet g\u00f8r GreenMobilitys Hotspot parkering p\u00e5 Gr\u00f8nttorvet i Valby det nemt og bekvemt at parkere og udforske dette charmerende omr\u00e5de af K\u00f8benhavn.<\/span>[\/vc_column_text][vc_empty_space height=&#8221;60px&#8221;][\/vc_column][\/vc_row][vc_row][vc_column][vc_custom_heading divide_line=&#8221;yes&#8221; divide_line_color=&#8221;#3ea635&#8243; text=&#8221;Parkering p\u00e5 Gr\u00f8nttorvet i Valby&#8221; google_fonts=&#8221;font_family:Open%20Sans%3A300%2C300italic%2Cregular%2Citalic%2C600%2C600italic%2C700%2C700italic%2C800%2C800italic|font_style:400%20regular%3A400%3Anormal&#8221; responsive_font_size=&#8221;yes&#8221;][vc_column_text]<span style=\"font-weight: 400;\">N\u00e5r du parkerer p\u00e5 Gr\u00f8nttorvet, er situationen lidt en anden end ved vores andre Hotspots. Her er der nemlig ikke specifikke pladser reserveret til GreenMobility, men derimod fri afbenyttelse af alle pladser, ogs\u00e5 dem med 30 minutters parkering inden for omr\u00e5dekode 9550 p\u00e5 t\u00e6rr\u00e6nniveauet.<\/span><\/p>\n<p><span style=\"font-weight: 400;\">Hvis du alligevel ikke kan finde en ledig parkeringsplads, har du som bruger af GreenMobility ogs\u00e5 har adgang til gratis parkering p\u00e5 alle offentlige parkeringspladser, hvor der er minimum 2 timers gratis parkering alle dage hele d\u00f8gnet.<\/span>[\/vc_column_text][vc_empty_space height=&#8221;60px&#8221;][\/vc_column][\/vc_row][vc_row][vc_column][vc_custom_heading divide_line=&#8221;yes&#8221; divide_line_color=&#8221;#3ea635&#8243; text=&#8221;Adresse for Hotspot p\u00e5 Gr\u00f8nttorvet&#8221; google_fonts=&#8221;font_family:Open%20Sans%3A300%2C300italic%2Cregular%2Citalic%2C600%2C600italic%2C700%2C700italic%2C800%2C800italic|font_style:400%20regular%3A400%3Anormal&#8221; responsive_font_size=&#8221;yes&#8221;][vc_column_text]<span style=\"font-weight: 400;\">Ved K\u00f8benhavns gr\u00f8nne bydel og boligomr\u00e5de Gr\u00f8nttorvet m\u00e5 du parkere frit p\u00e5 p-pladserne p\u00e5 t\u00e6rr\u00e6nniveau. Der er ingen reserverede pladser. Adressen for parkeringspladser p\u00e5 Gr\u00f8nttorvet er: Ingrid Marievej, 2500 K\u00f8benhavn.\u00a0<\/span>[\/vc_column_text][vc_empty_space height=&#8221;60px&#8221;][\/vc_column][\/vc_row][vc_row][vc_column][vc_custom_heading divide_line=&#8221;yes&#8221; divide_line_color=&#8221;#3ea635&#8243; text=&#8221;Se vores Hotspot pladser i Valby&#8221; font_container=&#8221;tag:h3|text_align:left&#8221; google_fonts=&#8221;font_family:Open%20Sans%3A300%2C300italic%2Cregular%2Citalic%2C600%2C600italic%2C700%2C700italic%2C800%2C800italic|font_style:400%20regular%3A400%3Anormal&#8221; responsive_font_size=&#8221;yes&#8221;][vc_column_text]<\/p>\n<ul>\n<li style=\"font-weight: 400;\" aria-level=\"1\"><a href=\"https:\/\/www.greenmobility.com\/dk\/da\/hotspots\/parkering-gl-koege-landevej\/\"><span style=\"font-weight: 400;\">Gl. K\u00f8ge Landevej<\/span><\/a><\/li>\n<li style=\"font-weight: 400;\" aria-level=\"1\"><span style=\"font-weight: 400;\">Gr\u00f8nttorvet<\/span><\/li>\n<\/ul>\n<p>[\/vc_column_text][vc_empty_space height=&#8221;60px&#8221;][\/vc_column][\/vc_row]<\/p>\n<\/div>","protected":false},"excerpt":{"rendered":"<p>[vc_row][vc_column][vc_empty_space][\/vc_column][\/vc_row][vc_row][vc_column][vc_column_text]P\u00e5 Gr\u00f8nttorvet finder du et praktisk sted at parkere, n\u00e5r du skal til Valby med GreenMobility. GreenMobility har en aftale med Gr\u00f8nttorvet, der g\u00f8r det nemt at parkere i omr\u00e5det og derfra udforske de mange sp\u00e6ndende omr\u00e5der i n\u00e6rheden. Omr\u00e5det er kendt for sit livlige torv, som byder p\u00e5 gr\u00f8nne omr\u00e5der og indk\u00f8bsmuligheder. Kig efter [&hellip;]<\/p>\n","protected":false},"author":38,"featured_media":0,"parent":1734,"menu_order":0,"comment_status":"closed","ping_status":"closed","template":"","meta":{"om_disable_all_campaigns":false,"footnotes":"","_links_to":"","_links_to_target":""},"class_list":["post-5624","page","type-page","status-publish","hentry"],"yoast_head":"<!-- This site is optimized with the Yoast SEO plugin v27.3 - https:\/\/yoast.com\/product\/yoast-seo-wordpress\/ -->\n<title>GreenMobility Parkering p\u00e5 Gr\u00f8nttorvet, Valby | GreenMobility<\/title>\n<meta name=\"description\" content=\"Nyd bekvem parkering p\u00e5 Gr\u00f8nttorvet i Valby med GreenMobility. Gratis VIP-parkering til shopping, caf\u00e9er og gr\u00f8nne omr\u00e5der. Hent appen i dag.\" \/>\n<meta name=\"robots\" content=\"index, follow, max-snippet:-1, max-image-preview:large, max-video-preview:-1\" \/>\n<link rel=\"canonical\" href=\"https:\/\/www.greenmobility.com\/dk\/da\/hotspots\/parkering-groenttorvet\/\" \/>\n<meta property=\"og:locale\" content=\"da_DK\" \/>\n<meta property=\"og:type\" content=\"article\" \/>\n<meta property=\"og:title\" content=\"GreenMobility Parkering p\u00e5 Gr\u00f8nttorvet, Valby | GreenMobility\" \/>\n<meta property=\"og:description\" content=\"Nyd bekvem parkering p\u00e5 Gr\u00f8nttorvet i Valby med GreenMobility. Gratis VIP-parkering til shopping, caf\u00e9er og gr\u00f8nne omr\u00e5der. Hent appen i dag.\" \/>\n<meta property=\"og:url\" content=\"https:\/\/www.greenmobility.com\/dk\/da\/hotspots\/parkering-groenttorvet\/\" \/>\n<meta property=\"og:site_name\" content=\"GreenMobility Denmark\" \/>\n<meta property=\"article:modified_time\" content=\"2025-08-18T06:56:15+00:00\" \/>\n<meta name=\"twitter:card\" content=\"summary_large_image\" \/>\n<meta name=\"twitter:label1\" content=\"Estimeret l\u00e6setid\" \/>\n\t<meta name=\"twitter:data1\" content=\"2 minutter\" \/>\n<script type=\"application\/ld+json\" class=\"yoast-schema-graph\">{\"@context\":\"https:\\\/\\\/schema.org\",\"@graph\":[{\"@type\":\"WebPage\",\"@id\":\"https:\\\/\\\/www.greenmobility.com\\\/dk\\\/da\\\/hotspots\\\/parkering-groenttorvet\\\/\",\"url\":\"https:\\\/\\\/www.greenmobility.com\\\/dk\\\/da\\\/hotspots\\\/parkering-groenttorvet\\\/\",\"name\":\"GreenMobility Parkering p\u00e5 Gr\u00f8nttorvet, Valby | GreenMobility\",\"isPartOf\":{\"@id\":\"https:\\\/\\\/www.greenmobility.com\\\/dk\\\/da\\\/#website\"},\"datePublished\":\"2023-05-24T07:36:55+00:00\",\"dateModified\":\"2025-08-18T06:56:15+00:00\",\"description\":\"Nyd bekvem parkering p\u00e5 Gr\u00f8nttorvet i Valby med GreenMobility. Gratis VIP-parkering til shopping, caf\u00e9er og gr\u00f8nne omr\u00e5der. Hent appen i dag.\",\"breadcrumb\":{\"@id\":\"https:\\\/\\\/www.greenmobility.com\\\/dk\\\/da\\\/hotspots\\\/parkering-groenttorvet\\\/#breadcrumb\"},\"inLanguage\":\"da-DK\",\"potentialAction\":[{\"@type\":\"ReadAction\",\"target\":[\"https:\\\/\\\/www.greenmobility.com\\\/dk\\\/da\\\/hotspots\\\/parkering-groenttorvet\\\/\"]}]},{\"@type\":\"BreadcrumbList\",\"@id\":\"https:\\\/\\\/www.greenmobility.com\\\/dk\\\/da\\\/hotspots\\\/parkering-groenttorvet\\\/#breadcrumb\",\"itemListElement\":[{\"@type\":\"ListItem\",\"position\":1,\"name\":\"Home\",\"item\":\"https:\\\/\\\/www.greenmobility.com\\\/dk\\\/da\\\/\"},{\"@type\":\"ListItem\",\"position\":2,\"name\":\"Hotspots\",\"item\":\"https:\\\/\\\/www.greenmobility.com\\\/dk\\\/da\\\/hotspots\\\/\"},{\"@type\":\"ListItem\",\"position\":3,\"name\":\"Parkering Gr\u00f8nttorvet\"}]},{\"@type\":\"WebSite\",\"@id\":\"https:\\\/\\\/www.greenmobility.com\\\/dk\\\/da\\\/#website\",\"url\":\"https:\\\/\\\/www.greenmobility.com\\\/dk\\\/da\\\/\",\"name\":\"GreenMobility Denmark\",\"description\":\"\",\"publisher\":{\"@id\":\"https:\\\/\\\/www.greenmobility.com\\\/dk\\\/da\\\/#organization\"},\"potentialAction\":[{\"@type\":\"SearchAction\",\"target\":{\"@type\":\"EntryPoint\",\"urlTemplate\":\"https:\\\/\\\/www.greenmobility.com\\\/dk\\\/da\\\/?s={search_term_string}\"},\"query-input\":{\"@type\":\"PropertyValueSpecification\",\"valueRequired\":true,\"valueName\":\"search_term_string\"}}],\"inLanguage\":\"da-DK\"},{\"@type\":\"Organization\",\"@id\":\"https:\\\/\\\/www.greenmobility.com\\\/dk\\\/da\\\/#organization\",\"name\":\"GreenMobility\",\"url\":\"https:\\\/\\\/www.greenmobility.com\\\/dk\\\/da\\\/\",\"logo\":{\"@type\":\"ImageObject\",\"inLanguage\":\"da-DK\",\"@id\":\"https:\\\/\\\/www.greenmobility.com\\\/dk\\\/da\\\/#\\\/schema\\\/logo\\\/image\\\/\",\"url\":\"https:\\\/\\\/www.greenmobility.com\\\/dk\\\/wp-content\\\/uploads\\\/sites\\\/9\\\/2021\\\/06\\\/logo-EM-DK.png\",\"contentUrl\":\"https:\\\/\\\/www.greenmobility.com\\\/dk\\\/wp-content\\\/uploads\\\/sites\\\/9\\\/2021\\\/06\\\/logo-EM-DK.png\",\"width\":3125,\"height\":788,\"caption\":\"GreenMobility\"},\"image\":{\"@id\":\"https:\\\/\\\/www.greenmobility.com\\\/dk\\\/da\\\/#\\\/schema\\\/logo\\\/image\\\/\"}}]}<\/script>\n<!-- \/ Yoast SEO plugin. -->","yoast_head_json":{"title":"GreenMobility Parkering p\u00e5 Gr\u00f8nttorvet, Valby | GreenMobility","description":"Nyd bekvem parkering p\u00e5 Gr\u00f8nttorvet i Valby med GreenMobility. Gratis VIP-parkering til shopping, caf\u00e9er og gr\u00f8nne omr\u00e5der. Hent appen i dag.","robots":{"index":"index","follow":"follow","max-snippet":"max-snippet:-1","max-image-preview":"max-image-preview:large","max-video-preview":"max-video-preview:-1"},"canonical":"https:\/\/www.greenmobility.com\/dk\/da\/hotspots\/parkering-groenttorvet\/","og_locale":"da_DK","og_type":"article","og_title":"GreenMobility Parkering p\u00e5 Gr\u00f8nttorvet, Valby | GreenMobility","og_description":"Nyd bekvem parkering p\u00e5 Gr\u00f8nttorvet i Valby med GreenMobility. Gratis VIP-parkering til shopping, caf\u00e9er og gr\u00f8nne omr\u00e5der. Hent appen i dag.","og_url":"https:\/\/www.greenmobility.com\/dk\/da\/hotspots\/parkering-groenttorvet\/","og_site_name":"GreenMobility Denmark","article_modified_time":"2025-08-18T06:56:15+00:00","twitter_card":"summary_large_image","twitter_misc":{"Estimeret l\u00e6setid":"2 minutter"},"schema":{"@context":"https:\/\/schema.org","@graph":[{"@type":"WebPage","@id":"https:\/\/www.greenmobility.com\/dk\/da\/hotspots\/parkering-groenttorvet\/","url":"https:\/\/www.greenmobility.com\/dk\/da\/hotspots\/parkering-groenttorvet\/","name":"GreenMobility Parkering p\u00e5 Gr\u00f8nttorvet, Valby | GreenMobility","isPartOf":{"@id":"https:\/\/www.greenmobility.com\/dk\/da\/#website"},"datePublished":"2023-05-24T07:36:55+00:00","dateModified":"2025-08-18T06:56:15+00:00","description":"Nyd bekvem parkering p\u00e5 Gr\u00f8nttorvet i Valby med GreenMobility. Gratis VIP-parkering til shopping, caf\u00e9er og gr\u00f8nne omr\u00e5der. Hent appen i dag.","breadcrumb":{"@id":"https:\/\/www.greenmobility.com\/dk\/da\/hotspots\/parkering-groenttorvet\/#breadcrumb"},"inLanguage":"da-DK","potentialAction":[{"@type":"ReadAction","target":["https:\/\/www.greenmobility.com\/dk\/da\/hotspots\/parkering-groenttorvet\/"]}]},{"@type":"BreadcrumbList","@id":"https:\/\/www.greenmobility.com\/dk\/da\/hotspots\/parkering-groenttorvet\/#breadcrumb","itemListElement":[{"@type":"ListItem","position":1,"name":"Home","item":"https:\/\/www.greenmobility.com\/dk\/da\/"},{"@type":"ListItem","position":2,"name":"Hotspots","item":"https:\/\/www.greenmobility.com\/dk\/da\/hotspots\/"},{"@type":"ListItem","position":3,"name":"Parkering Gr\u00f8nttorvet"}]},{"@type":"WebSite","@id":"https:\/\/www.greenmobility.com\/dk\/da\/#website","url":"https:\/\/www.greenmobility.com\/dk\/da\/","name":"GreenMobility Denmark","description":"","publisher":{"@id":"https:\/\/www.greenmobility.com\/dk\/da\/#organization"},"potentialAction":[{"@type":"SearchAction","target":{"@type":"EntryPoint","urlTemplate":"https:\/\/www.greenmobility.com\/dk\/da\/?s={search_term_string}"},"query-input":{"@type":"PropertyValueSpecification","valueRequired":true,"valueName":"search_term_string"}}],"inLanguage":"da-DK"},{"@type":"Organization","@id":"https:\/\/www.greenmobility.com\/dk\/da\/#organization","name":"GreenMobility","url":"https:\/\/www.greenmobility.com\/dk\/da\/","logo":{"@type":"ImageObject","inLanguage":"da-DK","@id":"https:\/\/www.greenmobility.com\/dk\/da\/#\/schema\/logo\/image\/","url":"https:\/\/www.greenmobility.com\/dk\/wp-content\/uploads\/sites\/9\/2021\/06\/logo-EM-DK.png","contentUrl":"https:\/\/www.greenmobility.com\/dk\/wp-content\/uploads\/sites\/9\/2021\/06\/logo-EM-DK.png","width":3125,"height":788,"caption":"GreenMobility"},"image":{"@id":"https:\/\/www.greenmobility.com\/dk\/da\/#\/schema\/logo\/image\/"}}]}},"_links":{"self":[{"href":"https:\/\/www.greenmobility.com\/dk\/da\/wp-json\/wp\/v2\/pages\/5624","targetHints":{"allow":["GET"]}}],"collection":[{"href":"https:\/\/www.greenmobility.com\/dk\/da\/wp-json\/wp\/v2\/pages"}],"about":[{"href":"https:\/\/www.greenmobility.com\/dk\/da\/wp-json\/wp\/v2\/types\/page"}],"author":[{"embeddable":true,"href":"https:\/\/www.greenmobility.com\/dk\/da\/wp-json\/wp\/v2\/users\/38"}],"replies":[{"embeddable":true,"href":"https:\/\/www.greenmobility.com\/dk\/da\/wp-json\/wp\/v2\/comments?post=5624"}],"version-history":[{"count":0,"href":"https:\/\/www.greenmobility.com\/dk\/da\/wp-json\/wp\/v2\/pages\/5624\/revisions"}],"up":[{"embeddable":true,"href":"https:\/\/www.greenmobility.com\/dk\/da\/wp-json\/wp\/v2\/pages\/1734"}],"wp:attachment":[{"href":"https:\/\/www.greenmobility.com\/dk\/da\/wp-json\/wp\/v2\/media?parent=5624"}],"curies":[{"name":"wp","href":"https:\/\/api.w.org\/{rel}","templated":true}]}}