{"id":5590,"date":"2023-05-04T12:44:35","date_gmt":"2023-05-04T11:44:35","guid":{"rendered":"https:\/\/www.greenmobility.com\/dk\/?page_id=5590"},"modified":"2025-08-28T13:40:51","modified_gmt":"2025-08-28T12:40:51","slug":"parkering-vesterbro","status":"publish","type":"page","link":"https:\/\/www.greenmobility.com\/dk\/da\/hotspots\/parkering-vesterbro\/","title":{"rendered":"Parkering Vesterbro"},"content":{"rendered":"<div class=\"wpb-content-wrapper\"><p>[vc_row][vc_column][vc_empty_space]<div class=\" agni-section-heading text-left ihda\" ><h2 class=\"section-heading-text \" style=\"font-size:48px;\"><span>Parkering Vesterbro<\/span><\/h2><div class=\"section-divide-line divide-line text-left\"><span style=\"width:90px; height:1px; background-color:#3ea635\"><\/span><\/div><\/div>[\/vc_column][\/vc_row][vc_row][vc_column][vc_column_text]<span style=\"font-weight: 400;\">Vesterbro er et af K\u00f8benhavns mest trendy kvarterer, hvor sp\u00e6ndende historie og moderne livsstil blander sig i en unik harmoni. Her finder du hyggelige caf\u00e9er og vinbutikker, der ligger side om side med hippe restauranter og natteliv, som er med til at give Vesterbro sin helt s\u00e6rlige atmosf\u00e6re.<\/span><\/p>\n<p><span style=\"font-weight: 400;\">Det, der g\u00f8r Vesterbro til Vesterbro, er den grungy f\u00f8lelse, der gennemsyrer bydelen med sit flotte ydre. Du kan m\u00e6rke det i de r\u00e5 bygninger, der st\u00e5r side om side med de klassiske k\u00f8benhavner lejligheder; det farverige graffiti og de sm\u00e5 gadebutikker. Og midt i det hele sk\u00e6rer S\u00f8ndre Boulevard sig gennem kvarteret som en gr\u00f8n \u00e5re, der tildeler en afslappet og gr\u00f8n f\u00f8lelse.<\/span><\/p>\n<p><strong>Kig efter P ikonet midt p\u00e5 kortet<\/strong><br \/>\n<iframe data-src=\"https:\/\/www.google.com\/maps\/d\/embed?mid=1PpijlXvTOKg41unaDnHyoaSq16NM50c&amp;ehbc=2E312F\" width=\"100%\" height=\"400\" src=\"data:image\/svg+xml;base64,PHN2ZyB3aWR0aD0iMSIgaGVpZ2h0PSIxIiB4bWxucz0iaHR0cDovL3d3dy53My5vcmcvMjAwMC9zdmciPjwvc3ZnPg==\" class=\"lazyload\" data-load-mode=\"1\"><\/iframe><\/p>\n<p><span style=\"font-weight: 400;\">P\u00e5 Vesterbro er der altid noget nyt og sp\u00e6ndende at opleve, uanset om du er p\u00e5 udkig efter et godt m\u00e5ltid, en sjov aften i byen eller bare en afslappende g\u00e5tur. Og med GreenMobility kan du nemt komme til eller rundt i omr\u00e5det, uden at skulle bekymre dig om parkering eller besv\u00e6rlighederne, der f\u00f8lger med at eje en bil. S\u00e5 hop ind i en af vores elbiler og tag p\u00e5 opdagelse p\u00e5 Vesterbro.<\/span>[\/vc_column_text][vc_empty_space height=&#8221;60px&#8221;][\/vc_column][\/vc_row][vc_row][vc_column][vc_custom_heading divide_line=&#8221;yes&#8221; divide_line_color=&#8221;#3ea635&#8243; text=&#8221;GreenMobility Hotspot gratis parkering p\u00e5 Vesterbro&#8221; google_fonts=&#8221;font_family:Open%20Sans%3A300%2C300italic%2Cregular%2Citalic%2C600%2C600italic%2C700%2C700italic%2C800%2C800italic|font_style:400%20regular%3A400%3Anormal&#8221;][vc_column_text]<span style=\"font-weight: 400;\">GreenMobilitys zone d\u00e6kker ogs\u00e5 Vesterbro, hvor du kan finde parkeringsmuligheder p\u00e5 vores <\/span><span style=\"color: #3ea635;\"><a style=\"color: #3ea635;\" href=\"https:\/\/www.greenmobility.com\/dk\/da\/hotspots\/\"><span style=\"font-weight: 400;\">GreenMobility Hotspots<\/span><\/a><\/span><span style=\"font-weight: 400;\">, som er VIP-parkering for dig, der har lejet en GreenMobility-ebil.<\/span><\/p>\n<p><span style=\"font-weight: 400;\">N\u00e5r du skal parkere p\u00e5 Vesterbro, kan du benytte alle el-delebilspladser, der er reserveret til el-delebiler som GreenMobilitys. Disse er markeret med skiltet &#8220;Kun el-delebiler&#8221; ude p\u00e5 gaderne og har et bl\u00e5t p-ikon i appen. Se et udvalg af dem <span style=\"text-decoration: underline;\"><a href=\"https:\/\/www.greenmobility.com\/dk\/da\/el-delebilspladser-koebenhavn\/\">her<\/a><\/span>.<\/span><\/p>\n<p><span style=\"font-weight: 400;\">Alt i alt er parkering p\u00e5 Vesterbro b\u00e5de nemt og bekvemt med GreenMobility \u2014 alt i mens du tager hensyn til milj\u00f8et. <\/span><span style=\"color: #3ea635;\"><a style=\"color: #3ea635;\" href=\"https:\/\/www.greenmobility.com\/dk\/da\/saadan-virker-det\/\"><span style=\"font-weight: 400;\">Kom nemt i gang med GreenMobility<\/span><\/a><\/span><span style=\"font-weight: 400;\">.<\/span>[\/vc_column_text][vc_empty_space height=&#8221;60px&#8221;][\/vc_column][\/vc_row][vc_row][vc_column][vc_custom_heading divide_line=&#8221;yes&#8221; divide_line_color=&#8221;#3ea635&#8243; text=&#8221;Parkering p\u00e5 Vesterbro K\u00f8benhavn&#8221; google_fonts=&#8221;font_family:Open%20Sans%3A300%2C300italic%2Cregular%2Citalic%2C600%2C600italic%2C700%2C700italic%2C800%2C800italic|font_style:400%20regular%3A400%3Anormal&#8221;][vc_column_text]<span style=\"font-weight: 400;\">Som bruger af GreenMobility hj\u00e6lper du med at reducere CO2-udledningen og beskytte milj\u00f8et, og derfor f\u00e5r du gratis parkering p\u00e5 udvalgte parkeringspladser i K\u00f8benhavn. Du kan benytte dig af vores Hotspots, el-delebilspladser eller du kan benytte dig af de fleste offentlige parkeringspladser.<\/span>[\/vc_column_text][vc_empty_space height=&#8221;60px&#8221;][\/vc_column][\/vc_row][vc_row][vc_column][vc_custom_heading divide_line=&#8221;yes&#8221; divide_line_color=&#8221;#3ea635&#8243; text=&#8221;Adresser for GreenMobility Hotspots p\u00e5 Vesterbro&#8221; google_fonts=&#8221;font_family:Open%20Sans%3A300%2C300italic%2Cregular%2Citalic%2C600%2C600italic%2C700%2C700italic%2C800%2C800italic|font_style:400%20regular%3A400%3Anormal&#8221;][vc_column_text]<span style=\"font-weight: 400;\">Som bruger af GreenMobility har du adgang til et stort udvalg af parkeringspladser i K\u00f8benhavn. P\u00e5 Vesterbro har vi pladser ved Fisketorvet, Havneholmen og Carl Jacobsens Vej. P\u00e5 vores individuelle omr\u00e5desider finder du de specifikke adresser p\u00e5 de reserverede GreenMobility parkeringspladser.<\/span>[\/vc_column_text][vc_empty_space height=&#8221;60px&#8221;][\/vc_column][\/vc_row][vc_row][vc_column][vc_custom_heading divide_line=&#8221;yes&#8221; divide_line_color=&#8221;#3ea635&#8243; text=&#8221;Se vores Hotspot pladser p\u00e5 Vesterbro&#8221; google_fonts=&#8221;font_family:Open%20Sans%3A300%2C300italic%2Cregular%2Citalic%2C600%2C600italic%2C700%2C700italic%2C800%2C800italic|font_style:400%20regular%3A400%3Anormal&#8221;][vc_column_text]<\/p>\n<ul>\n<li><a href=\"https:\/\/www.greenmobility.com\/dk\/da\/hotspots\/parkering-havneholmen\/\"><span style=\"font-weight: 400;\">Havneholmen<\/span><\/a><\/li>\n<\/ul>\n<p>[\/vc_column_text][vc_empty_space height=&#8221;60px&#8221;][\/vc_column][\/vc_row][vc_row el_id=&#8221;FAQ&#8221;][vc_column][vc_empty_space height=&#8221;50px&#8221;]<div class=\" agni-section-heading text-left ihda\" ><h2 class=\"section-heading-text \" style=\"font-size:40px;\"><span>F\u00e5 svar p\u00e5 dine sp\u00f8rgsm\u00e5l om parkering p\u00e5 Vesterbro<\/span><\/h2><div class=\"section-divide-line divide-line text-left\"><span style=\"width:90px; height:1px; background-color:#73b742\"><\/span><\/div><\/div>[vc_column_text]<b>Hvordan ved jeg, om en parkeringsplads p\u00e5 Vesterbro er godkendt af GreenMobility? <\/b><b><br \/>\n<\/b><span style=\"font-weight: 400;\">Hvis du parkerer inden for GreenMobilitys zone og f\u00f8lger reglerne for offentlig parkering, er det som udgangspunkt tilladt. Brug appens kort til at bekr\u00e6fte, at du befinder dig i zonen.\u00a0<\/span><\/p>\n<p><b>Hvad sker der, hvis jeg afslutter turen, men bilen holder ulovligt uden jeg ved det? <\/b><b><br \/>\n<\/b><span style=\"font-weight: 400;\">Du kan blive opkr\u00e6vet et gebyr, hvis bilen parkeres ulovligt \u2013 fx ved at blokere udk\u00f8rsler, st\u00e5 p\u00e5 private omr\u00e5der eller i strid med skiltning. Appen viser, om du er i zonen, men det er dit ansvar at sikre korrekt parkering i henhold til f\u00e6rdsels- og lokalregler.<\/span><\/p>\n<p><strong>M\u00e5 jeg parkere p\u00e5 el-delebilspladserne p\u00e5 Vesterbro?<\/strong><br \/>\nJa, du m\u00e5 gerne parkere p\u00e5 p-pladserne med skiltet &#8220;Kun el-delebiler&#8221;, da disse er forbeholdt el-delebiler som GreenMobilitys. Der findes mange af dem rundt omkring p\u00e5 Vesterbro. Se dem alle i appen, hvor de er markeret med et bl\u00e5t P-ikon.<\/p>\n<p><b>Hvordan finder jeg et Hotspot p\u00e5 Vesterbro? <\/b><b><br \/>\n<\/b><span style=\"font-weight: 400;\">Hotspots vises i appen med et bl\u00e5t HS-ikon. Du kan klikke ind p\u00e5 hvert Hotspot og l\u00e6se mere om den konkrete p-plads, der er reserveret til GreenMobility.<\/span><\/p>\n<p><b>Er det sv\u00e6rt at finde parkering p\u00e5 Vesterbro i myldretiden? <\/b><b><br \/>\n<\/b><span style=\"font-weight: 400;\">Ja, det kan v\u00e6re udfordrende i travle perioder, da Vesterbro har mange biler og begr\u00e6nsede pladser. For at undg\u00e5 stress anbefaler vi, at du orienterer dig om, hvor el-delebilspladserne befinder sig p\u00e5 Vesterbro, s\u00e5 du altid kan finde en gratis parkeringsplads.<\/span><\/p>\n<p><b>Hvad g\u00f8r jeg, hvis jeg er i tvivl om, hvilke regler der g\u00e6lder ved min destination? <\/b><b><br \/>\n<\/b><span style=\"font-weight: 400;\">Tjek appens zonekort og f\u00f8lg vores p-regler samt almindelige trafikregler. Hvis du stadig er i tvivl, kan du kontakte kundeservice direkte via appen eller p\u00e5 telefon, f\u00f8r du afslutter turen.<\/span>[\/vc_column_text][vc_empty_space height=&#8221;50px&#8221;][\/vc_column][\/vc_row]<\/p>\n<\/div>","protected":false},"excerpt":{"rendered":"<p>[vc_row][vc_column][vc_empty_space][\/vc_column][\/vc_row][vc_row][vc_column][vc_column_text]Vesterbro er et af K\u00f8benhavns mest trendy kvarterer, hvor sp\u00e6ndende historie og moderne livsstil blander sig i en unik harmoni. Her finder du hyggelige caf\u00e9er og vinbutikker, der ligger side om side med hippe restauranter og natteliv, som er med til at give Vesterbro sin helt s\u00e6rlige atmosf\u00e6re. Det, der g\u00f8r Vesterbro til Vesterbro, er [&hellip;]<\/p>\n","protected":false},"author":38,"featured_media":0,"parent":1734,"menu_order":0,"comment_status":"closed","ping_status":"closed","template":"","meta":{"om_disable_all_campaigns":false,"footnotes":"","_links_to":"","_links_to_target":""},"class_list":["post-5590","page","type-page","status-publish","hentry"],"yoast_head":"<!-- This site is optimized with the Yoast SEO plugin v26.7 - https:\/\/yoast.com\/wordpress\/plugins\/seo\/ -->\n<title>Gratis parkering p\u00e5 Vesterbro i K\u00f8benhavn med GreenMobility Hotspots<\/title>\n<meta name=\"description\" content=\"Gratis parkering p\u00e5 Vesterbro med GreenMobility Hotspots. Lej en e-bil og udforsk K\u00f8benhavns trendy kvarter uden bekymringer om parkering.\" \/>\n<meta name=\"robots\" content=\"index, follow, max-snippet:-1, max-image-preview:large, max-video-preview:-1\" \/>\n<link rel=\"canonical\" href=\"https:\/\/www.greenmobility.com\/dk\/da\/hotspots\/parkering-vesterbro\/\" \/>\n<meta property=\"og:locale\" content=\"da_DK\" \/>\n<meta property=\"og:type\" content=\"article\" \/>\n<meta property=\"og:title\" content=\"Gratis parkering p\u00e5 Vesterbro i K\u00f8benhavn med GreenMobility Hotspots\" \/>\n<meta property=\"og:description\" content=\"Gratis parkering p\u00e5 Vesterbro med GreenMobility Hotspots. Lej en e-bil og udforsk K\u00f8benhavns trendy kvarter uden bekymringer om parkering.\" \/>\n<meta property=\"og:url\" content=\"https:\/\/www.greenmobility.com\/dk\/da\/hotspots\/parkering-vesterbro\/\" \/>\n<meta property=\"og:site_name\" content=\"GreenMobility Denmark\" \/>\n<meta property=\"article:modified_time\" content=\"2025-08-28T12:40:51+00:00\" \/>\n<meta name=\"twitter:card\" content=\"summary_large_image\" \/>\n<meta name=\"twitter:label1\" content=\"Estimeret l\u00e6setid\" \/>\n\t<meta name=\"twitter:data1\" content=\"3 minutter\" \/>\n<script type=\"application\/ld+json\" class=\"yoast-schema-graph\">{\"@context\":\"https:\/\/schema.org\",\"@graph\":[{\"@type\":\"WebPage\",\"@id\":\"https:\/\/www.greenmobility.com\/dk\/da\/hotspots\/parkering-vesterbro\/\",\"url\":\"https:\/\/www.greenmobility.com\/dk\/da\/hotspots\/parkering-vesterbro\/\",\"name\":\"Gratis parkering p\u00e5 Vesterbro i K\u00f8benhavn med GreenMobility Hotspots\",\"isPartOf\":{\"@id\":\"https:\/\/www.greenmobility.com\/dk\/da\/#website\"},\"datePublished\":\"2023-05-04T11:44:35+00:00\",\"dateModified\":\"2025-08-28T12:40:51+00:00\",\"description\":\"Gratis parkering p\u00e5 Vesterbro med GreenMobility Hotspots. Lej en e-bil og udforsk K\u00f8benhavns trendy kvarter uden bekymringer om parkering.\",\"breadcrumb\":{\"@id\":\"https:\/\/www.greenmobility.com\/dk\/da\/hotspots\/parkering-vesterbro\/#breadcrumb\"},\"inLanguage\":\"da-DK\",\"potentialAction\":[{\"@type\":\"ReadAction\",\"target\":[\"https:\/\/www.greenmobility.com\/dk\/da\/hotspots\/parkering-vesterbro\/\"]}]},{\"@type\":\"BreadcrumbList\",\"@id\":\"https:\/\/www.greenmobility.com\/dk\/da\/hotspots\/parkering-vesterbro\/#breadcrumb\",\"itemListElement\":[{\"@type\":\"ListItem\",\"position\":1,\"name\":\"Home\",\"item\":\"https:\/\/www.greenmobility.com\/dk\/da\/\"},{\"@type\":\"ListItem\",\"position\":2,\"name\":\"Hotspots\",\"item\":\"https:\/\/www.greenmobility.com\/dk\/da\/hotspots\/\"},{\"@type\":\"ListItem\",\"position\":3,\"name\":\"Parkering Vesterbro\"}]},{\"@type\":\"WebSite\",\"@id\":\"https:\/\/www.greenmobility.com\/dk\/da\/#website\",\"url\":\"https:\/\/www.greenmobility.com\/dk\/da\/\",\"name\":\"GreenMobility Denmark\",\"description\":\"\",\"publisher\":{\"@id\":\"https:\/\/www.greenmobility.com\/dk\/da\/#organization\"},\"potentialAction\":[{\"@type\":\"SearchAction\",\"target\":{\"@type\":\"EntryPoint\",\"urlTemplate\":\"https:\/\/www.greenmobility.com\/dk\/da\/?s={search_term_string}\"},\"query-input\":{\"@type\":\"PropertyValueSpecification\",\"valueRequired\":true,\"valueName\":\"search_term_string\"}}],\"inLanguage\":\"da-DK\"},{\"@type\":\"Organization\",\"@id\":\"https:\/\/www.greenmobility.com\/dk\/da\/#organization\",\"name\":\"GreenMobility\",\"url\":\"https:\/\/www.greenmobility.com\/dk\/da\/\",\"logo\":{\"@type\":\"ImageObject\",\"inLanguage\":\"da-DK\",\"@id\":\"https:\/\/www.greenmobility.com\/dk\/da\/#\/schema\/logo\/image\/\",\"url\":\"https:\/\/www.greenmobility.com\/dk\/wp-content\/uploads\/sites\/9\/2021\/06\/logo-EM-DK.png\",\"contentUrl\":\"https:\/\/www.greenmobility.com\/dk\/wp-content\/uploads\/sites\/9\/2021\/06\/logo-EM-DK.png\",\"width\":3125,\"height\":788,\"caption\":\"GreenMobility\"},\"image\":{\"@id\":\"https:\/\/www.greenmobility.com\/dk\/da\/#\/schema\/logo\/image\/\"}}]}<\/script>\n<!-- \/ Yoast SEO plugin. -->","yoast_head_json":{"title":"Gratis parkering p\u00e5 Vesterbro i K\u00f8benhavn med GreenMobility Hotspots","description":"Gratis parkering p\u00e5 Vesterbro med GreenMobility Hotspots. Lej en e-bil og udforsk K\u00f8benhavns trendy kvarter uden bekymringer om parkering.","robots":{"index":"index","follow":"follow","max-snippet":"max-snippet:-1","max-image-preview":"max-image-preview:large","max-video-preview":"max-video-preview:-1"},"canonical":"https:\/\/www.greenmobility.com\/dk\/da\/hotspots\/parkering-vesterbro\/","og_locale":"da_DK","og_type":"article","og_title":"Gratis parkering p\u00e5 Vesterbro i K\u00f8benhavn med GreenMobility Hotspots","og_description":"Gratis parkering p\u00e5 Vesterbro med GreenMobility Hotspots. Lej en e-bil og udforsk K\u00f8benhavns trendy kvarter uden bekymringer om parkering.","og_url":"https:\/\/www.greenmobility.com\/dk\/da\/hotspots\/parkering-vesterbro\/","og_site_name":"GreenMobility Denmark","article_modified_time":"2025-08-28T12:40:51+00:00","twitter_card":"summary_large_image","twitter_misc":{"Estimeret l\u00e6setid":"3 minutter"},"schema":{"@context":"https:\/\/schema.org","@graph":[{"@type":"WebPage","@id":"https:\/\/www.greenmobility.com\/dk\/da\/hotspots\/parkering-vesterbro\/","url":"https:\/\/www.greenmobility.com\/dk\/da\/hotspots\/parkering-vesterbro\/","name":"Gratis parkering p\u00e5 Vesterbro i K\u00f8benhavn med GreenMobility Hotspots","isPartOf":{"@id":"https:\/\/www.greenmobility.com\/dk\/da\/#website"},"datePublished":"2023-05-04T11:44:35+00:00","dateModified":"2025-08-28T12:40:51+00:00","description":"Gratis parkering p\u00e5 Vesterbro med GreenMobility Hotspots. Lej en e-bil og udforsk K\u00f8benhavns trendy kvarter uden bekymringer om parkering.","breadcrumb":{"@id":"https:\/\/www.greenmobility.com\/dk\/da\/hotspots\/parkering-vesterbro\/#breadcrumb"},"inLanguage":"da-DK","potentialAction":[{"@type":"ReadAction","target":["https:\/\/www.greenmobility.com\/dk\/da\/hotspots\/parkering-vesterbro\/"]}]},{"@type":"BreadcrumbList","@id":"https:\/\/www.greenmobility.com\/dk\/da\/hotspots\/parkering-vesterbro\/#breadcrumb","itemListElement":[{"@type":"ListItem","position":1,"name":"Home","item":"https:\/\/www.greenmobility.com\/dk\/da\/"},{"@type":"ListItem","position":2,"name":"Hotspots","item":"https:\/\/www.greenmobility.com\/dk\/da\/hotspots\/"},{"@type":"ListItem","position":3,"name":"Parkering Vesterbro"}]},{"@type":"WebSite","@id":"https:\/\/www.greenmobility.com\/dk\/da\/#website","url":"https:\/\/www.greenmobility.com\/dk\/da\/","name":"GreenMobility Denmark","description":"","publisher":{"@id":"https:\/\/www.greenmobility.com\/dk\/da\/#organization"},"potentialAction":[{"@type":"SearchAction","target":{"@type":"EntryPoint","urlTemplate":"https:\/\/www.greenmobility.com\/dk\/da\/?s={search_term_string}"},"query-input":{"@type":"PropertyValueSpecification","valueRequired":true,"valueName":"search_term_string"}}],"inLanguage":"da-DK"},{"@type":"Organization","@id":"https:\/\/www.greenmobility.com\/dk\/da\/#organization","name":"GreenMobility","url":"https:\/\/www.greenmobility.com\/dk\/da\/","logo":{"@type":"ImageObject","inLanguage":"da-DK","@id":"https:\/\/www.greenmobility.com\/dk\/da\/#\/schema\/logo\/image\/","url":"https:\/\/www.greenmobility.com\/dk\/wp-content\/uploads\/sites\/9\/2021\/06\/logo-EM-DK.png","contentUrl":"https:\/\/www.greenmobility.com\/dk\/wp-content\/uploads\/sites\/9\/2021\/06\/logo-EM-DK.png","width":3125,"height":788,"caption":"GreenMobility"},"image":{"@id":"https:\/\/www.greenmobility.com\/dk\/da\/#\/schema\/logo\/image\/"}}]}},"_links":{"self":[{"href":"https:\/\/www.greenmobility.com\/dk\/da\/wp-json\/wp\/v2\/pages\/5590","targetHints":{"allow":["GET"]}}],"collection":[{"href":"https:\/\/www.greenmobility.com\/dk\/da\/wp-json\/wp\/v2\/pages"}],"about":[{"href":"https:\/\/www.greenmobility.com\/dk\/da\/wp-json\/wp\/v2\/types\/page"}],"author":[{"embeddable":true,"href":"https:\/\/www.greenmobility.com\/dk\/da\/wp-json\/wp\/v2\/users\/38"}],"replies":[{"embeddable":true,"href":"https:\/\/www.greenmobility.com\/dk\/da\/wp-json\/wp\/v2\/comments?post=5590"}],"version-history":[{"count":0,"href":"https:\/\/www.greenmobility.com\/dk\/da\/wp-json\/wp\/v2\/pages\/5590\/revisions"}],"up":[{"embeddable":true,"href":"https:\/\/www.greenmobility.com\/dk\/da\/wp-json\/wp\/v2\/pages\/1734"}],"wp:attachment":[{"href":"https:\/\/www.greenmobility.com\/dk\/da\/wp-json\/wp\/v2\/media?parent=5590"}],"curies":[{"name":"wp","href":"https:\/\/api.w.org\/{rel}","templated":true}]}}