{"id":5550,"date":"2023-04-27T14:54:39","date_gmt":"2023-04-27T13:54:39","guid":{"rendered":"https:\/\/www.greenmobility.com\/dk\/?page_id=5550"},"modified":"2025-08-28T13:20:39","modified_gmt":"2025-08-28T12:20:39","slug":"parkering-oesterbro","status":"publish","type":"page","link":"https:\/\/www.greenmobility.com\/dk\/da\/hotspots\/parkering-oesterbro\/","title":{"rendered":"Parkering \u00d8sterbro"},"content":{"rendered":"<div class=\"wpb-content-wrapper\"><p>[vc_row][vc_column][vc_empty_space]<div class=\" agni-section-heading text-left ihda\" ><h1 class=\"section-heading-text \" style=\"font-size:48px;\"><span>Parkering \u00d8sterbro<\/span><\/h1><div class=\"section-divide-line divide-line text-left\"><span style=\"width:90px; height:1px; background-color:#3ea635\"><\/span><\/div><\/div>[\/vc_column][\/vc_row][vc_row][vc_column][vc_column_text]<span style=\"font-weight: 400;\">\u00d8sterbro \u2014 K\u00f8benhavns charmerende perle \u2014 er pr\u00e6get af en afslappet atmosf\u00e6re og en rig blanding af kultur og natur. Her kan du finde hyggelige caf\u00e9er og spisesteder, der suppleres af en bred vifte af butikker og gallerier. Men det mest bem\u00e6rkelsesv\u00e6rdige ved \u00d8sterbro er m\u00e5ske den unikke kombination af byliv og gr\u00f8nne oaser, som kan opleves i de fredfyldte parker, ved s\u00f8erne eller kajerne i Nordhavn.<\/span><\/p>\n<p><span style=\"font-weight: 400;\">Med n\u00f8glen til en af vores elbiler i h\u00e5nden bliver \u00d8sterbro lettilg\u00e6ngelig for dig som bruger af GreenMobility. Uanset om du skal bes\u00f8ge de lokale parker, hyggelige caf\u00e9er eller farverige butikker, kan du nemt anvende en af vores elbiler. Vores <\/span><a href=\"https:\/\/www.greenmobility.com\/dk\/da\/priser\/\"><span style=\"font-weight: 400;\">fleksible lejeordning<\/span><\/a><span style=\"font-weight: 400;\"> og reserverede parkeringspladser rundt om p\u00e5 \u00d8sterbro g\u00f8r det let for dig at udforske bydelen i dit eget tempo, uden at skulle t\u00e6nke p\u00e5 besv\u00e6ret, der kan v\u00e6re forbundet med en bil.\u00a0<\/span><\/p>\n<p><span style=\"font-weight: 400;\">Det bedste ved at leje en GreenMobility-elbil er, at du slipper for at betale dyrt for at f\u00e5 lov at parkere. Du kan nemlig parkere gratis p\u00e5 offentlige\u00a0 parkeringspladser p\u00e5 \u00d8sterbro, hvor der er mindst 2 timers gratis parkering alle dage d\u00f8gnet rundt.\u00a0<\/span><\/p>\n<p><span style=\"font-weight: 400;\">Her p\u00e5 siden vil vi tage et n\u00e6rmere kig p\u00e5 de smarte parkeringsmuligheder, du f\u00e5r adgang til med GreenMobility, n\u00e5r turen skal g\u00e5 til de smukke gader p\u00e5 \u00d8sterbro.<\/span>[\/vc_column_text][vc_empty_space height=&#8221;60px&#8221;][\/vc_column][\/vc_row][vc_row][vc_column][vc_custom_heading text=&#8221;GreenMobility Hotspot parkering p\u00e5 \u00d8sterbro&#8221; google_fonts=&#8221;font_family:Open%20Sans%3A300%2C300italic%2Cregular%2Citalic%2C600%2C600italic%2C700%2C700italic%2C800%2C800italic|font_style:400%20regular%3A400%3Anormal&#8221;][vc_column_text]<span style=\"font-weight: 400;\">Som bruger af GreenMobility har du adgang til gratis og reserverede parkeringspladser i flere omr\u00e5der af \u00d8sterbro. Vores GreenMobility Hotspots str\u00e6kker sig fra Nordhavn, hvor du kan nyde en g\u00e5tur langs havnen, til L\u00fcders parkering, som ligger under en af K\u00f8benhavns h\u00f8jeste legepladser. Hvis du har brug for at parkere n\u00e6r parken, er AP Pension et Hotspot lige i n\u00e6rheden.<\/span><\/p>\n<p><span style=\"font-weight: 400;\">Som regel kan du ogs\u00e5 finde en ledig bil p\u00e5 \u00e9t af Hotspottene, s\u00e5 hvis du er kommet g\u00e5ende eller er med anden transport, er du m\u00e5ske heldig at kunne k\u00f8re hjem i en af elbilerne.<\/span><\/p>\n<p><span style=\"font-weight: 400;\">Alt i alt er parkering p\u00e5 \u00d8sterbro nemt og bekvemt med GreenMobility \u2013 og du hj\u00e6lper med at passe p\u00e5 milj\u00f8et, n\u00e5r du k\u00f8rer gr\u00f8nt i en af vores elbiler. S\u00e5 <span style=\"color: #3ea635;\"><a style=\"color: #3ea635;\" href=\"https:\/\/www.greenmobility.com\/dk\/da\/saadan-virker-det\/\">kom nemt i gang med GreenMobility<\/a><\/span> og tag p\u00e5 eventyr p\u00e5 \u00d8sterbro uden at bekymre dig om parkering.<\/span><\/p>\n<p><strong>Kig efter P ikonet midt p\u00e5 kortet<\/strong>[\/vc_column_text][vc_row_inner][vc_column_inner][vc_column_text]<iframe data-src=\"https:\/\/www.google.com\/maps\/d\/embed?mid=1LwdqtWTT0pn-mS_uashOZELJZFWraGE&amp;ehbc=2E312F\" width=\"100%;\" height=\"480\" src=\"data:image\/svg+xml;base64,PHN2ZyB3aWR0aD0iMSIgaGVpZ2h0PSIxIiB4bWxucz0iaHR0cDovL3d3dy53My5vcmcvMjAwMC9zdmciPjwvc3ZnPg==\" class=\"lazyload\" data-load-mode=\"1\"><\/iframe>[\/vc_column_text][\/vc_column_inner][\/vc_row_inner][\/vc_column][\/vc_row][vc_row][vc_column][vc_custom_heading text=&#8221;Priser p\u00e5 parkering p\u00e5 \u00d8sterbro&#8221; google_fonts=&#8221;font_family:Open%20Sans%3A300%2C300italic%2Cregular%2Citalic%2C600%2C600italic%2C700%2C700italic%2C800%2C800italic|font_style:400%20regular%3A400%3Anormal&#8221;][vc_column_text]<span style=\"font-weight: 400;\">Da du som bruger af GreenMobility hj\u00e6lper med at aflaste milj\u00f8et ved at k\u00f8re gr\u00f8nt i en af vores elbiler, har du ogs\u00e5 gratis parkering p\u00e5 alle offentlige p-pladser inden for zonen, hvor der er mindst 2 timers parkering alle dage hele d\u00f8gnet.<\/span>[\/vc_column_text][vc_empty_space height=&#8221;60px&#8221;][\/vc_column][\/vc_row][vc_row][vc_column][vc_custom_heading text=&#8221;Adresser for GreenMobility Hotspots p\u00e5 \u00d8sterbro&#8221; google_fonts=&#8221;font_family:Open%20Sans%3A300%2C300italic%2Cregular%2Citalic%2C600%2C600italic%2C700%2C700italic%2C800%2C800italic|font_style:400%20regular%3A400%3Anormal&#8221;][vc_column_text]<span style=\"font-weight: 400;\">Som bruger af GreenMobility har du adgang til gratis og reserverede parkeringspladser i flere omr\u00e5der p\u00e5 \u00d8sterbro. Vores GreenMobility Hotspots inkluderer parkering ved Nordhavn, Turborg Havnevej, L\u00fcders parkering og parkering ved AP Pension ved \u00c5rhusgade. De er alle praktisk placeret i n\u00e6rheden af sev\u00e6rdigheder og aktiviteter p\u00e5 \u00d8sterbro.<\/span><\/p>\n<p><span style=\"font-weight: 400;\">P\u00e5 vores individuelle omr\u00e5dersider finder du de specifikke adresser p\u00e5 de reserverede parkeringspladser i hvert omr\u00e5de. Uanset hvor du \u00f8nsker at udforske \u00d8sterbro, kan du nemt finde en gratis og reserveret parkeringsplads til din GreenMobility-elbil i n\u00e6rheden.<\/span><\/p>\n<p><span style=\"font-weight: 400;\">S\u00e5 tag p\u00e5 eventyr p\u00e5 \u00d8sterbro uden at bekymre dig om parkering. Med en af vores GreenMobility-elbiler kan du nemt udforske alt, hvad \u00d8sterbro har at byde p\u00e5!<\/span>[\/vc_column_text][vc_empty_space height=&#8221;60px&#8221;][\/vc_column][\/vc_row][vc_row][vc_column][vc_custom_heading text=&#8221;Se vores Hotspot pladser p\u00e5 \u00d8sterbro&#8221; font_container=&#8221;tag:h3|text_align:left&#8221; google_fonts=&#8221;font_family:Open%20Sans%3A300%2C300italic%2Cregular%2Citalic%2C600%2C600italic%2C700%2C700italic%2C800%2C800italic|font_style:400%20regular%3A400%3Anormal&#8221;][vc_column_text]<\/p>\n<ul>\n<li style=\"font-weight: 400;\" aria-level=\"1\"><a href=\"https:\/\/www.greenmobility.com\/dk\/da\/hotspots\/parkering-nordhavn\/\"><span style=\"font-weight: 400;\">AP Pension, Nordhavn<\/span><\/a><\/li>\n<li style=\"font-weight: 400;\" aria-level=\"1\"><a href=\"https:\/\/www.greenmobility.com\/dk\/da\/hotspots\/parkering-nordhavn-konditaget-lueders\/\"><span style=\"font-weight: 400;\">L\u00fcders, Nordhavn<\/span><\/a><\/li>\n<li style=\"font-weight: 400;\" aria-level=\"1\"><a href=\"https:\/\/www.greenmobility.com\/dk\/da\/hotspots\/parkering-tuborg-havnevej\/\"><span style=\"font-weight: 400;\">Implement, Tuborg Havnevej<\/span><\/a><\/li>\n<\/ul>\n<p>[\/vc_column_text][vc_empty_space height=&#8221;60px&#8221;][\/vc_column][\/vc_row][vc_row el_id=&#8221;FAQ&#8221;][vc_column][vc_empty_space height=&#8221;50px&#8221;]<div class=\" agni-section-heading text-left ihda\" ><h2 class=\"section-heading-text \" style=\"font-size:40px;\"><span>F\u00e5 svar p\u00e5 dine sp\u00f8rgsm\u00e5l om parkering p\u00e5 \u00d8sterbro<\/span><\/h2><div class=\"section-divide-line divide-line text-left\"><span style=\"width:90px; height:1px; background-color:#73b742\"><\/span><\/div><\/div>[vc_column_text]<b>Hvordan fungerer det, hvis jeg skal parkere i et lukket P-hus som L\u00fcders &#8211; skal jeg selv betale eller bruge kort? <\/b><b><br \/>\n<\/b><span style=\"font-weight: 400;\">Nej, du skal hverken bruge kort eller betale. K\u00f8r op til 2. sal og find de pladser, der er markeret med GreenMobility-skilte. Der er gratis adgang for brugere, og parkeringen er inkluderet, n\u00e5r du afslutter turen korrekt p\u00e5 en af de reserverede pladser.<\/span><\/p>\n<p><b>Hvordan finder jeg ud af, hvor Hotspottene ligger i Nordhavn?<\/b><b><br \/>\n<\/b><span style=\"font-weight: 400;\">I Nordhavn er der flere dedikerede Hotspots, f.eks. ved AP Pension og L\u00fcders P-hus. Du kan finde dem p\u00e5 kortet i GreenMobility-appen. Tryk p\u00e5 det bl\u00e5 HS-ikon for at l\u00e6se om hvert Hotspot og kig efter skiltene med teksten &#8220;Reserveret til GreenMobility&#8221; p\u00e5 gaden.<\/span><\/p>\n<p><b>Hvad g\u00f8r jeg, hvis der ikke er plads p\u00e5 et \u00d8sterbro-Hotspot, og jeg er sent p\u00e5 den? <\/b><b><br \/>\n<\/b><span style=\"font-weight: 400;\">Hvis et Hotspot er fyldt, kan du finde en ledig offentligt parkeringsplads i n\u00e6rheden inden for zonen eller en el-delebilsplads, der er markeret med et bl\u00e5t P-ikon p\u00e5 kortet i appen.\u00a0<\/span>[\/vc_column_text][vc_empty_space height=&#8221;50px&#8221;][\/vc_column][\/vc_row]<\/p>\n<\/div>","protected":false},"excerpt":{"rendered":"<p>[vc_row][vc_column][vc_empty_space][\/vc_column][\/vc_row][vc_row][vc_column][vc_column_text]\u00d8sterbro \u2014 K\u00f8benhavns charmerende perle \u2014 er pr\u00e6get af en afslappet atmosf\u00e6re og en rig blanding af kultur og natur. Her kan du finde hyggelige caf\u00e9er og spisesteder, der suppleres af en bred vifte af butikker og gallerier. Men det mest bem\u00e6rkelsesv\u00e6rdige ved \u00d8sterbro er m\u00e5ske den unikke kombination af byliv og gr\u00f8nne oaser, som [&hellip;]<\/p>\n","protected":false},"author":38,"featured_media":0,"parent":1734,"menu_order":0,"comment_status":"closed","ping_status":"closed","template":"","meta":{"om_disable_all_campaigns":false,"footnotes":"","_links_to":"","_links_to_target":""},"class_list":["post-5550","page","type-page","status-publish","hentry"],"yoast_head":"<!-- This site is optimized with the Yoast SEO plugin v27.3 - https:\/\/yoast.com\/product\/yoast-seo-wordpress\/ -->\n<title>Parkering p\u00e5 \u00d8sterbro | Oplev K\u00f8benhavns perle med GreenMobility<\/title>\n<meta name=\"description\" content=\"Find gratis parkering i \u00d8sterbro og GreenMobilitys Hotspot parkering. Oplev b\u00e6redygtig frihed i en elbil og kom let rundt i byen.\" \/>\n<meta name=\"robots\" content=\"index, follow, max-snippet:-1, max-image-preview:large, max-video-preview:-1\" \/>\n<link rel=\"canonical\" href=\"https:\/\/www.greenmobility.com\/dk\/da\/hotspots\/parkering-oesterbro\/\" \/>\n<meta property=\"og:locale\" content=\"da_DK\" \/>\n<meta property=\"og:type\" content=\"article\" \/>\n<meta property=\"og:title\" content=\"Parkering p\u00e5 \u00d8sterbro | Oplev K\u00f8benhavns perle med GreenMobility\" \/>\n<meta property=\"og:description\" content=\"Find gratis parkering i \u00d8sterbro og GreenMobilitys Hotspot parkering. Oplev b\u00e6redygtig frihed i en elbil og kom let rundt i byen.\" \/>\n<meta property=\"og:url\" content=\"https:\/\/www.greenmobility.com\/dk\/da\/hotspots\/parkering-oesterbro\/\" \/>\n<meta property=\"og:site_name\" content=\"GreenMobility Denmark\" \/>\n<meta property=\"article:modified_time\" content=\"2025-08-28T12:20:39+00:00\" \/>\n<meta name=\"twitter:card\" content=\"summary_large_image\" \/>\n<meta name=\"twitter:label1\" content=\"Estimeret l\u00e6setid\" \/>\n\t<meta name=\"twitter:data1\" content=\"3 minutter\" \/>\n<script type=\"application\/ld+json\" class=\"yoast-schema-graph\">{\"@context\":\"https:\\\/\\\/schema.org\",\"@graph\":[{\"@type\":\"WebPage\",\"@id\":\"https:\\\/\\\/www.greenmobility.com\\\/dk\\\/da\\\/hotspots\\\/parkering-oesterbro\\\/\",\"url\":\"https:\\\/\\\/www.greenmobility.com\\\/dk\\\/da\\\/hotspots\\\/parkering-oesterbro\\\/\",\"name\":\"Parkering p\u00e5 \u00d8sterbro | Oplev K\u00f8benhavns perle med GreenMobility\",\"isPartOf\":{\"@id\":\"https:\\\/\\\/www.greenmobility.com\\\/dk\\\/da\\\/#website\"},\"datePublished\":\"2023-04-27T13:54:39+00:00\",\"dateModified\":\"2025-08-28T12:20:39+00:00\",\"description\":\"Find gratis parkering i \u00d8sterbro og GreenMobilitys Hotspot parkering. Oplev b\u00e6redygtig frihed i en elbil og kom let rundt i byen.\",\"breadcrumb\":{\"@id\":\"https:\\\/\\\/www.greenmobility.com\\\/dk\\\/da\\\/hotspots\\\/parkering-oesterbro\\\/#breadcrumb\"},\"inLanguage\":\"da-DK\",\"potentialAction\":[{\"@type\":\"ReadAction\",\"target\":[\"https:\\\/\\\/www.greenmobility.com\\\/dk\\\/da\\\/hotspots\\\/parkering-oesterbro\\\/\"]}]},{\"@type\":\"BreadcrumbList\",\"@id\":\"https:\\\/\\\/www.greenmobility.com\\\/dk\\\/da\\\/hotspots\\\/parkering-oesterbro\\\/#breadcrumb\",\"itemListElement\":[{\"@type\":\"ListItem\",\"position\":1,\"name\":\"Home\",\"item\":\"https:\\\/\\\/www.greenmobility.com\\\/dk\\\/da\\\/\"},{\"@type\":\"ListItem\",\"position\":2,\"name\":\"Hotspots\",\"item\":\"https:\\\/\\\/www.greenmobility.com\\\/dk\\\/da\\\/hotspots\\\/\"},{\"@type\":\"ListItem\",\"position\":3,\"name\":\"Parkering \u00d8sterbro\"}]},{\"@type\":\"WebSite\",\"@id\":\"https:\\\/\\\/www.greenmobility.com\\\/dk\\\/da\\\/#website\",\"url\":\"https:\\\/\\\/www.greenmobility.com\\\/dk\\\/da\\\/\",\"name\":\"GreenMobility Denmark\",\"description\":\"\",\"publisher\":{\"@id\":\"https:\\\/\\\/www.greenmobility.com\\\/dk\\\/da\\\/#organization\"},\"potentialAction\":[{\"@type\":\"SearchAction\",\"target\":{\"@type\":\"EntryPoint\",\"urlTemplate\":\"https:\\\/\\\/www.greenmobility.com\\\/dk\\\/da\\\/?s={search_term_string}\"},\"query-input\":{\"@type\":\"PropertyValueSpecification\",\"valueRequired\":true,\"valueName\":\"search_term_string\"}}],\"inLanguage\":\"da-DK\"},{\"@type\":\"Organization\",\"@id\":\"https:\\\/\\\/www.greenmobility.com\\\/dk\\\/da\\\/#organization\",\"name\":\"GreenMobility\",\"url\":\"https:\\\/\\\/www.greenmobility.com\\\/dk\\\/da\\\/\",\"logo\":{\"@type\":\"ImageObject\",\"inLanguage\":\"da-DK\",\"@id\":\"https:\\\/\\\/www.greenmobility.com\\\/dk\\\/da\\\/#\\\/schema\\\/logo\\\/image\\\/\",\"url\":\"https:\\\/\\\/www.greenmobility.com\\\/dk\\\/wp-content\\\/uploads\\\/sites\\\/9\\\/2021\\\/06\\\/logo-EM-DK.png\",\"contentUrl\":\"https:\\\/\\\/www.greenmobility.com\\\/dk\\\/wp-content\\\/uploads\\\/sites\\\/9\\\/2021\\\/06\\\/logo-EM-DK.png\",\"width\":3125,\"height\":788,\"caption\":\"GreenMobility\"},\"image\":{\"@id\":\"https:\\\/\\\/www.greenmobility.com\\\/dk\\\/da\\\/#\\\/schema\\\/logo\\\/image\\\/\"}}]}<\/script>\n<!-- \/ Yoast SEO plugin. -->","yoast_head_json":{"title":"Parkering p\u00e5 \u00d8sterbro | Oplev K\u00f8benhavns perle med GreenMobility","description":"Find gratis parkering i \u00d8sterbro og GreenMobilitys Hotspot parkering. Oplev b\u00e6redygtig frihed i en elbil og kom let rundt i byen.","robots":{"index":"index","follow":"follow","max-snippet":"max-snippet:-1","max-image-preview":"max-image-preview:large","max-video-preview":"max-video-preview:-1"},"canonical":"https:\/\/www.greenmobility.com\/dk\/da\/hotspots\/parkering-oesterbro\/","og_locale":"da_DK","og_type":"article","og_title":"Parkering p\u00e5 \u00d8sterbro | Oplev K\u00f8benhavns perle med GreenMobility","og_description":"Find gratis parkering i \u00d8sterbro og GreenMobilitys Hotspot parkering. Oplev b\u00e6redygtig frihed i en elbil og kom let rundt i byen.","og_url":"https:\/\/www.greenmobility.com\/dk\/da\/hotspots\/parkering-oesterbro\/","og_site_name":"GreenMobility Denmark","article_modified_time":"2025-08-28T12:20:39+00:00","twitter_card":"summary_large_image","twitter_misc":{"Estimeret l\u00e6setid":"3 minutter"},"schema":{"@context":"https:\/\/schema.org","@graph":[{"@type":"WebPage","@id":"https:\/\/www.greenmobility.com\/dk\/da\/hotspots\/parkering-oesterbro\/","url":"https:\/\/www.greenmobility.com\/dk\/da\/hotspots\/parkering-oesterbro\/","name":"Parkering p\u00e5 \u00d8sterbro | Oplev K\u00f8benhavns perle med GreenMobility","isPartOf":{"@id":"https:\/\/www.greenmobility.com\/dk\/da\/#website"},"datePublished":"2023-04-27T13:54:39+00:00","dateModified":"2025-08-28T12:20:39+00:00","description":"Find gratis parkering i \u00d8sterbro og GreenMobilitys Hotspot parkering. Oplev b\u00e6redygtig frihed i en elbil og kom let rundt i byen.","breadcrumb":{"@id":"https:\/\/www.greenmobility.com\/dk\/da\/hotspots\/parkering-oesterbro\/#breadcrumb"},"inLanguage":"da-DK","potentialAction":[{"@type":"ReadAction","target":["https:\/\/www.greenmobility.com\/dk\/da\/hotspots\/parkering-oesterbro\/"]}]},{"@type":"BreadcrumbList","@id":"https:\/\/www.greenmobility.com\/dk\/da\/hotspots\/parkering-oesterbro\/#breadcrumb","itemListElement":[{"@type":"ListItem","position":1,"name":"Home","item":"https:\/\/www.greenmobility.com\/dk\/da\/"},{"@type":"ListItem","position":2,"name":"Hotspots","item":"https:\/\/www.greenmobility.com\/dk\/da\/hotspots\/"},{"@type":"ListItem","position":3,"name":"Parkering \u00d8sterbro"}]},{"@type":"WebSite","@id":"https:\/\/www.greenmobility.com\/dk\/da\/#website","url":"https:\/\/www.greenmobility.com\/dk\/da\/","name":"GreenMobility Denmark","description":"","publisher":{"@id":"https:\/\/www.greenmobility.com\/dk\/da\/#organization"},"potentialAction":[{"@type":"SearchAction","target":{"@type":"EntryPoint","urlTemplate":"https:\/\/www.greenmobility.com\/dk\/da\/?s={search_term_string}"},"query-input":{"@type":"PropertyValueSpecification","valueRequired":true,"valueName":"search_term_string"}}],"inLanguage":"da-DK"},{"@type":"Organization","@id":"https:\/\/www.greenmobility.com\/dk\/da\/#organization","name":"GreenMobility","url":"https:\/\/www.greenmobility.com\/dk\/da\/","logo":{"@type":"ImageObject","inLanguage":"da-DK","@id":"https:\/\/www.greenmobility.com\/dk\/da\/#\/schema\/logo\/image\/","url":"https:\/\/www.greenmobility.com\/dk\/wp-content\/uploads\/sites\/9\/2021\/06\/logo-EM-DK.png","contentUrl":"https:\/\/www.greenmobility.com\/dk\/wp-content\/uploads\/sites\/9\/2021\/06\/logo-EM-DK.png","width":3125,"height":788,"caption":"GreenMobility"},"image":{"@id":"https:\/\/www.greenmobility.com\/dk\/da\/#\/schema\/logo\/image\/"}}]}},"_links":{"self":[{"href":"https:\/\/www.greenmobility.com\/dk\/da\/wp-json\/wp\/v2\/pages\/5550","targetHints":{"allow":["GET"]}}],"collection":[{"href":"https:\/\/www.greenmobility.com\/dk\/da\/wp-json\/wp\/v2\/pages"}],"about":[{"href":"https:\/\/www.greenmobility.com\/dk\/da\/wp-json\/wp\/v2\/types\/page"}],"author":[{"embeddable":true,"href":"https:\/\/www.greenmobility.com\/dk\/da\/wp-json\/wp\/v2\/users\/38"}],"replies":[{"embeddable":true,"href":"https:\/\/www.greenmobility.com\/dk\/da\/wp-json\/wp\/v2\/comments?post=5550"}],"version-history":[{"count":0,"href":"https:\/\/www.greenmobility.com\/dk\/da\/wp-json\/wp\/v2\/pages\/5550\/revisions"}],"up":[{"embeddable":true,"href":"https:\/\/www.greenmobility.com\/dk\/da\/wp-json\/wp\/v2\/pages\/1734"}],"wp:attachment":[{"href":"https:\/\/www.greenmobility.com\/dk\/da\/wp-json\/wp\/v2\/media?parent=5550"}],"curies":[{"name":"wp","href":"https:\/\/api.w.org\/{rel}","templated":true}]}}