{"id":5549,"date":"2023-04-27T14:42:52","date_gmt":"2023-04-27T13:42:52","guid":{"rendered":"https:\/\/www.greenmobility.com\/dk\/?page_id=5549"},"modified":"2025-08-18T08:19:41","modified_gmt":"2025-08-18T07:19:41","slug":"parkering-tuborg-havnevej","status":"publish","type":"page","link":"https:\/\/www.greenmobility.com\/dk\/da\/hotspots\/parkering-tuborg-havnevej\/","title":{"rendered":"Parkering Tuborg Havnevej"},"content":{"rendered":"<div class=\"wpb-content-wrapper\"><p>[vc_row][vc_column][vc_empty_space]<div class=\" agni-section-heading text-left ihda\" ><h1 class=\"section-heading-text \" style=\"font-size:48px;\"><span>Parkering Tuborg Havnevej<\/span><\/h1><div class=\"section-divide-line divide-line text-left\"><span style=\"width:90px; height:1px; background-color:#3ea635\"><\/span><\/div><\/div>[\/vc_column][\/vc_row][vc_row][vc_column][vc_column_text]<span style=\"font-weight: 400;\">P\u00e5 Tuborg Havnevej finder du et par reserverede parkeringspladser, der g\u00f8r det let for dig som bruger af GreenMobility at bes\u00f8ge de n\u00e6rliggende omr\u00e5der. T\u00e6t p\u00e5 Strandvejen, den indbydende Svanem\u00f8llestrand og den frodige Ryvangen Naturpark, kan du nyde godt af de gratis parkeringspladser, som du f\u00e5r adgang til som GreenMobility-bruger. Det giver dig friheden til at udforske disse sk\u00f8nne omr\u00e5der i dit eget tempo, uden at skulle bekymre dig om besv\u00e6ret, der f\u00f8lger med at eje en bil.<\/span><\/p>\n<p><span style=\"font-weight: 400;\">Ved at benytte dig af GreenMobility kan du nemt tage p\u00e5 udflugt til det nordlige \u00d8sterbro med parkering p\u00e5 Tuborg Havnevej og opleve alt fra by, natur og strand. Med fleksibel timebaseret leje kan du navigere K\u00f8benhavns charmerende gader og str\u00e6der og samtidig g\u00f8re dit bes\u00f8g mere b\u00e6redygtigt og milj\u00f8venligt. S\u00e6t dig bag rattet og lad dig blive betaget af de mange oplevelser, der venter i omr\u00e5det omkring Tuborg Havnevej.<\/span><\/p>\n<p><strong>Kig efter P ikonet midt p\u00e5 kortet<\/strong>[\/vc_column_text][vc_row_inner][vc_column_inner][vc_column_text]<iframe data-src=\"https:\/\/www.google.com\/maps\/d\/embed?mid=1H01o-Lp3MPdgrP8-PiAZ7RZyuxaMQKY&amp;ehbc=2E312F\" width=\"100%\" height=\"480\" src=\"data:image\/svg+xml;base64,PHN2ZyB3aWR0aD0iMSIgaGVpZ2h0PSIxIiB4bWxucz0iaHR0cDovL3d3dy53My5vcmcvMjAwMC9zdmciPjwvc3ZnPg==\" class=\"lazyload\" data-load-mode=\"1\"><\/iframe>[\/vc_column_text][\/vc_column_inner][\/vc_row_inner][\/vc_column][\/vc_row][vc_row][vc_column][vc_custom_heading text=&#8221;GreenMobility Hotspot parkering p\u00e5 Tuborg Havnevej&#8221; google_fonts=&#8221;font_family:Open%20Sans%3A300%2C300italic%2Cregular%2Citalic%2C600%2C600italic%2C700%2C700italic%2C800%2C800italic|font_style:400%20regular%3A400%3Anormal&#8221;][vc_column_text]<span style=\"font-weight: 400;\">P\u00e5 <a href=\"https:\/\/www.greenmobility.com\/dk\/da\/hotspots\/parkering-oesterbro\/\">\u00d8sterbro finder du vores Hotspot<\/a> ved Implement p\u00e5 Tuborg Havnevej, som tilbyder gratis VIP-parkering for alle, der k\u00f8rer med GreenMobility. Med dedikerede parkeringspladser i dette omr\u00e5de f\u00e5r du nem og bekvem adgang til de mange attraktioner og naturomr\u00e5der n\u00e6r Tuborg Havnevej.<\/span><\/p>\n<p><span style=\"font-weight: 400;\">Uanset om du er ude at shoppe, bes\u00f8ge en caf\u00e9 eller tage en tur gennem \u00d8sterbro, kan du parkere din GreenMobility-elbil uden besv\u00e6r. Skulle du f\u00e5 brug for at finde en elbil et andet sted i byen, er det let at benytte GreenMobility-appen til hurtigt at finde en ledig elbil i n\u00e6rheden, der kan hj\u00e6lpe dig videre p\u00e5 din vej.<\/span><\/p>\n<p><span style=\"font-weight: 400;\">Sammenfattende g\u00f8r GreenMobilitys Hotspots parkering ved Tuborg Havnevej p\u00e5 \u00d8sterbro det nemt og bekvemt at parkere og udforske det charmerende omr\u00e5de i K\u00f8benhavn.\u00a0<\/span><\/p>\n<p><a href=\"https:\/\/www.greenmobility.com\/dk\/da\/saadan-virker-det\/\"><span style=\"font-weight: 400;\"><span style=\"color: #3ea635;\">Kom i gang med Green Mobility<\/span><\/span><\/a><span style=\"font-weight: 400;\"> og oplev den frihed og b\u00e6redygtighed, der f\u00f8lger med at k\u00f8re gr\u00f8nt i byen.<\/span>[\/vc_column_text][vc_empty_space height=&#8221;60px&#8221;][\/vc_column][\/vc_row][vc_row][vc_column][vc_custom_heading text=&#8221;Parkering Strandvejen&#8221; font_container=&#8221;tag:h3|text_align:left&#8221; google_fonts=&#8221;font_family:Open%20Sans%3A300%2C300italic%2Cregular%2Citalic%2C600%2C600italic%2C700%2C700italic%2C800%2C800italic|font_style:400%20regular%3A400%3Anormal&#8221;][vc_column_text]<span style=\"font-weight: 400;\">Skal du et smut til Strandvejen eller \u00d8sterbro, kan du nemt parkere p\u00e5 Hotspottet p\u00e5 Tuborg Havnevej, hvor vi har to parkeringspladser, der er reserveret til GreenMobility. Er pladserne optaget, er det desv\u00e6rre ikke tilladt at parkere p\u00e5 en plads i n\u00e6rheden.<\/span><\/p>\n<p><span style=\"font-weight: 400;\">I stedet henviser vi til en offentlig parkeringsplads i n\u00e6rheden af Strandvejen eller Tuborg Havnevej, hvor du ogs\u00e5 frit kan stille din GreenMobility-elbil her. Husk blot, at hvis der er tidsbegr\u00e6nsning p\u00e5 pladsen, skal der v\u00e6re mindst 2 timers parkering alle dage hele d\u00f8gnet.<\/span>[\/vc_column_text][vc_empty_space height=&#8221;60px&#8221;][\/vc_column][\/vc_row][vc_row][vc_column][vc_custom_heading text=&#8221;Adresse for Hotspot p\u00e5 Tuborg Havnevej&#8221; google_fonts=&#8221;font_family:Open%20Sans%3A300%2C300italic%2Cregular%2Citalic%2C600%2C600italic%2C700%2C700italic%2C800%2C800italic|font_style:400%20regular%3A400%3Anormal&#8221;][vc_column_text]<span style=\"font-weight: 400;\">Adressen for GreenMobilitys parkeringsplads p\u00e5 Tuborg Havnevej er: Tuborg Havnevej 2, 2900 Hellerup.<\/span>[\/vc_column_text][vc_empty_space height=&#8221;60px&#8221;][\/vc_column][\/vc_row][vc_row][vc_column][vc_custom_heading text=&#8221;Se vores Hotspot pladser p\u00e5 \u00d8sterbro&#8221; font_container=&#8221;tag:h3|text_align:left&#8221; google_fonts=&#8221;font_family:Open%20Sans%3A300%2C300italic%2Cregular%2Citalic%2C600%2C600italic%2C700%2C700italic%2C800%2C800italic|font_style:400%20regular%3A400%3Anormal&#8221;][vc_column_text]<\/p>\n<ul>\n<li style=\"font-weight: 400;\" aria-level=\"1\"><a href=\"https:\/\/www.greenmobility.com\/dk\/da\/hotspots\/parkering-nordhavn\/\"><span style=\"font-weight: 400;\">AP Pension, Nordhavn<\/span><\/a><\/li>\n<li style=\"font-weight: 400;\" aria-level=\"1\"><a href=\"https:\/\/www.greenmobility.com\/dk\/da\/hotspots\/parkering-nordhavn-konditaget-lueders\/\"><span style=\"font-weight: 400;\">L\u00fcders, Nordhavn<\/span><\/a><\/li>\n<li style=\"font-weight: 400;\" aria-level=\"1\"><span style=\"font-weight: 400;\">Implement, Tuborg Havnevej<\/span><\/li>\n<\/ul>\n<p>[\/vc_column_text][vc_empty_space height=&#8221;60px&#8221;][\/vc_column][\/vc_row]<\/p>\n<\/div>","protected":false},"excerpt":{"rendered":"<p>[vc_row][vc_column][vc_empty_space][\/vc_column][\/vc_row][vc_row][vc_column][vc_column_text]P\u00e5 Tuborg Havnevej finder du et par reserverede parkeringspladser, der g\u00f8r det let for dig som bruger af GreenMobility at bes\u00f8ge de n\u00e6rliggende omr\u00e5der. T\u00e6t p\u00e5 Strandvejen, den indbydende Svanem\u00f8llestrand og den frodige Ryvangen Naturpark, kan du nyde godt af de gratis parkeringspladser, som du f\u00e5r adgang til som GreenMobility-bruger. Det giver dig friheden til [&hellip;]<\/p>\n","protected":false},"author":38,"featured_media":0,"parent":1734,"menu_order":0,"comment_status":"closed","ping_status":"closed","template":"","meta":{"om_disable_all_campaigns":false,"footnotes":"","_links_to":"","_links_to_target":""},"class_list":["post-5549","page","type-page","status-publish","hentry"],"yoast_head":"<!-- This site is optimized with the Yoast SEO plugin v27.3 - https:\/\/yoast.com\/product\/yoast-seo-wordpress\/ -->\n<title>Gratis Parkering p\u00e5 Tuborg Havnevej | GreenMobility<\/title>\n<meta name=\"description\" content=\"Oplev \u00d8sterbro med GreenMobilitys Hotspot parkering p\u00e5 Tuborg Havnevej. Gratis VIP-parkering t\u00e6t p\u00e5 Strandvejen og naturperler.\" \/>\n<meta name=\"robots\" content=\"index, follow, max-snippet:-1, max-image-preview:large, max-video-preview:-1\" \/>\n<link rel=\"canonical\" href=\"https:\/\/www.greenmobility.com\/dk\/da\/hotspots\/parkering-tuborg-havnevej\/\" \/>\n<meta property=\"og:locale\" content=\"da_DK\" \/>\n<meta property=\"og:type\" content=\"article\" \/>\n<meta property=\"og:title\" content=\"Gratis Parkering p\u00e5 Tuborg Havnevej | GreenMobility\" \/>\n<meta property=\"og:description\" content=\"Oplev \u00d8sterbro med GreenMobilitys Hotspot parkering p\u00e5 Tuborg Havnevej. Gratis VIP-parkering t\u00e6t p\u00e5 Strandvejen og naturperler.\" \/>\n<meta property=\"og:url\" content=\"https:\/\/www.greenmobility.com\/dk\/da\/hotspots\/parkering-tuborg-havnevej\/\" \/>\n<meta property=\"og:site_name\" content=\"GreenMobility Denmark\" \/>\n<meta property=\"article:modified_time\" content=\"2025-08-18T07:19:41+00:00\" \/>\n<meta name=\"twitter:card\" content=\"summary_large_image\" \/>\n<meta name=\"twitter:label1\" content=\"Estimeret l\u00e6setid\" \/>\n\t<meta name=\"twitter:data1\" content=\"2 minutter\" \/>\n<script type=\"application\/ld+json\" class=\"yoast-schema-graph\">{\"@context\":\"https:\\\/\\\/schema.org\",\"@graph\":[{\"@type\":\"WebPage\",\"@id\":\"https:\\\/\\\/www.greenmobility.com\\\/dk\\\/da\\\/hotspots\\\/parkering-tuborg-havnevej\\\/\",\"url\":\"https:\\\/\\\/www.greenmobility.com\\\/dk\\\/da\\\/hotspots\\\/parkering-tuborg-havnevej\\\/\",\"name\":\"Gratis Parkering p\u00e5 Tuborg Havnevej | GreenMobility\",\"isPartOf\":{\"@id\":\"https:\\\/\\\/www.greenmobility.com\\\/dk\\\/da\\\/#website\"},\"datePublished\":\"2023-04-27T13:42:52+00:00\",\"dateModified\":\"2025-08-18T07:19:41+00:00\",\"description\":\"Oplev \u00d8sterbro med GreenMobilitys Hotspot parkering p\u00e5 Tuborg Havnevej. Gratis VIP-parkering t\u00e6t p\u00e5 Strandvejen og naturperler.\",\"breadcrumb\":{\"@id\":\"https:\\\/\\\/www.greenmobility.com\\\/dk\\\/da\\\/hotspots\\\/parkering-tuborg-havnevej\\\/#breadcrumb\"},\"inLanguage\":\"da-DK\",\"potentialAction\":[{\"@type\":\"ReadAction\",\"target\":[\"https:\\\/\\\/www.greenmobility.com\\\/dk\\\/da\\\/hotspots\\\/parkering-tuborg-havnevej\\\/\"]}]},{\"@type\":\"BreadcrumbList\",\"@id\":\"https:\\\/\\\/www.greenmobility.com\\\/dk\\\/da\\\/hotspots\\\/parkering-tuborg-havnevej\\\/#breadcrumb\",\"itemListElement\":[{\"@type\":\"ListItem\",\"position\":1,\"name\":\"Home\",\"item\":\"https:\\\/\\\/www.greenmobility.com\\\/dk\\\/da\\\/\"},{\"@type\":\"ListItem\",\"position\":2,\"name\":\"Hotspots\",\"item\":\"https:\\\/\\\/www.greenmobility.com\\\/dk\\\/da\\\/hotspots\\\/\"},{\"@type\":\"ListItem\",\"position\":3,\"name\":\"Parkering Tuborg Havnevej\"}]},{\"@type\":\"WebSite\",\"@id\":\"https:\\\/\\\/www.greenmobility.com\\\/dk\\\/da\\\/#website\",\"url\":\"https:\\\/\\\/www.greenmobility.com\\\/dk\\\/da\\\/\",\"name\":\"GreenMobility Denmark\",\"description\":\"\",\"publisher\":{\"@id\":\"https:\\\/\\\/www.greenmobility.com\\\/dk\\\/da\\\/#organization\"},\"potentialAction\":[{\"@type\":\"SearchAction\",\"target\":{\"@type\":\"EntryPoint\",\"urlTemplate\":\"https:\\\/\\\/www.greenmobility.com\\\/dk\\\/da\\\/?s={search_term_string}\"},\"query-input\":{\"@type\":\"PropertyValueSpecification\",\"valueRequired\":true,\"valueName\":\"search_term_string\"}}],\"inLanguage\":\"da-DK\"},{\"@type\":\"Organization\",\"@id\":\"https:\\\/\\\/www.greenmobility.com\\\/dk\\\/da\\\/#organization\",\"name\":\"GreenMobility\",\"url\":\"https:\\\/\\\/www.greenmobility.com\\\/dk\\\/da\\\/\",\"logo\":{\"@type\":\"ImageObject\",\"inLanguage\":\"da-DK\",\"@id\":\"https:\\\/\\\/www.greenmobility.com\\\/dk\\\/da\\\/#\\\/schema\\\/logo\\\/image\\\/\",\"url\":\"https:\\\/\\\/www.greenmobility.com\\\/dk\\\/wp-content\\\/uploads\\\/sites\\\/9\\\/2021\\\/06\\\/logo-EM-DK.png\",\"contentUrl\":\"https:\\\/\\\/www.greenmobility.com\\\/dk\\\/wp-content\\\/uploads\\\/sites\\\/9\\\/2021\\\/06\\\/logo-EM-DK.png\",\"width\":3125,\"height\":788,\"caption\":\"GreenMobility\"},\"image\":{\"@id\":\"https:\\\/\\\/www.greenmobility.com\\\/dk\\\/da\\\/#\\\/schema\\\/logo\\\/image\\\/\"}}]}<\/script>\n<!-- \/ Yoast SEO plugin. -->","yoast_head_json":{"title":"Gratis Parkering p\u00e5 Tuborg Havnevej | GreenMobility","description":"Oplev \u00d8sterbro med GreenMobilitys Hotspot parkering p\u00e5 Tuborg Havnevej. Gratis VIP-parkering t\u00e6t p\u00e5 Strandvejen og naturperler.","robots":{"index":"index","follow":"follow","max-snippet":"max-snippet:-1","max-image-preview":"max-image-preview:large","max-video-preview":"max-video-preview:-1"},"canonical":"https:\/\/www.greenmobility.com\/dk\/da\/hotspots\/parkering-tuborg-havnevej\/","og_locale":"da_DK","og_type":"article","og_title":"Gratis Parkering p\u00e5 Tuborg Havnevej | GreenMobility","og_description":"Oplev \u00d8sterbro med GreenMobilitys Hotspot parkering p\u00e5 Tuborg Havnevej. Gratis VIP-parkering t\u00e6t p\u00e5 Strandvejen og naturperler.","og_url":"https:\/\/www.greenmobility.com\/dk\/da\/hotspots\/parkering-tuborg-havnevej\/","og_site_name":"GreenMobility Denmark","article_modified_time":"2025-08-18T07:19:41+00:00","twitter_card":"summary_large_image","twitter_misc":{"Estimeret l\u00e6setid":"2 minutter"},"schema":{"@context":"https:\/\/schema.org","@graph":[{"@type":"WebPage","@id":"https:\/\/www.greenmobility.com\/dk\/da\/hotspots\/parkering-tuborg-havnevej\/","url":"https:\/\/www.greenmobility.com\/dk\/da\/hotspots\/parkering-tuborg-havnevej\/","name":"Gratis Parkering p\u00e5 Tuborg Havnevej | GreenMobility","isPartOf":{"@id":"https:\/\/www.greenmobility.com\/dk\/da\/#website"},"datePublished":"2023-04-27T13:42:52+00:00","dateModified":"2025-08-18T07:19:41+00:00","description":"Oplev \u00d8sterbro med GreenMobilitys Hotspot parkering p\u00e5 Tuborg Havnevej. Gratis VIP-parkering t\u00e6t p\u00e5 Strandvejen og naturperler.","breadcrumb":{"@id":"https:\/\/www.greenmobility.com\/dk\/da\/hotspots\/parkering-tuborg-havnevej\/#breadcrumb"},"inLanguage":"da-DK","potentialAction":[{"@type":"ReadAction","target":["https:\/\/www.greenmobility.com\/dk\/da\/hotspots\/parkering-tuborg-havnevej\/"]}]},{"@type":"BreadcrumbList","@id":"https:\/\/www.greenmobility.com\/dk\/da\/hotspots\/parkering-tuborg-havnevej\/#breadcrumb","itemListElement":[{"@type":"ListItem","position":1,"name":"Home","item":"https:\/\/www.greenmobility.com\/dk\/da\/"},{"@type":"ListItem","position":2,"name":"Hotspots","item":"https:\/\/www.greenmobility.com\/dk\/da\/hotspots\/"},{"@type":"ListItem","position":3,"name":"Parkering Tuborg Havnevej"}]},{"@type":"WebSite","@id":"https:\/\/www.greenmobility.com\/dk\/da\/#website","url":"https:\/\/www.greenmobility.com\/dk\/da\/","name":"GreenMobility Denmark","description":"","publisher":{"@id":"https:\/\/www.greenmobility.com\/dk\/da\/#organization"},"potentialAction":[{"@type":"SearchAction","target":{"@type":"EntryPoint","urlTemplate":"https:\/\/www.greenmobility.com\/dk\/da\/?s={search_term_string}"},"query-input":{"@type":"PropertyValueSpecification","valueRequired":true,"valueName":"search_term_string"}}],"inLanguage":"da-DK"},{"@type":"Organization","@id":"https:\/\/www.greenmobility.com\/dk\/da\/#organization","name":"GreenMobility","url":"https:\/\/www.greenmobility.com\/dk\/da\/","logo":{"@type":"ImageObject","inLanguage":"da-DK","@id":"https:\/\/www.greenmobility.com\/dk\/da\/#\/schema\/logo\/image\/","url":"https:\/\/www.greenmobility.com\/dk\/wp-content\/uploads\/sites\/9\/2021\/06\/logo-EM-DK.png","contentUrl":"https:\/\/www.greenmobility.com\/dk\/wp-content\/uploads\/sites\/9\/2021\/06\/logo-EM-DK.png","width":3125,"height":788,"caption":"GreenMobility"},"image":{"@id":"https:\/\/www.greenmobility.com\/dk\/da\/#\/schema\/logo\/image\/"}}]}},"_links":{"self":[{"href":"https:\/\/www.greenmobility.com\/dk\/da\/wp-json\/wp\/v2\/pages\/5549","targetHints":{"allow":["GET"]}}],"collection":[{"href":"https:\/\/www.greenmobility.com\/dk\/da\/wp-json\/wp\/v2\/pages"}],"about":[{"href":"https:\/\/www.greenmobility.com\/dk\/da\/wp-json\/wp\/v2\/types\/page"}],"author":[{"embeddable":true,"href":"https:\/\/www.greenmobility.com\/dk\/da\/wp-json\/wp\/v2\/users\/38"}],"replies":[{"embeddable":true,"href":"https:\/\/www.greenmobility.com\/dk\/da\/wp-json\/wp\/v2\/comments?post=5549"}],"version-history":[{"count":0,"href":"https:\/\/www.greenmobility.com\/dk\/da\/wp-json\/wp\/v2\/pages\/5549\/revisions"}],"up":[{"embeddable":true,"href":"https:\/\/www.greenmobility.com\/dk\/da\/wp-json\/wp\/v2\/pages\/1734"}],"wp:attachment":[{"href":"https:\/\/www.greenmobility.com\/dk\/da\/wp-json\/wp\/v2\/media?parent=5549"}],"curies":[{"name":"wp","href":"https:\/\/api.w.org\/{rel}","templated":true}]}}