{"id":5546,"date":"2023-04-27T14:29:33","date_gmt":"2023-04-27T13:29:33","guid":{"rendered":"https:\/\/www.greenmobility.com\/dk\/?page_id=5546"},"modified":"2025-08-19T13:46:49","modified_gmt":"2025-08-19T12:46:49","slug":"parkering-nordhavn-konditaget-lueders","status":"publish","type":"page","link":"https:\/\/www.greenmobility.com\/dk\/da\/hotspots\/parkering-nordhavn-konditaget-lueders\/","title":{"rendered":"Parkering Nordhavn Konditaget L\u00fcders"},"content":{"rendered":"<div class=\"wpb-content-wrapper\"><p>[vc_row][vc_column][vc_empty_space]<div class=\" agni-section-heading text-left ihda\" ><h1 class=\"section-heading-text \" style=\"font-size:48px;\"><span>Parkering Nordhavn: Konditaget L\u00fcders<\/span><\/h1><div class=\"section-divide-line divide-line text-left\"><span style=\"width:90px; height:1px; background-color:#3ea635\"><\/span><\/div><\/div>[\/vc_column][\/vc_row][vc_row][vc_column][vc_column_text]<span style=\"font-weight: 400;\">Parkering i Nordhavn p\u00e5 Konditaget L\u00fcders er et popul\u00e6rt m\u00e5l for udflugter p\u00e5 \u00d8sterbro. Og omr\u00e5det omkring er sk\u00f8nt og byder p\u00e5 restauranter, caf\u00e9er og hyggelige steder at slappe af langs Sandkajen ved Nordhavn Bassin.<\/span><\/p>\n<p><span style=\"font-weight: 400;\">Kom nemt frem og nyd alle de fremragende oplevelser, der ligger og venter p\u00e5 \u00d8sterbro og omr\u00e5det omkring Nordhavn med en elbil og gratis parkering med GreenMobility.<\/span><\/p>\n<p><span style=\"font-weight: 400;\">P\u00e5 denne side finder du information om de praktiske parkeringsmuligheder, der er tilg\u00e6ngelige for dig som bruger af GreenMobility med <a href=\"https:\/\/www.greenmobility.com\/dk\/da\/hotspots\/parkering-oesterbro\/\">parkering ved i Nordhavn ved \u00d8sterbro<\/a>.\u00a0<\/span><\/p>\n<p><strong>Kig efter P ikonet midt p\u00e5 kortet<\/strong>[\/vc_column_text][vc_row_inner][vc_column_inner][vc_column_text]<iframe data-src=\"https:\/\/www.google.com\/maps\/d\/embed?mid=127wKR5Ev6xEbNdyqh3HrM8kquf7ByhA&amp;ehbc=2E312F\" width=\"100%\" height=\"480\" src=\"data:image\/svg+xml;base64,PHN2ZyB3aWR0aD0iMSIgaGVpZ2h0PSIxIiB4bWxucz0iaHR0cDovL3d3dy53My5vcmcvMjAwMC9zdmciPjwvc3ZnPg==\" class=\"lazyload\" data-load-mode=\"1\"><\/iframe>[\/vc_column_text][\/vc_column_inner][\/vc_row_inner][\/vc_column][\/vc_row][vc_row][vc_column][vc_custom_heading text=&#8221;GreenMobility Hotspot parkering i Nordhavn i L\u00fcders&#8221; google_fonts=&#8221;font_family:Open%20Sans%3A300%2C300italic%2Cregular%2Citalic%2C600%2C600italic%2C700%2C700italic%2C800%2C800italic|font_style:400%20regular%3A400%3Anormal&#8221;][vc_column_text]<span style=\"font-weight: 400;\">N\u00e5r du skal et smut til \u00d8sterbro, kan du nemt finde parkering t\u00e6t p\u00e5 de hyggelige gader og str\u00e6der eller i omr\u00e5det omkring Nordhavn. Vi har en lang r\u00e6kke Hotspots i GreenMobilitys zone i K\u00f8benhavn, der bl.a. inkluderer parkering ved L\u00fcders, hvor du kan nyde godt af VIP-parkering, n\u00e5r du benytter dig afvores elbiler.\u00a0<\/span><\/p>\n<p><span style=\"font-weight: 400;\">Parkerer du i parkeringshuset L\u00fcders har du kort afstand til alt, hvad sk\u00f8nne \u00d8sterbro har at byde p\u00e5, uden at du skal bekymre dig om, hvor meget tid du har tilbage p\u00e5 din parkering.\u00a0<\/span><\/p>\n<p><span style=\"font-weight: 400;\">Kom nemt i gang med GreenMobility og nyd godt af vores nemme og milj\u00f8venlige delebilstjeneste.<\/span>[\/vc_column_text][vc_empty_space height=&#8221;60px&#8221;][\/vc_column][\/vc_row][vc_row][vc_column][vc_custom_heading text=&#8221;Parker nemt og bekvemt i L\u00fcders i Nordhavn&#8221; google_fonts=&#8221;font_family:Open%20Sans%3A300%2C300italic%2Cregular%2Citalic%2C600%2C600italic%2C700%2C700italic%2C800%2C800italic|font_style:400%20regular%3A400%3Anormal&#8221;][vc_column_text]<span style=\"font-weight: 400;\">Skal du ligge vejen forbi \u00d8sterbro eller Nordhavn, kan du finde parkering t\u00e6t p\u00e5 alt, hvad \u00d8sterbro har at byde ved L\u00fcders p\u00e5 i Nordhavn. Du skal blot k\u00f8re ind og op p\u00e5 2. sal af parkeringshuset L\u00fcders i Nordhavn, hvor du finder dine VIP-parkeringspladser. Pladserne er markeret med GreenMobility-skilte. Bilen skal s\u00e6ttes til opladning, ellers f\u00e5r du en P-b\u00f8de. Er pladserne optaget, kan du parkere p\u00e5 en ikke-reserveret plads i n\u00e6rheden, dog ikke p\u00e5 en af pladserne til elbiler. Du m\u00e5 heller ikke parkere p\u00e5 1. sal.\u00a0<\/span><\/p>\n<p><span style=\"font-weight: 400;\">Finder du en offentlig parkeringsplads et sted p\u00e5 \u00d8sterbro eller i Nordhavn, mens du er p\u00e5 vej til L\u00fcders, kan du frit parkere her med din GreenMobility-elbil. Du skal dog v\u00e6re opm\u00e6rksom p\u00e5, at pladsen mindst tillader 2 timers parkering hele d\u00f8gnet alle dage, for at du kan parkere gratis med GreenMobility.<\/span>[\/vc_column_text][vc_empty_space height=&#8221;60px&#8221;][\/vc_column][\/vc_row][vc_row][vc_column][vc_custom_heading text=&#8221;Adresse p\u00e5 parkering i Nordhavn i parkeringshuset L\u00fcders&#8221; google_fonts=&#8221;font_family:Open%20Sans%3A300%2C300italic%2Cregular%2Citalic%2C600%2C600italic%2C700%2C700italic%2C800%2C800italic|font_style:400%20regular%3A400%3Anormal&#8221;][vc_column_text]<span style=\"font-weight: 400;\">Adressen for Hotspot parkering i L\u00fcders er: Helsinkigade 28, 2150 K\u00f8benhavn<\/span>[\/vc_column_text][vc_empty_space height=&#8221;60px&#8221;][\/vc_column][\/vc_row][vc_row][vc_column][vc_custom_heading text=&#8221;Se vores Hotspot pladser p\u00e5 \u00d8sterbro&#8221; font_container=&#8221;tag:h3|text_align:left&#8221; google_fonts=&#8221;font_family:Open%20Sans%3A300%2C300italic%2Cregular%2Citalic%2C600%2C600italic%2C700%2C700italic%2C800%2C800italic|font_style:400%20regular%3A400%3Anormal&#8221;][vc_column_text]<\/p>\n<ul>\n<li style=\"font-weight: 400;\" aria-level=\"1\"><a href=\"https:\/\/www.greenmobility.com\/dk\/da\/hotspots\/parkering-nordhavn\/\"><span style=\"font-weight: 400;\">AP Pension, Nordhavn<\/span><\/a><\/li>\n<li style=\"font-weight: 400;\" aria-level=\"1\"><span style=\"font-weight: 400;\">L\u00fcders, Nordhavn<\/span><\/li>\n<li style=\"font-weight: 400;\" aria-level=\"1\"><a href=\"https:\/\/www.greenmobility.com\/dk\/da\/hotspots\/parkering-tuborg-havnevej\/\"><span style=\"font-weight: 400;\">Implement, Tuborg Havnevej<\/span><\/a><\/li>\n<\/ul>\n<p>[\/vc_column_text][vc_empty_space height=&#8221;60px&#8221;][\/vc_column][\/vc_row]<\/p>\n<\/div>","protected":false},"excerpt":{"rendered":"<p>[vc_row][vc_column][vc_empty_space][\/vc_column][\/vc_row][vc_row][vc_column][vc_column_text]Parkering i Nordhavn p\u00e5 Konditaget L\u00fcders er et popul\u00e6rt m\u00e5l for udflugter p\u00e5 \u00d8sterbro. Og omr\u00e5det omkring er sk\u00f8nt og byder p\u00e5 restauranter, caf\u00e9er og hyggelige steder at slappe af langs Sandkajen ved Nordhavn Bassin. Kom nemt frem og nyd alle de fremragende oplevelser, der ligger og venter p\u00e5 \u00d8sterbro og omr\u00e5det omkring Nordhavn med [&hellip;]<\/p>\n","protected":false},"author":38,"featured_media":0,"parent":1734,"menu_order":0,"comment_status":"closed","ping_status":"closed","template":"","meta":{"om_disable_all_campaigns":false,"footnotes":"","_links_to":"","_links_to_target":""},"class_list":["post-5546","page","type-page","status-publish","hentry"],"yoast_head":"<!-- This site is optimized with the Yoast SEO plugin v27.3 - https:\/\/yoast.com\/product\/yoast-seo-wordpress\/ -->\n<title>Parkering i Nordhavn i Konditaget L\u00fcders med GreenMobility<\/title>\n<meta name=\"description\" content=\"F\u00e5 nem parkering i Nordhavn i Konditaget L\u00fcders med GreenMobility. Finde VIP-parkeringspladser med gratis parkering i mindst 2 timer alle dage.\" \/>\n<meta name=\"robots\" content=\"index, follow, max-snippet:-1, max-image-preview:large, max-video-preview:-1\" \/>\n<link rel=\"canonical\" href=\"https:\/\/www.greenmobility.com\/dk\/da\/hotspots\/parkering-nordhavn-konditaget-lueders\/\" \/>\n<meta property=\"og:locale\" content=\"da_DK\" \/>\n<meta property=\"og:type\" content=\"article\" \/>\n<meta property=\"og:title\" content=\"Parkering i Nordhavn i Konditaget L\u00fcders med GreenMobility\" \/>\n<meta property=\"og:description\" content=\"F\u00e5 nem parkering i Nordhavn i Konditaget L\u00fcders med GreenMobility. Finde VIP-parkeringspladser med gratis parkering i mindst 2 timer alle dage.\" \/>\n<meta property=\"og:url\" content=\"https:\/\/www.greenmobility.com\/dk\/da\/hotspots\/parkering-nordhavn-konditaget-lueders\/\" \/>\n<meta property=\"og:site_name\" content=\"GreenMobility Denmark\" \/>\n<meta property=\"article:modified_time\" content=\"2025-08-19T12:46:49+00:00\" \/>\n<meta name=\"twitter:card\" content=\"summary_large_image\" \/>\n<meta name=\"twitter:label1\" content=\"Estimeret l\u00e6setid\" \/>\n\t<meta name=\"twitter:data1\" content=\"2 minutter\" \/>\n<script type=\"application\/ld+json\" class=\"yoast-schema-graph\">{\"@context\":\"https:\\\/\\\/schema.org\",\"@graph\":[{\"@type\":\"WebPage\",\"@id\":\"https:\\\/\\\/www.greenmobility.com\\\/dk\\\/da\\\/hotspots\\\/parkering-nordhavn-konditaget-lueders\\\/\",\"url\":\"https:\\\/\\\/www.greenmobility.com\\\/dk\\\/da\\\/hotspots\\\/parkering-nordhavn-konditaget-lueders\\\/\",\"name\":\"Parkering i Nordhavn i Konditaget L\u00fcders med GreenMobility\",\"isPartOf\":{\"@id\":\"https:\\\/\\\/www.greenmobility.com\\\/dk\\\/da\\\/#website\"},\"datePublished\":\"2023-04-27T13:29:33+00:00\",\"dateModified\":\"2025-08-19T12:46:49+00:00\",\"description\":\"F\u00e5 nem parkering i Nordhavn i Konditaget L\u00fcders med GreenMobility. Finde VIP-parkeringspladser med gratis parkering i mindst 2 timer alle dage.\",\"breadcrumb\":{\"@id\":\"https:\\\/\\\/www.greenmobility.com\\\/dk\\\/da\\\/hotspots\\\/parkering-nordhavn-konditaget-lueders\\\/#breadcrumb\"},\"inLanguage\":\"da-DK\",\"potentialAction\":[{\"@type\":\"ReadAction\",\"target\":[\"https:\\\/\\\/www.greenmobility.com\\\/dk\\\/da\\\/hotspots\\\/parkering-nordhavn-konditaget-lueders\\\/\"]}]},{\"@type\":\"BreadcrumbList\",\"@id\":\"https:\\\/\\\/www.greenmobility.com\\\/dk\\\/da\\\/hotspots\\\/parkering-nordhavn-konditaget-lueders\\\/#breadcrumb\",\"itemListElement\":[{\"@type\":\"ListItem\",\"position\":1,\"name\":\"Home\",\"item\":\"https:\\\/\\\/www.greenmobility.com\\\/dk\\\/da\\\/\"},{\"@type\":\"ListItem\",\"position\":2,\"name\":\"Hotspots\",\"item\":\"https:\\\/\\\/www.greenmobility.com\\\/dk\\\/da\\\/hotspots\\\/\"},{\"@type\":\"ListItem\",\"position\":3,\"name\":\"Parkering Nordhavn Konditaget L\u00fcders\"}]},{\"@type\":\"WebSite\",\"@id\":\"https:\\\/\\\/www.greenmobility.com\\\/dk\\\/da\\\/#website\",\"url\":\"https:\\\/\\\/www.greenmobility.com\\\/dk\\\/da\\\/\",\"name\":\"GreenMobility Denmark\",\"description\":\"\",\"publisher\":{\"@id\":\"https:\\\/\\\/www.greenmobility.com\\\/dk\\\/da\\\/#organization\"},\"potentialAction\":[{\"@type\":\"SearchAction\",\"target\":{\"@type\":\"EntryPoint\",\"urlTemplate\":\"https:\\\/\\\/www.greenmobility.com\\\/dk\\\/da\\\/?s={search_term_string}\"},\"query-input\":{\"@type\":\"PropertyValueSpecification\",\"valueRequired\":true,\"valueName\":\"search_term_string\"}}],\"inLanguage\":\"da-DK\"},{\"@type\":\"Organization\",\"@id\":\"https:\\\/\\\/www.greenmobility.com\\\/dk\\\/da\\\/#organization\",\"name\":\"GreenMobility\",\"url\":\"https:\\\/\\\/www.greenmobility.com\\\/dk\\\/da\\\/\",\"logo\":{\"@type\":\"ImageObject\",\"inLanguage\":\"da-DK\",\"@id\":\"https:\\\/\\\/www.greenmobility.com\\\/dk\\\/da\\\/#\\\/schema\\\/logo\\\/image\\\/\",\"url\":\"https:\\\/\\\/www.greenmobility.com\\\/dk\\\/wp-content\\\/uploads\\\/sites\\\/9\\\/2021\\\/06\\\/logo-EM-DK.png\",\"contentUrl\":\"https:\\\/\\\/www.greenmobility.com\\\/dk\\\/wp-content\\\/uploads\\\/sites\\\/9\\\/2021\\\/06\\\/logo-EM-DK.png\",\"width\":3125,\"height\":788,\"caption\":\"GreenMobility\"},\"image\":{\"@id\":\"https:\\\/\\\/www.greenmobility.com\\\/dk\\\/da\\\/#\\\/schema\\\/logo\\\/image\\\/\"}}]}<\/script>\n<!-- \/ Yoast SEO plugin. -->","yoast_head_json":{"title":"Parkering i Nordhavn i Konditaget L\u00fcders med GreenMobility","description":"F\u00e5 nem parkering i Nordhavn i Konditaget L\u00fcders med GreenMobility. Finde VIP-parkeringspladser med gratis parkering i mindst 2 timer alle dage.","robots":{"index":"index","follow":"follow","max-snippet":"max-snippet:-1","max-image-preview":"max-image-preview:large","max-video-preview":"max-video-preview:-1"},"canonical":"https:\/\/www.greenmobility.com\/dk\/da\/hotspots\/parkering-nordhavn-konditaget-lueders\/","og_locale":"da_DK","og_type":"article","og_title":"Parkering i Nordhavn i Konditaget L\u00fcders med GreenMobility","og_description":"F\u00e5 nem parkering i Nordhavn i Konditaget L\u00fcders med GreenMobility. Finde VIP-parkeringspladser med gratis parkering i mindst 2 timer alle dage.","og_url":"https:\/\/www.greenmobility.com\/dk\/da\/hotspots\/parkering-nordhavn-konditaget-lueders\/","og_site_name":"GreenMobility Denmark","article_modified_time":"2025-08-19T12:46:49+00:00","twitter_card":"summary_large_image","twitter_misc":{"Estimeret l\u00e6setid":"2 minutter"},"schema":{"@context":"https:\/\/schema.org","@graph":[{"@type":"WebPage","@id":"https:\/\/www.greenmobility.com\/dk\/da\/hotspots\/parkering-nordhavn-konditaget-lueders\/","url":"https:\/\/www.greenmobility.com\/dk\/da\/hotspots\/parkering-nordhavn-konditaget-lueders\/","name":"Parkering i Nordhavn i Konditaget L\u00fcders med GreenMobility","isPartOf":{"@id":"https:\/\/www.greenmobility.com\/dk\/da\/#website"},"datePublished":"2023-04-27T13:29:33+00:00","dateModified":"2025-08-19T12:46:49+00:00","description":"F\u00e5 nem parkering i Nordhavn i Konditaget L\u00fcders med GreenMobility. Finde VIP-parkeringspladser med gratis parkering i mindst 2 timer alle dage.","breadcrumb":{"@id":"https:\/\/www.greenmobility.com\/dk\/da\/hotspots\/parkering-nordhavn-konditaget-lueders\/#breadcrumb"},"inLanguage":"da-DK","potentialAction":[{"@type":"ReadAction","target":["https:\/\/www.greenmobility.com\/dk\/da\/hotspots\/parkering-nordhavn-konditaget-lueders\/"]}]},{"@type":"BreadcrumbList","@id":"https:\/\/www.greenmobility.com\/dk\/da\/hotspots\/parkering-nordhavn-konditaget-lueders\/#breadcrumb","itemListElement":[{"@type":"ListItem","position":1,"name":"Home","item":"https:\/\/www.greenmobility.com\/dk\/da\/"},{"@type":"ListItem","position":2,"name":"Hotspots","item":"https:\/\/www.greenmobility.com\/dk\/da\/hotspots\/"},{"@type":"ListItem","position":3,"name":"Parkering Nordhavn Konditaget L\u00fcders"}]},{"@type":"WebSite","@id":"https:\/\/www.greenmobility.com\/dk\/da\/#website","url":"https:\/\/www.greenmobility.com\/dk\/da\/","name":"GreenMobility Denmark","description":"","publisher":{"@id":"https:\/\/www.greenmobility.com\/dk\/da\/#organization"},"potentialAction":[{"@type":"SearchAction","target":{"@type":"EntryPoint","urlTemplate":"https:\/\/www.greenmobility.com\/dk\/da\/?s={search_term_string}"},"query-input":{"@type":"PropertyValueSpecification","valueRequired":true,"valueName":"search_term_string"}}],"inLanguage":"da-DK"},{"@type":"Organization","@id":"https:\/\/www.greenmobility.com\/dk\/da\/#organization","name":"GreenMobility","url":"https:\/\/www.greenmobility.com\/dk\/da\/","logo":{"@type":"ImageObject","inLanguage":"da-DK","@id":"https:\/\/www.greenmobility.com\/dk\/da\/#\/schema\/logo\/image\/","url":"https:\/\/www.greenmobility.com\/dk\/wp-content\/uploads\/sites\/9\/2021\/06\/logo-EM-DK.png","contentUrl":"https:\/\/www.greenmobility.com\/dk\/wp-content\/uploads\/sites\/9\/2021\/06\/logo-EM-DK.png","width":3125,"height":788,"caption":"GreenMobility"},"image":{"@id":"https:\/\/www.greenmobility.com\/dk\/da\/#\/schema\/logo\/image\/"}}]}},"_links":{"self":[{"href":"https:\/\/www.greenmobility.com\/dk\/da\/wp-json\/wp\/v2\/pages\/5546","targetHints":{"allow":["GET"]}}],"collection":[{"href":"https:\/\/www.greenmobility.com\/dk\/da\/wp-json\/wp\/v2\/pages"}],"about":[{"href":"https:\/\/www.greenmobility.com\/dk\/da\/wp-json\/wp\/v2\/types\/page"}],"author":[{"embeddable":true,"href":"https:\/\/www.greenmobility.com\/dk\/da\/wp-json\/wp\/v2\/users\/38"}],"replies":[{"embeddable":true,"href":"https:\/\/www.greenmobility.com\/dk\/da\/wp-json\/wp\/v2\/comments?post=5546"}],"version-history":[{"count":0,"href":"https:\/\/www.greenmobility.com\/dk\/da\/wp-json\/wp\/v2\/pages\/5546\/revisions"}],"up":[{"embeddable":true,"href":"https:\/\/www.greenmobility.com\/dk\/da\/wp-json\/wp\/v2\/pages\/1734"}],"wp:attachment":[{"href":"https:\/\/www.greenmobility.com\/dk\/da\/wp-json\/wp\/v2\/media?parent=5546"}],"curies":[{"name":"wp","href":"https:\/\/api.w.org\/{rel}","templated":true}]}}