{"id":5545,"date":"2023-04-27T14:04:39","date_gmt":"2023-04-27T13:04:39","guid":{"rendered":"https:\/\/www.greenmobility.com\/dk\/?page_id=5545"},"modified":"2025-08-28T12:51:06","modified_gmt":"2025-08-28T11:51:06","slug":"parkering-nordhavn","status":"publish","type":"page","link":"https:\/\/www.greenmobility.com\/dk\/da\/hotspots\/parkering-nordhavn\/","title":{"rendered":"Parkering Nordhavn"},"content":{"rendered":"<div class=\"wpb-content-wrapper\"><p>[vc_row][vc_column][vc_empty_space]<div class=\" agni-section-heading text-left ihda\" ><h1 class=\"section-heading-text \" style=\"font-size:48px;\"><span>Parkering Nordhavn<\/span><\/h1><div class=\"section-divide-line divide-line text-left\"><span style=\"width:90px; height:1px; background-color:#3ea635\"><\/span><\/div><\/div>[\/vc_column][\/vc_row][vc_row][vc_column][vc_column_text]<span style=\"font-weight: 400;\">Nordhavn \u2014 et sp\u00e6ndende omr\u00e5de med masser af muligheder \u2013 byder p\u00e5 nyt og moderne byggeri, hyggelige caf\u00e9er og restauranter og smuk udsigt over havneomr\u00e5det. Men det bedste er, at du kan opleve det hele, n\u00e5r du lejer en elbil med GreenMobility. Med vores elbiler kan du nemt komme rundt i omr\u00e5det uden at skulle bekymre dig om parkeringsudgifterne.<\/span><\/p>\n<p><span style=\"font-weight: 400;\">P\u00e5 denne side finder du information om de praktiske <a href=\"https:\/\/www.greenmobility.com\/dk\/da\/hotspots\/parkering-oesterbro\/\">parkeringsmuligheder, der er tilg\u00e6ngelige som GreenMobility-bruger, n\u00e5r turen g\u00e5r til \u00d8sterbro og Nordhavn<\/a>.<\/span><\/p>\n<p><strong>Kig efter P ikonet midt p\u00e5 kortet<\/strong>[\/vc_column_text][vc_row_inner][vc_column_inner][vc_column_text]<iframe data-src=\"https:\/\/www.google.com\/maps\/d\/embed?mid=10064xwdEHmvi2ra6868f_zcm11yCXH8&amp;ehbc=2E312F\" width=\"100%\" height=\"480\" src=\"data:image\/svg+xml;base64,PHN2ZyB3aWR0aD0iMSIgaGVpZ2h0PSIxIiB4bWxucz0iaHR0cDovL3d3dy53My5vcmcvMjAwMC9zdmciPjwvc3ZnPg==\" class=\"lazyload\" data-load-mode=\"1\"><\/iframe>[\/vc_column_text][\/vc_column_inner][\/vc_row_inner][\/vc_column][\/vc_row][vc_row][vc_column][vc_custom_heading divide_line=&#8221;yes&#8221; divide_line_color=&#8221;#3ea635&#8243; text=&#8221;GreenMobility Hotspot parkering i Nordhavn&#8221; google_fonts=&#8221;font_family:Open%20Sans%3A300%2C300italic%2Cregular%2Citalic%2C600%2C600italic%2C700%2C700italic%2C800%2C800italic|font_style:400%20regular%3A400%3Anormal&#8221;][vc_column_text]<span style=\"font-weight: 400;\">P\u00e5 vores <\/span><a href=\"https:\/\/www.greenmobility.com\/dk\/da\/hotspots\/\"><span style=\"font-weight: 400;\">Hotspot<\/span><\/a><span style=\"font-weight: 400;\"> p\u00e5 \u00d8sterbro ved AP Pension finder du en r\u00e6kke parkeringspladser, der er VIP-parkering for brugere af GreenMobility. N\u00e5r du bes\u00f8ger \u00d8sterbro, er parkeringen AP Pension i Nordhavn et oplagt sted at parkere. Det giver dig et perfekt afs\u00e6t til alt det, \u00d8sterbro har at byde p\u00e5, hvad end du skal en tur til Nordhavn og bade, g\u00e5 rundt i \u00d8sterbros hyggelige gader, eller bes\u00f8ge en caf\u00e9 eller restaurant.<\/span><\/p>\n<p><span style=\"font-weight: 400;\">Takket v\u00e6re vores centrale placering i Nordhavn er det nemt at parkere og udforske alt, hvad omr\u00e5det har at byde p\u00e5. Skal du f.eks. en tur i Parken, er dette det oplagte sted at parkere, som bruger af GreenMobility, da du kun har en hyggelig g\u00e5tur op ad \u00c5rhusgade, f\u00f8r du er ved FCKs hjemmebane.\u00a0<\/span><\/p>\n<p><span style=\"color: #3ea635;\"><a style=\"color: #3ea635;\" href=\"https:\/\/www.greenmobility.com\/dk\/da\/saadan-virker-det\/\"><span style=\"font-weight: 400;\">Kom nemt i gang med GreenMobility<\/span><\/a><\/span><span style=\"font-weight: 400;\"> og nyd godt af vores nemme og milj\u00f8venlige delebilsservice.<\/span>[\/vc_column_text][vc_empty_space height=&#8221;60px&#8221;][\/vc_column][\/vc_row][vc_row][vc_column][vc_custom_heading divide_line=&#8221;yes&#8221; divide_line_color=&#8221;#3ea635&#8243; text=&#8221;Parker nemt og bekvemt ved \u00c5rhusgade&#8221; google_fonts=&#8221;font_family:Open%20Sans%3A300%2C300italic%2Cregular%2Citalic%2C600%2C600italic%2C700%2C700italic%2C800%2C800italic|font_style:400%20regular%3A400%3Anormal&#8221;][vc_column_text]<span style=\"font-weight: 400;\">N\u00e5r du skal en tur til \u00d8sterbro, kan du finde en parkeringsplads t\u00e6t p\u00e5 alle \u00d8sterbros hyggelige gader. Du finder indk\u00f8rslen til vores Hotspot med parkeringspladserne med indk\u00f8rsel fra \u00c5rhusgade ved AP Pension.\u00a0<\/span><\/p>\n<p><span style=\"font-weight: 400;\">Pladserne ligger p\u00e5 omr\u00e5det foran hegnet ud mod vejen og er markeret med \u201cReserveret til GreenMobility\u201d-skilte. Der er adgang til pladserne hele d\u00f8gnet.\u00a0<\/span><\/p>\n<p><span style=\"font-weight: 400;\">Er alle pladserne optaget, kan du frit benytte dig af andre offentlige parkeringspladser i omr\u00e5det, der har minimum 2 timers parkering alle d\u00f8gnets timer. P\u00e5 disse pladser kan du frit parkere gratis, s\u00e5 l\u00e6nge du vil.<\/span><\/p>\n<p><span style=\"font-weight: 400;\">Finder du en offentlig parkeringsplads et sted p\u00e5 \u00d8sterbro p\u00e5 din vej til parkeringen ved AP Pension, kan du frit parkere din GreenMobility-elbil her. Du skal blot v\u00e6re opm\u00e6rksom p\u00e5, at der skal v\u00e6re mindst 2 timers gratis parkering hele d\u00f8gnet alle dage, for at du kan parkere gratis med GreenMobility.<\/span>[\/vc_column_text][vc_empty_space height=&#8221;60px&#8221;][\/vc_column][\/vc_row][vc_row][vc_column][vc_custom_heading divide_line=&#8221;yes&#8221; divide_line_color=&#8221;#3ea635&#8243; text=&#8221;AP Pension, Nordhavn adresse&#8221; google_fonts=&#8221;font_family:Open%20Sans%3A300%2C300italic%2Cregular%2Citalic%2C600%2C600italic%2C700%2C700italic%2C800%2C800italic|font_style:400%20regular%3A400%3Anormal&#8221;][vc_column_text]<span style=\"font-weight: 400;\">Adressen for Hotspot parkering ved AP pension, Nordhavn, er: \u00d8stbanegade 135, 2100 K\u00f8benhavn \u00d8.<\/span>[\/vc_column_text][vc_empty_space height=&#8221;60px&#8221;][\/vc_column][\/vc_row][vc_row][vc_column][vc_custom_heading text=&#8221;Se vores Hotspot pladser p\u00e5 \u00d8sterbro&#8221; font_container=&#8221;tag:h3|text_align:left&#8221; google_fonts=&#8221;font_family:Open%20Sans%3A300%2C300italic%2Cregular%2Citalic%2C600%2C600italic%2C700%2C700italic%2C800%2C800italic|font_style:400%20regular%3A400%3Anormal&#8221;][vc_column_text]<\/p>\n<ul>\n<li style=\"font-weight: 400;\" aria-level=\"1\"><span style=\"font-weight: 400;\">AP Pension, Nordhavn<\/span><\/li>\n<li style=\"font-weight: 400;\" aria-level=\"1\"><a href=\"https:\/\/www.greenmobility.com\/dk\/da\/hotspots\/parkering-nordhavn-konditaget-lueders\/\"><span style=\"font-weight: 400;\">L\u00fcders, Nordhavn<\/span><\/a><\/li>\n<li style=\"font-weight: 400;\" aria-level=\"1\"><a href=\"https:\/\/www.greenmobility.com\/dk\/da\/hotspots\/parkering-tuborg-havnevej\/\"><span style=\"font-weight: 400;\">Implement, Tuborg Havnevej<\/span><\/a><\/li>\n<\/ul>\n<p>[\/vc_column_text][vc_empty_space height=&#8221;60px&#8221;][\/vc_column][\/vc_row][vc_row][vc_column][vc_column_text]<\/p>\n<p>[\/vc_column_text][\/vc_column][\/vc_row][vc_row][vc_column offset=&#8221;vc_hidden-sm vc_hidden-xs&#8221;][vc_empty_space height=&#8221;50px&#8221;][\/vc_column][\/vc_row][vc_row el_id=&#8221;FAQ&#8221;][vc_column][vc_empty_space height=&#8221;50px&#8221;]<div class=\" agni-section-heading text-left ihda\" ><h2 class=\"section-heading-text \" style=\"font-size:40px;\"><span>F\u00e5 svar p\u00e5 dine sp\u00f8rgsm\u00e5l om parkering i Nordhavn<\/span><\/h2><div class=\"section-divide-line divide-line text-left\"><span style=\"width:90px; height:1px; background-color:#73b742\"><\/span><\/div><\/div>[vc_column_text]<b>Hvordan ved jeg pr\u00e6cist, hvor jeg m\u00e5 parkere ved AP Pension i Nordhavn? <\/b><b><br \/>\n<\/b><span style=\"font-weight: 400;\">Du m\u00e5 parkere foran hegnet ud mod vejen, hvor der er opsat skilte med \u201cReserveret til GreenMobility\u201d. Indk\u00f8rslen sker via \u00c5rhusgade.<\/span><\/p>\n<p><b>Hvad g\u00f8r jeg, hvis alle GreenMobility-pladser ved AP Pension er optaget? <\/b><b><br \/>\n<\/b><span style=\"font-weight: 400;\">Hvis pladserne er optaget, m\u00e5 du gerne parkere p\u00e5 en anden offentlig parkeringsplads i omr\u00e5det. Husk, at hvis der er tidsbegr\u00e6nsning p\u00e5 pladsen, kan du kun holde der, hvis der er mindst 2 timers parkering hele d\u00f8gnet, alle ugens dage.\u00a0<\/span><\/p>\n<p><b>Er det gratis at parkere i Nordhavn, hvis det ikke er p\u00e5 et officielt Hotspot? <\/b><b><br \/>\n<\/b><span style=\"font-weight: 400;\">Ja, det er gratis at afslutte din tur, hvis du parkerer korrekt inden for zonen &#8211; ogs\u00e5 selvom det ikke er p\u00e5 et officielt Hotspot. Du skal blot sikre dig, at du f\u00f8lger vores p-regler, som du kan l\u00e6se om <span style=\"text-decoration: underline;\"><a href=\"https:\/\/www.greenmobility.com\/dk\/da\/parkering\/\">her<\/a><\/span>.<\/span><\/p>\n<p><b>Viser appen ledige pladser ved et Hotspot i realtid? <\/b><b><br \/>\n<\/b><span style=\"font-weight: 400;\">Hotspots er markeret p\u00e5 kortet i appen med et bl\u00e5t HS-ikon, og snart vil appen ogs\u00e5 kunne vise dig, om der er ledige p-pladser p\u00e5 Hotspottet i realtid.<\/span>[\/vc_column_text][vc_empty_space height=&#8221;50px&#8221;][\/vc_column][\/vc_row]<\/p>\n<\/div>","protected":false},"excerpt":{"rendered":"<p>[vc_row][vc_column][vc_empty_space][\/vc_column][\/vc_row][vc_row][vc_column][vc_column_text]Nordhavn \u2014 et sp\u00e6ndende omr\u00e5de med masser af muligheder \u2013 byder p\u00e5 nyt og moderne byggeri, hyggelige caf\u00e9er og restauranter og smuk udsigt over havneomr\u00e5det. Men det bedste er, at du kan opleve det hele, n\u00e5r du lejer en elbil med GreenMobility. Med vores elbiler kan du nemt komme rundt i omr\u00e5det uden at skulle [&hellip;]<\/p>\n","protected":false},"author":38,"featured_media":0,"parent":1734,"menu_order":0,"comment_status":"closed","ping_status":"closed","template":"","meta":{"om_disable_all_campaigns":false,"footnotes":"","_links_to":"","_links_to_target":""},"class_list":["post-5545","page","type-page","status-publish","hentry"],"yoast_head":"<!-- This site is optimized with the Yoast SEO plugin v27.3 - https:\/\/yoast.com\/product\/yoast-seo-wordpress\/ -->\n<title>Gratis Parkering i Nordhavn med GreenMobility | Find parkeringsplads<\/title>\n<meta name=\"description\" content=\"Med GreenMobility kan du parkere gratis i Nordhaven. Lej en elbil fra GreenMobility, find parkeringspladser i Nordhaven.\" \/>\n<meta name=\"robots\" content=\"index, follow, max-snippet:-1, max-image-preview:large, max-video-preview:-1\" \/>\n<link rel=\"canonical\" href=\"https:\/\/www.greenmobility.com\/dk\/da\/hotspots\/parkering-nordhavn\/\" \/>\n<meta property=\"og:locale\" content=\"da_DK\" \/>\n<meta property=\"og:type\" content=\"article\" \/>\n<meta property=\"og:title\" content=\"Gratis Parkering i Nordhavn med GreenMobility | Find parkeringsplads\" \/>\n<meta property=\"og:description\" content=\"Med GreenMobility kan du parkere gratis i Nordhaven. Lej en elbil fra GreenMobility, find parkeringspladser i Nordhaven.\" \/>\n<meta property=\"og:url\" content=\"https:\/\/www.greenmobility.com\/dk\/da\/hotspots\/parkering-nordhavn\/\" \/>\n<meta property=\"og:site_name\" content=\"GreenMobility Denmark\" \/>\n<meta property=\"article:modified_time\" content=\"2025-08-28T11:51:06+00:00\" \/>\n<meta name=\"twitter:card\" content=\"summary_large_image\" \/>\n<meta name=\"twitter:label1\" content=\"Estimeret l\u00e6setid\" \/>\n\t<meta name=\"twitter:data1\" content=\"2 minutter\" \/>\n<script type=\"application\/ld+json\" class=\"yoast-schema-graph\">{\"@context\":\"https:\\\/\\\/schema.org\",\"@graph\":[{\"@type\":\"WebPage\",\"@id\":\"https:\\\/\\\/www.greenmobility.com\\\/dk\\\/da\\\/hotspots\\\/parkering-nordhavn\\\/\",\"url\":\"https:\\\/\\\/www.greenmobility.com\\\/dk\\\/da\\\/hotspots\\\/parkering-nordhavn\\\/\",\"name\":\"Gratis Parkering i Nordhavn med GreenMobility | Find parkeringsplads\",\"isPartOf\":{\"@id\":\"https:\\\/\\\/www.greenmobility.com\\\/dk\\\/da\\\/#website\"},\"datePublished\":\"2023-04-27T13:04:39+00:00\",\"dateModified\":\"2025-08-28T11:51:06+00:00\",\"description\":\"Med GreenMobility kan du parkere gratis i Nordhaven. Lej en elbil fra GreenMobility, find parkeringspladser i Nordhaven.\",\"breadcrumb\":{\"@id\":\"https:\\\/\\\/www.greenmobility.com\\\/dk\\\/da\\\/hotspots\\\/parkering-nordhavn\\\/#breadcrumb\"},\"inLanguage\":\"da-DK\",\"potentialAction\":[{\"@type\":\"ReadAction\",\"target\":[\"https:\\\/\\\/www.greenmobility.com\\\/dk\\\/da\\\/hotspots\\\/parkering-nordhavn\\\/\"]}]},{\"@type\":\"BreadcrumbList\",\"@id\":\"https:\\\/\\\/www.greenmobility.com\\\/dk\\\/da\\\/hotspots\\\/parkering-nordhavn\\\/#breadcrumb\",\"itemListElement\":[{\"@type\":\"ListItem\",\"position\":1,\"name\":\"Home\",\"item\":\"https:\\\/\\\/www.greenmobility.com\\\/dk\\\/da\\\/\"},{\"@type\":\"ListItem\",\"position\":2,\"name\":\"Hotspots\",\"item\":\"https:\\\/\\\/www.greenmobility.com\\\/dk\\\/da\\\/hotspots\\\/\"},{\"@type\":\"ListItem\",\"position\":3,\"name\":\"Parkering Nordhavn\"}]},{\"@type\":\"WebSite\",\"@id\":\"https:\\\/\\\/www.greenmobility.com\\\/dk\\\/da\\\/#website\",\"url\":\"https:\\\/\\\/www.greenmobility.com\\\/dk\\\/da\\\/\",\"name\":\"GreenMobility Denmark\",\"description\":\"\",\"publisher\":{\"@id\":\"https:\\\/\\\/www.greenmobility.com\\\/dk\\\/da\\\/#organization\"},\"potentialAction\":[{\"@type\":\"SearchAction\",\"target\":{\"@type\":\"EntryPoint\",\"urlTemplate\":\"https:\\\/\\\/www.greenmobility.com\\\/dk\\\/da\\\/?s={search_term_string}\"},\"query-input\":{\"@type\":\"PropertyValueSpecification\",\"valueRequired\":true,\"valueName\":\"search_term_string\"}}],\"inLanguage\":\"da-DK\"},{\"@type\":\"Organization\",\"@id\":\"https:\\\/\\\/www.greenmobility.com\\\/dk\\\/da\\\/#organization\",\"name\":\"GreenMobility\",\"url\":\"https:\\\/\\\/www.greenmobility.com\\\/dk\\\/da\\\/\",\"logo\":{\"@type\":\"ImageObject\",\"inLanguage\":\"da-DK\",\"@id\":\"https:\\\/\\\/www.greenmobility.com\\\/dk\\\/da\\\/#\\\/schema\\\/logo\\\/image\\\/\",\"url\":\"https:\\\/\\\/www.greenmobility.com\\\/dk\\\/wp-content\\\/uploads\\\/sites\\\/9\\\/2021\\\/06\\\/logo-EM-DK.png\",\"contentUrl\":\"https:\\\/\\\/www.greenmobility.com\\\/dk\\\/wp-content\\\/uploads\\\/sites\\\/9\\\/2021\\\/06\\\/logo-EM-DK.png\",\"width\":3125,\"height\":788,\"caption\":\"GreenMobility\"},\"image\":{\"@id\":\"https:\\\/\\\/www.greenmobility.com\\\/dk\\\/da\\\/#\\\/schema\\\/logo\\\/image\\\/\"}}]}<\/script>\n<!-- \/ Yoast SEO plugin. -->","yoast_head_json":{"title":"Gratis Parkering i Nordhavn med GreenMobility | Find parkeringsplads","description":"Med GreenMobility kan du parkere gratis i Nordhaven. Lej en elbil fra GreenMobility, find parkeringspladser i Nordhaven.","robots":{"index":"index","follow":"follow","max-snippet":"max-snippet:-1","max-image-preview":"max-image-preview:large","max-video-preview":"max-video-preview:-1"},"canonical":"https:\/\/www.greenmobility.com\/dk\/da\/hotspots\/parkering-nordhavn\/","og_locale":"da_DK","og_type":"article","og_title":"Gratis Parkering i Nordhavn med GreenMobility | Find parkeringsplads","og_description":"Med GreenMobility kan du parkere gratis i Nordhaven. Lej en elbil fra GreenMobility, find parkeringspladser i Nordhaven.","og_url":"https:\/\/www.greenmobility.com\/dk\/da\/hotspots\/parkering-nordhavn\/","og_site_name":"GreenMobility Denmark","article_modified_time":"2025-08-28T11:51:06+00:00","twitter_card":"summary_large_image","twitter_misc":{"Estimeret l\u00e6setid":"2 minutter"},"schema":{"@context":"https:\/\/schema.org","@graph":[{"@type":"WebPage","@id":"https:\/\/www.greenmobility.com\/dk\/da\/hotspots\/parkering-nordhavn\/","url":"https:\/\/www.greenmobility.com\/dk\/da\/hotspots\/parkering-nordhavn\/","name":"Gratis Parkering i Nordhavn med GreenMobility | Find parkeringsplads","isPartOf":{"@id":"https:\/\/www.greenmobility.com\/dk\/da\/#website"},"datePublished":"2023-04-27T13:04:39+00:00","dateModified":"2025-08-28T11:51:06+00:00","description":"Med GreenMobility kan du parkere gratis i Nordhaven. Lej en elbil fra GreenMobility, find parkeringspladser i Nordhaven.","breadcrumb":{"@id":"https:\/\/www.greenmobility.com\/dk\/da\/hotspots\/parkering-nordhavn\/#breadcrumb"},"inLanguage":"da-DK","potentialAction":[{"@type":"ReadAction","target":["https:\/\/www.greenmobility.com\/dk\/da\/hotspots\/parkering-nordhavn\/"]}]},{"@type":"BreadcrumbList","@id":"https:\/\/www.greenmobility.com\/dk\/da\/hotspots\/parkering-nordhavn\/#breadcrumb","itemListElement":[{"@type":"ListItem","position":1,"name":"Home","item":"https:\/\/www.greenmobility.com\/dk\/da\/"},{"@type":"ListItem","position":2,"name":"Hotspots","item":"https:\/\/www.greenmobility.com\/dk\/da\/hotspots\/"},{"@type":"ListItem","position":3,"name":"Parkering Nordhavn"}]},{"@type":"WebSite","@id":"https:\/\/www.greenmobility.com\/dk\/da\/#website","url":"https:\/\/www.greenmobility.com\/dk\/da\/","name":"GreenMobility Denmark","description":"","publisher":{"@id":"https:\/\/www.greenmobility.com\/dk\/da\/#organization"},"potentialAction":[{"@type":"SearchAction","target":{"@type":"EntryPoint","urlTemplate":"https:\/\/www.greenmobility.com\/dk\/da\/?s={search_term_string}"},"query-input":{"@type":"PropertyValueSpecification","valueRequired":true,"valueName":"search_term_string"}}],"inLanguage":"da-DK"},{"@type":"Organization","@id":"https:\/\/www.greenmobility.com\/dk\/da\/#organization","name":"GreenMobility","url":"https:\/\/www.greenmobility.com\/dk\/da\/","logo":{"@type":"ImageObject","inLanguage":"da-DK","@id":"https:\/\/www.greenmobility.com\/dk\/da\/#\/schema\/logo\/image\/","url":"https:\/\/www.greenmobility.com\/dk\/wp-content\/uploads\/sites\/9\/2021\/06\/logo-EM-DK.png","contentUrl":"https:\/\/www.greenmobility.com\/dk\/wp-content\/uploads\/sites\/9\/2021\/06\/logo-EM-DK.png","width":3125,"height":788,"caption":"GreenMobility"},"image":{"@id":"https:\/\/www.greenmobility.com\/dk\/da\/#\/schema\/logo\/image\/"}}]}},"_links":{"self":[{"href":"https:\/\/www.greenmobility.com\/dk\/da\/wp-json\/wp\/v2\/pages\/5545","targetHints":{"allow":["GET"]}}],"collection":[{"href":"https:\/\/www.greenmobility.com\/dk\/da\/wp-json\/wp\/v2\/pages"}],"about":[{"href":"https:\/\/www.greenmobility.com\/dk\/da\/wp-json\/wp\/v2\/types\/page"}],"author":[{"embeddable":true,"href":"https:\/\/www.greenmobility.com\/dk\/da\/wp-json\/wp\/v2\/users\/38"}],"replies":[{"embeddable":true,"href":"https:\/\/www.greenmobility.com\/dk\/da\/wp-json\/wp\/v2\/comments?post=5545"}],"version-history":[{"count":0,"href":"https:\/\/www.greenmobility.com\/dk\/da\/wp-json\/wp\/v2\/pages\/5545\/revisions"}],"up":[{"embeddable":true,"href":"https:\/\/www.greenmobility.com\/dk\/da\/wp-json\/wp\/v2\/pages\/1734"}],"wp:attachment":[{"href":"https:\/\/www.greenmobility.com\/dk\/da\/wp-json\/wp\/v2\/media?parent=5545"}],"curies":[{"name":"wp","href":"https:\/\/api.w.org\/{rel}","templated":true}]}}