{"id":5505,"date":"2023-04-11T12:49:39","date_gmt":"2023-04-11T11:49:39","guid":{"rendered":"https:\/\/www.greenmobility.com\/dk\/?page_id=5505"},"modified":"2023-04-27T13:42:45","modified_gmt":"2023-04-27T12:42:45","slug":"parkering-nordre-toldbod","status":"publish","type":"page","link":"https:\/\/www.greenmobility.com\/dk\/da\/hotspots\/parkering-nordre-toldbod\/","title":{"rendered":"Parkering Nordre Toldbod"},"content":{"rendered":"<div class=\"wpb-content-wrapper\"><p>[vc_row][vc_column][vc_empty_space]<div class=\" agni-section-heading text-left ihda\" ><h1 class=\"section-heading-text section-heading-text_responsive\" style=\"font-size:48px;\"><span>Parkering Nordre Toldbod<\/span><\/h1><div class=\"section-divide-line divide-line text-left\"><span style=\"width:90px; height:1px; background-color:#3ea635\"><\/span><\/div><\/div>[\/vc_column][\/vc_row][vc_row][vc_column][vc_column_text]<span style=\"font-weight: 400;\">Nordre Toldbod er et stemningsfuldt og maritimt omr\u00e5de af K\u00f8benhavn, beliggende ved havnefronten mellem Kastellet og Amalienborg. Dette unikke omr\u00e5de byder b\u00e5de p\u00e5 historiske bygninger, charmerende havneomgivelser og hyggelige caf\u00e9er og restauranter. Det er det perfekte sted at parkere med GreenMobility, hvad end du \u00f8nsker at opleve en anden side af K\u00f8benhavn K med en afslappende g\u00e5tur gennem Kastellet eller ved vandet.<\/span><\/p>\n<p><span style=\"font-weight: 400;\">Udforsk det royale og maritime omr\u00e5de omkring Nordre Toldbod eller brug det som et afs\u00e6t for en dag med shopping og caf\u00e9bes\u00f8g i K\u00f8benhavn. Med GreenMobility kan du frit parkere p\u00e5 vores hotspot, uden at du skal bekymre dig om besv\u00e6rlighederne og udgifterne, der er forbundet med at eje en bil.<\/span><\/p>\n<p><span style=\"font-weight: 400;\">Her p\u00e5 siden pr\u00e6senterer vi dig for de praktiske parkeringsmuligheder, der er tilg\u00e6ngelige for GreenMobility-brugere p\u00e5 Nordre Toldbod.<\/span><\/p>\n<p><strong>Kig efter P ikonet midt p\u00e5 kortet<\/strong>[\/vc_column_text][vc_row_inner][vc_column_inner][vc_column_text]<iframe data-src=\"https:\/\/www.google.com\/maps\/d\/embed?mid=1RhNvAAmMzNPBR3kg0MnbAGuWRqxFFwo&amp;ehbc=2E312F\" width=\"100%\" height=\"480\" src=\"data:image\/svg+xml;base64,PHN2ZyB3aWR0aD0iMSIgaGVpZ2h0PSIxIiB4bWxucz0iaHR0cDovL3d3dy53My5vcmcvMjAwMC9zdmciPjwvc3ZnPg==\" class=\"lazyload\" data-load-mode=\"1\"><\/iframe>[\/vc_column_text][\/vc_column_inner][\/vc_row_inner][\/vc_column][\/vc_row][vc_row][vc_column][vc_custom_heading divide_line=&#8221;yes&#8221; divide_line_color=&#8221;#3ea635&#8243; text=&#8221;GreenMobility Hotspot parkering p\u00e5 Nordre Toldbod&#8221; font_container=&#8221;tag:h2|font_size:40|text_align:left&#8221; google_fonts=&#8221;font_family:Open%20Sans%3A300%2C300italic%2Cregular%2Citalic%2C600%2C600italic%2C700%2C700italic%2C800%2C800italic|font_style:400%20regular%3A400%3Anormal&#8221; responsive_font_size=&#8221;yes&#8221;][vc_column_text]<span style=\"font-weight: 400;\">Du kan nyde godt af GreenMobilitys mange <\/span><a href=\"https:\/\/www.greenmobility.com\/dk\/da\/hotspots\/\"><span style=\"font-weight: 400;\">VIP-parkeringer<\/span><\/a><span style=\"font-weight: 400;\"> rundt omkring i vores K\u00f8benhavn-zone, hvor du kan parkere gratis \u2013 hele dagen! Hvis Nordre Toldbod blot er, hvor din tur i K\u00f8benhavn starter, kan du altid bruge appen til at finde en ny GreenMobility-elbil p\u00e5 en af vores andre <a href=\"https:\/\/www.greenmobility.com\/dk\/da\/parkering-indre-by\/\">Hotspots i Indre By<\/a> med appen.<\/span><\/p>\n<p><span style=\"font-weight: 400;\">Uanset om du vil spise frokost ved havnen eller bes\u00f8ge en af de historiske attraktioner i n\u00e6rheden, kan du parkere din elbil, s\u00e5 l\u00e6nge du har brug for det. Det er b\u00e5de nemt, bekvemt og godt for milj\u00f8et. <\/span><span style=\"color: #3ea635;\"><a style=\"color: #3ea635;\" href=\"https:\/\/www.greenmobility.com\/dk\/da\/saadan-virker-det\/\"><span style=\"font-weight: 400;\">Kom i gang med GreenMobility her<\/span><\/a><\/span><span style=\"font-weight: 400;\">!<\/span>[\/vc_column_text][vc_empty_space height=&#8221;60px&#8221;][\/vc_column][\/vc_row][vc_row][vc_column][vc_custom_heading divide_line=&#8221;yes&#8221; divide_line_color=&#8221;#3ea635&#8243; text=&#8221;Parkering ved Churchillparken p\u00e5 Nordre Toldbod&#8221; font_container=&#8221;tag:h2|font_size:40|text_align:left&#8221; google_fonts=&#8221;font_family:Open%20Sans%3A300%2C300italic%2Cregular%2Citalic%2C600%2C600italic%2C700%2C700italic%2C800%2C800italic|font_style:400%20regular%3A400%3Anormal&#8221; responsive_font_size=&#8221;yes&#8221;][vc_column_text]<span style=\"font-weight: 400;\">Du finder vores Hotspot p\u00e5 Nordre Toldbod til venstre fra indk\u00f8rslen til Churchillparken t\u00e6t ved Kastellet, hvor du blot skal finde en af de pladser, der er markeret med GreenMobility. Der m\u00e5 ikke parkeres ved ladestanderne.<\/span><\/p>\n<p><span style=\"font-weight: 400;\">Med GreenMobility har du ogs\u00e5 mulighed for at benytte dig af K\u00f8benhavns Kommunes kommunale parkeringspladser, da de er gjort gratis for alle elbiler.<\/span>[\/vc_column_text][vc_empty_space height=&#8221;60px&#8221;][\/vc_column][\/vc_row][vc_row][vc_column][vc_custom_heading divide_line=&#8221;yes&#8221; divide_line_color=&#8221;#3ea635&#8243; text=&#8221;Nordre Toldbod adresse&#8221; font_container=&#8221;tag:h3|font_size:40|text_align:left&#8221; google_fonts=&#8221;font_family:Open%20Sans%3A300%2C300italic%2Cregular%2Citalic%2C600%2C600italic%2C700%2C700italic%2C800%2C800italic|font_style:400%20regular%3A400%3Anormal&#8221; responsive_font_size=&#8221;yes&#8221;][vc_column_text]<span style=\"font-weight: 400;\">Adressen for Hotspot parkering p\u00e5 Nordre Toldbod er: Nordre Toldbod 15, 1259 K\u00f8benhavn<\/span>[\/vc_column_text][vc_empty_space height=&#8221;60px&#8221;][\/vc_column][\/vc_row]<\/p>\n<\/div>","protected":false},"excerpt":{"rendered":"<p>[vc_row][vc_column][vc_empty_space][\/vc_column][\/vc_row][vc_row][vc_column][vc_column_text]Nordre Toldbod er et stemningsfuldt og maritimt omr\u00e5de af K\u00f8benhavn, beliggende ved havnefronten mellem Kastellet og Amalienborg. Dette unikke omr\u00e5de byder b\u00e5de p\u00e5 historiske bygninger, charmerende havneomgivelser og hyggelige caf\u00e9er og restauranter. Det er det perfekte sted at parkere med GreenMobility, hvad end du \u00f8nsker at opleve en anden side af K\u00f8benhavn K med en [&hellip;]<\/p>\n","protected":false},"author":25,"featured_media":0,"parent":1734,"menu_order":0,"comment_status":"closed","ping_status":"closed","template":"","meta":{"om_disable_all_campaigns":false,"footnotes":"","_links_to":"","_links_to_target":""},"class_list":["post-5505","page","type-page","status-publish","hentry"],"yoast_head":"<!-- This site is optimized with the Yoast SEO plugin v26.7 - https:\/\/yoast.com\/wordpress\/plugins\/seo\/ -->\n<title>Parkering Nordre Toldbod | Find Gratis p-pladser med GreenMobility<\/title>\n<meta name=\"description\" content=\"Udforsk det maritime omr\u00e5de omkring Nordre Toldbod med GreenMobility og gratis parkering. Gratis parkeringspladser i K\u00f8benhavn K.\" \/>\n<meta name=\"robots\" content=\"index, follow, max-snippet:-1, max-image-preview:large, max-video-preview:-1\" \/>\n<link rel=\"canonical\" href=\"https:\/\/www.greenmobility.com\/dk\/da\/hotspots\/parkering-nordre-toldbod\/\" \/>\n<meta property=\"og:locale\" content=\"da_DK\" \/>\n<meta property=\"og:type\" content=\"article\" \/>\n<meta property=\"og:title\" content=\"Parkering Nordre Toldbod | Find Gratis p-pladser med GreenMobility\" \/>\n<meta property=\"og:description\" content=\"Udforsk det maritime omr\u00e5de omkring Nordre Toldbod med GreenMobility og gratis parkering. Gratis parkeringspladser i K\u00f8benhavn K.\" \/>\n<meta property=\"og:url\" content=\"https:\/\/www.greenmobility.com\/dk\/da\/hotspots\/parkering-nordre-toldbod\/\" \/>\n<meta property=\"og:site_name\" content=\"GreenMobility Denmark\" \/>\n<meta property=\"article:modified_time\" content=\"2023-04-27T12:42:45+00:00\" \/>\n<meta name=\"twitter:card\" content=\"summary_large_image\" \/>\n<meta name=\"twitter:label1\" content=\"Estimeret l\u00e6setid\" \/>\n\t<meta name=\"twitter:data1\" content=\"2 minutter\" \/>\n<script type=\"application\/ld+json\" class=\"yoast-schema-graph\">{\"@context\":\"https:\/\/schema.org\",\"@graph\":[{\"@type\":\"WebPage\",\"@id\":\"https:\/\/www.greenmobility.com\/dk\/da\/hotspots\/parkering-nordre-toldbod\/\",\"url\":\"https:\/\/www.greenmobility.com\/dk\/da\/hotspots\/parkering-nordre-toldbod\/\",\"name\":\"Parkering Nordre Toldbod | Find Gratis p-pladser med GreenMobility\",\"isPartOf\":{\"@id\":\"https:\/\/www.greenmobility.com\/dk\/da\/#website\"},\"datePublished\":\"2023-04-11T11:49:39+00:00\",\"dateModified\":\"2023-04-27T12:42:45+00:00\",\"description\":\"Udforsk det maritime omr\u00e5de omkring Nordre Toldbod med GreenMobility og gratis parkering. Gratis parkeringspladser i K\u00f8benhavn K.\",\"breadcrumb\":{\"@id\":\"https:\/\/www.greenmobility.com\/dk\/da\/hotspots\/parkering-nordre-toldbod\/#breadcrumb\"},\"inLanguage\":\"da-DK\",\"potentialAction\":[{\"@type\":\"ReadAction\",\"target\":[\"https:\/\/www.greenmobility.com\/dk\/da\/hotspots\/parkering-nordre-toldbod\/\"]}]},{\"@type\":\"BreadcrumbList\",\"@id\":\"https:\/\/www.greenmobility.com\/dk\/da\/hotspots\/parkering-nordre-toldbod\/#breadcrumb\",\"itemListElement\":[{\"@type\":\"ListItem\",\"position\":1,\"name\":\"Home\",\"item\":\"https:\/\/www.greenmobility.com\/dk\/da\/\"},{\"@type\":\"ListItem\",\"position\":2,\"name\":\"Hotspots\",\"item\":\"https:\/\/www.greenmobility.com\/dk\/da\/hotspots\/\"},{\"@type\":\"ListItem\",\"position\":3,\"name\":\"Parkering Nordre Toldbod\"}]},{\"@type\":\"WebSite\",\"@id\":\"https:\/\/www.greenmobility.com\/dk\/da\/#website\",\"url\":\"https:\/\/www.greenmobility.com\/dk\/da\/\",\"name\":\"GreenMobility Denmark\",\"description\":\"\",\"publisher\":{\"@id\":\"https:\/\/www.greenmobility.com\/dk\/da\/#organization\"},\"potentialAction\":[{\"@type\":\"SearchAction\",\"target\":{\"@type\":\"EntryPoint\",\"urlTemplate\":\"https:\/\/www.greenmobility.com\/dk\/da\/?s={search_term_string}\"},\"query-input\":{\"@type\":\"PropertyValueSpecification\",\"valueRequired\":true,\"valueName\":\"search_term_string\"}}],\"inLanguage\":\"da-DK\"},{\"@type\":\"Organization\",\"@id\":\"https:\/\/www.greenmobility.com\/dk\/da\/#organization\",\"name\":\"GreenMobility\",\"url\":\"https:\/\/www.greenmobility.com\/dk\/da\/\",\"logo\":{\"@type\":\"ImageObject\",\"inLanguage\":\"da-DK\",\"@id\":\"https:\/\/www.greenmobility.com\/dk\/da\/#\/schema\/logo\/image\/\",\"url\":\"https:\/\/www.greenmobility.com\/dk\/wp-content\/uploads\/sites\/9\/2021\/06\/logo-EM-DK.png\",\"contentUrl\":\"https:\/\/www.greenmobility.com\/dk\/wp-content\/uploads\/sites\/9\/2021\/06\/logo-EM-DK.png\",\"width\":3125,\"height\":788,\"caption\":\"GreenMobility\"},\"image\":{\"@id\":\"https:\/\/www.greenmobility.com\/dk\/da\/#\/schema\/logo\/image\/\"}}]}<\/script>\n<!-- \/ Yoast SEO plugin. -->","yoast_head_json":{"title":"Parkering Nordre Toldbod | Find Gratis p-pladser med GreenMobility","description":"Udforsk det maritime omr\u00e5de omkring Nordre Toldbod med GreenMobility og gratis parkering. Gratis parkeringspladser i K\u00f8benhavn K.","robots":{"index":"index","follow":"follow","max-snippet":"max-snippet:-1","max-image-preview":"max-image-preview:large","max-video-preview":"max-video-preview:-1"},"canonical":"https:\/\/www.greenmobility.com\/dk\/da\/hotspots\/parkering-nordre-toldbod\/","og_locale":"da_DK","og_type":"article","og_title":"Parkering Nordre Toldbod | Find Gratis p-pladser med GreenMobility","og_description":"Udforsk det maritime omr\u00e5de omkring Nordre Toldbod med GreenMobility og gratis parkering. Gratis parkeringspladser i K\u00f8benhavn K.","og_url":"https:\/\/www.greenmobility.com\/dk\/da\/hotspots\/parkering-nordre-toldbod\/","og_site_name":"GreenMobility Denmark","article_modified_time":"2023-04-27T12:42:45+00:00","twitter_card":"summary_large_image","twitter_misc":{"Estimeret l\u00e6setid":"2 minutter"},"schema":{"@context":"https:\/\/schema.org","@graph":[{"@type":"WebPage","@id":"https:\/\/www.greenmobility.com\/dk\/da\/hotspots\/parkering-nordre-toldbod\/","url":"https:\/\/www.greenmobility.com\/dk\/da\/hotspots\/parkering-nordre-toldbod\/","name":"Parkering Nordre Toldbod | Find Gratis p-pladser med GreenMobility","isPartOf":{"@id":"https:\/\/www.greenmobility.com\/dk\/da\/#website"},"datePublished":"2023-04-11T11:49:39+00:00","dateModified":"2023-04-27T12:42:45+00:00","description":"Udforsk det maritime omr\u00e5de omkring Nordre Toldbod med GreenMobility og gratis parkering. Gratis parkeringspladser i K\u00f8benhavn K.","breadcrumb":{"@id":"https:\/\/www.greenmobility.com\/dk\/da\/hotspots\/parkering-nordre-toldbod\/#breadcrumb"},"inLanguage":"da-DK","potentialAction":[{"@type":"ReadAction","target":["https:\/\/www.greenmobility.com\/dk\/da\/hotspots\/parkering-nordre-toldbod\/"]}]},{"@type":"BreadcrumbList","@id":"https:\/\/www.greenmobility.com\/dk\/da\/hotspots\/parkering-nordre-toldbod\/#breadcrumb","itemListElement":[{"@type":"ListItem","position":1,"name":"Home","item":"https:\/\/www.greenmobility.com\/dk\/da\/"},{"@type":"ListItem","position":2,"name":"Hotspots","item":"https:\/\/www.greenmobility.com\/dk\/da\/hotspots\/"},{"@type":"ListItem","position":3,"name":"Parkering Nordre Toldbod"}]},{"@type":"WebSite","@id":"https:\/\/www.greenmobility.com\/dk\/da\/#website","url":"https:\/\/www.greenmobility.com\/dk\/da\/","name":"GreenMobility Denmark","description":"","publisher":{"@id":"https:\/\/www.greenmobility.com\/dk\/da\/#organization"},"potentialAction":[{"@type":"SearchAction","target":{"@type":"EntryPoint","urlTemplate":"https:\/\/www.greenmobility.com\/dk\/da\/?s={search_term_string}"},"query-input":{"@type":"PropertyValueSpecification","valueRequired":true,"valueName":"search_term_string"}}],"inLanguage":"da-DK"},{"@type":"Organization","@id":"https:\/\/www.greenmobility.com\/dk\/da\/#organization","name":"GreenMobility","url":"https:\/\/www.greenmobility.com\/dk\/da\/","logo":{"@type":"ImageObject","inLanguage":"da-DK","@id":"https:\/\/www.greenmobility.com\/dk\/da\/#\/schema\/logo\/image\/","url":"https:\/\/www.greenmobility.com\/dk\/wp-content\/uploads\/sites\/9\/2021\/06\/logo-EM-DK.png","contentUrl":"https:\/\/www.greenmobility.com\/dk\/wp-content\/uploads\/sites\/9\/2021\/06\/logo-EM-DK.png","width":3125,"height":788,"caption":"GreenMobility"},"image":{"@id":"https:\/\/www.greenmobility.com\/dk\/da\/#\/schema\/logo\/image\/"}}]}},"_links":{"self":[{"href":"https:\/\/www.greenmobility.com\/dk\/da\/wp-json\/wp\/v2\/pages\/5505","targetHints":{"allow":["GET"]}}],"collection":[{"href":"https:\/\/www.greenmobility.com\/dk\/da\/wp-json\/wp\/v2\/pages"}],"about":[{"href":"https:\/\/www.greenmobility.com\/dk\/da\/wp-json\/wp\/v2\/types\/page"}],"author":[{"embeddable":true,"href":"https:\/\/www.greenmobility.com\/dk\/da\/wp-json\/wp\/v2\/users\/25"}],"replies":[{"embeddable":true,"href":"https:\/\/www.greenmobility.com\/dk\/da\/wp-json\/wp\/v2\/comments?post=5505"}],"version-history":[{"count":0,"href":"https:\/\/www.greenmobility.com\/dk\/da\/wp-json\/wp\/v2\/pages\/5505\/revisions"}],"up":[{"embeddable":true,"href":"https:\/\/www.greenmobility.com\/dk\/da\/wp-json\/wp\/v2\/pages\/1734"}],"wp:attachment":[{"href":"https:\/\/www.greenmobility.com\/dk\/da\/wp-json\/wp\/v2\/media?parent=5505"}],"curies":[{"name":"wp","href":"https:\/\/api.w.org\/{rel}","templated":true}]}}