{"id":5497,"date":"2023-04-11T11:27:04","date_gmt":"2023-04-11T10:27:04","guid":{"rendered":"https:\/\/www.greenmobility.com\/dk\/?page_id=5497"},"modified":"2025-08-28T13:41:06","modified_gmt":"2025-08-28T12:41:06","slug":"parkering-indre-by","status":"publish","type":"page","link":"https:\/\/www.greenmobility.com\/dk\/da\/hotspots\/parkering-indre-by\/","title":{"rendered":"Parkering Indre By"},"content":{"rendered":"<div class=\"wpb-content-wrapper\"><p>[vc_row][vc_column][vc_empty_space]<div class=\" agni-section-heading text-left ihda\" ><h1 class=\"section-heading-text \" style=\"font-size:48px;\"><span>Parkering Indre By<\/span><\/h1><div class=\"section-divide-line divide-line text-left\"><span style=\"width:90px; height:1px; background-color:#3ea635\"><\/span><\/div><\/div>[\/vc_column][\/vc_row][vc_row][vc_column][vc_column_text]<span style=\"font-weight: 400;\">Indre By &#8211; K\u00f8benhavns hjerte &#8211; byder p\u00e5 rig historie og en mangfoldighed af oplevelser, hvor restauranter i verdensklasse ligger side om side med shoppingmuligheder og museer. Men det bedste er nok den stemning, der m\u00e6rkes i de sm\u00e5 gader og str\u00e6der.\u00a0<\/span><\/p>\n<p><span style=\"font-weight: 400;\">Med n\u00f8glen til en af vores elbiler i h\u00e5nden er K\u00f8benhavner\u00e5nden frit tilg\u00e6ngelig for dig som bruger af GreenMobility. Lige meget hvad dit \u00e6rinde er i Indre By, kan du nemt tage en af vores elbiler, s\u00e5 du hverken beh\u00f8ver at g\u00e5 tomh\u00e6ndet hjem, hoppe op p\u00e5 cyklen eller benytte dig af offentlig transport. Du kan leje en af vores elbiler p\u00e5 timebasis og k\u00f8re rundt i byen uden at skulle bekymre dig om det b\u00f8vl, der kan f\u00f8lge med at eje en bil.<\/span><\/p>\n<p><span style=\"font-weight: 400;\">Det bedste ved at leje en GreenMobility-elbil er, at du slipper for at betale dyrt for at f\u00e5 lov at parkere. Du kan nemlig parkere gratis p\u00e5 de fleste offentlige parkeringspladser i Indre By. Husk blot, at hvis der er tidsbegr\u00e6sning p\u00e5 pladsen, skal der v\u00e6re mindst 2 timers parkering tilladt alle dage hele d\u00f8gnet. <\/span><\/p>\n<p><span style=\"font-weight: 400;\">Her p\u00e5 siden vil vi tage et n\u00e6rmere kig p\u00e5 de smarte parkeringsmuligheder, du f\u00e5r adgang til med GreenMobility, n\u00e5r turen skal g\u00e5 til de sk\u00f8nne gader i K\u00f8benhavn K.<\/span>[\/vc_column_text][vc_empty_space height=&#8221;60px&#8221;][\/vc_column][\/vc_row][vc_row][vc_column][vc_custom_heading divide_line=&#8221;yes&#8221; divide_line_color=&#8221;#3ea635&#8243; text=&#8221;GreenMobility Hotspot parkering i Indre By&#8221; google_fonts=&#8221;font_family:Open%20Sans%3A300%2C300italic%2Cregular%2Citalic%2C600%2C600italic%2C700%2C700italic%2C800%2C800italic|font_style:400%20regular%3A400%3Anormal&#8221; responsive_font_size=&#8221;yes&#8221;][vc_column_text]<span style=\"font-weight: 400;\">GreenMobilitys zone er sp\u00e6kket med parkeringsmuligheder i de s\u00e5kaldte GreenMobility <\/span><a href=\"https:\/\/www.greenmobility.com\/dk\/da\/hotspots\/\"><span style=\"font-weight: 400;\">Hotspots<\/span><\/a><span style=\"font-weight: 400;\">, som er VIP-parkering for dig, der har lejet en GreenMobility-elbil.\u00a0<\/span><\/p>\n<p><span style=\"font-weight: 400;\">N\u00e5r du skal parkere i Indre By i K\u00f8benhavn K, har vi en masse dedikerede p-pladser til el-delebiler, hvor du nemt kan parkere. Se dem alle i appen. Hvis du er p\u00e5 udkig efter en afslappet g\u00e5tur langs vandet eller en tur gennem Kastellet, har vi ogs\u00e5 et Hotspot ved <a href=\"https:\/\/www.greenmobility.com\/dk\/da\/parkering-nordre-toldbod\/\"><span style=\"color: #3ea635;\">Nordre Toldbod<\/span><\/a><span style=\"color: #3ea635;\">,<\/span> som du frit kan benytte dig af.<\/span><\/p>\n<p><span style=\"font-weight: 400;\">Som regel kan du ogs\u00e5 finde en ledig bil p\u00e5 \u00e9t af Hotspotsne, s\u00e5 hvis du er kommet g\u00e5ende eller er med anden transport, er du m\u00e5ske heldig at kunne k\u00f8re hjem i en af elbilerne.\u00a0<\/span><\/p>\n<p><span style=\"font-weight: 400;\">Alt i alt er parkering i Indre By b\u00e5de nemt og bekvemt med GreenMobility \u2013 alt imens du tager hensyn til milj\u00f8et! Kom <\/span><span style=\"color: #3ea635;\"><a style=\"color: #3ea635;\" href=\"https:\/\/www.greenmobility.com\/dk\/da\/saadan-virker-det\/\"><span style=\"font-weight: 400;\">nemt i gang<\/span><\/a><\/span><span style=\"font-weight: 400;\"> med GreenMobility.<\/span><\/p>\n<p><strong>Kig efter HS-ikonerne p\u00e5 kortet i appen.<\/strong>[\/vc_column_text][vc_row_inner disable_element=&#8221;yes&#8221;][vc_column_inner][vc_column_text]<iframe data-src=\"https:\/\/www.google.com\/maps\/d\/embed?mid=1-gKru7EQbRTVsTaIlfT8IHLOjExrSsM&amp;ehbc=2E312F\" width=\"100%\" height=\"480\" src=\"data:image\/svg+xml;base64,PHN2ZyB3aWR0aD0iMSIgaGVpZ2h0PSIxIiB4bWxucz0iaHR0cDovL3d3dy53My5vcmcvMjAwMC9zdmciPjwvc3ZnPg==\" class=\"lazyload\" data-load-mode=\"1\"><\/iframe>[\/vc_column_text][\/vc_column_inner][\/vc_row_inner][\/vc_column][\/vc_row][vc_row][vc_column][vc_custom_heading divide_line=&#8221;yes&#8221; divide_line_color=&#8221;#3ea635&#8243; text=&#8221;Parkering i Indre By K\u00f8benhavn K: hvad koster det?&#8221; google_fonts=&#8221;font_family:Open%20Sans%3A300%2C300italic%2Cregular%2Citalic%2C600%2C600italic%2C700%2C700italic%2C800%2C800italic|font_style:400%20regular%3A400%3Anormal&#8221; responsive_font_size=&#8221;yes&#8221;][vc_column_text]<span style=\"font-weight: 400;\">Da du som bruger af GreenMobility hj\u00e6lper med at aflaste milj\u00f8et og reducere tr\u00e6ngsel og forurening ved at k\u00f8re i en af vores elbiler, har du gratis parkering p\u00e5 de fleste offentlige p-pladser inden for zonen. Husk blot, at hvis der er tidsbegr\u00e6sning p\u00e5 pladsen, skal der v\u00e6re mindst 2 timers parkering tilladt alle dage hele d\u00f8gnet.<\/span><\/p>\n<p>Derudover har du adgang til hundredvis af <strong>el-delebilspladser<\/strong> overalt i byen. Disse har skiltet &#8220;Kun el-delebiler&#8221;. Se et udpluk af dem <span style=\"text-decoration: underline;\"><a href=\"https:\/\/www.greenmobility.com\/dk\/da\/el-delebilspladser-koebenhavn\/\">her<\/a><\/span>.[\/vc_column_text][vc_empty_space height=&#8221;60px&#8221;][\/vc_column][\/vc_row][vc_row el_id=&#8221;FAQ&#8221;][vc_column][vc_empty_space height=&#8221;50px&#8221;]<div class=\" agni-section-heading text-left ihda\" ><h2 class=\"section-heading-text \" style=\"font-size:40px;\"><span>F\u00e5 svar p\u00e5 dine sp\u00f8rgsm\u00e5l om parkering i Indre By<\/span><\/h2><div class=\"section-divide-line divide-line text-left\"><span style=\"width:90px; height:1px; background-color:#73b742\"><\/span><\/div><\/div>[vc_column_text]<b>Hvordan undg\u00e5r jeg at parkere p\u00e5 en plads i Indre By, der ser offentlig ud, men i virkeligheden er privat eller reserveret? <\/b><b><br \/>\n<\/b><span style=\"font-weight: 400;\">V\u00e6r altid opm\u00e6rksom p\u00e5 skiltningen. Selvom en plads ser offentlig ud, kan den v\u00e6re privat eller reserveret til beboere. Disse pladser har ofte et sort p-skilt.\u00a0<\/span><\/p>\n<p><b>Kan jeg stole p\u00e5, at det altid er gratis at parkere i Indre By med GreenMobility, eller er der skjulte gebyrer? <\/b><b><br \/>\n<\/b><span style=\"font-weight: 400;\">Ja, parkering er gratis i Indre By, n\u00e5r du afslutter din tur korrekt p\u00e5 offentlige pladser inden for zonen, p\u00e5 et officielt Hotspot eller p\u00e5 el-delebilspladser. Du bliver kun opkr\u00e6vet gebyr, hvis du parkerer ulovligt eller uden for reglerne, f.eks. p\u00e5 private pladser eller p\u00e5 p-pladser, hvor der er en tidsbegr\u00e6nsning p\u00e5 under 2 timers parkering i l\u00f8bet af en dag eller uge.<\/span><\/p>\n<p><b>Hvad sker der, hvis jeg afslutter min tur i en gade, hvor der g\u00e6lder tidsbegr\u00e6nset parkering om aftenen eller i weekenden? <\/b><b><br \/>\n<\/b><span style=\"font-weight: 400;\">S\u00e5 l\u00e6nge parkeringen er lovlig og tidsbegr\u00e6sningen er p\u00e5 mindst 2 timer hele d\u00f8gnet, alle ugens dage, m\u00e5 du gerne afslutte din tur. V\u00e6r altid opm\u00e6rksom p\u00e5 de lokale skilte og orienter dig i vores parkeringsregler <span style=\"text-decoration: underline;\"><a href=\"https:\/\/www.greenmobility.com\/dk\/da\/parkering\/\">her<\/a><\/span>.<\/span><\/p>\n<p><b>Hvordan finder jeg hurtigt et Hotspot i Indre By, n\u00e5r der ikke er en samlet oversigt i appen over ledige pladser? <\/b><b><br \/>\n<\/b><span style=\"font-weight: 400;\">Hotspots er markeret i appen med HS-ikoner, og vi arbejder p\u00e5 at g\u00f8re det muligt at f\u00e5 en live-opdatering om, hvor mange p-pladser der er ledige eller optaget. Indtil da anbefaler vi, at du orienterer dig p\u00e5 forh\u00e5nd via appen eller l\u00e6rer de mest centrale Hotspots at kende, s\u00e5 du har en plan B.<\/span><\/p>\n<p><b>Er det realistisk at bruge GreenMobility i Indre By i myldretiden &#8211; eller ender jeg med at spilde tid p\u00e5 at lede efter en plads? <\/b><b><br \/>\n<\/b><span style=\"font-weight: 400;\">Indre By kan v\u00e6re presset i spidsbelastede perioder, men du kan spare tid ved at k\u00f8re direkte til en el-delebilsplads eller et Hotspot, hvor der oftest er bedre mulighed for at finde en ledig plads. Det er en god id\u00e9 at planl\u00e6gge turen og have alternativer klar, hvis et omr\u00e5de er fyldt.<\/span>[\/vc_column_text][vc_empty_space height=&#8221;50px&#8221;][\/vc_column][\/vc_row]<\/p>\n<\/div>","protected":false},"excerpt":{"rendered":"<p>[vc_row][vc_column][vc_empty_space][\/vc_column][\/vc_row][vc_row][vc_column][vc_column_text]Indre By &#8211; K\u00f8benhavns hjerte &#8211; byder p\u00e5 rig historie og en mangfoldighed af oplevelser, hvor restauranter i verdensklasse ligger side om side med shoppingmuligheder og museer. Men det bedste er nok den stemning, der m\u00e6rkes i de sm\u00e5 gader og str\u00e6der.\u00a0 Med n\u00f8glen til en af vores elbiler i h\u00e5nden er K\u00f8benhavner\u00e5nden frit tilg\u00e6ngelig [&hellip;]<\/p>\n","protected":false},"author":38,"featured_media":0,"parent":1734,"menu_order":0,"comment_status":"closed","ping_status":"closed","template":"","meta":{"om_disable_all_campaigns":false,"footnotes":"","_links_to":"","_links_to_target":""},"class_list":["post-5497","page","type-page","status-publish","hentry"],"yoast_head":"<!-- This site is optimized with the Yoast SEO plugin v26.7 - https:\/\/yoast.com\/wordpress\/plugins\/seo\/ -->\n<title>Gratis Parkering i Indre By og K\u00f8benhavn K med GreenMobility<\/title>\n<meta name=\"description\" content=\"Lej en elbil og f\u00e5 adgang til gratis parkering i Indre By. Med GreenMobility Hotspots udforsker du byen uden bekymring om parkering.\" \/>\n<meta name=\"robots\" content=\"index, follow, max-snippet:-1, max-image-preview:large, max-video-preview:-1\" \/>\n<link rel=\"canonical\" href=\"https:\/\/www.greenmobility.com\/dk\/da\/hotspots\/parkering-indre-by\/\" \/>\n<meta property=\"og:locale\" content=\"da_DK\" \/>\n<meta property=\"og:type\" content=\"article\" \/>\n<meta property=\"og:title\" content=\"Gratis Parkering i Indre By og K\u00f8benhavn K med GreenMobility\" \/>\n<meta property=\"og:description\" content=\"Lej en elbil og f\u00e5 adgang til gratis parkering i Indre By. Med GreenMobility Hotspots udforsker du byen uden bekymring om parkering.\" \/>\n<meta property=\"og:url\" content=\"https:\/\/www.greenmobility.com\/dk\/da\/hotspots\/parkering-indre-by\/\" \/>\n<meta property=\"og:site_name\" content=\"GreenMobility Denmark\" \/>\n<meta property=\"article:modified_time\" content=\"2025-08-28T12:41:06+00:00\" \/>\n<meta name=\"twitter:card\" content=\"summary_large_image\" \/>\n<meta name=\"twitter:label1\" content=\"Estimeret l\u00e6setid\" \/>\n\t<meta name=\"twitter:data1\" content=\"3 minutter\" \/>\n<script type=\"application\/ld+json\" class=\"yoast-schema-graph\">{\"@context\":\"https:\/\/schema.org\",\"@graph\":[{\"@type\":\"WebPage\",\"@id\":\"https:\/\/www.greenmobility.com\/dk\/da\/hotspots\/parkering-indre-by\/\",\"url\":\"https:\/\/www.greenmobility.com\/dk\/da\/hotspots\/parkering-indre-by\/\",\"name\":\"Gratis Parkering i Indre By og K\u00f8benhavn K med GreenMobility\",\"isPartOf\":{\"@id\":\"https:\/\/www.greenmobility.com\/dk\/da\/#website\"},\"datePublished\":\"2023-04-11T10:27:04+00:00\",\"dateModified\":\"2025-08-28T12:41:06+00:00\",\"description\":\"Lej en elbil og f\u00e5 adgang til gratis parkering i Indre By. Med GreenMobility Hotspots udforsker du byen uden bekymring om parkering.\",\"breadcrumb\":{\"@id\":\"https:\/\/www.greenmobility.com\/dk\/da\/hotspots\/parkering-indre-by\/#breadcrumb\"},\"inLanguage\":\"da-DK\",\"potentialAction\":[{\"@type\":\"ReadAction\",\"target\":[\"https:\/\/www.greenmobility.com\/dk\/da\/hotspots\/parkering-indre-by\/\"]}]},{\"@type\":\"BreadcrumbList\",\"@id\":\"https:\/\/www.greenmobility.com\/dk\/da\/hotspots\/parkering-indre-by\/#breadcrumb\",\"itemListElement\":[{\"@type\":\"ListItem\",\"position\":1,\"name\":\"Home\",\"item\":\"https:\/\/www.greenmobility.com\/dk\/da\/\"},{\"@type\":\"ListItem\",\"position\":2,\"name\":\"Hotspots\",\"item\":\"https:\/\/www.greenmobility.com\/dk\/da\/hotspots\/\"},{\"@type\":\"ListItem\",\"position\":3,\"name\":\"Parkering Indre By\"}]},{\"@type\":\"WebSite\",\"@id\":\"https:\/\/www.greenmobility.com\/dk\/da\/#website\",\"url\":\"https:\/\/www.greenmobility.com\/dk\/da\/\",\"name\":\"GreenMobility Denmark\",\"description\":\"\",\"publisher\":{\"@id\":\"https:\/\/www.greenmobility.com\/dk\/da\/#organization\"},\"potentialAction\":[{\"@type\":\"SearchAction\",\"target\":{\"@type\":\"EntryPoint\",\"urlTemplate\":\"https:\/\/www.greenmobility.com\/dk\/da\/?s={search_term_string}\"},\"query-input\":{\"@type\":\"PropertyValueSpecification\",\"valueRequired\":true,\"valueName\":\"search_term_string\"}}],\"inLanguage\":\"da-DK\"},{\"@type\":\"Organization\",\"@id\":\"https:\/\/www.greenmobility.com\/dk\/da\/#organization\",\"name\":\"GreenMobility\",\"url\":\"https:\/\/www.greenmobility.com\/dk\/da\/\",\"logo\":{\"@type\":\"ImageObject\",\"inLanguage\":\"da-DK\",\"@id\":\"https:\/\/www.greenmobility.com\/dk\/da\/#\/schema\/logo\/image\/\",\"url\":\"https:\/\/www.greenmobility.com\/dk\/wp-content\/uploads\/sites\/9\/2021\/06\/logo-EM-DK.png\",\"contentUrl\":\"https:\/\/www.greenmobility.com\/dk\/wp-content\/uploads\/sites\/9\/2021\/06\/logo-EM-DK.png\",\"width\":3125,\"height\":788,\"caption\":\"GreenMobility\"},\"image\":{\"@id\":\"https:\/\/www.greenmobility.com\/dk\/da\/#\/schema\/logo\/image\/\"}}]}<\/script>\n<!-- \/ Yoast SEO plugin. -->","yoast_head_json":{"title":"Gratis Parkering i Indre By og K\u00f8benhavn K med GreenMobility","description":"Lej en elbil og f\u00e5 adgang til gratis parkering i Indre By. Med GreenMobility Hotspots udforsker du byen uden bekymring om parkering.","robots":{"index":"index","follow":"follow","max-snippet":"max-snippet:-1","max-image-preview":"max-image-preview:large","max-video-preview":"max-video-preview:-1"},"canonical":"https:\/\/www.greenmobility.com\/dk\/da\/hotspots\/parkering-indre-by\/","og_locale":"da_DK","og_type":"article","og_title":"Gratis Parkering i Indre By og K\u00f8benhavn K med GreenMobility","og_description":"Lej en elbil og f\u00e5 adgang til gratis parkering i Indre By. Med GreenMobility Hotspots udforsker du byen uden bekymring om parkering.","og_url":"https:\/\/www.greenmobility.com\/dk\/da\/hotspots\/parkering-indre-by\/","og_site_name":"GreenMobility Denmark","article_modified_time":"2025-08-28T12:41:06+00:00","twitter_card":"summary_large_image","twitter_misc":{"Estimeret l\u00e6setid":"3 minutter"},"schema":{"@context":"https:\/\/schema.org","@graph":[{"@type":"WebPage","@id":"https:\/\/www.greenmobility.com\/dk\/da\/hotspots\/parkering-indre-by\/","url":"https:\/\/www.greenmobility.com\/dk\/da\/hotspots\/parkering-indre-by\/","name":"Gratis Parkering i Indre By og K\u00f8benhavn K med GreenMobility","isPartOf":{"@id":"https:\/\/www.greenmobility.com\/dk\/da\/#website"},"datePublished":"2023-04-11T10:27:04+00:00","dateModified":"2025-08-28T12:41:06+00:00","description":"Lej en elbil og f\u00e5 adgang til gratis parkering i Indre By. Med GreenMobility Hotspots udforsker du byen uden bekymring om parkering.","breadcrumb":{"@id":"https:\/\/www.greenmobility.com\/dk\/da\/hotspots\/parkering-indre-by\/#breadcrumb"},"inLanguage":"da-DK","potentialAction":[{"@type":"ReadAction","target":["https:\/\/www.greenmobility.com\/dk\/da\/hotspots\/parkering-indre-by\/"]}]},{"@type":"BreadcrumbList","@id":"https:\/\/www.greenmobility.com\/dk\/da\/hotspots\/parkering-indre-by\/#breadcrumb","itemListElement":[{"@type":"ListItem","position":1,"name":"Home","item":"https:\/\/www.greenmobility.com\/dk\/da\/"},{"@type":"ListItem","position":2,"name":"Hotspots","item":"https:\/\/www.greenmobility.com\/dk\/da\/hotspots\/"},{"@type":"ListItem","position":3,"name":"Parkering Indre By"}]},{"@type":"WebSite","@id":"https:\/\/www.greenmobility.com\/dk\/da\/#website","url":"https:\/\/www.greenmobility.com\/dk\/da\/","name":"GreenMobility Denmark","description":"","publisher":{"@id":"https:\/\/www.greenmobility.com\/dk\/da\/#organization"},"potentialAction":[{"@type":"SearchAction","target":{"@type":"EntryPoint","urlTemplate":"https:\/\/www.greenmobility.com\/dk\/da\/?s={search_term_string}"},"query-input":{"@type":"PropertyValueSpecification","valueRequired":true,"valueName":"search_term_string"}}],"inLanguage":"da-DK"},{"@type":"Organization","@id":"https:\/\/www.greenmobility.com\/dk\/da\/#organization","name":"GreenMobility","url":"https:\/\/www.greenmobility.com\/dk\/da\/","logo":{"@type":"ImageObject","inLanguage":"da-DK","@id":"https:\/\/www.greenmobility.com\/dk\/da\/#\/schema\/logo\/image\/","url":"https:\/\/www.greenmobility.com\/dk\/wp-content\/uploads\/sites\/9\/2021\/06\/logo-EM-DK.png","contentUrl":"https:\/\/www.greenmobility.com\/dk\/wp-content\/uploads\/sites\/9\/2021\/06\/logo-EM-DK.png","width":3125,"height":788,"caption":"GreenMobility"},"image":{"@id":"https:\/\/www.greenmobility.com\/dk\/da\/#\/schema\/logo\/image\/"}}]}},"_links":{"self":[{"href":"https:\/\/www.greenmobility.com\/dk\/da\/wp-json\/wp\/v2\/pages\/5497","targetHints":{"allow":["GET"]}}],"collection":[{"href":"https:\/\/www.greenmobility.com\/dk\/da\/wp-json\/wp\/v2\/pages"}],"about":[{"href":"https:\/\/www.greenmobility.com\/dk\/da\/wp-json\/wp\/v2\/types\/page"}],"author":[{"embeddable":true,"href":"https:\/\/www.greenmobility.com\/dk\/da\/wp-json\/wp\/v2\/users\/38"}],"replies":[{"embeddable":true,"href":"https:\/\/www.greenmobility.com\/dk\/da\/wp-json\/wp\/v2\/comments?post=5497"}],"version-history":[{"count":0,"href":"https:\/\/www.greenmobility.com\/dk\/da\/wp-json\/wp\/v2\/pages\/5497\/revisions"}],"up":[{"embeddable":true,"href":"https:\/\/www.greenmobility.com\/dk\/da\/wp-json\/wp\/v2\/pages\/1734"}],"wp:attachment":[{"href":"https:\/\/www.greenmobility.com\/dk\/da\/wp-json\/wp\/v2\/media?parent=5497"}],"curies":[{"name":"wp","href":"https:\/\/api.w.org\/{rel}","templated":true}]}}