{"id":4900,"date":"2022-07-18T14:14:20","date_gmt":"2022-07-18T13:14:20","guid":{"rendered":"https:\/\/www.greenmobility.com\/dk\/?page_id=4900"},"modified":"2025-08-25T12:31:09","modified_gmt":"2025-08-25T11:31:09","slug":"parkering-aarhus-lufthavn","status":"publish","type":"page","link":"https:\/\/www.greenmobility.com\/dk\/da\/parkering-aarhus-lufthavn\/","title":{"rendered":"Aarhus Lufthavn"},"content":{"rendered":"<div class=\"wpb-content-wrapper\"><p>[vc_row][vc_column][vc_empty_space height=&#8221;50px&#8221;]<div class=\" agni-section-heading text-left ihda\" ><h1 class=\"section-heading-text \" style=\"font-size:48px;\"><span>Parker i Aarhus Airport med GreenMobility<\/span><\/h1><div class=\"section-divide-line divide-line text-left\"><span style=\"width:90px; height:1px; background-color:#3ea635\"><\/span><\/div><\/div>[vc_empty_space][\/vc_column][vc_column width=&#8221;1\/2&#8243;][vc_column_text]Parker nemt i Aarhus Airport med GreenMobility, n\u00e5r du skal rejse. Du kan parkere p\u00e5 vores VIP-pladser ved p-huset, der er reserveret til GreenMobility.[\/vc_column_text][\/vc_column][vc_column width=&#8221;1\/2&#8243;][vc_column_text]Vil du v\u00e6re sikret en ledig bil, n\u00e5r du skal rejse? F\u00e5 en elbil leveret til dig og f\u00e5 en stressfri start p\u00e5 ferien![\/vc_column_text][\/vc_column][vc_column][vc_empty_space height=&#8221;50px&#8221;][\/vc_column][\/vc_row][vc_row fullwidth=&#8221;has-fullwidth-column&#8221; equal_height=&#8221;yes&#8221;][vc_column align=&#8221;center&#8221; bg_color=&#8221;#bbd6af&#8221; width=&#8221;1\/2&#8243;][vc_empty_space height=&#8221;80px&#8221;][vc_custom_heading divide_line=&#8221;yes&#8221; divide_line_color=&#8221;#ffffff&#8221; text=&#8221;VIP-parkering i lufthavnen&#8221; font_container=&#8221;tag:h2|text_align:center|color:%23ffffff&#8221; google_fonts=&#8221;font_family:Open%20Sans%3A300%2C300italic%2Cregular%2Citalic%2C600%2C600italic%2C700%2C700italic%2C800%2C800italic|font_style:400%20regular%3A400%3Anormal&#8221; responsive_font_size=&#8221;yes&#8221;][vc_empty_space height=&#8221;20px&#8221;][vc_column_text padding_right=&#8221;5%&#8221; padding_left=&#8221;5%&#8221;]<\/p>\n<p style=\"text-align: justify;\"><span style=\"color: #ffffff;\">P\u00e5 Hotspottet i Aarhus Airport er der to reserverede p-pladser med ladestandere til GreenMobilitys elbiler. Tag f.eks. en elbil fra Aarhus centrum til lufthavnen, n\u00e5r du skal ud at rejse. Du beh\u00f8ver ikke at t\u00e6nke p\u00e5, at bilen skal retur til Aarhus igen. Du lader den blot st\u00e5 p\u00e5 p-pladsen \u2013 til gavn for den n\u00e6ste bruger eller for dig selv, n\u00e5r du lander igen.<\/span><\/p>\n<p>[\/vc_column_text][vc_empty_space height=&#8221;100px&#8221;][\/vc_column][vc_column bg_choice=&#8221;2&#8243; bg_image=&#8221;6427&#8243; width=&#8221;1\/2&#8243;][vc_empty_space height=&#8221;300px&#8221;][\/vc_column][\/vc_row][vc_row fullwidth=&#8221;has-fullwidth-column&#8221; equal_height=&#8221;yes&#8221;][vc_column bg_choice=&#8221;2&#8243; bg_image=&#8221;4130&#8243; width=&#8221;1\/2&#8243;][vc_empty_space height=&#8221;300px&#8221;][\/vc_column][vc_column align=&#8221;center&#8221; bg_color=&#8221;#bbd6af&#8221; width=&#8221;1\/2&#8243;][vc_empty_space height=&#8221;100px&#8221;][vc_custom_heading divide_line=&#8221;yes&#8221; divide_line_color=&#8221;#ffffff&#8221; text=&#8221;Find vej til p-pladserne&#8221; font_container=&#8221;tag:h2|text_align:center|color:%23ffffff&#8221; google_fonts=&#8221;font_family:Open%20Sans%3A300%2C300italic%2Cregular%2Citalic%2C600%2C600italic%2C700%2C700italic%2C800%2C800italic|font_style:400%20regular%3A400%3Anormal&#8221; responsive_font_size=&#8221;yes&#8221;][vc_empty_space height=&#8221;20px&#8221;][vc_column_text padding_right=&#8221;5%&#8221; padding_left=&#8221;5%&#8221;]<\/p>\n<p style=\"text-align: justify;\"><span style=\"color: #ffffff;\">Du finder p-pladserne ved at holde til h\u00f8jre ved indk\u00f8rslen til lufthavnen og f\u00f8lge skiltningen mod elbilspladserne. De to reserverede p-pladser er markeret med GreenMobility-skilte. N\u00e5r du ankommer, kan du frit parkere p\u00e5 pladserne. Husk at s\u00e6tte bilen til opladning, s\u00e5 den er klar til den n\u00e6ste bruger. Er alle pladserne optaget, kan du frit parkere p\u00e5 n\u00e6rmeste ledige ikke-reserveret p-plads.<\/span><\/p>\n<p style=\"text-align: justify;\"><span style=\"color: #ffffff;\">P\u00e5 Hotspottet koster det 200 kr. at starte eller afslutte en tur.<\/span><\/p>\n<p>[\/vc_column_text][vc_empty_space height=&#8221;100px&#8221;][\/vc_column][\/vc_row][vc_row margin_top=&#8221;20&#8243; margin_bottom=&#8221;30&#8243;][vc_column][vc_empty_space height=&#8221;40px&#8221;][\/vc_column][vc_column align=&#8221;right&#8221; width=&#8221;1\/2&#8243;][vc_empty_space height=&#8221;80px&#8221;][vc_column_text]<\/p>\n<h4 style=\"text-align: right;\">Altid plads til en Green<\/h4>\n<p style=\"text-align: right;\">Se alle dine Hotspots med gratis p-pladser til dig.<\/p>\n<p>[\/vc_column_text][vc_empty_space][vc_column_text]<img decoding=\"async\" class=\"alignnone wp-image-6398 lazyload\" data-src=\"https:\/\/www.greenmobility.com\/dk\/wp-content\/uploads\/sites\/9\/2024\/05\/hotspot-icon.svg\" alt=\"\" width=\"83\" height=\"93\" src=\"data:image\/svg+xml;base64,PHN2ZyB3aWR0aD0iMSIgaGVpZ2h0PSIxIiB4bWxucz0iaHR0cDovL3d3dy53My5vcmcvMjAwMC9zdmciPjwvc3ZnPg==\" style=\"--smush-placeholder-width: 83px; --smush-placeholder-aspect-ratio: 83\/93;\" \/>[\/vc_column_text][vc_empty_space]<div class=\" call-to-action call-to-action-style-1\"><div class=\"call-to-action-description\"><\/div><div class=\"call-to-action-button\"><a class=\"btn btn-alt btn-default \" target=\"_blank\" href=\"https:\/\/www.greenmobility.com\/dk\/da\/hotspots\/\" style=\"margin-top: 10px; \"> Se Hotspots<\/a><\/div><\/div>[vc_empty_space height=&#8221;40px&#8221;][vc_column_text]<\/p>\n<p style=\"text-align: right;\"><span style=\"font-size: 10pt;\"><strong>Nemmeste parkering i byen<\/strong><\/span><\/p>\n<p style=\"text-align: right;\" align=\"justify\">Hotspots er p-pladser reserveret til GreenMobility. P\u00e5 Hotspots kan du altid komme af med din bil, og ofte kan du ogs\u00e5 finde en ledig bil. Du kan se mere om\u00a0alle vores Hotspots\u00a0i app&#8217;en, hvor de enkelte Hotspots-ikoner p\u00e5 kortet er klikbare, og indeholder information om de specifikke parkeringsmuligheder.<\/p>\n<p>[\/vc_column_text][\/vc_column][vc_column align=&#8221;right&#8221; width=&#8221;1\/2&#8243;][vc_empty_space height=&#8221;50px&#8221;]<div class=\"agni-gallery img-carousel \"><div class=\"agni-gallery-row row carousel-gallery \" data-gallery-margin=30 data-gallery-autoplay=false data-gallery-autoplay-timeout=5000 data-gallery-autoplay-hover=true data-gallery-loop=false data-gallery-autoheight=false data-gallery-center=false data-gallery-pagination=false data-gallery-m=1 data-gallery-tp=1 data-gallery-tl=1 data-gallery-d=1  ><div class=\"custom-gallery-item agni-gallery-column\" style=\"\" ><figure class=\"agni-gallery-figure\"><img decoding=\"async\" width=\"1024\" height=\"1024\" data-src=\"https:\/\/www.greenmobility.com\/dk\/wp-content\/uploads\/sites\/9\/2024\/06\/Aarhus-app-screenshot-mobil-1024x1024.png\" class=\"attachment-large size-large lazyload\" alt=\"Lejebil Aarhus bykort\" data-srcset=\"https:\/\/www.greenmobility.com\/dk\/wp-content\/uploads\/sites\/9\/2024\/06\/Aarhus-app-screenshot-mobil-1024x1024.png 1024w, https:\/\/www.greenmobility.com\/dk\/wp-content\/uploads\/sites\/9\/2024\/06\/Aarhus-app-screenshot-mobil-300x300.png 300w, https:\/\/www.greenmobility.com\/dk\/wp-content\/uploads\/sites\/9\/2024\/06\/Aarhus-app-screenshot-mobil-150x150.png 150w, https:\/\/www.greenmobility.com\/dk\/wp-content\/uploads\/sites\/9\/2024\/06\/Aarhus-app-screenshot-mobil-768x768.png 768w, https:\/\/www.greenmobility.com\/dk\/wp-content\/uploads\/sites\/9\/2024\/06\/Aarhus-app-screenshot-mobil-50x50.png 50w, https:\/\/www.greenmobility.com\/dk\/wp-content\/uploads\/sites\/9\/2024\/06\/Aarhus-app-screenshot-mobil-600x600.png 600w, https:\/\/www.greenmobility.com\/dk\/wp-content\/uploads\/sites\/9\/2024\/06\/Aarhus-app-screenshot-mobil-960x960.png 960w, https:\/\/www.greenmobility.com\/dk\/wp-content\/uploads\/sites\/9\/2024\/06\/Aarhus-app-screenshot-mobil.png 1080w\" data-sizes=\"(max-width: 1024px) 100vw, 1024px\" src=\"data:image\/svg+xml;base64,PHN2ZyB3aWR0aD0iMSIgaGVpZ2h0PSIxIiB4bWxucz0iaHR0cDovL3d3dy53My5vcmcvMjAwMC9zdmciPjwvc3ZnPg==\" style=\"--smush-placeholder-width: 1024px; --smush-placeholder-aspect-ratio: 1024\/1024;\" \/><\/figure><\/div><\/div><\/div>[\/vc_column][\/vc_row][vc_row][vc_column][vc_empty_space height=&#8221;50px&#8221; height_mobile=&#8221;20px&#8221;][\/vc_column][\/vc_row][vc_row el_id=&#8221;FAQ&#8221;][vc_column][vc_empty_space height=&#8221;50px&#8221;]<div class=\" agni-section-heading text-left ihda\" ><h2 class=\"section-heading-text \" style=\"font-size:40px;\"><span>FAQ om parkering i Aarhus Airport<\/span><\/h2><div class=\"section-divide-line divide-line text-left\"><span style=\"width:90px; height:1px; background-color:#73b742\"><\/span><\/div><\/div>[vc_column_text]<b>Hvordan sikrer jeg, at der er en GreenMobility-bil klar, n\u00e5r jeg lander i Aarhus Lufthavn?<br \/>\n<\/b><span style=\"font-weight: 400;\">For at sikre en bil ved ankomst skal du reservere den direkte i GreenMobility-appen, n\u00e5r du er landet. Imens bilen er reserveret, er der ikke andre der kan k\u00f8re i den, og du kan hente din kuffert og g\u00e5 hen til bilen imens.\u00a0<\/span><\/p>\n<p><b>Hvor finder jeg GreenMobility-parkeringsomr\u00e5det i Aarhus Lufthavn?<br \/>\n<\/b><span style=\"font-weight: 400;\">GreenMobility-biler st\u00e5r p\u00e5 den officielle delebils-parkeringsplads t\u00e6t ved terminalen. I appen finder du et pr\u00e6cist kort med GPS-rute og skiltning, der guider dig direkte til omr\u00e5det.<\/span><\/p>\n<p><b>Hvordan ved jeg, at jeg har parkeret korrekt, s\u00e5 jeg undg\u00e5r b\u00f8der?<br \/>\n<\/b><span style=\"font-weight: 400;\">I appen finder du en pr\u00e6cis oversigt over tilladte parkeringszoner i lufthavnen. F\u00f8lger du zonerne og skiltningen, afsluttes turen korrekt, og du undg\u00e5r b\u00f8der.<\/span>[\/vc_column_text][vc_empty_space height=&#8221;50px&#8221;][\/vc_column][\/vc_row][vc_row margin_bottom=&#8221;32&#8243;][vc_column align=&#8221;center&#8221;][vc_empty_space height=&#8221;80px&#8221;][vc_custom_heading divide_line=&#8221;yes&#8221; divide_line_height=&#8221;2&#8243; divide_line_color=&#8221;#81d742&#8243; text=&#8221;Parker nemt i Billund Lufthavn&#8221; font_container=&#8221;tag:h3|text_align:center&#8221; google_fonts=&#8221;font_family:Open%20Sans%3A300%2C300italic%2Cregular%2Citalic%2C600%2C600italic%2C700%2C700italic%2C800%2C800italic|font_style:400%20regular%3A400%3Anormal&#8221; responsive_font_size=&#8221;yes&#8221;][vc_column_text]<\/p>\n<p style=\"text-align: center;\"><span style=\"font-size: 12pt;\">Vidste du, at du ogs\u00e5 kan parkere i Billund Lufthavn? I samarbejde med lufthavnen har vi resereveret nogle p-pladser til dig, n\u00e5r du ankommer i en GreenMobility elbil.<\/span><\/p>\n<p>[\/vc_column_text]<div class=\" call-to-action call-to-action-style-1\"><div class=\"call-to-action-description\"><\/div><div class=\"call-to-action-button\"><a class=\"btn btn-alt btn-default \" target=\"_blank\" href=\"https:\/\/www.greenmobility.com\/dk\/da\/parkering-billund-lufthavn\/\" style=\"margin-top: 10px; \"> L\u00e6s mere<\/a><\/div><\/div>[vc_empty_space height=&#8221;50px&#8221; height_tab=&#8221;40&#8243; height_mobile=&#8221;30&#8243;][\/vc_column][\/vc_row]<\/p>\n<\/div>","protected":false},"excerpt":{"rendered":"<p>[vc_row][vc_column][vc_empty_space height=&#8221;50px&#8221;][vc_empty_space][\/vc_column][vc_column width=&#8221;1\/2&#8243;][vc_column_text]Parker nemt i Aarhus Airport med GreenMobility, n\u00e5r du skal rejse. Du kan parkere p\u00e5 vores VIP-pladser ved p-huset, der er reserveret til GreenMobility.[\/vc_column_text][\/vc_column][vc_column width=&#8221;1\/2&#8243;][vc_column_text]Vil du v\u00e6re sikret en ledig bil, n\u00e5r du skal rejse? F\u00e5 en elbil leveret til dig og f\u00e5 en stressfri start p\u00e5 ferien![\/vc_column_text][\/vc_column][vc_column][vc_empty_space height=&#8221;50px&#8221;][\/vc_column][\/vc_row][vc_row fullwidth=&#8221;has-fullwidth-column&#8221; equal_height=&#8221;yes&#8221;][vc_column align=&#8221;center&#8221; bg_color=&#8221;#bbd6af&#8221; [&hellip;]<\/p>\n","protected":false},"author":7,"featured_media":6427,"parent":0,"menu_order":0,"comment_status":"closed","ping_status":"closed","template":"","meta":{"om_disable_all_campaigns":false,"footnotes":"","_links_to":"","_links_to_target":""},"class_list":["post-4900","page","type-page","status-publish","has-post-thumbnail","hentry"],"yoast_head":"<!-- This site is optimized with the Yoast SEO plugin v26.7 - https:\/\/yoast.com\/wordpress\/plugins\/seo\/ -->\n<title>Parker i Aarhus Airport med GreenMobility | GreenMobility<\/title>\n<meta name=\"description\" content=\"Parker nemt i Aarhus Airport med GreenMobility, n\u00e5r du skal ud at rejse. Du kan parkere p\u00e5 vores VIP-pladser der er reserveret til dig.\" \/>\n<meta name=\"robots\" content=\"index, follow, max-snippet:-1, max-image-preview:large, max-video-preview:-1\" \/>\n<link rel=\"canonical\" href=\"https:\/\/www.greenmobility.com\/dk\/da\/parkering-aarhus-lufthavn\/\" \/>\n<meta property=\"og:locale\" content=\"da_DK\" \/>\n<meta property=\"og:type\" content=\"article\" \/>\n<meta property=\"og:title\" content=\"Parker i Aarhus Airport med GreenMobility | GreenMobility\" \/>\n<meta property=\"og:description\" content=\"Parker nemt i Aarhus Airport med GreenMobility, n\u00e5r du skal ud at rejse. Du kan parkere p\u00e5 vores VIP-pladser der er reserveret til dig.\" \/>\n<meta property=\"og:url\" content=\"https:\/\/www.greenmobility.com\/dk\/da\/parkering-aarhus-lufthavn\/\" \/>\n<meta property=\"og:site_name\" content=\"GreenMobility Denmark\" \/>\n<meta property=\"article:modified_time\" content=\"2025-08-25T11:31:09+00:00\" \/>\n<meta property=\"og:image\" content=\"https:\/\/www.greenmobility.com\/dk\/wp-content\/uploads\/sites\/9\/2024\/05\/Image-31-scaled.jpg\" \/>\n\t<meta property=\"og:image:width\" content=\"2560\" \/>\n\t<meta property=\"og:image:height\" content=\"1920\" \/>\n\t<meta property=\"og:image:type\" content=\"image\/jpeg\" \/>\n<meta name=\"twitter:card\" content=\"summary_large_image\" \/>\n<meta name=\"twitter:label1\" content=\"Estimeret l\u00e6setid\" \/>\n\t<meta name=\"twitter:data1\" content=\"2 minutter\" \/>\n<script type=\"application\/ld+json\" class=\"yoast-schema-graph\">{\"@context\":\"https:\/\/schema.org\",\"@graph\":[{\"@type\":\"WebPage\",\"@id\":\"https:\/\/www.greenmobility.com\/dk\/da\/parkering-aarhus-lufthavn\/\",\"url\":\"https:\/\/www.greenmobility.com\/dk\/da\/parkering-aarhus-lufthavn\/\",\"name\":\"Parker i Aarhus Airport med GreenMobility | GreenMobility\",\"isPartOf\":{\"@id\":\"https:\/\/www.greenmobility.com\/dk\/da\/#website\"},\"primaryImageOfPage\":{\"@id\":\"https:\/\/www.greenmobility.com\/dk\/da\/parkering-aarhus-lufthavn\/#primaryimage\"},\"image\":{\"@id\":\"https:\/\/www.greenmobility.com\/dk\/da\/parkering-aarhus-lufthavn\/#primaryimage\"},\"thumbnailUrl\":\"https:\/\/www.greenmobility.com\/dk\/wp-content\/uploads\/sites\/9\/2024\/05\/Image-31-scaled.jpg\",\"datePublished\":\"2022-07-18T13:14:20+00:00\",\"dateModified\":\"2025-08-25T11:31:09+00:00\",\"description\":\"Parker nemt i Aarhus Airport med GreenMobility, n\u00e5r du skal ud at rejse. Du kan parkere p\u00e5 vores VIP-pladser der er reserveret til dig.\",\"breadcrumb\":{\"@id\":\"https:\/\/www.greenmobility.com\/dk\/da\/parkering-aarhus-lufthavn\/#breadcrumb\"},\"inLanguage\":\"da-DK\",\"potentialAction\":[{\"@type\":\"ReadAction\",\"target\":[\"https:\/\/www.greenmobility.com\/dk\/da\/parkering-aarhus-lufthavn\/\"]}]},{\"@type\":\"ImageObject\",\"inLanguage\":\"da-DK\",\"@id\":\"https:\/\/www.greenmobility.com\/dk\/da\/parkering-aarhus-lufthavn\/#primaryimage\",\"url\":\"https:\/\/www.greenmobility.com\/dk\/wp-content\/uploads\/sites\/9\/2024\/05\/Image-31-scaled.jpg\",\"contentUrl\":\"https:\/\/www.greenmobility.com\/dk\/wp-content\/uploads\/sites\/9\/2024\/05\/Image-31-scaled.jpg\",\"width\":2560,\"height\":1920},{\"@type\":\"BreadcrumbList\",\"@id\":\"https:\/\/www.greenmobility.com\/dk\/da\/parkering-aarhus-lufthavn\/#breadcrumb\",\"itemListElement\":[{\"@type\":\"ListItem\",\"position\":1,\"name\":\"Home\",\"item\":\"https:\/\/www.greenmobility.com\/dk\/da\/\"},{\"@type\":\"ListItem\",\"position\":2,\"name\":\"Aarhus Lufthavn\"}]},{\"@type\":\"WebSite\",\"@id\":\"https:\/\/www.greenmobility.com\/dk\/da\/#website\",\"url\":\"https:\/\/www.greenmobility.com\/dk\/da\/\",\"name\":\"GreenMobility Denmark\",\"description\":\"\",\"publisher\":{\"@id\":\"https:\/\/www.greenmobility.com\/dk\/da\/#organization\"},\"potentialAction\":[{\"@type\":\"SearchAction\",\"target\":{\"@type\":\"EntryPoint\",\"urlTemplate\":\"https:\/\/www.greenmobility.com\/dk\/da\/?s={search_term_string}\"},\"query-input\":{\"@type\":\"PropertyValueSpecification\",\"valueRequired\":true,\"valueName\":\"search_term_string\"}}],\"inLanguage\":\"da-DK\"},{\"@type\":\"Organization\",\"@id\":\"https:\/\/www.greenmobility.com\/dk\/da\/#organization\",\"name\":\"GreenMobility\",\"url\":\"https:\/\/www.greenmobility.com\/dk\/da\/\",\"logo\":{\"@type\":\"ImageObject\",\"inLanguage\":\"da-DK\",\"@id\":\"https:\/\/www.greenmobility.com\/dk\/da\/#\/schema\/logo\/image\/\",\"url\":\"https:\/\/www.greenmobility.com\/dk\/wp-content\/uploads\/sites\/9\/2021\/06\/logo-EM-DK.png\",\"contentUrl\":\"https:\/\/www.greenmobility.com\/dk\/wp-content\/uploads\/sites\/9\/2021\/06\/logo-EM-DK.png\",\"width\":3125,\"height\":788,\"caption\":\"GreenMobility\"},\"image\":{\"@id\":\"https:\/\/www.greenmobility.com\/dk\/da\/#\/schema\/logo\/image\/\"}}]}<\/script>\n<!-- \/ Yoast SEO plugin. -->","yoast_head_json":{"title":"Parker i Aarhus Airport med GreenMobility | GreenMobility","description":"Parker nemt i Aarhus Airport med GreenMobility, n\u00e5r du skal ud at rejse. Du kan parkere p\u00e5 vores VIP-pladser der er reserveret til dig.","robots":{"index":"index","follow":"follow","max-snippet":"max-snippet:-1","max-image-preview":"max-image-preview:large","max-video-preview":"max-video-preview:-1"},"canonical":"https:\/\/www.greenmobility.com\/dk\/da\/parkering-aarhus-lufthavn\/","og_locale":"da_DK","og_type":"article","og_title":"Parker i Aarhus Airport med GreenMobility | GreenMobility","og_description":"Parker nemt i Aarhus Airport med GreenMobility, n\u00e5r du skal ud at rejse. Du kan parkere p\u00e5 vores VIP-pladser der er reserveret til dig.","og_url":"https:\/\/www.greenmobility.com\/dk\/da\/parkering-aarhus-lufthavn\/","og_site_name":"GreenMobility Denmark","article_modified_time":"2025-08-25T11:31:09+00:00","og_image":[{"width":2560,"height":1920,"url":"https:\/\/www.greenmobility.com\/dk\/wp-content\/uploads\/sites\/9\/2024\/05\/Image-31-scaled.jpg","type":"image\/jpeg"}],"twitter_card":"summary_large_image","twitter_misc":{"Estimeret l\u00e6setid":"2 minutter"},"schema":{"@context":"https:\/\/schema.org","@graph":[{"@type":"WebPage","@id":"https:\/\/www.greenmobility.com\/dk\/da\/parkering-aarhus-lufthavn\/","url":"https:\/\/www.greenmobility.com\/dk\/da\/parkering-aarhus-lufthavn\/","name":"Parker i Aarhus Airport med GreenMobility | GreenMobility","isPartOf":{"@id":"https:\/\/www.greenmobility.com\/dk\/da\/#website"},"primaryImageOfPage":{"@id":"https:\/\/www.greenmobility.com\/dk\/da\/parkering-aarhus-lufthavn\/#primaryimage"},"image":{"@id":"https:\/\/www.greenmobility.com\/dk\/da\/parkering-aarhus-lufthavn\/#primaryimage"},"thumbnailUrl":"https:\/\/www.greenmobility.com\/dk\/wp-content\/uploads\/sites\/9\/2024\/05\/Image-31-scaled.jpg","datePublished":"2022-07-18T13:14:20+00:00","dateModified":"2025-08-25T11:31:09+00:00","description":"Parker nemt i Aarhus Airport med GreenMobility, n\u00e5r du skal ud at rejse. Du kan parkere p\u00e5 vores VIP-pladser der er reserveret til dig.","breadcrumb":{"@id":"https:\/\/www.greenmobility.com\/dk\/da\/parkering-aarhus-lufthavn\/#breadcrumb"},"inLanguage":"da-DK","potentialAction":[{"@type":"ReadAction","target":["https:\/\/www.greenmobility.com\/dk\/da\/parkering-aarhus-lufthavn\/"]}]},{"@type":"ImageObject","inLanguage":"da-DK","@id":"https:\/\/www.greenmobility.com\/dk\/da\/parkering-aarhus-lufthavn\/#primaryimage","url":"https:\/\/www.greenmobility.com\/dk\/wp-content\/uploads\/sites\/9\/2024\/05\/Image-31-scaled.jpg","contentUrl":"https:\/\/www.greenmobility.com\/dk\/wp-content\/uploads\/sites\/9\/2024\/05\/Image-31-scaled.jpg","width":2560,"height":1920},{"@type":"BreadcrumbList","@id":"https:\/\/www.greenmobility.com\/dk\/da\/parkering-aarhus-lufthavn\/#breadcrumb","itemListElement":[{"@type":"ListItem","position":1,"name":"Home","item":"https:\/\/www.greenmobility.com\/dk\/da\/"},{"@type":"ListItem","position":2,"name":"Aarhus Lufthavn"}]},{"@type":"WebSite","@id":"https:\/\/www.greenmobility.com\/dk\/da\/#website","url":"https:\/\/www.greenmobility.com\/dk\/da\/","name":"GreenMobility Denmark","description":"","publisher":{"@id":"https:\/\/www.greenmobility.com\/dk\/da\/#organization"},"potentialAction":[{"@type":"SearchAction","target":{"@type":"EntryPoint","urlTemplate":"https:\/\/www.greenmobility.com\/dk\/da\/?s={search_term_string}"},"query-input":{"@type":"PropertyValueSpecification","valueRequired":true,"valueName":"search_term_string"}}],"inLanguage":"da-DK"},{"@type":"Organization","@id":"https:\/\/www.greenmobility.com\/dk\/da\/#organization","name":"GreenMobility","url":"https:\/\/www.greenmobility.com\/dk\/da\/","logo":{"@type":"ImageObject","inLanguage":"da-DK","@id":"https:\/\/www.greenmobility.com\/dk\/da\/#\/schema\/logo\/image\/","url":"https:\/\/www.greenmobility.com\/dk\/wp-content\/uploads\/sites\/9\/2021\/06\/logo-EM-DK.png","contentUrl":"https:\/\/www.greenmobility.com\/dk\/wp-content\/uploads\/sites\/9\/2021\/06\/logo-EM-DK.png","width":3125,"height":788,"caption":"GreenMobility"},"image":{"@id":"https:\/\/www.greenmobility.com\/dk\/da\/#\/schema\/logo\/image\/"}}]}},"_links":{"self":[{"href":"https:\/\/www.greenmobility.com\/dk\/da\/wp-json\/wp\/v2\/pages\/4900","targetHints":{"allow":["GET"]}}],"collection":[{"href":"https:\/\/www.greenmobility.com\/dk\/da\/wp-json\/wp\/v2\/pages"}],"about":[{"href":"https:\/\/www.greenmobility.com\/dk\/da\/wp-json\/wp\/v2\/types\/page"}],"author":[{"embeddable":true,"href":"https:\/\/www.greenmobility.com\/dk\/da\/wp-json\/wp\/v2\/users\/7"}],"replies":[{"embeddable":true,"href":"https:\/\/www.greenmobility.com\/dk\/da\/wp-json\/wp\/v2\/comments?post=4900"}],"version-history":[{"count":0,"href":"https:\/\/www.greenmobility.com\/dk\/da\/wp-json\/wp\/v2\/pages\/4900\/revisions"}],"wp:featuredmedia":[{"embeddable":true,"href":"https:\/\/www.greenmobility.com\/dk\/da\/wp-json\/wp\/v2\/media\/6427"}],"wp:attachment":[{"href":"https:\/\/www.greenmobility.com\/dk\/da\/wp-json\/wp\/v2\/media?parent=4900"}],"curies":[{"name":"wp","href":"https:\/\/api.w.org\/{rel}","templated":true}]}}