{"id":4577,"date":"2022-03-02T15:07:34","date_gmt":"2022-03-02T14:07:34","guid":{"rendered":"https:\/\/www.greenmobility.com\/dk\/?page_id=4577"},"modified":"2022-03-21T12:28:50","modified_gmt":"2022-03-21T11:28:50","slug":"dsb-erhverv","status":"publish","type":"page","link":"https:\/\/www.greenmobility.com\/dk\/da\/dsb-erhverv\/","title":{"rendered":"DSB Erhverv"},"content":{"rendered":"<div class=\"wpb-content-wrapper\"><p>[vc_row el_id=&#8221;intro&#8221; el_class=&#8221;intro&#8221;][vc_column][vc_empty_space height=&#8221;80px&#8221;]<div class=\" agni-section-heading text-left ihda\" ><h2 class=\"section-heading-text section-heading-text_responsive\" style=\"font-size:48px;\"><span>F\u00e5 en elbil leveret til Aarhus Hovedbaneg\u00e5rd<\/span><\/h2><div class=\"section-divide-line divide-line text-left\"><span style=\"width:80px; height:2px; background-color:#81d742\"><\/span><\/div><p class=\"section-additional-heading-text\" style=\"font-size:22px;\">Kom nemt videre fra toget i en GreenMobility elbil<\/p><\/div>[\/vc_column][vc_column width=&#8221;1\/2&#8243;][vc_column_text]<\/p>\n<p style=\"text-align: justify;\">DSB og GreenMobility er g\u00e5et sammen om at g\u00f8re det nemt for DSB erhvervskunder at komme videre fra toget i Aarhus. N\u00e5r du har k\u00f8bt en togbillet til Aarhus Hovedbaneg\u00e5rd, kan du nemt f\u00e5 en elbil leveret til dig, n\u00e5r du ankommer med toget. Ligesom en taxa du selv k\u00f8rer. Blot billigere og 100% elektrisk.<\/p>\n<p>[\/vc_column_text][\/vc_column][vc_column width=&#8221;1\/2&#8243;][vc_column_text]<\/p>\n<p style=\"text-align: justify;\">Elbilen vil st\u00e5 klar til dig ved Bruuns Galleri t\u00e6t p\u00e5 toget p\u00e5 det valgte tidspunkt. Forudbestil mindst 8 timer i forvejen og nyd friheden i at k\u00f8re til dine erhvervsm\u00e6ssige \u00e6rinder i en bil, der afhj\u00e6lper st\u00f8j og forurening i byen. Servicen formidles af GreenMobility, og evt. sp\u00f8rgsm\u00e5l skal derfor ogs\u00e5 rettes hertil.<\/p>\n<p>[\/vc_column_text][\/vc_column][\/vc_row][vc_row][vc_column][vc_empty_space height_mobile=&#8221;20px&#8221;][\/vc_column][\/vc_row][vc_row][vc_column align=&#8221;center&#8221;][vc_empty_space height=&#8221;80px&#8221; height_mobile=&#8221;40px&#8221;]<div class=\" agni-section-heading text-center ihda\" ><h2 class=\"section-heading-text section-heading-text_responsive\" style=\"font-size:40px;\"><span>S\u00e5dan f\u00e5r du en elbil leveret<\/span><\/h2><\/div>[vc_empty_space height=&#8221;80px&#8221; height_mobile=&#8221;20px&#8221;][\/vc_column][\/vc_row][vc_row][vc_column width=&#8221;1\/3&#8243;]<div class=\" service-box service-box-style-1 text-center \" >\r\n\t\t\t\t\t<div class=\" agni-icon has-icon \" ><span class=\"agni-icon-container\" style=\"border-radius:50%; color:#000000; \"><i class=\"pe-7s-phone  \" style=\"border-radius:50%; color:#000000; \"><\/i><\/span><\/div><h6 class=\"service-box-heading\" style=\"font-size:24px; \">1. Hent GreenMobilitys app<\/h6><div class=\"divide-line text-center\"><span ><\/span><\/div><div class=\"service-box-description\" ><p>Det er gratis at downloade <a href=\"https:\/\/app.adjust.com\/bze7zzu\"><span style=\"text-decoration: underline;\">appen<\/span><\/a>. Opret en profil og indtast f\u00e5 oplysninger samt et billede af dit k\u00f8rekort og en selfie. Din bruger godkendes hurtigst muligt.<\/p>\n<\/div>\r\n\t\t\t\t<\/div>[vc_empty_space][\/vc_column][vc_column align=&#8221;center&#8221; width=&#8221;1\/3&#8243;]<div class=\" service-box service-box-style-1 text-center \" >\r\n\t\t\t\t\t<div class=\" agni-icon has-icon \" ><span class=\"agni-icon-container\" style=\"border-radius:50%; color:#000000; \"><i class=\"pe-7s-car  \" style=\"border-radius:50%; color:#000000; \"><\/i><\/span><\/div><h6 class=\"service-box-heading\" style=\"font-size:24px; \">2. Bestil en elbil i appen<\/h6><div class=\"divide-line text-center\"><span ><\/span><\/div><div class=\"service-box-description\" ><p>G\u00e5 til menuen &#8220;Bestil en bil&#8221; i appen og v\u00e6lg &#8220;Prebooking&#8221;. Under &#8220;Adresse&#8221; v\u00e6lger du Aarhus Hovedbaneg\u00e5rd &#8211; Parkeringsplads.<\/p>\n<\/div>\r\n\t\t\t\t<\/div>[vc_empty_space][\/vc_column][vc_column width=&#8221;1\/3&#8243;]<div class=\" service-box service-box-style-1 text-center \" >\r\n\t\t\t\t\t<div class=\" agni-icon has-icon \" ><span class=\"agni-icon-container\" style=\"border-radius:50%; color:#000000; \"><i class=\"icon-basic-flag1  \" style=\"border-radius:50%; color:#000000; \"><\/i><\/span><\/div><h6 class=\"service-box-heading\" style=\"font-size:24px; \">3. Elbilen leveres til dig<\/h6><div class=\"divide-line text-center\"><span ><\/span><\/div><div class=\"service-box-description\" ><p>I appen v\u00e6lger du tidspunkt og dato for leveringen. V\u00e6lg ogs\u00e5 hvor langt du skal k\u00f8re. Elbilen leveres til dig ved vores p-pladser ved Bruuns Galleri t\u00e6t p\u00e5 toget.<\/p>\n<\/div>\r\n\t\t\t\t<\/div>[vc_empty_space][\/vc_column][\/vc_row][vc_row][vc_column align=&#8221;center&#8221;][vc_empty_space height=&#8221;80px&#8221; height_mobile=&#8221;20px&#8221;]<div class=\" call-to-action call-to-action-style-1\"><div class=\"call-to-action-description\"><\/div><div class=\"call-to-action-button\"><a class=\"btn btn-alt btn-default \" target=\"_blank\" href=\"https:\/\/app.adjust.com\/bze7zzu\" style=\"margin-top: 10px; \"> Download GreenMobility-appen<\/a><\/div><\/div>[vc_empty_space height=&#8221;100px&#8221; height_mobile=&#8221;40px&#8221;][\/vc_column][\/vc_row][vc_row][vc_column][vc_empty_space height=&#8221;50px&#8221; height_mobile=&#8221;20px&#8221;][\/vc_column][\/vc_row][vc_row fullwidth=&#8221;has-fullwidth-column&#8221; equal_height=&#8221;yes&#8221;][vc_column align=&#8221;center&#8221; bg_color=&#8221;#bbd6af&#8221; width=&#8221;1\/2&#8243;][vc_empty_space height=&#8221;80px&#8221;][vc_custom_heading divide_line=&#8221;yes&#8221; divide_line_color=&#8221;#ffffff&#8221; text=&#8221;Priser p\u00e5 levering&#8221; font_container=&#8221;tag:h2|text_align:center|color:%23ffffff&#8221; google_fonts=&#8221;font_family:Open%20Sans%3A300%2C300italic%2Cregular%2Citalic%2C600%2C600italic%2C700%2C700italic%2C800%2C800italic|font_style:400%20regular%3A400%3Anormal&#8221; responsive_font_size=&#8221;yes&#8221;][vc_empty_space height=&#8221;20px&#8221;][vc_column_text padding_right=&#8221;5%&#8221; padding_left=&#8221;5%&#8221;]<\/p>\n<p style=\"text-align: justify;\"><span style=\"color: #ffffff;\">Levering til p-plads i Bruuns Galleri t\u00e6t p\u00e5 baneg\u00e5rden: 79 kr.<\/span><br \/>\n<span style=\"color: #ffffff;\">Du sparer op til 50% med <strong><a style=\"color: #ffffff;\" href=\"https:\/\/www.greenmobility.com\/dk\/da\/greensaver\/\">GreenSaver<\/a><\/strong><\/span><\/p>\n<p style=\"text-align: justify;\"><span style=\"color: #ffffff;\">N\u00e5r du har valgt dit \u00f8nskede leveringstidspunkt i appen under &#8220;Bestil en bil&#8221;, modtager du en bekr\u00e6ftelse p\u00e5 SMS og e-mail. Forudbestilling skal ske mindst 8 timer f\u00f8r, du skal bruge bilen.<\/span><\/p>\n<p style=\"text-align: justify;\"><span style=\"color: #ffffff;\">Bilen leveres til dig i Bruuns Galleri ca. 3 minutters gang fra baneg\u00e5rden. Du finder bilen p\u00e5 niveauet P1 p\u00e5 en af de fire reserverede p-pladser markeret med GreenMobility-skilte &#8211; lige ved opgangen til centret. <\/span><\/p>\n<p style=\"text-align: justify;\"><span style=\"color: #ffffff;\">N\u00e5r bilen st\u00e5r klar til dig p\u00e5 adressen, modtager du en SMS. Bilen er reserveret til dig gratis fra ca. 20 minutter f\u00f8r leveringstidspunktet.\u00a0\u00a0<\/span><\/p>\n<p>[\/vc_column_text][vc_empty_space height=&#8221;80px&#8221;][\/vc_column][vc_column bg_choice=&#8221;2&#8243; bg_image=&#8221;4609&#8243; width=&#8221;1\/2&#8243;][vc_empty_space height=&#8221;300px&#8221;][\/vc_column][\/vc_row][vc_row margin_top=&#8221;20&#8243; margin_bottom=&#8221;30&#8243;][vc_column][vc_empty_space height=&#8221;40px&#8221;][\/vc_column][vc_column align=&#8221;right&#8221; width=&#8221;1\/2&#8243;][vc_empty_space height=&#8221;80px&#8221;][vc_column_text]<\/p>\n<h4 style=\"text-align: right;\">Gratis oprettelse.<\/h4>\n<p style=\"text-align: right;\">F\u00e5 adgang til hundredvis af elbiler i byen.<\/p>\n<p>[\/vc_column_text][vc_empty_space][vc_empty_space]<div class=\" call-to-action call-to-action-style-1\"><div class=\"call-to-action-description\"><\/div><div class=\"call-to-action-button\"><a class=\"btn btn-alt btn-default \" target=\"_blank\" href=\"https:\/\/app.adjust.com\/bze7zzu\" style=\"margin-top: 10px; \"> Download gratis app<\/a><\/div><\/div>[vc_empty_space height=&#8221;40px&#8221;][vc_column_text]<\/p>\n<p style=\"text-align: right;\"><span style=\"font-size: 10pt;\"><strong>Kom nemt i gang.<\/strong><\/span><\/p>\n<p>[\/vc_column_text][vc_column_text]<\/p>\n<p style=\"text-align: right;\"><span style=\"font-size: 12pt;\">Med appen kan du finde, reservere og l\u00e5se en elbil op, n\u00e5r du skal afsted. Appen er n\u00f8glen til alle GreenMobility elektriske bybiler, og viser dig altid, hvor din n\u00e6rmeste bybil er og hvor meget str\u00f8m, der er p\u00e5 den. Opret dig gratis i dag og f\u00e5 et hav af fordele med nem adgang til hundredvis af el-bybiler.<\/span><\/p>\n<p>[\/vc_column_text][\/vc_column][vc_column align=&#8221;right&#8221; width=&#8221;1\/2&#8243;][vc_empty_space height=&#8221;50px&#8221;]<div class=\"agni-gallery img-carousel \"><div class=\"agni-gallery-row row carousel-gallery \" data-gallery-margin=30 data-gallery-autoplay=false data-gallery-autoplay-timeout=5000 data-gallery-autoplay-hover=true data-gallery-loop=false data-gallery-autoheight=false data-gallery-center=false data-gallery-pagination=false data-gallery-m=1 data-gallery-tp=1 data-gallery-tl=1 data-gallery-d=1  ><div class=\"custom-gallery-item agni-gallery-column\" style=\"\" ><figure class=\"agni-gallery-figure\"><img decoding=\"async\" width=\"880\" height=\"1024\" data-src=\"https:\/\/www.greenmobility.com\/dk\/wp-content\/uploads\/sites\/9\/2022\/03\/Prebook_AarhusHovedbanegaard-1-880x1024.png\" class=\"attachment-large size-large lazyload\" alt=\"\" data-srcset=\"https:\/\/www.greenmobility.com\/dk\/wp-content\/uploads\/sites\/9\/2022\/03\/Prebook_AarhusHovedbanegaard-1-880x1024.png 880w, https:\/\/www.greenmobility.com\/dk\/wp-content\/uploads\/sites\/9\/2022\/03\/Prebook_AarhusHovedbanegaard-1-258x300.png 258w, https:\/\/www.greenmobility.com\/dk\/wp-content\/uploads\/sites\/9\/2022\/03\/Prebook_AarhusHovedbanegaard-1-768x894.png 768w, https:\/\/www.greenmobility.com\/dk\/wp-content\/uploads\/sites\/9\/2022\/03\/Prebook_AarhusHovedbanegaard-1.png 928w\" data-sizes=\"(max-width: 880px) 100vw, 880px\" src=\"data:image\/svg+xml;base64,PHN2ZyB3aWR0aD0iMSIgaGVpZ2h0PSIxIiB4bWxucz0iaHR0cDovL3d3dy53My5vcmcvMjAwMC9zdmciPjwvc3ZnPg==\" style=\"--smush-placeholder-width: 880px; --smush-placeholder-aspect-ratio: 880\/1024;\" \/><\/figure><\/div><\/div><\/div>[\/vc_column][\/vc_row][vc_row][vc_column][vc_empty_space height=&#8221;100px&#8221;][\/vc_column][\/vc_row][vc_row fullwidth=&#8221;has-fullwidth-column&#8221; equal_height=&#8221;yes&#8221;][vc_column bg_choice=&#8221;2&#8243; bg_image=&#8221;2984&#8243; width=&#8221;1\/2&#8243; offset=&#8221;vc_hidden-xs&#8221;][vc_empty_space height=&#8221;300px&#8221; height_tab=&#8221;60&#8243; height_mobile=&#8221;40&#8243;][\/vc_column][vc_column align=&#8221;center&#8221; bg_color=&#8221;#bbd6af&#8221; width=&#8221;1\/2&#8243;][vc_empty_space height=&#8221;80px&#8221;][vc_custom_heading divide_line=&#8221;yes&#8221; divide_line_color=&#8221;#ffffff&#8221; text=&#8221;Hvad koster det at k\u00f8re?&#8221; font_container=&#8221;tag:h2|text_align:center|color:%23ffffff&#8221; google_fonts=&#8221;font_family:Open%20Sans%3A300%2C300italic%2Cregular%2Citalic%2C600%2C600italic%2C700%2C700italic%2C800%2C800italic|font_style:400%20regular%3A400%3Anormal&#8221; responsive_font_size=&#8221;yes&#8221;][vc_empty_space height=&#8221;20px&#8221;][vc_column_text padding_right=&#8221;5%&#8221; padding_left=&#8221;5%&#8221;]<\/p>\n<p style=\"text-align: justify;\"><span style=\"color: #ffffff;\">Med GreenMobility kan du k\u00f8re p\u00e5 minut-, time-, eller dagsbasis, eller du kan abonnerere og f\u00e5 adgang til et hav af fede rabat og lave minutpriser for en fast lav m\u00e5nedspris. GreenMobility betaler for din str\u00f8m, forsikring og parkering inden for zonen. Se vores tilbudspakker og priser og find den pakke, der passer bedst til netop din k\u00f8retur.<\/span><\/p>\n<p>[\/vc_column_text]<div class=\" call-to-action call-to-action-style-1\"><div class=\"call-to-action-description\"><\/div><div class=\"call-to-action-button\"><a class=\"btn btn-alt btn-white \" target=\"_blank\" href=\"https:\/\/www.greenmobility.com\/dk\/da\/priser\/\" style=\"margin-top: 10px; \"> Se priser og pakker<\/a><\/div><\/div>[vc_empty_space height=&#8221;80px&#8221;][\/vc_column][\/vc_row][vc_row fullwidth=&#8221;has-fullwidth-column&#8221; equal_height=&#8221;yes&#8221; disable_element=&#8221;yes&#8221;][vc_column bg_choice=&#8221;2&#8243; bg_image=&#8221;2984&#8243; width=&#8221;1\/2&#8243;][vc_empty_space height=&#8221;300px&#8221; height_tab=&#8221;60&#8243; height_mobile=&#8221;40&#8243;][\/vc_column][vc_column align=&#8221;center&#8221; bg_color=&#8221;#bbd6af&#8221; width=&#8221;1\/2&#8243;][vc_empty_space height=&#8221;80px&#8221;][vc_custom_heading divide_line=&#8221;yes&#8221; divide_line_color=&#8221;#ffffff&#8221; text=&#8221;Spar op til 50% med abonnement&#8221; font_container=&#8221;tag:h2|text_align:center|color:%23ffffff&#8221; google_fonts=&#8221;font_family:Open%20Sans%3A300%2C300italic%2Cregular%2Citalic%2C600%2C600italic%2C700%2C700italic%2C800%2C800italic|font_style:400%20regular%3A400%3Anormal&#8221; responsive_font_size=&#8221;yes&#8221;][vc_empty_space height=&#8221;20px&#8221;][vc_column_text padding_right=&#8221;5%&#8221; padding_left=&#8221;5%&#8221;]<\/p>\n<p style=\"text-align: justify;\"><span style=\"color: #ffffff;\">Med en abonnementsl\u00f8sning hos GreenMobility sparer du op til 50% p\u00e5 at f\u00e5 en elbil leveret. Abonnementet GreenSaver giver dig et hav af rabatter, s\u00e5 du endnu billigere kan drage fordel af at k\u00f8re elbil, n\u00e5r du skal rundt i byen eller til m\u00f8der. Du sparer op til 50% p\u00e5 minutprisen og f\u00e5r op til 15% rabat p\u00e5 time- og d\u00f8gnpakker og op til 50% p\u00e5 nedsat selvrisiko, lufthavnstill\u00e6g i K\u00f8benhavns Lufthavn og meget mere.<\/span><\/p>\n<p>[\/vc_column_text]<div class=\" call-to-action call-to-action-style-1\"><div class=\"call-to-action-description\"><\/div><div class=\"call-to-action-button\"><a class=\"btn btn-alt btn-white \" target=\"_blank\" href=\"https:\/\/www.greenmobility.com\/dk\/da\/greensaver\/\" style=\"margin-top: 10px; \"> L\u00e6s mere om GreenSaver<\/a><\/div><\/div>[vc_empty_space height=&#8221;80px&#8221;][\/vc_column][\/vc_row][vc_row fullwidth=&#8221;has-fullwidth-column&#8221; equal_height=&#8221;yes&#8221;][vc_column align=&#8221;center&#8221; bg_color=&#8221;#bbd6af&#8221; width=&#8221;1\/2&#8243;][vc_empty_space height=&#8221;80px&#8221;][vc_custom_heading divide_line=&#8221;yes&#8221; divide_line_color=&#8221;#ffffff&#8221; text=&#8221;VIP-parkering i centrum og lufthavnen&#8221; font_container=&#8221;tag:h2|text_align:center|color:%23ffffff&#8221; google_fonts=&#8221;font_family:Open%20Sans%3A300%2C300italic%2Cregular%2Citalic%2C600%2C600italic%2C700%2C700italic%2C800%2C800italic|font_style:400%20regular%3A400%3Anormal&#8221; responsive_font_size=&#8221;yes&#8221;][vc_empty_space height=&#8221;20px&#8221;][vc_column_text padding_right=&#8221;5%&#8221; padding_left=&#8221;5%&#8221;]<\/p>\n<p style=\"text-align: justify;\"><span style=\"color: #ffffff;\">GreenMobility g\u00f8r det nemt at parkere i b\u00e5de centrum og i Billund Lufthavn og Aarhus Airport, n\u00e5r du skal p\u00e5 erhvervsm\u00e6ssige ture. Vi har etableret VIP-parkering rundt omkring i byen og i lufthavnene med p-pladser reserveret til dig og din GreenMobility elbil, hvor du nemt kan parkere. Du har desuden gratis parkering p\u00e5 alle offentlige p-pladser med minimum to timers parkering hele d\u00f8gnet 24\/7 inden for GreenMobilitys zone i Aarhus.\u00a0<\/span><\/p>\n<p>[\/vc_column_text]<div class=\" call-to-action call-to-action-style-1\"><div class=\"call-to-action-description\"><\/div><div class=\"call-to-action-button\"><a class=\"btn btn-alt btn-white \" target=\"_blank\" href=\"https:\/\/www.greenmobility.com\/dk\/da\/hotspots\/\" style=\"margin-top: 10px; \"> L\u00e6s mere om VIP-parkering<\/a><\/div><\/div>[vc_empty_space height=&#8221;80px&#8221;][\/vc_column][vc_column bg_choice=&#8221;2&#8243; bg_image=&#8221;3091&#8243; width=&#8221;1\/2&#8243; offset=&#8221;vc_hidden-xs&#8221;][vc_empty_space height=&#8221;300px&#8221; height_tab=&#8221;60&#8243; height_mobile=&#8221;40&#8243;][\/vc_column][\/vc_row]<\/p>\n<\/div>","protected":false},"excerpt":{"rendered":"<p>[vc_row el_id=&#8221;intro&#8221; el_class=&#8221;intro&#8221;][vc_column][vc_empty_space height=&#8221;80px&#8221;][\/vc_column][vc_column width=&#8221;1\/2&#8243;][vc_column_text] DSB og GreenMobility er g\u00e5et sammen om at g\u00f8re det nemt for DSB erhvervskunder at komme videre fra toget i Aarhus. N\u00e5r du har k\u00f8bt en togbillet til Aarhus Hovedbaneg\u00e5rd, kan du nemt f\u00e5 en elbil leveret til dig, n\u00e5r du ankommer med toget. Ligesom en taxa du selv k\u00f8rer. [&hellip;]<\/p>\n","protected":false},"author":7,"featured_media":0,"parent":0,"menu_order":0,"comment_status":"closed","ping_status":"closed","template":"","meta":{"om_disable_all_campaigns":false,"footnotes":"","_links_to":"","_links_to_target":""},"class_list":["post-4577","page","type-page","status-publish","hentry"],"yoast_head":"<!-- This site is optimized with the Yoast SEO plugin v26.7 - https:\/\/yoast.com\/wordpress\/plugins\/seo\/ -->\n<title>F\u00e5 en elbil leveret som DSBs erhvervskunde - GreenMobility<\/title>\n<meta name=\"description\" content=\"F\u00e5 en elbil leveret til Aarhus Hovedbaneg\u00e5rd og kom nemt videre til dine erhvervsm\u00e6ssige \u00e6rinder. For DSBs erhvervskunder.\" \/>\n<meta name=\"robots\" content=\"index, follow, max-snippet:-1, max-image-preview:large, max-video-preview:-1\" \/>\n<link rel=\"canonical\" href=\"https:\/\/www.greenmobility.com\/dk\/da\/dsb-erhverv\/\" \/>\n<meta property=\"og:locale\" content=\"da_DK\" \/>\n<meta property=\"og:type\" content=\"article\" \/>\n<meta property=\"og:title\" content=\"F\u00e5 en elbil leveret som DSBs erhvervskunde - GreenMobility\" \/>\n<meta property=\"og:description\" content=\"F\u00e5 en elbil leveret til Aarhus Hovedbaneg\u00e5rd og kom nemt videre til dine erhvervsm\u00e6ssige \u00e6rinder. For DSBs erhvervskunder.\" \/>\n<meta property=\"og:url\" content=\"https:\/\/www.greenmobility.com\/dk\/da\/dsb-erhverv\/\" \/>\n<meta property=\"og:site_name\" content=\"GreenMobility Denmark\" \/>\n<meta property=\"article:modified_time\" content=\"2022-03-21T11:28:50+00:00\" \/>\n<meta name=\"twitter:card\" content=\"summary_large_image\" \/>\n<meta name=\"twitter:label1\" content=\"Estimeret l\u00e6setid\" \/>\n\t<meta name=\"twitter:data1\" content=\"4 minutter\" \/>\n<script type=\"application\/ld+json\" class=\"yoast-schema-graph\">{\"@context\":\"https:\/\/schema.org\",\"@graph\":[{\"@type\":\"WebPage\",\"@id\":\"https:\/\/www.greenmobility.com\/dk\/da\/dsb-erhverv\/\",\"url\":\"https:\/\/www.greenmobility.com\/dk\/da\/dsb-erhverv\/\",\"name\":\"F\u00e5 en elbil leveret som DSBs erhvervskunde - GreenMobility\",\"isPartOf\":{\"@id\":\"https:\/\/www.greenmobility.com\/dk\/da\/#website\"},\"datePublished\":\"2022-03-02T14:07:34+00:00\",\"dateModified\":\"2022-03-21T11:28:50+00:00\",\"description\":\"F\u00e5 en elbil leveret til Aarhus Hovedbaneg\u00e5rd og kom nemt videre til dine erhvervsm\u00e6ssige \u00e6rinder. For DSBs erhvervskunder.\",\"breadcrumb\":{\"@id\":\"https:\/\/www.greenmobility.com\/dk\/da\/dsb-erhverv\/#breadcrumb\"},\"inLanguage\":\"da-DK\",\"potentialAction\":[{\"@type\":\"ReadAction\",\"target\":[\"https:\/\/www.greenmobility.com\/dk\/da\/dsb-erhverv\/\"]}]},{\"@type\":\"BreadcrumbList\",\"@id\":\"https:\/\/www.greenmobility.com\/dk\/da\/dsb-erhverv\/#breadcrumb\",\"itemListElement\":[{\"@type\":\"ListItem\",\"position\":1,\"name\":\"Home\",\"item\":\"https:\/\/www.greenmobility.com\/dk\/da\/\"},{\"@type\":\"ListItem\",\"position\":2,\"name\":\"DSB Erhverv\"}]},{\"@type\":\"WebSite\",\"@id\":\"https:\/\/www.greenmobility.com\/dk\/da\/#website\",\"url\":\"https:\/\/www.greenmobility.com\/dk\/da\/\",\"name\":\"GreenMobility Denmark\",\"description\":\"\",\"publisher\":{\"@id\":\"https:\/\/www.greenmobility.com\/dk\/da\/#organization\"},\"potentialAction\":[{\"@type\":\"SearchAction\",\"target\":{\"@type\":\"EntryPoint\",\"urlTemplate\":\"https:\/\/www.greenmobility.com\/dk\/da\/?s={search_term_string}\"},\"query-input\":{\"@type\":\"PropertyValueSpecification\",\"valueRequired\":true,\"valueName\":\"search_term_string\"}}],\"inLanguage\":\"da-DK\"},{\"@type\":\"Organization\",\"@id\":\"https:\/\/www.greenmobility.com\/dk\/da\/#organization\",\"name\":\"GreenMobility\",\"url\":\"https:\/\/www.greenmobility.com\/dk\/da\/\",\"logo\":{\"@type\":\"ImageObject\",\"inLanguage\":\"da-DK\",\"@id\":\"https:\/\/www.greenmobility.com\/dk\/da\/#\/schema\/logo\/image\/\",\"url\":\"https:\/\/www.greenmobility.com\/dk\/wp-content\/uploads\/sites\/9\/2021\/06\/logo-EM-DK.png\",\"contentUrl\":\"https:\/\/www.greenmobility.com\/dk\/wp-content\/uploads\/sites\/9\/2021\/06\/logo-EM-DK.png\",\"width\":3125,\"height\":788,\"caption\":\"GreenMobility\"},\"image\":{\"@id\":\"https:\/\/www.greenmobility.com\/dk\/da\/#\/schema\/logo\/image\/\"}}]}<\/script>\n<!-- \/ Yoast SEO plugin. -->","yoast_head_json":{"title":"F\u00e5 en elbil leveret som DSBs erhvervskunde - GreenMobility","description":"F\u00e5 en elbil leveret til Aarhus Hovedbaneg\u00e5rd og kom nemt videre til dine erhvervsm\u00e6ssige \u00e6rinder. For DSBs erhvervskunder.","robots":{"index":"index","follow":"follow","max-snippet":"max-snippet:-1","max-image-preview":"max-image-preview:large","max-video-preview":"max-video-preview:-1"},"canonical":"https:\/\/www.greenmobility.com\/dk\/da\/dsb-erhverv\/","og_locale":"da_DK","og_type":"article","og_title":"F\u00e5 en elbil leveret som DSBs erhvervskunde - GreenMobility","og_description":"F\u00e5 en elbil leveret til Aarhus Hovedbaneg\u00e5rd og kom nemt videre til dine erhvervsm\u00e6ssige \u00e6rinder. For DSBs erhvervskunder.","og_url":"https:\/\/www.greenmobility.com\/dk\/da\/dsb-erhverv\/","og_site_name":"GreenMobility Denmark","article_modified_time":"2022-03-21T11:28:50+00:00","twitter_card":"summary_large_image","twitter_misc":{"Estimeret l\u00e6setid":"4 minutter"},"schema":{"@context":"https:\/\/schema.org","@graph":[{"@type":"WebPage","@id":"https:\/\/www.greenmobility.com\/dk\/da\/dsb-erhverv\/","url":"https:\/\/www.greenmobility.com\/dk\/da\/dsb-erhverv\/","name":"F\u00e5 en elbil leveret som DSBs erhvervskunde - GreenMobility","isPartOf":{"@id":"https:\/\/www.greenmobility.com\/dk\/da\/#website"},"datePublished":"2022-03-02T14:07:34+00:00","dateModified":"2022-03-21T11:28:50+00:00","description":"F\u00e5 en elbil leveret til Aarhus Hovedbaneg\u00e5rd og kom nemt videre til dine erhvervsm\u00e6ssige \u00e6rinder. For DSBs erhvervskunder.","breadcrumb":{"@id":"https:\/\/www.greenmobility.com\/dk\/da\/dsb-erhverv\/#breadcrumb"},"inLanguage":"da-DK","potentialAction":[{"@type":"ReadAction","target":["https:\/\/www.greenmobility.com\/dk\/da\/dsb-erhverv\/"]}]},{"@type":"BreadcrumbList","@id":"https:\/\/www.greenmobility.com\/dk\/da\/dsb-erhverv\/#breadcrumb","itemListElement":[{"@type":"ListItem","position":1,"name":"Home","item":"https:\/\/www.greenmobility.com\/dk\/da\/"},{"@type":"ListItem","position":2,"name":"DSB Erhverv"}]},{"@type":"WebSite","@id":"https:\/\/www.greenmobility.com\/dk\/da\/#website","url":"https:\/\/www.greenmobility.com\/dk\/da\/","name":"GreenMobility Denmark","description":"","publisher":{"@id":"https:\/\/www.greenmobility.com\/dk\/da\/#organization"},"potentialAction":[{"@type":"SearchAction","target":{"@type":"EntryPoint","urlTemplate":"https:\/\/www.greenmobility.com\/dk\/da\/?s={search_term_string}"},"query-input":{"@type":"PropertyValueSpecification","valueRequired":true,"valueName":"search_term_string"}}],"inLanguage":"da-DK"},{"@type":"Organization","@id":"https:\/\/www.greenmobility.com\/dk\/da\/#organization","name":"GreenMobility","url":"https:\/\/www.greenmobility.com\/dk\/da\/","logo":{"@type":"ImageObject","inLanguage":"da-DK","@id":"https:\/\/www.greenmobility.com\/dk\/da\/#\/schema\/logo\/image\/","url":"https:\/\/www.greenmobility.com\/dk\/wp-content\/uploads\/sites\/9\/2021\/06\/logo-EM-DK.png","contentUrl":"https:\/\/www.greenmobility.com\/dk\/wp-content\/uploads\/sites\/9\/2021\/06\/logo-EM-DK.png","width":3125,"height":788,"caption":"GreenMobility"},"image":{"@id":"https:\/\/www.greenmobility.com\/dk\/da\/#\/schema\/logo\/image\/"}}]}},"_links":{"self":[{"href":"https:\/\/www.greenmobility.com\/dk\/da\/wp-json\/wp\/v2\/pages\/4577","targetHints":{"allow":["GET"]}}],"collection":[{"href":"https:\/\/www.greenmobility.com\/dk\/da\/wp-json\/wp\/v2\/pages"}],"about":[{"href":"https:\/\/www.greenmobility.com\/dk\/da\/wp-json\/wp\/v2\/types\/page"}],"author":[{"embeddable":true,"href":"https:\/\/www.greenmobility.com\/dk\/da\/wp-json\/wp\/v2\/users\/7"}],"replies":[{"embeddable":true,"href":"https:\/\/www.greenmobility.com\/dk\/da\/wp-json\/wp\/v2\/comments?post=4577"}],"version-history":[{"count":0,"href":"https:\/\/www.greenmobility.com\/dk\/da\/wp-json\/wp\/v2\/pages\/4577\/revisions"}],"wp:attachment":[{"href":"https:\/\/www.greenmobility.com\/dk\/da\/wp-json\/wp\/v2\/media?parent=4577"}],"curies":[{"name":"wp","href":"https:\/\/api.w.org\/{rel}","templated":true}]}}