{"id":4568,"date":"2022-02-24T15:32:37","date_gmt":"2022-02-24T14:32:37","guid":{"rendered":"https:\/\/www.greenmobility.com\/dk\/?page_id=4568"},"modified":"2026-04-15T12:38:27","modified_gmt":"2026-04-15T11:38:27","slug":"parkering-billund-lufthavn","status":"publish","type":"page","link":"https:\/\/www.greenmobility.com\/dk\/da\/parkering-billund-lufthavn\/","title":{"rendered":"Billund Lufthavn"},"content":{"rendered":"<div class=\"wpb-content-wrapper\"><p>[vc_row padding_top=&#8221;3.5%&#8221; padding_bottom=&#8221;3%&#8221; border_top=&#8221;1&#8243; border_color=&#8221;#dddddd&#8221; border_style=&#8221;solid&#8221;][vc_column][vc_empty_space height=&#8221;50px&#8221;]<div class=\" agni-section-heading text-left ihda\" ><h1 class=\"section-heading-text \" style=\"font-size:48px;\"><span>Parker nemt i Billund Lufthavn<\/span><\/h1><div class=\"section-divide-line divide-line text-left\"><span style=\"width:90px; height:1px; background-color:#3ea635\"><\/span><\/div><p class=\"section-additional-heading-text\" style=\"font-size:22px;\">Med GreenMobility har du VIP-parkering i lufthavnen<\/p><\/div>[vc_empty_space][\/vc_column][vc_column width=&#8221;1\/2&#8243;][vc_column_text]<\/p>\n<p style=\"text-align: justify;\">Tag en GreenMobility elbil fra Aarhus og parker i Billund Lufthavn, n\u00e5r du skal ud at rejse. Du kan parkere p\u00e5 vores VIP-pladser ved p-huset, der er reserveret til GreenMobility.<\/p>\n<p>[\/vc_column_text][\/vc_column][vc_column width=&#8221;1\/2&#8243;][vc_column_text]<\/p>\n<p style=\"text-align: justify;\">F\u00e5 en stressfri start p\u00e5 rejsen med os! N\u00e5r du skal til lufthavnen, kan du f\u00e5 en elbil <span style=\"text-decoration: underline;\"><a href=\"https:\/\/www.greenmobility.com\/dk\/da\/koer-selv-taxi\/\">leveret til din adresse<\/a><\/span> og f\u00e5 en ekstra god start p\u00e5 ferien.<\/p>\n<p>[\/vc_column_text][\/vc_column][\/vc_row][vc_row fullwidth=&#8221;has-fullwidth-column&#8221; equal_height=&#8221;yes&#8221;][vc_column align=&#8221;center&#8221; bg_color=&#8221;#bbd6af&#8221; width=&#8221;1\/2&#8243;][vc_empty_space height=&#8221;80px&#8221;][vc_custom_heading divide_line=&#8221;yes&#8221; divide_line_color=&#8221;#ffffff&#8221; text=&#8221;Parker i Billund Lufthavn&#8221; font_container=&#8221;tag:h2|text_align:center|color:%23ffffff&#8221; google_fonts=&#8221;font_family:Open%20Sans%3A300%2C300italic%2Cregular%2Citalic%2C600%2C600italic%2C700%2C700italic%2C800%2C800italic|font_style:400%20regular%3A400%3Anormal&#8221; responsive_font_size=&#8221;yes&#8221;][vc_empty_space height=&#8221;20px&#8221;][vc_column_text padding_right=&#8221;5%&#8221; padding_left=&#8221;5%&#8221;]<\/p>\n<p style=\"text-align: justify;\"><span style=\"color: #ffffff;\">I Billund Lufthavn har vi etableret et GreenMobility Hotspot med tre reserverede p-pladser ude foran p-huset. Pladserne er markeret med GreenMobility-skilte. N\u00e5r du ankommer, kan du frit parkere p\u00e5 pladserne. Husk at s\u00e6tte bilen til opladning, s\u00e5 den er klar til den n\u00e6ste bruger. Er alle pladserne optaget, kan du frit parkere p\u00e5 n\u00e6rmeste ledige ikke-reserveret p-plads. Det koster 350 kr. at starte eller afslutte en tur p\u00e5 Hotspottet. Du finder Hotspottet ved at dreje ind p\u00e5 den f\u00f8rste p-plads ved siden af det store p-hus mod hovedindgangen.<\/span><\/p>\n<p>[\/vc_column_text][vc_empty_space height=&#8221;80px&#8221;][\/vc_column][vc_column bg_choice=&#8221;2&#8243; bg_image=&#8221;4008&#8243; width=&#8221;1\/2&#8243;][vc_empty_space height=&#8221;300px&#8221;][\/vc_column][\/vc_row][vc_row fullwidth=&#8221;has-fullwidth-column&#8221; equal_height=&#8221;yes&#8221;][vc_column bg_choice=&#8221;2&#8243; bg_image=&#8221;4013&#8243; width=&#8221;1\/2&#8243;][vc_empty_space height=&#8221;300px&#8221;][\/vc_column][vc_column align=&#8221;center&#8221; bg_color=&#8221;#bbd6af&#8221; width=&#8221;1\/2&#8243;][vc_empty_space height=&#8221;80px&#8221;][vc_custom_heading divide_line=&#8221;yes&#8221; divide_line_color=&#8221;#ffffff&#8221; text=&#8221;Billigere end taxa og egen bil&#8221; font_container=&#8221;tag:h2|text_align:center|color:%23ffffff&#8221; google_fonts=&#8221;font_family:Open%20Sans%3A300%2C300italic%2Cregular%2Citalic%2C600%2C600italic%2C700%2C700italic%2C800%2C800italic|font_style:400%20regular%3A400%3Anormal&#8221; responsive_font_size=&#8221;yes&#8221;][vc_empty_space height=&#8221;20px&#8221;][vc_column_text padding_right=&#8221;5%&#8221; padding_left=&#8221;5%&#8221;]<\/p>\n<div id=\"\" class=\"agni_text_column agni-text-block \">\n<p style=\"text-align: justify;\"><span style=\"color: #ffffff;\">Det kan sagtens betale sig at tage en elbil til lufthavnen. Er I f.eks. to voksne og to b\u00f8rn, kan I k\u00f8re fra Aarhus til Billund Lufthavn fra kun 498 kr. (350 kr. for lufthavntill\u00e6g og med Tank-op-kroner p\u00e5 din GreenMobility konto). L\u00e6s mere om Tank-op-kroner p\u00e5 vores <a style=\"color: #ffffff;\" href=\"https:\/\/www.greenmobility.com\/dk\/da\/priser\/\">prisside<\/a>\u00a0og find en minutpakke, der passer dig, s\u00e5 du k\u00f8rer til lavest mulige minutpris.<\/span><\/p>\n<\/div>\n<div id=\"\" class=\"agni_text_column agni-text-block \">\n<p style=\"text-align: justify;\"><span style=\"color: #ffffff;\">En taxatur fra Aarhus til lufthavnen, beregnet ud fra den billigste sats og tidspunkt p\u00e5 dagen, kan koste op mod 1450 kr. Og k\u00f8rer I afsted i egen bil og parkerer midlertidigt tre d\u00f8gn i lufthavnen, kan I slippe med ca. 548 kr., beregnet ud fra standardomkostninger ved at have en bil. Med bussen kan to voksne og to b\u00f8rn komme afsted for ca. 486 kr.<\/span><\/p>\n<\/div>\n<p>[\/vc_column_text][vc_empty_space height=&#8221;80px&#8221;][\/vc_column][\/vc_row][vc_row margin_top=&#8221;20&#8243; margin_bottom=&#8221;30&#8243;][vc_column][vc_empty_space height=&#8221;40px&#8221;][\/vc_column][vc_column align=&#8221;right&#8221; width=&#8221;1\/2&#8243;][vc_empty_space height=&#8221;80px&#8221;][vc_column_text]<\/p>\n<h4 style=\"text-align: right;\">F\u00e5 en elbil leveret.<\/h4>\n<p style=\"text-align: right;\">Kom nemt til lufthavnen &#8211; v\u00e6r din egen taxachauff\u00f8r.<\/p>\n<p>[\/vc_column_text][vc_empty_space]<div class=\" call-to-action call-to-action-style-1\"><div class=\"call-to-action-description\"><\/div><div class=\"call-to-action-button\"><a class=\"btn btn-alt btn-default \" target=\"_blank\" href=\"https:\/\/www.greenmobility.com\/dk\/da\/koer-selv-taxi\/\" style=\"margin-top: 10px; margin-bottom: 10px; \"> L\u00e6s mere om levering<\/a><\/div><\/div>[vc_empty_space height=&#8221;20px&#8221;][vc_column_text]<img decoding=\"async\" class=\"alignnone wp-image-1671 size-full lazyload\" data-src=\"https:\/\/greenmobility.com\/dk\/wp-content\/uploads\/sites\/9\/2020\/02\/icon-appstore-e1581435958316.png\" alt=\"\" width=\"80\" height=\"24\" src=\"data:image\/svg+xml;base64,PHN2ZyB3aWR0aD0iMSIgaGVpZ2h0PSIxIiB4bWxucz0iaHR0cDovL3d3dy53My5vcmcvMjAwMC9zdmciPjwvc3ZnPg==\" style=\"--smush-placeholder-width: 80px; --smush-placeholder-aspect-ratio: 80\/24;\" \/>\u00a0 \u00a0<img decoding=\"async\" class=\"alignnone wp-image-1672 size-full lazyload\" data-src=\"https:\/\/greenmobility.com\/dk\/wp-content\/uploads\/sites\/9\/2020\/02\/icon-googleplay-e1581435939298.png\" alt=\"\" width=\"80\" height=\"24\" src=\"data:image\/svg+xml;base64,PHN2ZyB3aWR0aD0iMSIgaGVpZ2h0PSIxIiB4bWxucz0iaHR0cDovL3d3dy53My5vcmcvMjAwMC9zdmciPjwvc3ZnPg==\" style=\"--smush-placeholder-width: 80px; --smush-placeholder-aspect-ratio: 80\/24;\" \/>[\/vc_column_text][vc_empty_space height=&#8221;40px&#8221;][vc_column_text]<\/p>\n<p style=\"text-align: right;\"><span style=\"font-size: 10pt;\"><strong>F\u00e5 en stressfri rejse.<\/strong><\/span><\/p>\n<p style=\"text-align: right;\">Skal du til lufthavnen, kan du f\u00e5 en bil leveret til din hjemmeadresse. Bilen stilles klar til dig ca. 20 minutter f\u00f8r dit \u00f8nskede leveringstidspunkt, s\u00e5 du har god tid til at pakke bilen og komme afsted. S\u00e5 er der bare tilbage at finde feriehum\u00f8ret frem og s\u00e6tte en god playliste p\u00e5.<\/p>\n<p>[\/vc_column_text][\/vc_column][vc_column align=&#8221;right&#8221; width=&#8221;1\/2&#8243;][vc_empty_space height=&#8221;50px&#8221;]<div class=\" agni-image custom-image-container text-center\">\r\n\t\t\t<figure class=\"agni-image-figure\">\r\n\t\t\t\t<img decoding=\"async\" width=\"1024\" height=\"1024\" data-src=\"https:\/\/www.greenmobility.com\/dk\/wp-content\/uploads\/sites\/9\/2026\/03\/Start-trip_DA-1024x1024.png\" class=\"fullwidth-image attachment-large  attachment-large lazyload\" alt=\"\" title=\"Start trip_DA\" data-srcset=\"https:\/\/www.greenmobility.com\/dk\/wp-content\/uploads\/sites\/9\/2026\/03\/Start-trip_DA-1024x1024.png 1024w, https:\/\/www.greenmobility.com\/dk\/wp-content\/uploads\/sites\/9\/2026\/03\/Start-trip_DA-300x300.png 300w, https:\/\/www.greenmobility.com\/dk\/wp-content\/uploads\/sites\/9\/2026\/03\/Start-trip_DA-150x150.png 150w, https:\/\/www.greenmobility.com\/dk\/wp-content\/uploads\/sites\/9\/2026\/03\/Start-trip_DA-768x768.png 768w, https:\/\/www.greenmobility.com\/dk\/wp-content\/uploads\/sites\/9\/2026\/03\/Start-trip_DA-50x50.png 50w, https:\/\/www.greenmobility.com\/dk\/wp-content\/uploads\/sites\/9\/2026\/03\/Start-trip_DA-960x960.png 960w, https:\/\/www.greenmobility.com\/dk\/wp-content\/uploads\/sites\/9\/2026\/03\/Start-trip_DA.png 1080w\" data-sizes=\"(max-width: 1024px) 100vw, 1024px\" src=\"data:image\/svg+xml;base64,PHN2ZyB3aWR0aD0iMSIgaGVpZ2h0PSIxIiB4bWxucz0iaHR0cDovL3d3dy53My5vcmcvMjAwMC9zdmciPjwvc3ZnPg==\" style=\"--smush-placeholder-width: 1024px; --smush-placeholder-aspect-ratio: 1024\/1024;\" \/>\r\n\t\t\t\t<figcaption class=\"vc_figure-caption\"><\/figcaption>\r\n\t\t\t<\/figure>\r\n\t\t<\/div>[\/vc_column][\/vc_row][vc_row][vc_column][vc_empty_space height=&#8221;50px&#8221;][\/vc_column][\/vc_row][vc_row fullwidth=&#8221;has-fullwidth-column&#8221;][vc_column bg_color=&#8221;#f2f2f2&#8243;][vc_empty_space height=&#8221;70px&#8221;]<div class=\"carousel-testimonials \" data-testimonial-gutter=\"30\" data-testimonial-autoplay=\"true\" data-testimonial-autoplay-timeout=\"4000\" data-testimonial-autoplay-speed=\"700\" data-testimonial-autoplay-hover=\"true\" data-testimonial-loop=\"true\" data-testimonial-pagination=\"false\" data-test-0=\"1\" data-test-768=\"1\" data-test-992=\"1\" data-test-1200=\"1\" ><div id=\"post-3618\" class=\"testimonial-column  post-3618 testimonials type-testimonials status-publish hentry quote_types-consumer \" style=\"\" >\r\n                    <div class=\"testimonial-content text-center testimonial-style-2 \" >\r\n                        <p class=\"testimonial-quote-text\">&quot;K\u00f8rte i GreenMobility til et m\u00f8de, og de andre m\u00f8dedeltagere bem\u00e6rkede det og kommenterede, at det var en super ide&quot;.<\/p><div class=\"testimonial-avatar\"><\/div>\r\n                        <div class=\"testimonial-meta\">\r\n                            <p class=\"testimonial-quote-cite\">Inge Rosendal<\/p>\r\n                        <\/div>\r\n                    <\/div>\r\n                <\/div><div id=\"post-3617\" class=\"testimonial-column  post-3617 testimonials type-testimonials status-publish hentry quote_types-consumer \" style=\"\" >\r\n                    <div class=\"testimonial-content text-center testimonial-style-2 \" >\r\n                        <p class=\"testimonial-quote-text\">&quot;N\u00e5r trafikken flyder, og din GreenMobility er i n\u00e6rheden, s\u00e5 er du fra A til B hurtigere end nogen anden transportform&quot;.\r\n<\/p><div class=\"testimonial-avatar\"><\/div>\r\n                        <div class=\"testimonial-meta\">\r\n                            <p class=\"testimonial-quote-cite\">Henrik Mathiassen<\/p>\r\n                        <\/div>\r\n                    <\/div>\r\n                <\/div><div id=\"post-3616\" class=\"testimonial-column  post-3616 testimonials type-testimonials status-publish hentry quote_types-consumer \" style=\"\" >\r\n                    <div class=\"testimonial-content text-center testimonial-style-2 \" >\r\n                        <p class=\"testimonial-quote-text\">&quot;Ringede for at oprette mig og vupti - 10 minutter senere var jeg godkendt og k\u00f8reklar!&quot;\r\n<\/p><div class=\"testimonial-avatar\"><\/div>\r\n                        <div class=\"testimonial-meta\">\r\n                            <p class=\"testimonial-quote-cite\">Janne Broholm<\/p>\r\n                        <\/div>\r\n                    <\/div>\r\n                <\/div><\/div>[vc_empty_space height=&#8221;70px&#8221;][\/vc_column][\/vc_row]<\/p>\n<\/div>","protected":false},"excerpt":{"rendered":"<p>[vc_row padding_top=&#8221;3.5%&#8221; padding_bottom=&#8221;3%&#8221; border_top=&#8221;1&#8243; border_color=&#8221;#dddddd&#8221; border_style=&#8221;solid&#8221;][vc_column][vc_empty_space height=&#8221;50px&#8221;][vc_empty_space][\/vc_column][vc_column width=&#8221;1\/2&#8243;][vc_column_text] Tag en GreenMobility elbil fra Aarhus og parker i Billund Lufthavn, n\u00e5r du skal ud at rejse. Du kan parkere p\u00e5 vores VIP-pladser ved p-huset, der er reserveret til GreenMobility. [\/vc_column_text][\/vc_column][vc_column width=&#8221;1\/2&#8243;][vc_column_text] F\u00e5 en stressfri start p\u00e5 rejsen med os! N\u00e5r du skal til lufthavnen, kan du [&hellip;]<\/p>\n","protected":false},"author":7,"featured_media":5690,"parent":0,"menu_order":0,"comment_status":"closed","ping_status":"closed","template":"","meta":{"om_disable_all_campaigns":false,"footnotes":"","_links_to":"","_links_to_target":""},"class_list":["post-4568","page","type-page","status-publish","has-post-thumbnail","hentry"],"yoast_head":"<!-- This site is optimized with the Yoast SEO plugin v27.3 - https:\/\/yoast.com\/product\/yoast-seo-wordpress\/ -->\n<title>Parker nemt i Billund Lufthavn med GreenMobility<\/title>\n<meta name=\"description\" content=\"Lej en GreenMobility elbil fra Aarhus og parker i Billund Lufthavn, n\u00e5r du skal ud at rejse. L\u00e6s mere her.\" \/>\n<meta name=\"robots\" content=\"index, follow, max-snippet:-1, max-image-preview:large, max-video-preview:-1\" \/>\n<link rel=\"canonical\" href=\"https:\/\/www.greenmobility.com\/dk\/da\/parkering-billund-lufthavn\/\" \/>\n<meta property=\"og:locale\" content=\"da_DK\" \/>\n<meta property=\"og:type\" content=\"article\" \/>\n<meta property=\"og:title\" content=\"Parker nemt i Billund Lufthavn med GreenMobility\" \/>\n<meta property=\"og:description\" content=\"Lej en GreenMobility elbil fra Aarhus og parker i Billund Lufthavn, n\u00e5r du skal ud at rejse. L\u00e6s mere her.\" \/>\n<meta property=\"og:url\" content=\"https:\/\/www.greenmobility.com\/dk\/da\/parkering-billund-lufthavn\/\" \/>\n<meta property=\"og:site_name\" content=\"GreenMobility Denmark\" \/>\n<meta property=\"article:modified_time\" content=\"2026-04-15T11:38:27+00:00\" \/>\n<meta property=\"og:image\" content=\"https:\/\/www.greenmobility.com\/dk\/wp-content\/uploads\/sites\/9\/2023\/08\/Nightingale_GreenMobility_Antwerp_HR27-copy-e1692702950719.jpg\" \/>\n\t<meta property=\"og:image:width\" content=\"1555\" \/>\n\t<meta property=\"og:image:height\" content=\"1280\" \/>\n\t<meta property=\"og:image:type\" content=\"image\/jpeg\" \/>\n<meta name=\"twitter:card\" content=\"summary_large_image\" \/>\n<meta name=\"twitter:label1\" content=\"Estimeret l\u00e6setid\" \/>\n\t<meta name=\"twitter:data1\" content=\"3 minutter\" \/>\n<script type=\"application\/ld+json\" class=\"yoast-schema-graph\">{\"@context\":\"https:\\\/\\\/schema.org\",\"@graph\":[{\"@type\":\"WebPage\",\"@id\":\"https:\\\/\\\/www.greenmobility.com\\\/dk\\\/da\\\/parkering-billund-lufthavn\\\/\",\"url\":\"https:\\\/\\\/www.greenmobility.com\\\/dk\\\/da\\\/parkering-billund-lufthavn\\\/\",\"name\":\"Parker nemt i Billund Lufthavn med GreenMobility\",\"isPartOf\":{\"@id\":\"https:\\\/\\\/www.greenmobility.com\\\/dk\\\/da\\\/#website\"},\"primaryImageOfPage\":{\"@id\":\"https:\\\/\\\/www.greenmobility.com\\\/dk\\\/da\\\/parkering-billund-lufthavn\\\/#primaryimage\"},\"image\":{\"@id\":\"https:\\\/\\\/www.greenmobility.com\\\/dk\\\/da\\\/parkering-billund-lufthavn\\\/#primaryimage\"},\"thumbnailUrl\":\"https:\\\/\\\/www.greenmobility.com\\\/dk\\\/wp-content\\\/uploads\\\/sites\\\/9\\\/2023\\\/08\\\/Nightingale_GreenMobility_Antwerp_HR27-copy-e1692702950719.jpg\",\"datePublished\":\"2022-02-24T14:32:37+00:00\",\"dateModified\":\"2026-04-15T11:38:27+00:00\",\"description\":\"Lej en GreenMobility elbil fra Aarhus og parker i Billund Lufthavn, n\u00e5r du skal ud at rejse. L\u00e6s mere her.\",\"breadcrumb\":{\"@id\":\"https:\\\/\\\/www.greenmobility.com\\\/dk\\\/da\\\/parkering-billund-lufthavn\\\/#breadcrumb\"},\"inLanguage\":\"da-DK\",\"potentialAction\":[{\"@type\":\"ReadAction\",\"target\":[\"https:\\\/\\\/www.greenmobility.com\\\/dk\\\/da\\\/parkering-billund-lufthavn\\\/\"]}]},{\"@type\":\"ImageObject\",\"inLanguage\":\"da-DK\",\"@id\":\"https:\\\/\\\/www.greenmobility.com\\\/dk\\\/da\\\/parkering-billund-lufthavn\\\/#primaryimage\",\"url\":\"https:\\\/\\\/www.greenmobility.com\\\/dk\\\/wp-content\\\/uploads\\\/sites\\\/9\\\/2023\\\/08\\\/Nightingale_GreenMobility_Antwerp_HR27-copy-e1692702950719.jpg\",\"contentUrl\":\"https:\\\/\\\/www.greenmobility.com\\\/dk\\\/wp-content\\\/uploads\\\/sites\\\/9\\\/2023\\\/08\\\/Nightingale_GreenMobility_Antwerp_HR27-copy-e1692702950719.jpg\",\"width\":1555,\"height\":1280},{\"@type\":\"BreadcrumbList\",\"@id\":\"https:\\\/\\\/www.greenmobility.com\\\/dk\\\/da\\\/parkering-billund-lufthavn\\\/#breadcrumb\",\"itemListElement\":[{\"@type\":\"ListItem\",\"position\":1,\"name\":\"Home\",\"item\":\"https:\\\/\\\/www.greenmobility.com\\\/dk\\\/da\\\/\"},{\"@type\":\"ListItem\",\"position\":2,\"name\":\"Billund Lufthavn\"}]},{\"@type\":\"WebSite\",\"@id\":\"https:\\\/\\\/www.greenmobility.com\\\/dk\\\/da\\\/#website\",\"url\":\"https:\\\/\\\/www.greenmobility.com\\\/dk\\\/da\\\/\",\"name\":\"GreenMobility Denmark\",\"description\":\"\",\"publisher\":{\"@id\":\"https:\\\/\\\/www.greenmobility.com\\\/dk\\\/da\\\/#organization\"},\"potentialAction\":[{\"@type\":\"SearchAction\",\"target\":{\"@type\":\"EntryPoint\",\"urlTemplate\":\"https:\\\/\\\/www.greenmobility.com\\\/dk\\\/da\\\/?s={search_term_string}\"},\"query-input\":{\"@type\":\"PropertyValueSpecification\",\"valueRequired\":true,\"valueName\":\"search_term_string\"}}],\"inLanguage\":\"da-DK\"},{\"@type\":\"Organization\",\"@id\":\"https:\\\/\\\/www.greenmobility.com\\\/dk\\\/da\\\/#organization\",\"name\":\"GreenMobility\",\"url\":\"https:\\\/\\\/www.greenmobility.com\\\/dk\\\/da\\\/\",\"logo\":{\"@type\":\"ImageObject\",\"inLanguage\":\"da-DK\",\"@id\":\"https:\\\/\\\/www.greenmobility.com\\\/dk\\\/da\\\/#\\\/schema\\\/logo\\\/image\\\/\",\"url\":\"https:\\\/\\\/www.greenmobility.com\\\/dk\\\/wp-content\\\/uploads\\\/sites\\\/9\\\/2021\\\/06\\\/logo-EM-DK.png\",\"contentUrl\":\"https:\\\/\\\/www.greenmobility.com\\\/dk\\\/wp-content\\\/uploads\\\/sites\\\/9\\\/2021\\\/06\\\/logo-EM-DK.png\",\"width\":3125,\"height\":788,\"caption\":\"GreenMobility\"},\"image\":{\"@id\":\"https:\\\/\\\/www.greenmobility.com\\\/dk\\\/da\\\/#\\\/schema\\\/logo\\\/image\\\/\"}}]}<\/script>\n<!-- \/ Yoast SEO plugin. -->","yoast_head_json":{"title":"Parker nemt i Billund Lufthavn med GreenMobility","description":"Lej en GreenMobility elbil fra Aarhus og parker i Billund Lufthavn, n\u00e5r du skal ud at rejse. L\u00e6s mere her.","robots":{"index":"index","follow":"follow","max-snippet":"max-snippet:-1","max-image-preview":"max-image-preview:large","max-video-preview":"max-video-preview:-1"},"canonical":"https:\/\/www.greenmobility.com\/dk\/da\/parkering-billund-lufthavn\/","og_locale":"da_DK","og_type":"article","og_title":"Parker nemt i Billund Lufthavn med GreenMobility","og_description":"Lej en GreenMobility elbil fra Aarhus og parker i Billund Lufthavn, n\u00e5r du skal ud at rejse. L\u00e6s mere her.","og_url":"https:\/\/www.greenmobility.com\/dk\/da\/parkering-billund-lufthavn\/","og_site_name":"GreenMobility Denmark","article_modified_time":"2026-04-15T11:38:27+00:00","og_image":[{"width":1555,"height":1280,"url":"https:\/\/www.greenmobility.com\/dk\/wp-content\/uploads\/sites\/9\/2023\/08\/Nightingale_GreenMobility_Antwerp_HR27-copy-e1692702950719.jpg","type":"image\/jpeg"}],"twitter_card":"summary_large_image","twitter_misc":{"Estimeret l\u00e6setid":"3 minutter"},"schema":{"@context":"https:\/\/schema.org","@graph":[{"@type":"WebPage","@id":"https:\/\/www.greenmobility.com\/dk\/da\/parkering-billund-lufthavn\/","url":"https:\/\/www.greenmobility.com\/dk\/da\/parkering-billund-lufthavn\/","name":"Parker nemt i Billund Lufthavn med GreenMobility","isPartOf":{"@id":"https:\/\/www.greenmobility.com\/dk\/da\/#website"},"primaryImageOfPage":{"@id":"https:\/\/www.greenmobility.com\/dk\/da\/parkering-billund-lufthavn\/#primaryimage"},"image":{"@id":"https:\/\/www.greenmobility.com\/dk\/da\/parkering-billund-lufthavn\/#primaryimage"},"thumbnailUrl":"https:\/\/www.greenmobility.com\/dk\/wp-content\/uploads\/sites\/9\/2023\/08\/Nightingale_GreenMobility_Antwerp_HR27-copy-e1692702950719.jpg","datePublished":"2022-02-24T14:32:37+00:00","dateModified":"2026-04-15T11:38:27+00:00","description":"Lej en GreenMobility elbil fra Aarhus og parker i Billund Lufthavn, n\u00e5r du skal ud at rejse. L\u00e6s mere her.","breadcrumb":{"@id":"https:\/\/www.greenmobility.com\/dk\/da\/parkering-billund-lufthavn\/#breadcrumb"},"inLanguage":"da-DK","potentialAction":[{"@type":"ReadAction","target":["https:\/\/www.greenmobility.com\/dk\/da\/parkering-billund-lufthavn\/"]}]},{"@type":"ImageObject","inLanguage":"da-DK","@id":"https:\/\/www.greenmobility.com\/dk\/da\/parkering-billund-lufthavn\/#primaryimage","url":"https:\/\/www.greenmobility.com\/dk\/wp-content\/uploads\/sites\/9\/2023\/08\/Nightingale_GreenMobility_Antwerp_HR27-copy-e1692702950719.jpg","contentUrl":"https:\/\/www.greenmobility.com\/dk\/wp-content\/uploads\/sites\/9\/2023\/08\/Nightingale_GreenMobility_Antwerp_HR27-copy-e1692702950719.jpg","width":1555,"height":1280},{"@type":"BreadcrumbList","@id":"https:\/\/www.greenmobility.com\/dk\/da\/parkering-billund-lufthavn\/#breadcrumb","itemListElement":[{"@type":"ListItem","position":1,"name":"Home","item":"https:\/\/www.greenmobility.com\/dk\/da\/"},{"@type":"ListItem","position":2,"name":"Billund Lufthavn"}]},{"@type":"WebSite","@id":"https:\/\/www.greenmobility.com\/dk\/da\/#website","url":"https:\/\/www.greenmobility.com\/dk\/da\/","name":"GreenMobility Denmark","description":"","publisher":{"@id":"https:\/\/www.greenmobility.com\/dk\/da\/#organization"},"potentialAction":[{"@type":"SearchAction","target":{"@type":"EntryPoint","urlTemplate":"https:\/\/www.greenmobility.com\/dk\/da\/?s={search_term_string}"},"query-input":{"@type":"PropertyValueSpecification","valueRequired":true,"valueName":"search_term_string"}}],"inLanguage":"da-DK"},{"@type":"Organization","@id":"https:\/\/www.greenmobility.com\/dk\/da\/#organization","name":"GreenMobility","url":"https:\/\/www.greenmobility.com\/dk\/da\/","logo":{"@type":"ImageObject","inLanguage":"da-DK","@id":"https:\/\/www.greenmobility.com\/dk\/da\/#\/schema\/logo\/image\/","url":"https:\/\/www.greenmobility.com\/dk\/wp-content\/uploads\/sites\/9\/2021\/06\/logo-EM-DK.png","contentUrl":"https:\/\/www.greenmobility.com\/dk\/wp-content\/uploads\/sites\/9\/2021\/06\/logo-EM-DK.png","width":3125,"height":788,"caption":"GreenMobility"},"image":{"@id":"https:\/\/www.greenmobility.com\/dk\/da\/#\/schema\/logo\/image\/"}}]}},"_links":{"self":[{"href":"https:\/\/www.greenmobility.com\/dk\/da\/wp-json\/wp\/v2\/pages\/4568","targetHints":{"allow":["GET"]}}],"collection":[{"href":"https:\/\/www.greenmobility.com\/dk\/da\/wp-json\/wp\/v2\/pages"}],"about":[{"href":"https:\/\/www.greenmobility.com\/dk\/da\/wp-json\/wp\/v2\/types\/page"}],"author":[{"embeddable":true,"href":"https:\/\/www.greenmobility.com\/dk\/da\/wp-json\/wp\/v2\/users\/7"}],"replies":[{"embeddable":true,"href":"https:\/\/www.greenmobility.com\/dk\/da\/wp-json\/wp\/v2\/comments?post=4568"}],"version-history":[{"count":2,"href":"https:\/\/www.greenmobility.com\/dk\/da\/wp-json\/wp\/v2\/pages\/4568\/revisions"}],"predecessor-version":[{"id":11349,"href":"https:\/\/www.greenmobility.com\/dk\/da\/wp-json\/wp\/v2\/pages\/4568\/revisions\/11349"}],"wp:featuredmedia":[{"embeddable":true,"href":"https:\/\/www.greenmobility.com\/dk\/da\/wp-json\/wp\/v2\/media\/5690"}],"wp:attachment":[{"href":"https:\/\/www.greenmobility.com\/dk\/da\/wp-json\/wp\/v2\/media?parent=4568"}],"curies":[{"name":"wp","href":"https:\/\/api.w.org\/{rel}","templated":true}]}}