{"id":4368,"date":"2021-12-09T15:48:53","date_gmt":"2021-12-09T14:48:53","guid":{"rendered":"https:\/\/www.greenmobility.com\/dk\/?page_id=4368"},"modified":"2025-08-18T07:33:02","modified_gmt":"2025-08-18T06:33:02","slug":"frederiksberg-centret","status":"publish","type":"page","link":"https:\/\/www.greenmobility.com\/dk\/da\/hotspots\/frederiksberg-centret\/","title":{"rendered":"Frederiksberg Centret"},"content":{"rendered":"<div class=\"wpb-content-wrapper\"><p>[vc_section][vc_row][vc_column][vc_empty_space]<div class=\" agni-section-heading text-left ihda\" ><h1 class=\"section-heading-text \" style=\"font-size:48px;\"><span>Hvordan kommer man til Frederiksberg Centret?<\/span><\/h1><div class=\"section-divide-line divide-line text-left\"><span style=\"width:90px; height:1px; background-color:#3ea635\"><\/span><\/div><\/div>[vc_column_text]<b>Find vej til Frederiksberg Centret<\/b><span style=\"font-weight: 400;\"> her p\u00e5 siden.<\/span> <span style=\"font-weight: 400;\">Frederiksberg Centret byder p\u00e5 450 parkeringspladser p\u00e5 deres parkeringstag fordelt over to etager. Der er derfor rigelig med plads til at parkere din bil. Hvis du <\/span><a href=\"https:\/\/www.greenmobility.com\/dk\/da\/billeje\/\"><span style=\"font-weight: 400;\">lejer en elbil hos GreenMobility<\/span><\/a><span style=\"font-weight: 400;\">, kan du desuden f\u00e5 gl\u00e6de af <\/span><b>gratis parkering <\/b><span style=\"font-weight: 400;\">p\u00e5 vores Hotspot p\u00e5 Frederiksberg Centrets parkeringstag.\u00a0<\/span><\/p>\n<p><b>Planl\u00e6g din rute til Frederiksberg Centret<\/b><span style=\"font-weight: 400;\"> med <\/span><a href=\"https:\/\/www.google.com\/maps\/dir\/\/55.6816624,12.5326327\/@55.6815632,12.4626378,12z\"><span style=\"font-weight: 400;\">Google Maps her<\/span><\/a><span style=\"font-weight: 400;\">.<\/span>[\/vc_column_text][vc_empty_space][vc_column_text]<\/p>\n<h2><span style=\"font-weight: 400;\">GreenMobility Hotspot parkering i Frederiksberg Centret<\/span><\/h2>\n<p><span style=\"font-weight: 400;\">GreenMobility har en lang r\u00e6kke <\/span><a href=\"https:\/\/www.greenmobility.com\/dk\/da\/hotspots\/\"><span style=\"font-weight: 400;\">Hotspots<\/span><\/a><span style=\"font-weight: 400;\"> p\u00e5 tv\u00e6rs af K\u00f8benhavn. Et Hotspot er vores VIP-parkering til dig, der v\u00e6lger at k\u00f8re med GreenMobility. Parkerer du p\u00e5 et Hotspot, f\u00e5r du<\/span><b> gratis parkering<\/b><span style=\"font-weight: 400;\">, og du kan ofte finde en ladestander til at oplade bilen \u2013 s\u00e5 er den klar til k\u00f8rsel, n\u00e5r du er f\u00e6rdig med at shoppe. Du finder ladestanderne lige efter opk\u00f8rslen til d\u00e6kket.<\/span><\/p>\n<p><span style=\"font-weight: 400;\">Og hvis du bliver overrasket over m\u00e6ngden af indk\u00f8b, du fik foretaget dig p\u00e5 shoppingturen i Frederiksberg Centret, kan du ogs\u00e5 finde ledige GreenMobility biler p\u00e5 hotspot-pladserne. P\u00e5 den m\u00e5de kan du nemt f\u00e5 poserne med indk\u00f8b ned i bagagerummet og k\u00f8re dem hjem i ro og mag.<\/span><\/p>\n<p><span style=\"font-weight: 400;\">V\u00e6r opm\u00e6rksom p\u00e5, at parkeringstaget er lukket mellem 21:30 og 07:00. Du kan derfor kun benytte hotspottet udenfor dette tidsrum \u2013 det g\u00e6lder b\u00e5de for at finde ledige GreenMobility biler s\u00e5vel som at parkere dem.<\/span>[\/vc_column_text][vc_empty_space][vc_column_text]<\/p>\n<h2><span style=\"font-weight: 400;\">Om Frederiksberg Centret<\/span><\/h2>\n<p><span style=\"font-weight: 400;\">Frederiksberg Centret er et stort indk\u00f8bscenter beliggende i den centrale del af Frederiksberg. Centret er kendt for sin elegante og eksklusive indretning samt sine high-end butikker med fokus p\u00e5 tidens modetendenser. Frederiksberg Centret har over flere omgange vundet \u201cDanmarks bedste shoppingcenter\u201d, og i 2016 vandt centret endda den fornemme pris \u201c<\/span><a href=\"https:\/\/frbc-shopping.dk\/aktuelt\/ogsaa-kaaret-nordens-bedste-shoppingcenter\/\"><span style=\"font-weight: 400;\">Nordens bedste shoppingcenter<\/span><\/a><span style=\"font-weight: 400;\">\u201d.<\/span><\/p>\n<h3><span style=\"font-weight: 400;\">Frederiksberg Centret butikker<\/span><\/h3>\n<p><span style=\"font-weight: 400;\">Frederiksberg Centret har 90 butikker fordelt p\u00e5 tre etager. Du finder alt fra modet\u00f8j og restauranter til elektronikforretninger og dagligvarebutikker.\u00a0<\/span><\/p>\n<p><span style=\"font-weight: 400;\">Netop derfor kan Frederiksberg Centret v\u00e6re det ideelle sted at finde gaver, da du netop har s\u00e5 mange forskellige butikker samlet p\u00e5 \u00e9t sted.<\/span><\/p>\n<p><span style=\"font-weight: 400;\">Se alle Frederiksberg Centrets <\/span><a href=\"https:\/\/frbc-shopping.dk\/butikker\/\"><span style=\"font-weight: 400;\">butikker her<\/span><\/a><span style=\"font-weight: 400;\">.<\/span><\/p>\n<h3><span style=\"font-weight: 400;\">Frederiksberg Centret \u00e5bningstider<\/span><\/h3>\n<p><span style=\"font-weight: 400;\">Frederiksberg Centrets butikker har <\/span><a href=\"https:\/\/frbc-shopping.dk\/information\/aabningstider\/\"><span style=\"font-weight: 400;\">\u00e5bent<\/span><\/a><span style=\"font-weight: 400;\"> alle hverdage 10:00-19:00. I weekenden er \u00e5bningstiderne 10:00-17:00.<\/span><\/p>\n<p><span style=\"font-weight: 400;\">F\u00f8tex i Frederiksberg Centret har \u00e5bent alle dage 07:00-21:00.<\/span>[\/vc_column_text][vc_empty_space][vc_column_text]<\/p>\n<h2><span style=\"font-weight: 400;\">Frederiksberg Centret parkering<\/span><\/h2>\n<p><span style=\"font-weight: 400;\">Frederiksberg Centrets parkeringstag har 450 parkeringspladser og har \u00e5bent i tidsrummet 07:00-21:30.<\/span><\/p>\n<h3><span style=\"font-weight: 400;\">Hvad koster parkering ved Frederiksberg Centret?<\/span><\/h3>\n<p><span style=\"font-weight: 400;\">Med en elbil fra GreenMobility f\u00e5r du gl\u00e6de af <\/span><b>gratis parkering<\/b><span style=\"font-weight: 400;\"> p\u00e5 hele tagd\u00e6kket. Derudover kan du ogs\u00e5 <\/span><b>parkere gratis <\/b><span style=\"font-weight: 400;\">p\u00e5 alle offentlige parkeringspladser med minimum 2 timers tidsbegr\u00e6nsning.<\/span><\/p>\n<p><span style=\"font-weight: 400;\">Med din egen private bil f\u00e5r du \u00e9n times gratis parkering p\u00e5 Frederiksberg Centrets parketingstag. Herefter koster det 7 kroner per p\u00e5begyndte halve time.\u00a0<\/span><\/p>\n<h3><span style=\"font-weight: 400;\">Hvordan finder du parkering ved Frederiksberg Centret?<\/span><\/h3>\n<p><span style=\"font-weight: 400;\">For at komme til Frederiksberg Centrets parkeringstag skal du k\u00f8re ad Solbjerg Pl., som du f\u00e5r adgang til via Nyelandsvej. De to st\u00f8rre veje, som krydser Nyelandsvej, er Nordre Fasanvej og Falkoner All\u00e9.<\/span><\/p>\n<h3><span style=\"font-weight: 400;\">Frederiksberg Centret adresse<\/span><\/h3>\n<p><span style=\"font-weight: 400;\">Adressen p\u00e5 Frederiksberg Centret er: Falkoner Alle 21, 2000 Frederiksberg.<\/span>[\/vc_column_text][vc_empty_space height=&#8221;60px&#8221;][vc_column_text]<\/p>\n<h2><span style=\"font-weight: 400;\">Tjek GreenMobilitys mange tilbudspakker<\/span><\/h2>\n<p><span style=\"font-weight: 400;\">Hos GreenMobility har du mange fordelagtige muligheder at v\u00e6lge imellem alt efter behov, n\u00e5r det kommer til biludlejning. Priserne p\u00e5 vores delebiler varierer, alt efter hvor l\u00e6nge og hvor ofte du skal bruge vores delebiler, og om du har abonnement hos os. Se vores <\/span><a href=\"https:\/\/www.greenmobility.com\/dk\/da\/priser\/\"><span style=\"font-weight: 400;\">tilbudspakker og priser<\/span><\/a><span style=\"font-weight: 400;\">.\u00a0<\/span><\/p>\n<h2><span style=\"font-weight: 400;\">Nem parkering med GreenMobilitys delebiler<\/span><\/h2>\n<p><span style=\"font-weight: 400;\">Parkering kan v\u00e6re lidt af en hovedpine, is\u00e6r i den centrale del af K\u00f8benhavn og Frederiksberg. Vi har fors\u00f8gt at g\u00f8re din hovedpine lidt mindre ved at g\u00f8re det s\u00e5 nemt som muligt at parkere.\u00a0<\/span><\/p>\n<p><span style=\"font-weight: 400;\">N\u00e5r du lejer vores GreenMobility elbiler, kan du inden for vores zone altid parkere gratis p\u00e5 alle offentlige parkeringspladser med minimum 2 timers tidsbegr\u00e6nsning. L\u00e6s mere om vores <\/span><a href=\"https:\/\/www.greenmobility.com\/dk\/da\/parkering\/\"><span style=\"font-weight: 400;\">zoner og parkering<\/span><\/a><span style=\"font-weight: 400;\"> med GreenMobility her. <\/span>[\/vc_column_text][vc_column_text]<\/p>\n<h2><span style=\"font-weight: 400;\">Nem og billig billeje med GreenMobility<\/span><\/h2>\n<p><span style=\"font-weight: 400;\">Det er nemt og billigt at anvende vores billeje hos GreenMobility. Du kan leje vores elbiler op til 7 d\u00f8gn eller n\u00f8jes med et par timer, hvis du skal bruge den til et kort \u00e6rinde \u2013 s\u00e5som en shoppingtur i Frederiksberg Centret.\u00a0<\/span><\/p>\n<p><span style=\"font-weight: 400;\">Vores delebiler er simple at komme i gang med at bruge. Alt du skal g\u00f8re er at oprette dig som bruger i vores app, afvente godkendelse, finde en bil i n\u00e6rheden i appen, og n\u00e5r du er f\u00e6rdig, afslutter du turen inden for vores zone i appen. Kom <\/span><a href=\"https:\/\/www.greenmobility.com\/dk\/da\/saadan-virker-det\/\"><span style=\"font-weight: 400;\">nemt i gang<\/span><\/a><span style=\"font-weight: 400;\"> med Green Mobility. <\/span>[\/vc_column_text][vc_column_text]<\/p>\n<h3><span style=\"font-weight: 400; color: #808080;\">Har du sp\u00f8rgsm\u00e5l til GreenMobilitys services?<\/span><\/h3>\n<p><span style=\"font-weight: 400; color: #808080;\">Vi har samlet vores ofte stillede sp\u00f8rgsm\u00e5l, s\u00e5 du nemt kan f\u00e5 svar p\u00e5 dine sp\u00f8rgsm\u00e5l.\u00a0<\/span><\/p>\n<p><span style=\"color: #808080;\"><span style=\"font-weight: 400;\">Du kan finde mange flere sp\u00f8rgsm\u00e5l og svar i vores <\/span><a style=\"color: #808080;\" href=\"https:\/\/www.greenmobility.com\/dk\/da\/faq\/\"><span style=\"font-weight: 400;\">FAQ<\/span><\/a><span style=\"font-weight: 400;\"> kategori, og finder du ikke det svar, som du leder efter, er du ogs\u00e5 velkommen til at kontakte vores dygtige support p\u00e5 tlf: +4570778888 eller <\/span><a style=\"color: #808080;\" href=\"mailto:hej@greenmobility.dk\"><span style=\"font-weight: 400;\">hej@greenmobility.<\/span><\/a><span style=\"font-weight: 400;\">com.\u00a0<\/span><\/span><\/p>\n<h4><span style=\"font-weight: 400; color: #808080;\">Hvor l\u00e6nge m\u00e5 man holde gratis i Frederiksberg Centret?<\/span><\/h4>\n<p><span style=\"color: #808080;\"><span style=\"font-weight: 400;\">Med GreenMobility kan du <\/span><b>parkere gratis d\u00f8gnet rundt i Frederiksberg Centret.<\/b><\/span><\/p>\n<p><span style=\"font-weight: 400; color: #808080;\">Med egen bil kan du parkere gratis 1 time i Frederiksberg Centret. Herefter er prisen 7 kr. pr. p\u00e5begyndte halve time.<\/span><\/p>\n<h4><span style=\"font-weight: 400; color: #808080;\">Priser og abonnementer?<\/span><\/h4>\n<p><span style=\"color: #808080;\"><span style=\"font-weight: 400;\">Med GreenMobility kan du k\u00f8re p\u00e5 minut-, time-, eller dagsbasis, eller du kan abonnerere og f\u00e5 adgang til et hav af fede rabat og lave minutpriser for en fast lav m\u00e5nedspris. Se alle priser og abonnementer under <\/span><a style=\"color: #808080;\" href=\"https:\/\/www.greenmobility.com\/dk\/da\/priser\/\"><span style=\"font-weight: 400;\">\u201c<\/span><span style=\"font-weight: 400;\">Priser<\/span><span style=\"font-weight: 400;\">\u201c<\/span><\/a><span style=\"font-weight: 400;\">.<\/span><\/span><\/p>\n<h4><span style=\"font-weight: 400; color: #808080;\">Hvad er \u201cstopover\u201d?<\/span><\/h4>\n<p><span style=\"font-weight: 400; color: #808080;\">Hvis du har brug for at parkere bilen, men fortsat leje den, f.eks. mens du handler, bes\u00f8ger nogle venner eller er p\u00e5 ferie, kan du benytte funktionen \u201cstopover\u201d i appen. Tryk p\u00e5 \u201cstopover\u201d n\u00e5r du er steget ud af bilen. S\u00e5 l\u00e5ser bilen, mens du er v\u00e6k fra den, og du betaler stadig for at leje bilen. Der er ikke andre, der kan reservere bilen i mellemtiden. Du kan efterf\u00f8lgende forts\u00e6tte din tur i appen, n\u00e5r du er klar til at k\u00f8re igen.<\/span><\/p>\n<h4><span style=\"font-weight: 400; color: #808080;\">S\u00e5dan starter du vores elbiler<\/span><\/h4>\n<p><span style=\"font-weight: 400; color: #808080;\">Du skal ikke bruge en n\u00f8gle \u2013 kun Start\/Stop knappen i bilen og din mobiltelefon.<\/span><\/p>\n<p><span style=\"font-weight: 400; color: #808080;\">For at t\u00e6nde motoren, plac\u00e9r din h\u00f8jre fod p\u00e5 den midterste pedal (Bremsen) og tryk p\u00e5 Start\/Stop knappen. Motoren er nu t\u00e6ndt. Du skal slet ikke bruge din venstre fod, n\u00e5r du k\u00f8rer.<\/span><\/p>\n<p><span style=\"font-weight: 400; color: #808080;\">S\u00e6t gearet i \u201dD\u201d (Drive) for at k\u00f8re, \u201dP\u201d (Park) n\u00e5r du skal parkere og \u201dR\u201d (Reverse) for at bakke. Det bliver ikke lettere.<\/span><\/p>\n<p><span style=\"font-weight: 400; color: #808080;\">OBS: I vores Maxus e-Deliver 3 varevogne skal du blot lade gearet v\u00e6re i \u201dD\u201d, n\u00e5r du parkerer. Husk altid at tr\u00e6kke h\u00e5ndbremsen, n\u00e5r du parkerer Maxus. F\u00f8rst da kan turen afsluttes.<\/span>[\/vc_column_text][\/vc_column][\/vc_row][\/vc_section][vc_row][vc_column][vc_empty_space height=&#8221;64px&#8221;][\/vc_column][\/vc_row]<\/p>\n<\/div>","protected":false},"excerpt":{"rendered":"<p>[vc_section][vc_row][vc_column][vc_empty_space][vc_column_text]Find vej til Frederiksberg Centret her p\u00e5 siden. Frederiksberg Centret byder p\u00e5 450 parkeringspladser p\u00e5 deres parkeringstag fordelt over to etager. Der er derfor rigelig med plads til at parkere din bil. Hvis du lejer en elbil hos GreenMobility, kan du desuden f\u00e5 gl\u00e6de af gratis parkering p\u00e5 vores Hotspot p\u00e5 Frederiksberg Centrets parkeringstag.\u00a0 Planl\u00e6g [&hellip;]<\/p>\n","protected":false},"author":38,"featured_media":0,"parent":1734,"menu_order":0,"comment_status":"closed","ping_status":"closed","template":"","meta":{"om_disable_all_campaigns":false,"footnotes":"","_links_to":"","_links_to_target":""},"class_list":["post-4368","page","type-page","status-publish","hentry"],"yoast_head":"<!-- This site is optimized with the Yoast SEO plugin v26.7 - https:\/\/yoast.com\/wordpress\/plugins\/seo\/ -->\n<title>Find Vej og Parkering ved Frederiksberg Centret | GreenMobility<\/title>\n<meta name=\"description\" content=\"L\u00e6r hvordan du finder vej til Frederiksberg Centret, f\u00e5r information om parkering, og nyder gratis parkering med GreenMobility.\" \/>\n<meta name=\"robots\" content=\"index, follow, max-snippet:-1, max-image-preview:large, max-video-preview:-1\" \/>\n<link rel=\"canonical\" href=\"https:\/\/www.greenmobility.com\/dk\/da\/hotspots\/frederiksberg-centret\/\" \/>\n<meta property=\"og:locale\" content=\"da_DK\" \/>\n<meta property=\"og:type\" content=\"article\" \/>\n<meta property=\"og:title\" content=\"Find Vej og Parkering ved Frederiksberg Centret | GreenMobility\" \/>\n<meta property=\"og:description\" content=\"L\u00e6r hvordan du finder vej til Frederiksberg Centret, f\u00e5r information om parkering, og nyder gratis parkering med GreenMobility.\" \/>\n<meta property=\"og:url\" content=\"https:\/\/www.greenmobility.com\/dk\/da\/hotspots\/frederiksberg-centret\/\" \/>\n<meta property=\"og:site_name\" content=\"GreenMobility Denmark\" \/>\n<meta property=\"article:modified_time\" content=\"2025-08-18T06:33:02+00:00\" \/>\n<meta name=\"twitter:card\" content=\"summary_large_image\" \/>\n<meta name=\"twitter:label1\" content=\"Estimeret l\u00e6setid\" \/>\n\t<meta name=\"twitter:data1\" content=\"5 minutter\" \/>\n<script type=\"application\/ld+json\" class=\"yoast-schema-graph\">{\"@context\":\"https:\/\/schema.org\",\"@graph\":[{\"@type\":\"WebPage\",\"@id\":\"https:\/\/www.greenmobility.com\/dk\/da\/hotspots\/frederiksberg-centret\/\",\"url\":\"https:\/\/www.greenmobility.com\/dk\/da\/hotspots\/frederiksberg-centret\/\",\"name\":\"Find Vej og Parkering ved Frederiksberg Centret | GreenMobility\",\"isPartOf\":{\"@id\":\"https:\/\/www.greenmobility.com\/dk\/da\/#website\"},\"datePublished\":\"2021-12-09T14:48:53+00:00\",\"dateModified\":\"2025-08-18T06:33:02+00:00\",\"description\":\"L\u00e6r hvordan du finder vej til Frederiksberg Centret, f\u00e5r information om parkering, og nyder gratis parkering med GreenMobility.\",\"breadcrumb\":{\"@id\":\"https:\/\/www.greenmobility.com\/dk\/da\/hotspots\/frederiksberg-centret\/#breadcrumb\"},\"inLanguage\":\"da-DK\",\"potentialAction\":[{\"@type\":\"ReadAction\",\"target\":[\"https:\/\/www.greenmobility.com\/dk\/da\/hotspots\/frederiksberg-centret\/\"]}]},{\"@type\":\"BreadcrumbList\",\"@id\":\"https:\/\/www.greenmobility.com\/dk\/da\/hotspots\/frederiksberg-centret\/#breadcrumb\",\"itemListElement\":[{\"@type\":\"ListItem\",\"position\":1,\"name\":\"Home\",\"item\":\"https:\/\/www.greenmobility.com\/dk\/da\/\"},{\"@type\":\"ListItem\",\"position\":2,\"name\":\"Hotspots\",\"item\":\"https:\/\/www.greenmobility.com\/dk\/da\/hotspots\/\"},{\"@type\":\"ListItem\",\"position\":3,\"name\":\"Frederiksberg Centret\"}]},{\"@type\":\"WebSite\",\"@id\":\"https:\/\/www.greenmobility.com\/dk\/da\/#website\",\"url\":\"https:\/\/www.greenmobility.com\/dk\/da\/\",\"name\":\"GreenMobility Denmark\",\"description\":\"\",\"publisher\":{\"@id\":\"https:\/\/www.greenmobility.com\/dk\/da\/#organization\"},\"potentialAction\":[{\"@type\":\"SearchAction\",\"target\":{\"@type\":\"EntryPoint\",\"urlTemplate\":\"https:\/\/www.greenmobility.com\/dk\/da\/?s={search_term_string}\"},\"query-input\":{\"@type\":\"PropertyValueSpecification\",\"valueRequired\":true,\"valueName\":\"search_term_string\"}}],\"inLanguage\":\"da-DK\"},{\"@type\":\"Organization\",\"@id\":\"https:\/\/www.greenmobility.com\/dk\/da\/#organization\",\"name\":\"GreenMobility\",\"url\":\"https:\/\/www.greenmobility.com\/dk\/da\/\",\"logo\":{\"@type\":\"ImageObject\",\"inLanguage\":\"da-DK\",\"@id\":\"https:\/\/www.greenmobility.com\/dk\/da\/#\/schema\/logo\/image\/\",\"url\":\"https:\/\/www.greenmobility.com\/dk\/wp-content\/uploads\/sites\/9\/2021\/06\/logo-EM-DK.png\",\"contentUrl\":\"https:\/\/www.greenmobility.com\/dk\/wp-content\/uploads\/sites\/9\/2021\/06\/logo-EM-DK.png\",\"width\":3125,\"height\":788,\"caption\":\"GreenMobility\"},\"image\":{\"@id\":\"https:\/\/www.greenmobility.com\/dk\/da\/#\/schema\/logo\/image\/\"}}]}<\/script>\n<!-- \/ Yoast SEO plugin. -->","yoast_head_json":{"title":"Find Vej og Parkering ved Frederiksberg Centret | GreenMobility","description":"L\u00e6r hvordan du finder vej til Frederiksberg Centret, f\u00e5r information om parkering, og nyder gratis parkering med GreenMobility.","robots":{"index":"index","follow":"follow","max-snippet":"max-snippet:-1","max-image-preview":"max-image-preview:large","max-video-preview":"max-video-preview:-1"},"canonical":"https:\/\/www.greenmobility.com\/dk\/da\/hotspots\/frederiksberg-centret\/","og_locale":"da_DK","og_type":"article","og_title":"Find Vej og Parkering ved Frederiksberg Centret | GreenMobility","og_description":"L\u00e6r hvordan du finder vej til Frederiksberg Centret, f\u00e5r information om parkering, og nyder gratis parkering med GreenMobility.","og_url":"https:\/\/www.greenmobility.com\/dk\/da\/hotspots\/frederiksberg-centret\/","og_site_name":"GreenMobility Denmark","article_modified_time":"2025-08-18T06:33:02+00:00","twitter_card":"summary_large_image","twitter_misc":{"Estimeret l\u00e6setid":"5 minutter"},"schema":{"@context":"https:\/\/schema.org","@graph":[{"@type":"WebPage","@id":"https:\/\/www.greenmobility.com\/dk\/da\/hotspots\/frederiksberg-centret\/","url":"https:\/\/www.greenmobility.com\/dk\/da\/hotspots\/frederiksberg-centret\/","name":"Find Vej og Parkering ved Frederiksberg Centret | GreenMobility","isPartOf":{"@id":"https:\/\/www.greenmobility.com\/dk\/da\/#website"},"datePublished":"2021-12-09T14:48:53+00:00","dateModified":"2025-08-18T06:33:02+00:00","description":"L\u00e6r hvordan du finder vej til Frederiksberg Centret, f\u00e5r information om parkering, og nyder gratis parkering med GreenMobility.","breadcrumb":{"@id":"https:\/\/www.greenmobility.com\/dk\/da\/hotspots\/frederiksberg-centret\/#breadcrumb"},"inLanguage":"da-DK","potentialAction":[{"@type":"ReadAction","target":["https:\/\/www.greenmobility.com\/dk\/da\/hotspots\/frederiksberg-centret\/"]}]},{"@type":"BreadcrumbList","@id":"https:\/\/www.greenmobility.com\/dk\/da\/hotspots\/frederiksberg-centret\/#breadcrumb","itemListElement":[{"@type":"ListItem","position":1,"name":"Home","item":"https:\/\/www.greenmobility.com\/dk\/da\/"},{"@type":"ListItem","position":2,"name":"Hotspots","item":"https:\/\/www.greenmobility.com\/dk\/da\/hotspots\/"},{"@type":"ListItem","position":3,"name":"Frederiksberg Centret"}]},{"@type":"WebSite","@id":"https:\/\/www.greenmobility.com\/dk\/da\/#website","url":"https:\/\/www.greenmobility.com\/dk\/da\/","name":"GreenMobility Denmark","description":"","publisher":{"@id":"https:\/\/www.greenmobility.com\/dk\/da\/#organization"},"potentialAction":[{"@type":"SearchAction","target":{"@type":"EntryPoint","urlTemplate":"https:\/\/www.greenmobility.com\/dk\/da\/?s={search_term_string}"},"query-input":{"@type":"PropertyValueSpecification","valueRequired":true,"valueName":"search_term_string"}}],"inLanguage":"da-DK"},{"@type":"Organization","@id":"https:\/\/www.greenmobility.com\/dk\/da\/#organization","name":"GreenMobility","url":"https:\/\/www.greenmobility.com\/dk\/da\/","logo":{"@type":"ImageObject","inLanguage":"da-DK","@id":"https:\/\/www.greenmobility.com\/dk\/da\/#\/schema\/logo\/image\/","url":"https:\/\/www.greenmobility.com\/dk\/wp-content\/uploads\/sites\/9\/2021\/06\/logo-EM-DK.png","contentUrl":"https:\/\/www.greenmobility.com\/dk\/wp-content\/uploads\/sites\/9\/2021\/06\/logo-EM-DK.png","width":3125,"height":788,"caption":"GreenMobility"},"image":{"@id":"https:\/\/www.greenmobility.com\/dk\/da\/#\/schema\/logo\/image\/"}}]}},"_links":{"self":[{"href":"https:\/\/www.greenmobility.com\/dk\/da\/wp-json\/wp\/v2\/pages\/4368","targetHints":{"allow":["GET"]}}],"collection":[{"href":"https:\/\/www.greenmobility.com\/dk\/da\/wp-json\/wp\/v2\/pages"}],"about":[{"href":"https:\/\/www.greenmobility.com\/dk\/da\/wp-json\/wp\/v2\/types\/page"}],"author":[{"embeddable":true,"href":"https:\/\/www.greenmobility.com\/dk\/da\/wp-json\/wp\/v2\/users\/38"}],"replies":[{"embeddable":true,"href":"https:\/\/www.greenmobility.com\/dk\/da\/wp-json\/wp\/v2\/comments?post=4368"}],"version-history":[{"count":0,"href":"https:\/\/www.greenmobility.com\/dk\/da\/wp-json\/wp\/v2\/pages\/4368\/revisions"}],"up":[{"embeddable":true,"href":"https:\/\/www.greenmobility.com\/dk\/da\/wp-json\/wp\/v2\/pages\/1734"}],"wp:attachment":[{"href":"https:\/\/www.greenmobility.com\/dk\/da\/wp-json\/wp\/v2\/media?parent=4368"}],"curies":[{"name":"wp","href":"https:\/\/api.w.org\/{rel}","templated":true}]}}