{"id":4366,"date":"2021-12-09T15:09:46","date_gmt":"2021-12-09T14:09:46","guid":{"rendered":"https:\/\/www.greenmobility.com\/dk\/?page_id=4366"},"modified":"2025-10-28T12:22:19","modified_gmt":"2025-10-28T11:22:19","slug":"amager-centret","status":"publish","type":"page","link":"https:\/\/www.greenmobility.com\/dk\/da\/amager-centret\/","title":{"rendered":"Amager Centret"},"content":{"rendered":"<div class=\"wpb-content-wrapper\"><p>[vc_row padding_top=&#8221;5%&#8221; padding_bottom=&#8221;3%&#8221; border_style=&#8221;solid&#8221;][vc_column][vc_empty_space]<div class=\" agni-section-heading text-left ihda\" ><h1 class=\"section-heading-text \" style=\"font-size:48px;\"><span>Kom nemt til Amager Centret med GreenMobility<\/span><\/h1><div class=\"section-divide-line divide-line text-left\"><span style=\"width:90px; height:1px; background-color:#3ea635\"><\/span><\/div><\/div>[\/vc_column][vc_column width=&#8221;1\/2&#8243;][vc_column_text]<\/p>\n<p style=\"text-align: justify;\">GreenMobility guider dig til nem parkering ved Amager Centret. <span style=\"font-weight: 400;\">Amager Centret har for nyligt opf\u00f8rt et parkeringshus, og du er derfor sikret gode parkeringsmuligheder.<\/span><\/p>\n<p>[\/vc_column_text][\/vc_column][vc_column width=&#8221;1\/2&#8243;][vc_column_text]<\/p>\n<p style=\"text-align: justify;\"><span style=\"font-weight: 400;\">Amager Centret er en del af GreenMobilitys zone, og det betyder, at <\/span><b>du kan parkere gratis<\/b><span style=\"font-weight: 400;\"> p\u00e5 alle offentlige parkeringspladser hele d\u00f8gnet rundt<\/span><b> i vores biler.<\/b><\/p>\n<p>[\/vc_column_text][\/vc_column][vc_column][vc_empty_space height=&#8221;60px&#8221;][\/vc_column][\/vc_row][vc_row fullwidth=&#8221;has-fullwidth-column&#8221; equal_height=&#8221;yes&#8221;][vc_column align=&#8221;center&#8221; bg_color=&#8221;#bbd6af&#8221; width=&#8221;1\/2&#8243;][vc_empty_space height=&#8221;80px&#8221;][vc_custom_heading divide_line=&#8221;yes&#8221; divide_line_color=&#8221;#ffffff&#8221; text=&#8221;Parkering ved Amager Centret&#8221; font_container=&#8221;tag:h2|text_align:center|color:%23ffffff&#8221; google_fonts=&#8221;font_family:Open%20Sans%3A300%2C300italic%2Cregular%2Citalic%2C600%2C600italic%2C700%2C700italic%2C800%2C800italic|font_style:400%20regular%3A400%3Anormal&#8221; responsive_font_size=&#8221;yes&#8221;][vc_empty_space height=&#8221;20px&#8221;][vc_column_text padding_right=&#8221;5%&#8221; padding_left=&#8221;5%&#8221;]<\/p>\n<p style=\"text-align: justify;\"><span style=\"font-weight: 400; color: #ffffff;\">Amager Centret er en del af GreenMobilitys zone. Vores biler holder gratis p\u00e5 alle offentlige parkeringspladser med minimum 2 timers tidsbegr\u00e6nsning indenfor zonens gr\u00e6nser. Du kan derfor trygt leje en bil gennem GreenMobility og v\u00e6re sikret gratis parkering i n\u00e6rheden af Amager Centret.<\/span><\/p>\n<p>[\/vc_column_text][vc_empty_space height=&#8221;80px&#8221;][\/vc_column][vc_column bg_choice=&#8221;2&#8243; bg_image=&#8221;2094&#8243; width=&#8221;1\/2&#8243;][vc_empty_space height=&#8221;300px&#8221; height_tab=&#8221;60&#8243; height_mobile=&#8221;40&#8243;][\/vc_column][\/vc_row][vc_row fullwidth=&#8221;has-fullwidth-column&#8221; equal_height=&#8221;yes&#8221;][vc_column bg_choice=&#8221;2&#8243; bg_image=&#8221;3300&#8243; width=&#8221;1\/2&#8243;][vc_empty_space height=&#8221;300px&#8221; height_tab=&#8221;60&#8243; height_mobile=&#8221;40&#8243;][\/vc_column][vc_column align=&#8221;center&#8221; bg_color=&#8221;#bbd6af&#8221; width=&#8221;1\/2&#8243;][vc_empty_space height=&#8221;80px&#8221;][vc_custom_heading divide_line=&#8221;yes&#8221; divide_line_color=&#8221;#ffffff&#8221; text=&#8221;Hvad koster parking ved Amager Centret?&#8221; font_container=&#8221;tag:h2|text_align:center|color:%23ffffff&#8221; google_fonts=&#8221;font_family:Open%20Sans%3A300%2C300italic%2Cregular%2Citalic%2C600%2C600italic%2C700%2C700italic%2C800%2C800italic|font_style:400%20regular%3A400%3Anormal&#8221; responsive_font_size=&#8221;yes&#8221;][vc_empty_space height=&#8221;20px&#8221;][vc_column_text padding_right=&#8221;5%&#8221; padding_left=&#8221;5%&#8221;]<\/p>\n<p style=\"text-align: justify;\"><span style=\"color: #ffffff;\">Parkering er <strong>altid gratis<\/strong> med GreenMobility inden for zonen p\u00e5 offentlige p-pladser, der har minimum 2 timers parking hele d\u00f8gnet alle ugens dage. Du finder flere gader med offentlig parkering\u00a0 t\u00e6t p\u00e5 centret.<\/span><\/p>\n<p style=\"text-align: justify;\"><span style=\"color: #ffffff;\">OBS: V\u00e6r opm\u00e6rksom p\u00e5 at du selv betaler for parkering, hvis du holder i Amager Centrets p-hus eller i de omkringliggende betalingszoner.<\/span><\/p>\n<p>[\/vc_column_text][vc_empty_space height=&#8221;80px&#8221;][\/vc_column][\/vc_row][vc_row][vc_column][vc_empty_space height=&#8221;70px&#8221;][vc_column_text]<\/p>\n<h2><span style=\"font-weight: 400;\">Om Amager Centret<\/span><\/h2>\n<p><span style=\"font-weight: 400;\">Amager Centret er et stort indk\u00f8bscenter beliggende p\u00e5 Amagerbro. Centret har et bredt udvalg af forskellige butikker, der d\u00e6kker stort set alle behov. Hvad enten du er p\u00e5 udkig efter nyt modet\u00f8j, dagligvare, restaurantmad eller personlig pleje, kan du med garanti f\u00e5 tilfredsstillet din shoppinglyst her i Amager Centret.<\/span><\/p>\n<p>Adressen p\u00e5 Amager Centret er: Reberbanegade 3, 2300 K\u00f8benhavn S.<\/p>\n<p>Amager Centrets butikker har \u00e5bent alle hverdage 10:00-19:00. I weekenden er \u00e5bningstiderne 10:00-17:00. <span style=\"font-weight: 400;\">Enkelte butikker i centret har dog andre \u00e5bningstider. <\/span><em><a href=\"https:\/\/www.amagercentret.dk\/information\/aabningstider\/\"><span style=\"font-weight: 400;\">Se mere her<\/span><\/a><span style=\"font-weight: 400;\">.<\/span><\/em>[\/vc_column_text][vc_empty_space height=&#8221;50px&#8221;][vc_column_text]<\/p>\n<h3><span style=\"font-weight: 400;\">Amager Centrets butikker<\/span><\/h3>\n<p><span style=\"font-weight: 400;\">I Amager Centret finder du hele 86 butikker. Blandt butikkerne finder du butikker til boligindretning og isenkram, b\u00f8rnebutikker, dagligvarer, modet\u00f8j, personlig pleje og fritids- og hobbybutikker.\u00a0<\/span><\/p>\n<p><span style=\"font-weight: 400;\">Herudover er der ogs\u00e5 et dejligt udvalg af caf\u00e9er og spisesteder, s\u00e5 du kan f\u00e5 en hel dag ud af shoppingturen uden at forlade centret.\u00a0<\/span><\/p>\n<p>[\/vc_column_text][vc_empty_space height=&#8221;50px&#8221;][vc_column_text]<\/p>\n<h3><span style=\"font-weight: 400;\">Brug &#8220;Stopover&#8221; n\u00e5r du parkerer<\/span><\/h3>\n<p>Hvis du har brug for at parkere bilen, men fortsat leje den, mens du er i Amager Centret, kan du benytte funktionen \u201cstopover\u201d i appen. Tryk p\u00e5 \u201cstopover\u201d n\u00e5r du er steget ud af bilen. S\u00e5 l\u00e5ser bilen, mens du er v\u00e6k fra den, og du betaler stadig for at leje bilen. Der er ikke andre, der kan reservere bilen i mellemtiden. Du kan efterf\u00f8lgende forts\u00e6tte din tur i appen, n\u00e5r du er klar til at k\u00f8re igen.[\/vc_column_text][vc_empty_space height=&#8221;70px&#8221;][\/vc_column][\/vc_row][vc_row][vc_column][vc_empty_space height=&#8221;70px&#8221;][\/vc_column][\/vc_row][vc_row fullwidth=&#8221;has-fullwidth-column&#8221; equal_height=&#8221;yes&#8221;][vc_column align=&#8221;center&#8221; bg_color=&#8221;#bbd6af&#8221; width=&#8221;1\/2&#8243;][vc_empty_space height=&#8221;80px&#8221;][vc_custom_heading divide_line=&#8221;yes&#8221; divide_line_color=&#8221;#ffffff&#8221; text=&#8221;Priser og abonnementer til din tur&#8221; font_container=&#8221;tag:h2|text_align:center|color:%23ffffff&#8221; google_fonts=&#8221;font_family:Open%20Sans%3A300%2C300italic%2Cregular%2Citalic%2C600%2C600italic%2C700%2C700italic%2C800%2C800italic|font_style:400%20regular%3A400%3Anormal&#8221; responsive_font_size=&#8221;yes&#8221;][vc_empty_space height=&#8221;20px&#8221;][vc_column_text padding_right=&#8221;5%&#8221; padding_left=&#8221;5%&#8221;]<\/p>\n<p style=\"text-align: justify;\"><span style=\"font-weight: 400; color: #ffffff;\">Med GreenMobility kan du k\u00f8re p\u00e5 minut-, time-, eller dagsbasis, eller du kan abonnerere og f\u00e5 adgang til et hav af fede rabat og lave minutpriser for en fast lav m\u00e5nedspris. Du har som bruger altid mange fordelagtige muligheder at v\u00e6lge imellem alt efter behov, n\u00e5r det kommer til biludlejning. Priserne p\u00e5 vores delebiler varierer, alt efter hvor l\u00e6nge og hvor ofte du skal bruge vores delebiler, og om du har et abonnement hos os. Se vores tilbudspakker og priser, og find den pakke, der passer bedst til netop din biltur.\u00a0<\/span><\/p>\n<p>[\/vc_column_text]<div class=\" call-to-action call-to-action-style-1\"><div class=\"call-to-action-description\"><\/div><div class=\"call-to-action-button\"><a class=\"btn btn-alt btn-white \" target=\"_blank\" href=\"https:\/\/www.greenmobility.com\/dk\/da\/priser\/\" style=\"margin-top: 10px; \"> Se priser og pakker<\/a><\/div><\/div>[vc_empty_space height=&#8221;80px&#8221;][\/vc_column][vc_column bg_choice=&#8221;2&#8243; bg_image=&#8221;2408&#8243; width=&#8221;1\/2&#8243;][vc_empty_space height=&#8221;300px&#8221; height_tab=&#8221;60&#8243; height_mobile=&#8221;40&#8243;][\/vc_column][\/vc_row][vc_row margin_top=&#8221;20&#8243; margin_bottom=&#8221;30&#8243;][vc_column][vc_empty_space height=&#8221;60px&#8221;][\/vc_column][vc_column align=&#8221;right&#8221; width=&#8221;1\/2&#8243;][vc_empty_space height=&#8221;80px&#8221;][vc_column_text]<\/p>\n<h4 style=\"text-align: right;\">S\u00e5dan k\u00f8rer du med os<\/h4>\n<p style=\"text-align: right;\">Det er nemt at komme i gang.<\/p>\n<p>[\/vc_column_text][vc_empty_space][vc_empty_space]<div class=\" call-to-action call-to-action-style-1\"><div class=\"call-to-action-description\"><\/div><div class=\"call-to-action-button\"><a class=\"btn btn-alt btn-default \" target=\"_blank\" href=\"https:\/\/app.adjust.com\/bze7zzu\" style=\"margin-top: 10px; \"> Download appen<\/a><\/div><\/div>[vc_empty_space height=&#8221;40px&#8221;][vc_column_text]<\/p>\n<p style=\"text-align: right;\"><span style=\"font-size: 10pt;\"><strong>Nemmeste parkering i byen<\/strong><\/span><\/p>\n<p style=\"text-align: right;\"><span style=\"font-size: 12pt;\">Download appen gratis og indtast mail, et password og upload et billede af dit k\u00f8rekort og et selfie, s\u00e5 vi kan se, at fotoet p\u00e5 k\u00f8rekortet stemmer overens med dit billede. Vores support godkender din profil inden for kort tid. Skal du ud og k\u00f8re med det samme, kan du med fordel ringe +45 7077 8888 for hurtig godkendelse.<\/span><\/p>\n<p>[\/vc_column_text][\/vc_column][vc_column align=&#8221;right&#8221; width=&#8221;1\/2&#8243;][vc_empty_space height=&#8221;50px&#8221;]<div class=\"agni-gallery img-carousel \"><div class=\"agni-gallery-row row carousel-gallery \" data-gallery-margin=30 data-gallery-autoplay=false data-gallery-autoplay-timeout=5000 data-gallery-autoplay-hover=true data-gallery-loop=false data-gallery-autoheight=false data-gallery-center=false data-gallery-pagination=false data-gallery-m=1 data-gallery-tp=1 data-gallery-tl=1 data-gallery-d=1  ><div class=\"custom-gallery-item agni-gallery-column\" style=\"\" ><figure class=\"agni-gallery-figure\"><img decoding=\"async\" width=\"880\" height=\"1024\" data-src=\"https:\/\/www.greenmobility.com\/dk\/wp-content\/uploads\/sites\/9\/2021\/12\/Screen2-ny-pris-880x1024.png\" class=\"attachment-large size-large lazyload\" alt=\"GreenMobility APP\" data-srcset=\"https:\/\/www.greenmobility.com\/dk\/wp-content\/uploads\/sites\/9\/2021\/12\/Screen2-ny-pris-880x1024.png 880w, https:\/\/www.greenmobility.com\/dk\/wp-content\/uploads\/sites\/9\/2021\/12\/Screen2-ny-pris-258x300.png 258w, https:\/\/www.greenmobility.com\/dk\/wp-content\/uploads\/sites\/9\/2021\/12\/Screen2-ny-pris-768x894.png 768w, https:\/\/www.greenmobility.com\/dk\/wp-content\/uploads\/sites\/9\/2021\/12\/Screen2-ny-pris.png 928w\" data-sizes=\"(max-width: 880px) 100vw, 880px\" src=\"data:image\/svg+xml;base64,PHN2ZyB3aWR0aD0iMSIgaGVpZ2h0PSIxIiB4bWxucz0iaHR0cDovL3d3dy53My5vcmcvMjAwMC9zdmciPjwvc3ZnPg==\" style=\"--smush-placeholder-width: 880px; --smush-placeholder-aspect-ratio: 880\/1024;\" \/><\/figure><\/div><\/div><\/div>[\/vc_column][\/vc_row][vc_row][vc_column][vc_empty_space height=&#8221;100px&#8221;][\/vc_column][\/vc_row][vc_row fullwidth=&#8221;has-fullwidth-column&#8221; equal_height=&#8221;yes&#8221;][vc_column bg_choice=&#8221;2&#8243; bg_image=&#8221;4572&#8243; width=&#8221;1\/2&#8243;][vc_empty_space height=&#8221;300px&#8221; height_tab=&#8221;60&#8243; height_mobile=&#8221;40&#8243;][\/vc_column][vc_column align=&#8221;center&#8221; bg_color=&#8221;#bbd6af&#8221; width=&#8221;1\/2&#8243;][vc_empty_space height=&#8221;80px&#8221;][vc_custom_heading divide_line=&#8221;yes&#8221; divide_line_color=&#8221;#ffffff&#8221; text=&#8221;Nem og billig billeje med GreenMobility&#8221; font_container=&#8221;tag:h2|text_align:center|color:%23ffffff&#8221; google_fonts=&#8221;font_family:Open%20Sans%3A300%2C300italic%2Cregular%2Citalic%2C600%2C600italic%2C700%2C700italic%2C800%2C800italic|font_style:400%20regular%3A400%3Anormal&#8221; responsive_font_size=&#8221;yes&#8221;][vc_empty_space height=&#8221;20px&#8221;][vc_column_text padding_right=&#8221;5%&#8221; padding_left=&#8221;5%&#8221;]<\/p>\n<p style=\"text-align: justify;\"><span style=\"color: #ffffff;\">Det er nemt og billigt at anvende vores billeje hos GreenMobility. Du kan leje vores elbiler op til 7 d\u00f8gn eller n\u00f8jes med et par timer, hvis du skal bruge den til et kort \u00e6rinde \u2013 s\u00e5som en shoppingtur i Amager Centret.<\/span><\/p>\n<p style=\"text-align: justify;\"><span style=\"color: #ffffff;\">Vores delebiler er simple at komme i gang med at bruge. Alt du skal g\u00f8re er at oprette dig som bruger i vores app, afvente godkendelse, finde en bil i n\u00e6rheden i appen, og n\u00e5r du er f\u00e6rdig, afslutter du turen inden for vores zone i appen. Kom nemt i gang med GreenMobility.<\/span><\/p>\n<p>[\/vc_column_text]<div class=\" call-to-action call-to-action-style-1\"><div class=\"call-to-action-description\"><\/div><div class=\"call-to-action-button\"><a class=\"btn btn-alt btn-white \" target=\"_blank\" href=\"https:\/\/www.greenmobility.com\/dk\/da\/priser\/\" style=\"margin-top: 10px; \"> Se priser og pakker<\/a><\/div><\/div>[vc_empty_space height=&#8221;80px&#8221;][\/vc_column][\/vc_row][vc_row fullwidth=&#8221;has-fullwidth-column&#8221; equal_height=&#8221;yes&#8221;][vc_column align=&#8221;center&#8221; bg_color=&#8221;#bbd6af&#8221; width=&#8221;1\/2&#8243;][vc_empty_space height=&#8221;80px&#8221;][vc_custom_heading divide_line=&#8221;yes&#8221; divide_line_color=&#8221;#ffffff&#8221; text=&#8221;Nem parkering med GreenMobility&#8221; font_container=&#8221;tag:h2|text_align:center|color:%23ffffff&#8221; google_fonts=&#8221;font_family:Open%20Sans%3A300%2C300italic%2Cregular%2Citalic%2C600%2C600italic%2C700%2C700italic%2C800%2C800italic|font_style:400%20regular%3A400%3Anormal&#8221; responsive_font_size=&#8221;yes&#8221;][vc_empty_space height=&#8221;20px&#8221;][vc_column_text padding_right=&#8221;5%&#8221; padding_left=&#8221;5%&#8221;]<\/p>\n<p style=\"text-align: justify;\"><span style=\"color: #ffffff;\">Parkering kan v\u00e6re lidt af en hovedpine, is\u00e6r omkring Amagerbro. Vi har fors\u00f8gt at g\u00f8re din hovedpine lidt mindre ved at g\u00f8re det s\u00e5 nemt som muligt at parkere. N\u00e5r du lejer vores GreenMobility elbiler, kan du inden for vores zone altid parkere gratis, der hvor der er minimum to timers parkering hele d\u00f8gnet, alle ugens dage. L\u00e6s mere om vores zone og parkering via linket nedenfor.<\/span><\/p>\n<p>[\/vc_column_text]<div class=\" call-to-action call-to-action-style-1\"><div class=\"call-to-action-description\"><\/div><div class=\"call-to-action-button\"><a class=\"btn btn-alt btn-white \" target=\"_blank\" href=\"https:\/\/www.greenmobility.com\/dk\/da\/zonen\/\" style=\"margin-top: 10px; \"> L\u00e6s mere<\/a><\/div><\/div>[vc_empty_space height=&#8221;80px&#8221;][\/vc_column][vc_column bg_choice=&#8221;2&#8243; bg_image=&#8221;4331&#8243; width=&#8221;1\/2&#8243;][vc_empty_space height=&#8221;300px&#8221; height_tab=&#8221;60&#8243; height_mobile=&#8221;40&#8243;][\/vc_column][\/vc_row][vc_row fullwidth=&#8221;has-fullwidth-column&#8221; content_placement=&#8221;middle&#8221; margin_top=&#8221;50&#8243; margin_bottom=&#8221;20&#8243;][vc_column][vc_empty_space][\/vc_column][\/vc_row][vc_row fullwidth=&#8221;has-fullwidth-column&#8221; content_placement=&#8221;middle&#8221; margin_top=&#8221;50&#8243; margin_bottom=&#8221;20&#8243;][vc_column][vc_custom_heading divide_line=&#8221;yes&#8221; divide_line_color=&#8221;#3ea635&#8243; text=&#8221;Har du sp\u00f8rgsm\u00e5l til GreenMobilitys services?&#8221; font_container=&#8221;tag:h2|font_size:40|text_align:center&#8221; google_fonts=&#8221;font_family:Open%20Sans%3A300%2C300italic%2Cregular%2Citalic%2C600%2C600italic%2C700%2C700italic%2C800%2C800italic|font_style:400%20regular%3A400%3Anormal&#8221; responsive_font_size=&#8221;yes&#8221;][vc_column_text]<\/p>\n<p style=\"text-align: center;\">Vi har samlet vores ofte stillede sp\u00f8rgsm\u00e5l i vores\u00a0<em><a href=\"https:\/\/www.greenmobility.com\/dk\/da\/faq\/\">FAQ<\/a><\/em>, s\u00e5 du nemt kan f\u00e5 svar p\u00e5 dine sp\u00f8rgsm\u00e5l.<\/p>\n<p>[\/vc_column_text][\/vc_column][\/vc_row][vc_row fullwidth=&#8221;has-fullwidth-column&#8221; content_placement=&#8221;middle&#8221; margin_top=&#8221;50&#8243; margin_bottom=&#8221;20&#8243;][vc_column][vc_empty_space][\/vc_column][\/vc_row]<\/p>\n<\/div>","protected":false},"excerpt":{"rendered":"<p>[vc_row padding_top=&#8221;5%&#8221; padding_bottom=&#8221;3%&#8221; border_style=&#8221;solid&#8221;][vc_column][vc_empty_space][\/vc_column][vc_column width=&#8221;1\/2&#8243;][vc_column_text] GreenMobility guider dig til nem parkering ved Amager Centret. Amager Centret har for nyligt opf\u00f8rt et parkeringshus, og du er derfor sikret gode parkeringsmuligheder. [\/vc_column_text][\/vc_column][vc_column width=&#8221;1\/2&#8243;][vc_column_text] Amager Centret er en del af GreenMobilitys zone, og det betyder, at du kan parkere gratis p\u00e5 alle offentlige parkeringspladser hele d\u00f8gnet rundt i [&hellip;]<\/p>\n","protected":false},"author":38,"featured_media":0,"parent":0,"menu_order":0,"comment_status":"closed","ping_status":"closed","template":"","meta":{"om_disable_all_campaigns":false,"footnotes":"","_links_to":"","_links_to_target":""},"class_list":["post-4366","page","type-page","status-publish","hentry"],"yoast_head":"<!-- This site is optimized with the Yoast SEO plugin v27.3 - https:\/\/yoast.com\/product\/yoast-seo-wordpress\/ -->\n<title>Amager Centret - GreenMobility Denmark<\/title>\n<meta name=\"robots\" content=\"index, follow, max-snippet:-1, max-image-preview:large, max-video-preview:-1\" \/>\n<link rel=\"canonical\" href=\"https:\/\/www.greenmobility.com\/dk\/da\/amager-centret\/\" \/>\n<meta property=\"og:locale\" content=\"da_DK\" \/>\n<meta property=\"og:type\" content=\"article\" \/>\n<meta property=\"og:title\" content=\"Amager Centret - GreenMobility Denmark\" \/>\n<meta property=\"og:description\" content=\"[vc_row padding_top=&#8221;5%&#8221; padding_bottom=&#8221;3%&#8221; border_style=&#8221;solid&#8221;][vc_column][vc_empty_space][\/vc_column][vc_column width=&#8221;1\/2&#8243;][vc_column_text] GreenMobility guider dig til nem parkering ved Amager Centret. Amager Centret har for nyligt opf\u00f8rt et parkeringshus, og du er derfor sikret gode parkeringsmuligheder. [\/vc_column_text][\/vc_column][vc_column width=&#8221;1\/2&#8243;][vc_column_text] Amager Centret er en del af GreenMobilitys zone, og det betyder, at du kan parkere gratis p\u00e5 alle offentlige parkeringspladser hele d\u00f8gnet rundt i [&hellip;]\" \/>\n<meta property=\"og:url\" content=\"https:\/\/www.greenmobility.com\/dk\/da\/amager-centret\/\" \/>\n<meta property=\"og:site_name\" content=\"GreenMobility Denmark\" \/>\n<meta property=\"article:modified_time\" content=\"2025-10-28T11:22:19+00:00\" \/>\n<meta name=\"twitter:card\" content=\"summary_large_image\" \/>\n<meta name=\"twitter:label1\" content=\"Estimeret l\u00e6setid\" \/>\n\t<meta name=\"twitter:data1\" content=\"5 minutter\" \/>\n<script type=\"application\/ld+json\" class=\"yoast-schema-graph\">{\"@context\":\"https:\\\/\\\/schema.org\",\"@graph\":[{\"@type\":\"WebPage\",\"@id\":\"https:\\\/\\\/www.greenmobility.com\\\/dk\\\/da\\\/amager-centret\\\/\",\"url\":\"https:\\\/\\\/www.greenmobility.com\\\/dk\\\/da\\\/amager-centret\\\/\",\"name\":\"Amager Centret - GreenMobility Denmark\",\"isPartOf\":{\"@id\":\"https:\\\/\\\/www.greenmobility.com\\\/dk\\\/da\\\/#website\"},\"datePublished\":\"2021-12-09T14:09:46+00:00\",\"dateModified\":\"2025-10-28T11:22:19+00:00\",\"breadcrumb\":{\"@id\":\"https:\\\/\\\/www.greenmobility.com\\\/dk\\\/da\\\/amager-centret\\\/#breadcrumb\"},\"inLanguage\":\"da-DK\",\"potentialAction\":[{\"@type\":\"ReadAction\",\"target\":[\"https:\\\/\\\/www.greenmobility.com\\\/dk\\\/da\\\/amager-centret\\\/\"]}]},{\"@type\":\"BreadcrumbList\",\"@id\":\"https:\\\/\\\/www.greenmobility.com\\\/dk\\\/da\\\/amager-centret\\\/#breadcrumb\",\"itemListElement\":[{\"@type\":\"ListItem\",\"position\":1,\"name\":\"Home\",\"item\":\"https:\\\/\\\/www.greenmobility.com\\\/dk\\\/da\\\/\"},{\"@type\":\"ListItem\",\"position\":2,\"name\":\"Amager Centret\"}]},{\"@type\":\"WebSite\",\"@id\":\"https:\\\/\\\/www.greenmobility.com\\\/dk\\\/da\\\/#website\",\"url\":\"https:\\\/\\\/www.greenmobility.com\\\/dk\\\/da\\\/\",\"name\":\"GreenMobility Denmark\",\"description\":\"\",\"publisher\":{\"@id\":\"https:\\\/\\\/www.greenmobility.com\\\/dk\\\/da\\\/#organization\"},\"potentialAction\":[{\"@type\":\"SearchAction\",\"target\":{\"@type\":\"EntryPoint\",\"urlTemplate\":\"https:\\\/\\\/www.greenmobility.com\\\/dk\\\/da\\\/?s={search_term_string}\"},\"query-input\":{\"@type\":\"PropertyValueSpecification\",\"valueRequired\":true,\"valueName\":\"search_term_string\"}}],\"inLanguage\":\"da-DK\"},{\"@type\":\"Organization\",\"@id\":\"https:\\\/\\\/www.greenmobility.com\\\/dk\\\/da\\\/#organization\",\"name\":\"GreenMobility\",\"url\":\"https:\\\/\\\/www.greenmobility.com\\\/dk\\\/da\\\/\",\"logo\":{\"@type\":\"ImageObject\",\"inLanguage\":\"da-DK\",\"@id\":\"https:\\\/\\\/www.greenmobility.com\\\/dk\\\/da\\\/#\\\/schema\\\/logo\\\/image\\\/\",\"url\":\"https:\\\/\\\/www.greenmobility.com\\\/dk\\\/wp-content\\\/uploads\\\/sites\\\/9\\\/2021\\\/06\\\/logo-EM-DK.png\",\"contentUrl\":\"https:\\\/\\\/www.greenmobility.com\\\/dk\\\/wp-content\\\/uploads\\\/sites\\\/9\\\/2021\\\/06\\\/logo-EM-DK.png\",\"width\":3125,\"height\":788,\"caption\":\"GreenMobility\"},\"image\":{\"@id\":\"https:\\\/\\\/www.greenmobility.com\\\/dk\\\/da\\\/#\\\/schema\\\/logo\\\/image\\\/\"}}]}<\/script>\n<!-- \/ Yoast SEO plugin. -->","yoast_head_json":{"title":"Amager Centret - GreenMobility Denmark","robots":{"index":"index","follow":"follow","max-snippet":"max-snippet:-1","max-image-preview":"max-image-preview:large","max-video-preview":"max-video-preview:-1"},"canonical":"https:\/\/www.greenmobility.com\/dk\/da\/amager-centret\/","og_locale":"da_DK","og_type":"article","og_title":"Amager Centret - GreenMobility Denmark","og_description":"[vc_row padding_top=&#8221;5%&#8221; padding_bottom=&#8221;3%&#8221; border_style=&#8221;solid&#8221;][vc_column][vc_empty_space][\/vc_column][vc_column width=&#8221;1\/2&#8243;][vc_column_text] GreenMobility guider dig til nem parkering ved Amager Centret. Amager Centret har for nyligt opf\u00f8rt et parkeringshus, og du er derfor sikret gode parkeringsmuligheder. [\/vc_column_text][\/vc_column][vc_column width=&#8221;1\/2&#8243;][vc_column_text] Amager Centret er en del af GreenMobilitys zone, og det betyder, at du kan parkere gratis p\u00e5 alle offentlige parkeringspladser hele d\u00f8gnet rundt i [&hellip;]","og_url":"https:\/\/www.greenmobility.com\/dk\/da\/amager-centret\/","og_site_name":"GreenMobility Denmark","article_modified_time":"2025-10-28T11:22:19+00:00","twitter_card":"summary_large_image","twitter_misc":{"Estimeret l\u00e6setid":"5 minutter"},"schema":{"@context":"https:\/\/schema.org","@graph":[{"@type":"WebPage","@id":"https:\/\/www.greenmobility.com\/dk\/da\/amager-centret\/","url":"https:\/\/www.greenmobility.com\/dk\/da\/amager-centret\/","name":"Amager Centret - GreenMobility Denmark","isPartOf":{"@id":"https:\/\/www.greenmobility.com\/dk\/da\/#website"},"datePublished":"2021-12-09T14:09:46+00:00","dateModified":"2025-10-28T11:22:19+00:00","breadcrumb":{"@id":"https:\/\/www.greenmobility.com\/dk\/da\/amager-centret\/#breadcrumb"},"inLanguage":"da-DK","potentialAction":[{"@type":"ReadAction","target":["https:\/\/www.greenmobility.com\/dk\/da\/amager-centret\/"]}]},{"@type":"BreadcrumbList","@id":"https:\/\/www.greenmobility.com\/dk\/da\/amager-centret\/#breadcrumb","itemListElement":[{"@type":"ListItem","position":1,"name":"Home","item":"https:\/\/www.greenmobility.com\/dk\/da\/"},{"@type":"ListItem","position":2,"name":"Amager Centret"}]},{"@type":"WebSite","@id":"https:\/\/www.greenmobility.com\/dk\/da\/#website","url":"https:\/\/www.greenmobility.com\/dk\/da\/","name":"GreenMobility Denmark","description":"","publisher":{"@id":"https:\/\/www.greenmobility.com\/dk\/da\/#organization"},"potentialAction":[{"@type":"SearchAction","target":{"@type":"EntryPoint","urlTemplate":"https:\/\/www.greenmobility.com\/dk\/da\/?s={search_term_string}"},"query-input":{"@type":"PropertyValueSpecification","valueRequired":true,"valueName":"search_term_string"}}],"inLanguage":"da-DK"},{"@type":"Organization","@id":"https:\/\/www.greenmobility.com\/dk\/da\/#organization","name":"GreenMobility","url":"https:\/\/www.greenmobility.com\/dk\/da\/","logo":{"@type":"ImageObject","inLanguage":"da-DK","@id":"https:\/\/www.greenmobility.com\/dk\/da\/#\/schema\/logo\/image\/","url":"https:\/\/www.greenmobility.com\/dk\/wp-content\/uploads\/sites\/9\/2021\/06\/logo-EM-DK.png","contentUrl":"https:\/\/www.greenmobility.com\/dk\/wp-content\/uploads\/sites\/9\/2021\/06\/logo-EM-DK.png","width":3125,"height":788,"caption":"GreenMobility"},"image":{"@id":"https:\/\/www.greenmobility.com\/dk\/da\/#\/schema\/logo\/image\/"}}]}},"_links":{"self":[{"href":"https:\/\/www.greenmobility.com\/dk\/da\/wp-json\/wp\/v2\/pages\/4366","targetHints":{"allow":["GET"]}}],"collection":[{"href":"https:\/\/www.greenmobility.com\/dk\/da\/wp-json\/wp\/v2\/pages"}],"about":[{"href":"https:\/\/www.greenmobility.com\/dk\/da\/wp-json\/wp\/v2\/types\/page"}],"author":[{"embeddable":true,"href":"https:\/\/www.greenmobility.com\/dk\/da\/wp-json\/wp\/v2\/users\/38"}],"replies":[{"embeddable":true,"href":"https:\/\/www.greenmobility.com\/dk\/da\/wp-json\/wp\/v2\/comments?post=4366"}],"version-history":[{"count":0,"href":"https:\/\/www.greenmobility.com\/dk\/da\/wp-json\/wp\/v2\/pages\/4366\/revisions"}],"wp:attachment":[{"href":"https:\/\/www.greenmobility.com\/dk\/da\/wp-json\/wp\/v2\/media?parent=4366"}],"curies":[{"name":"wp","href":"https:\/\/api.w.org\/{rel}","templated":true}]}}