{"id":4365,"date":"2021-12-09T15:03:09","date_gmt":"2021-12-09T14:03:09","guid":{"rendered":"https:\/\/www.greenmobility.com\/dk\/?page_id=4365"},"modified":"2023-03-31T08:36:57","modified_gmt":"2023-03-31T07:36:57","slug":"den-blaa-planet","status":"publish","type":"page","link":"https:\/\/www.greenmobility.com\/dk\/da\/den-blaa-planet\/","title":{"rendered":"Den Bl\u00e5 Planet"},"content":{"rendered":"<div class=\"wpb-content-wrapper\"><p>[vc_section][vc_row][vc_column][vc_empty_space]<div class=\" agni-section-heading text-left ihda\" ><h1 class=\"section-heading-text \" style=\"font-size:48px;\"><span>Hvordan kommer man til Den Bl\u00e5 Planet?<\/span><\/h1><div class=\"section-divide-line divide-line text-left\"><span style=\"width:90px; height:1px; background-color:#ff655c\"><\/span><\/div><\/div>[vc_column_text]<b>Find vej til Den Bl\u00e5 Planet<\/b><span style=\"font-weight: 400;\"> her p\u00e5 siden.<\/span> <span style=\"font-weight: 400;\">Den Bl\u00e5 Planet er strategisk placeret i n\u00e6rheden af motorvejen E20. Hvis du k\u00f8rer p\u00e5 E20 med retning fra \u00d8resundsbron, skal du dreje af ved <\/span><b>frak\u00f8rsel 15<\/b><span style=\"font-weight: 400;\">. Hvis du kommer den anden vej fra, skal du dreje af ved <\/span><b>frak\u00f8rsel 16<\/b><span style=\"font-weight: 400;\">.<\/span><\/p>\n<p><span style=\"font-weight: 400;\">Idet Den Bl\u00e5 Planet er placeret en anelse afsides, foretr\u00e6kker mange at tage bilen derhen. Har du ikke selv bil, kan du <\/span><em><a href=\"https:\/\/www.greenmobility.com\/dk\/da\/billeje\/\"><span style=\"font-weight: 400;\">leje en elbil<\/span><\/a><\/em><span style=\"font-weight: 400;\"> nemt og billigt via GreenMobility.\u00a0<\/span><\/p>\n<p><b>Planl\u00e6g din rute til Den Bl\u00e5 Planet<\/b><span style=\"font-weight: 400;\"> med <\/span><a href=\"https:\/\/goo.gl\/maps\/UqB95CivZb9BB6VSA\"><span style=\"font-weight: 400;\"><em>Google Maps her<\/em><\/span><\/a><span style=\"font-weight: 400;\">.<\/span>[\/vc_column_text][vc_column_text]<\/p>\n<h2><span style=\"font-weight: 400;\">GreenMobility parkering ved Den Bl\u00e5 Planet<\/span><\/h2>\n<p><span style=\"font-weight: 400;\">Den Bl\u00e5 Planet er endnu ikke en del af GreenMobilitys zone, der ellers giver adgang til fri parkering p\u00e5 alle offentlige parkeringspladser med minimum 2 timers tidsbegr\u00e6nsning. Det n\u00e6rmeste omr\u00e5de inden for zonen er enten vores <\/span><em><a href=\"https:\/\/www.greenmobility.com\/dk\/da\/hotspots\/\"><span style=\"font-weight: 400;\">Hotspot<\/span><\/a><\/em><span style=\"font-weight: 400;\"> ved K\u00f8benhavns Lufthavn, eller parkeringspladserne omkring Fem\u00f8ren Station.\u00a0<\/span><\/p>\n<p><span style=\"font-weight: 400;\">L\u00e6s mere om <\/span><em><a href=\"https:\/\/www.greenmobility.com\/dk\/da\/zonen\/\"><span style=\"font-weight: 400;\">GreenMobilitys zone her<\/span><\/a><\/em><span style=\"font-weight: 400;\">.\u00a0<\/span><\/p>\n<p><span style=\"font-weight: 400;\">V\u00e6lger du at parkere uden for GreenMobilitys zone, skal du betale almindelige parkeringsafgifter. Herudover betaler du ogs\u00e5 fortsat for leje af bilen. Den smarteste l\u00f8sning i denne situation er at bruge en af vores \u00f8konomiske <\/span><em><a href=\"https:\/\/www.greenmobility.com\/dk\/da\/priser\/\"><span style=\"font-weight: 400;\">tilbudspakker<\/span><\/a><\/em><span style=\"font-weight: 400;\">. Her kan du for eksempel v\u00e6lge at leje en GreenMobility bil i 10 timer, hvor prisen er forudbetalt. Det vil alts\u00e5 v\u00e6re en fast pris, og du kommer derfor ikke til at blive overrasket over en st\u00f8rre regning, end du f\u00f8rst havde planlagt.<\/span>[\/vc_column_text][vc_column_text]<\/p>\n<h2><span style=\"font-weight: 400;\">Om Den Bl\u00e5 Planet<\/span><\/h2>\n<p><span style=\"font-weight: 400;\">Den Bl\u00e5 Planet er det st\u00f8rste akvarium i hele Nordeuropa. Det er den perfekte ekskursion for b\u00f8rnefamilien, og man kan nemt f\u00e5 en hel dag til at g\u00e5 p\u00e5 at dykke ned i havets smukke mysterier.\u00a0<\/span><\/p>\n<p><span style=\"font-weight: 400;\">Akvariet blev indviet i 2013 og r\u00e5der over hele 12.000 kvadratmeter. Fordelt p\u00e5 disse kvadratmeter finder du intet mindre end 20.000 dyr. Akvariet er yderligere inddelt i tre forskellige afdelinger, som er:<\/span><span style=\"font-weight: 400;\"><br \/>\n<\/span><\/p>\n<ul>\n<li style=\"font-weight: 400;\" aria-level=\"1\"><span style=\"font-weight: 400;\">Nordlige s\u00f8er og have<\/span><\/li>\n<li style=\"font-weight: 400;\" aria-level=\"1\"><span style=\"font-weight: 400;\">Tropiske s\u00f8er og floder<\/span><\/li>\n<li style=\"font-weight: 400;\" aria-level=\"1\"><span style=\"font-weight: 400;\">Oceanet<\/span><\/li>\n<\/ul>\n<p><span style=\"font-weight: 400;\">L\u00e6r mere om afsnittene p\u00e5 <\/span><em><a href=\"https:\/\/denblaaplanet.dk\/oplevelser\/akvariet-rundt\/\"><span style=\"font-weight: 400;\">Den Bl\u00e5 Planets hjemmeside<\/span><\/a><\/em><span style=\"font-weight: 400;\">.<\/span><\/p>\n<h3><span style=\"font-weight: 400;\">Den Bl\u00e5 Planet \u00e5bningstider<\/span><\/h3>\n<p><span style=\"font-weight: 400;\">Den Bl\u00e5 Planet har \u00e5bent alle dage p\u00e5 \u00e5ret, inklusive helligdage.\u00a0<\/span><\/p>\n<p><b>Mandag<\/b><span style=\"font-weight: 400;\">: 10:00-21:00<\/span><\/p>\n<p><b>Tirsdag-S\u00f8ndag<\/b><span style=\"font-weight: 400;\">: 10:00-17:00<\/span><\/p>\n<p><span style=\"font-weight: 400;\">Juleaftensdag og 31. december lukker Den Bl\u00e5 Planet dog kl. 14:00.<\/span>[\/vc_column_text][vc_column_text]<\/p>\n<h2><span style=\"font-weight: 400;\">Den Bl\u00e5 Planet parkering<\/span><\/h2>\n<p><span style=\"font-weight: 400;\">Den Bl\u00e5 Planet har forskellige muligheder for parkering.\u00a0<\/span><b><\/b><\/p>\n<ul>\n<li aria-level=\"1\"><b>Med parkeringsapp EasyPark<\/b><\/li>\n<\/ul>\n<p><span style=\"font-weight: 400;\">Start din parkering med omr\u00e5dekode 31000.<\/span><b><\/b><\/p>\n<ul>\n<li aria-level=\"1\"><b>Med betalingsautomat<\/b><\/li>\n<\/ul>\n<p><span style=\"font-weight: 400;\">Der er installeret videokameraer omkring parkeringen ved Den Bl\u00e5 Planet, der automatisk fanger din nummerplade, og dermed dit k\u00f8ret\u00f8js registreringsnummer. Din parkering er med andre ord registreret automatisk fra det tidspunkt, du ankommer til parkeringspladsen. N\u00e5r du forlader parkeringspladsen, registreres din nummerplade igen &#8211; og s\u00e5dan beregnes din samlede parkeringstid. Husk at betale for parkeringen ved en af betalingsautomaterne.<\/span><b><\/b><\/p>\n<ul>\n<li aria-level=\"1\"><b>Med parkeringsapp APCOA FLOW<\/b><\/li>\n<\/ul>\n<p><span style=\"font-weight: 400;\">S\u00e5fremt du har tilf\u00f8jet betalingsform og registreret dit k\u00f8ret\u00f8j som favoritbil i appen, skal du ikke foretage dig yderligere. Parkering og betaling starter og stopper automatisk.<\/span><\/p>\n<h3><span style=\"font-weight: 400;\">Hvad koster parkering ved Den Bl\u00e5 Planet?<\/span><\/h3>\n<p><span style=\"font-weight: 400;\">Hvis du k\u00f8rer din GreenMobility bil til n\u00e6rmeste offentlige parkeringsplads (T\u00e5rnby Kommune) kan du <\/span><b>parkere gratis<\/b><span style=\"font-weight: 400;\"> p\u00e5 offentlige parkeringspladser med minimum 2 timers tidsbegr\u00e6nsning.\u00a0<\/span><\/p>\n<p><span style=\"font-weight: 400;\">For n\u00e6rmeste offentlige parkeringspladser i K\u00f8benhavns Kommune skal du til Fem\u00f8ren Station.<\/span><\/p>\n<p><b>Priserne for parkeringspladsen ved Den Bl\u00e5 Planet<\/b><span style=\"font-weight: 400;\"> er <\/span><b>12 kr. <\/b><span style=\"font-weight: 400;\">pr. p\u00e5begyndte time<\/span> <span style=\"font-weight: 400;\">de f\u00f8rste 4 timer, og herefter <\/span><b>15 kr. <\/b><span style=\"font-weight: 400;\">i timen.<\/span> <span style=\"font-weight: 400;\">Det g\u00e6lder b\u00e5de for privatbiler s\u00e5vel som GreenMobility biler.<\/span><\/p>\n<h3><span style=\"font-weight: 400;\">Hvordan finder du parkering ved Den Bl\u00e5 Planet?<\/span><\/h3>\n<p><span style=\"font-weight: 400;\">Opk\u00f8rsel til Amager Centrets parkeringshus er via \u00c5landsgade. Offentlige parkeringspladser forefindes p\u00e5 gader og str\u00e6der rundt om centret. Ved benyttelse af offentlige parkeringspladser med minimum 2 timers tidsbegr\u00e6nsning f\u00e5r du gratis parkering i en af GreenMobilitys gr\u00f8nne elbiler.<\/span><\/p>\n<h3><span style=\"font-weight: 400;\">Den Bl\u00e5 Planet adresse<\/span><\/h3>\n<p><b>Adressen p\u00e5 Den Bl\u00e5 Planet <\/b><span style=\"font-weight: 400;\">er: Jacob Fortlingsvej 1, 2770 Kastrup.<\/span>[\/vc_column_text][vc_column_text]<\/p>\n<h2><span style=\"font-weight: 400;\">Tjek GreenMobilitys mange tilbudspakker<\/span><\/h2>\n<p><span style=\"font-weight: 400;\">Hos GreenMobility har du mange fordelagtige muligheder at v\u00e6lge imellem alt efter behov, n\u00e5r det kommer til biludlejning. Priserne p\u00e5 vores delebiler varierer, alt efter hvor l\u00e6nge og hvor ofte du skal bruge vores delebiler, og om du har abonnement hos os. Se vores <\/span><em><a href=\"https:\/\/www.greenmobility.com\/dk\/da\/priser\/\"><span style=\"font-weight: 400;\">tilbudspakker og priser<\/span><\/a><\/em><span style=\"font-weight: 400;\">, og find den pakke, der giver dig bedst mening til netop din biltur.<\/span><\/p>\n<h2><span style=\"font-weight: 400;\">Nem parkering med GreenMobilitys delebiler<\/span><\/h2>\n<p><span style=\"font-weight: 400;\">Parkering kan v\u00e6re lidt af en hovedpine. Vi har fors\u00f8gt at g\u00f8re din hovedpine lidt mindre ved at g\u00f8re det s\u00e5 nemt som muligt at parkere. N\u00e5r du lejer vores GreenMobility elbiler, kan du inden for vores zone altid parkere gratis i minimum to timer. L\u00e6s mere om vores <\/span><em><a href=\"https:\/\/www.greenmobility.com\/dk\/da\/parkering\/\"><span style=\"font-weight: 400;\">zoner og parkering med GreenMobility<\/span><\/a><\/em><span style=\"font-weight: 400;\"> her.\u00a0<\/span><\/p>\n<h2><span style=\"font-weight: 400;\">Nem og billig billeje med GreenMobility<\/span><\/h2>\n<p><span style=\"font-weight: 400;\">Det er nemt og billigt at anvende vores billeje hos GreenMobility. Du kan leje vores elbiler op til 7 d\u00f8gn eller n\u00f8jes med et par timer, hvis du skal bruge den til et kort \u00e6rinde.<\/span><\/p>\n<p><span style=\"font-weight: 400;\">Vores delebiler er simple at komme i gang med at bruge. Alt du skal g\u00f8re er at oprette dig som bruger i vores app, afvente godkendelse, finde en bil i n\u00e6rheden i appen, og n\u00e5r du er f\u00e6rdig, afslutter du turen inden for vores zone i appen. Kom <\/span><em><a href=\"https:\/\/www.greenmobility.com\/dk\/da\/saadan-virker-det\/\"><span style=\"font-weight: 400;\">nemt i gang<\/span><\/a><\/em><span style=\"font-weight: 400;\"> med GreenMobility. <\/span>[\/vc_column_text][vc_column_text]<\/p>\n<h3><span style=\"font-weight: 400; color: #808080;\">Har du sp\u00f8rgsm\u00e5l til GreenMobilitys services?<\/span><\/h3>\n<p><span style=\"font-weight: 400; color: #808080;\">Vi har samlet vores ofte stillede sp\u00f8rgsm\u00e5l, s\u00e5 du nemt kan f\u00e5 svar p\u00e5 dine sp\u00f8rgsm\u00e5l.\u00a0<\/span><\/p>\n<p><span style=\"color: #808080;\"><span style=\"font-weight: 400;\">Du kan finde mange flere sp\u00f8rgsm\u00e5l og svar i vores <\/span><em><a style=\"color: #808080;\" href=\"https:\/\/www.greenmobility.com\/dk\/da\/faq\/\"><span style=\"font-weight: 400;\">FAQ<\/span><\/a><\/em><span style=\"font-weight: 400;\"> kategori, og finder du ikke det svar, som du leder efter, er du ogs\u00e5 velkommen til at kontakte vores dygtige support p\u00e5 tlf: +4570778888 eller <\/span><em><a style=\"color: #808080;\" href=\"mailto:hej@greenmobility.dk\"><span style=\"font-weight: 400;\">hej@greenmobility.<\/span><\/a><\/em><span style=\"font-weight: 400;\"><em>com<\/em>.\u00a0<\/span><\/span><\/p>\n<h4><span style=\"font-weight: 400; color: #808080;\">Priser og abonnementer?<\/span><\/h4>\n<p><span style=\"color: #808080;\"><span style=\"font-weight: 400;\">Med GreenMobility kan du k\u00f8re p\u00e5 minut-, time-, eller dagsbasis, eller du kan abonnerere og f\u00e5 adgang til et hav af fede rabat og lave minutpriser for en fast lav m\u00e5nedspris. Se alle priser og abonnementer under <\/span><a style=\"color: #808080;\" href=\"https:\/\/www.greenmobility.com\/dk\/da\/priser\/\"><span style=\"font-weight: 400;\">\u201c<\/span><span style=\"font-weight: 400;\">Priser<\/span><span style=\"font-weight: 400;\">\u201c<\/span><\/a><span style=\"font-weight: 400;\">.<\/span><\/span><\/p>\n<h4><span style=\"font-weight: 400; color: #808080;\">Hvad er \u201cstopover\u201d?<\/span><\/h4>\n<p><span style=\"font-weight: 400; color: #808080;\">Hvis du har brug for at parkere bilen, men fortsat leje den, f.eks. mens du handler, bes\u00f8ger nogle venner eller er p\u00e5 ferie, kan du benytte funktionen \u201cstopover\u201d i appen. Tryk p\u00e5 \u201cstopover\u201d n\u00e5r du er steget ud af bilen. S\u00e5 l\u00e5ser bilen, mens du er v\u00e6k fra den, og du betaler stadig for at leje bilen. Der er ikke andre, der kan reservere bilen i mellemtiden. Du kan efterf\u00f8lgende forts\u00e6tte din tur i appen, n\u00e5r du er klar til at k\u00f8re igen.<\/span><\/p>\n<h4><span style=\"font-weight: 400; color: #808080;\">S\u00e5dan starter du vores elbiler<\/span><\/h4>\n<p><span style=\"font-weight: 400; color: #808080;\">Du skal ikke bruge en n\u00f8gle \u2013 kun Start\/Stop knappen i bilen og din mobiltelefon.<\/span><\/p>\n<p><span style=\"font-weight: 400; color: #808080;\">For at t\u00e6nde motoren, plac\u00e9r din h\u00f8jre fod p\u00e5 den midterste pedal (Bremsen) og tryk p\u00e5 Start\/Stop knappen. Motoren er nu t\u00e6ndt. Du skal slet ikke bruge din venstre fod, n\u00e5r du k\u00f8rer.<\/span><\/p>\n<p><span style=\"font-weight: 400; color: #808080;\">S\u00e6t gearet i \u201dD\u201d (Drive) for at k\u00f8re, \u201dP\u201d (Park) n\u00e5r du skal parkere og \u201dR\u201d (Reverse) for at bakke. Det bliver ikke lettere.<\/span><\/p>\n<p><span style=\"font-weight: 400; color: #808080;\">OBS: I vores Maxus e-Deliver 3 varevogne skal du blot lade gearet v\u00e6re i \u201dD\u201d, n\u00e5r du parkerer. Husk altid at tr\u00e6kke h\u00e5ndbremsen, n\u00e5r du parkerer Maxus. F\u00f8rst da kan turen afsluttes.<\/span>[\/vc_column_text][\/vc_column][\/vc_row][\/vc_section][vc_row][vc_column][vc_empty_space height=&#8221;64px&#8221;][\/vc_column][\/vc_row]<\/p>\n<\/div>","protected":false},"excerpt":{"rendered":"<p>[vc_section][vc_row][vc_column][vc_empty_space][vc_column_text]Find vej til Den Bl\u00e5 Planet her p\u00e5 siden. Den Bl\u00e5 Planet er strategisk placeret i n\u00e6rheden af motorvejen E20. Hvis du k\u00f8rer p\u00e5 E20 med retning fra \u00d8resundsbron, skal du dreje af ved frak\u00f8rsel 15. Hvis du kommer den anden vej fra, skal du dreje af ved frak\u00f8rsel 16. Idet Den Bl\u00e5 Planet er [&hellip;]<\/p>\n","protected":false},"author":25,"featured_media":0,"parent":0,"menu_order":0,"comment_status":"closed","ping_status":"closed","template":"","meta":{"om_disable_all_campaigns":false,"footnotes":"","_links_to":"","_links_to_target":""},"class_list":["post-4365","page","type-page","status-publish","hentry"],"yoast_head":"<!-- This site is optimized with the Yoast SEO plugin v27.3 - https:\/\/yoast.com\/product\/yoast-seo-wordpress\/ -->\n<title>Den Bl\u00e5 Planet - GreenMobility Denmark<\/title>\n<meta name=\"robots\" content=\"index, follow, max-snippet:-1, max-image-preview:large, max-video-preview:-1\" \/>\n<link rel=\"canonical\" href=\"https:\/\/www.greenmobility.com\/dk\/da\/den-blaa-planet\/\" \/>\n<meta property=\"og:locale\" content=\"da_DK\" \/>\n<meta property=\"og:type\" content=\"article\" \/>\n<meta property=\"og:title\" content=\"Den Bl\u00e5 Planet - GreenMobility Denmark\" \/>\n<meta property=\"og:description\" content=\"[vc_section][vc_row][vc_column][vc_empty_space][vc_column_text]Find vej til Den Bl\u00e5 Planet her p\u00e5 siden. Den Bl\u00e5 Planet er strategisk placeret i n\u00e6rheden af motorvejen E20. Hvis du k\u00f8rer p\u00e5 E20 med retning fra \u00d8resundsbron, skal du dreje af ved frak\u00f8rsel 15. Hvis du kommer den anden vej fra, skal du dreje af ved frak\u00f8rsel 16. Idet Den Bl\u00e5 Planet er [&hellip;]\" \/>\n<meta property=\"og:url\" content=\"https:\/\/www.greenmobility.com\/dk\/da\/den-blaa-planet\/\" \/>\n<meta property=\"og:site_name\" content=\"GreenMobility Denmark\" \/>\n<meta property=\"article:modified_time\" content=\"2023-03-31T07:36:57+00:00\" \/>\n<meta name=\"twitter:card\" content=\"summary_large_image\" \/>\n<meta name=\"twitter:label1\" content=\"Estimeret l\u00e6setid\" \/>\n\t<meta name=\"twitter:data1\" content=\"5 minutter\" \/>\n<script type=\"application\/ld+json\" class=\"yoast-schema-graph\">{\"@context\":\"https:\\\/\\\/schema.org\",\"@graph\":[{\"@type\":\"WebPage\",\"@id\":\"https:\\\/\\\/www.greenmobility.com\\\/dk\\\/da\\\/den-blaa-planet\\\/\",\"url\":\"https:\\\/\\\/www.greenmobility.com\\\/dk\\\/da\\\/den-blaa-planet\\\/\",\"name\":\"Den Bl\u00e5 Planet - GreenMobility Denmark\",\"isPartOf\":{\"@id\":\"https:\\\/\\\/www.greenmobility.com\\\/dk\\\/da\\\/#website\"},\"datePublished\":\"2021-12-09T14:03:09+00:00\",\"dateModified\":\"2023-03-31T07:36:57+00:00\",\"breadcrumb\":{\"@id\":\"https:\\\/\\\/www.greenmobility.com\\\/dk\\\/da\\\/den-blaa-planet\\\/#breadcrumb\"},\"inLanguage\":\"da-DK\",\"potentialAction\":[{\"@type\":\"ReadAction\",\"target\":[\"https:\\\/\\\/www.greenmobility.com\\\/dk\\\/da\\\/den-blaa-planet\\\/\"]}]},{\"@type\":\"BreadcrumbList\",\"@id\":\"https:\\\/\\\/www.greenmobility.com\\\/dk\\\/da\\\/den-blaa-planet\\\/#breadcrumb\",\"itemListElement\":[{\"@type\":\"ListItem\",\"position\":1,\"name\":\"Home\",\"item\":\"https:\\\/\\\/www.greenmobility.com\\\/dk\\\/da\\\/\"},{\"@type\":\"ListItem\",\"position\":2,\"name\":\"Den Bl\u00e5 Planet\"}]},{\"@type\":\"WebSite\",\"@id\":\"https:\\\/\\\/www.greenmobility.com\\\/dk\\\/da\\\/#website\",\"url\":\"https:\\\/\\\/www.greenmobility.com\\\/dk\\\/da\\\/\",\"name\":\"GreenMobility Denmark\",\"description\":\"\",\"publisher\":{\"@id\":\"https:\\\/\\\/www.greenmobility.com\\\/dk\\\/da\\\/#organization\"},\"potentialAction\":[{\"@type\":\"SearchAction\",\"target\":{\"@type\":\"EntryPoint\",\"urlTemplate\":\"https:\\\/\\\/www.greenmobility.com\\\/dk\\\/da\\\/?s={search_term_string}\"},\"query-input\":{\"@type\":\"PropertyValueSpecification\",\"valueRequired\":true,\"valueName\":\"search_term_string\"}}],\"inLanguage\":\"da-DK\"},{\"@type\":\"Organization\",\"@id\":\"https:\\\/\\\/www.greenmobility.com\\\/dk\\\/da\\\/#organization\",\"name\":\"GreenMobility\",\"url\":\"https:\\\/\\\/www.greenmobility.com\\\/dk\\\/da\\\/\",\"logo\":{\"@type\":\"ImageObject\",\"inLanguage\":\"da-DK\",\"@id\":\"https:\\\/\\\/www.greenmobility.com\\\/dk\\\/da\\\/#\\\/schema\\\/logo\\\/image\\\/\",\"url\":\"https:\\\/\\\/www.greenmobility.com\\\/dk\\\/wp-content\\\/uploads\\\/sites\\\/9\\\/2021\\\/06\\\/logo-EM-DK.png\",\"contentUrl\":\"https:\\\/\\\/www.greenmobility.com\\\/dk\\\/wp-content\\\/uploads\\\/sites\\\/9\\\/2021\\\/06\\\/logo-EM-DK.png\",\"width\":3125,\"height\":788,\"caption\":\"GreenMobility\"},\"image\":{\"@id\":\"https:\\\/\\\/www.greenmobility.com\\\/dk\\\/da\\\/#\\\/schema\\\/logo\\\/image\\\/\"}}]}<\/script>\n<!-- \/ Yoast SEO plugin. -->","yoast_head_json":{"title":"Den Bl\u00e5 Planet - GreenMobility Denmark","robots":{"index":"index","follow":"follow","max-snippet":"max-snippet:-1","max-image-preview":"max-image-preview:large","max-video-preview":"max-video-preview:-1"},"canonical":"https:\/\/www.greenmobility.com\/dk\/da\/den-blaa-planet\/","og_locale":"da_DK","og_type":"article","og_title":"Den Bl\u00e5 Planet - GreenMobility Denmark","og_description":"[vc_section][vc_row][vc_column][vc_empty_space][vc_column_text]Find vej til Den Bl\u00e5 Planet her p\u00e5 siden. Den Bl\u00e5 Planet er strategisk placeret i n\u00e6rheden af motorvejen E20. Hvis du k\u00f8rer p\u00e5 E20 med retning fra \u00d8resundsbron, skal du dreje af ved frak\u00f8rsel 15. Hvis du kommer den anden vej fra, skal du dreje af ved frak\u00f8rsel 16. Idet Den Bl\u00e5 Planet er [&hellip;]","og_url":"https:\/\/www.greenmobility.com\/dk\/da\/den-blaa-planet\/","og_site_name":"GreenMobility Denmark","article_modified_time":"2023-03-31T07:36:57+00:00","twitter_card":"summary_large_image","twitter_misc":{"Estimeret l\u00e6setid":"5 minutter"},"schema":{"@context":"https:\/\/schema.org","@graph":[{"@type":"WebPage","@id":"https:\/\/www.greenmobility.com\/dk\/da\/den-blaa-planet\/","url":"https:\/\/www.greenmobility.com\/dk\/da\/den-blaa-planet\/","name":"Den Bl\u00e5 Planet - GreenMobility Denmark","isPartOf":{"@id":"https:\/\/www.greenmobility.com\/dk\/da\/#website"},"datePublished":"2021-12-09T14:03:09+00:00","dateModified":"2023-03-31T07:36:57+00:00","breadcrumb":{"@id":"https:\/\/www.greenmobility.com\/dk\/da\/den-blaa-planet\/#breadcrumb"},"inLanguage":"da-DK","potentialAction":[{"@type":"ReadAction","target":["https:\/\/www.greenmobility.com\/dk\/da\/den-blaa-planet\/"]}]},{"@type":"BreadcrumbList","@id":"https:\/\/www.greenmobility.com\/dk\/da\/den-blaa-planet\/#breadcrumb","itemListElement":[{"@type":"ListItem","position":1,"name":"Home","item":"https:\/\/www.greenmobility.com\/dk\/da\/"},{"@type":"ListItem","position":2,"name":"Den Bl\u00e5 Planet"}]},{"@type":"WebSite","@id":"https:\/\/www.greenmobility.com\/dk\/da\/#website","url":"https:\/\/www.greenmobility.com\/dk\/da\/","name":"GreenMobility Denmark","description":"","publisher":{"@id":"https:\/\/www.greenmobility.com\/dk\/da\/#organization"},"potentialAction":[{"@type":"SearchAction","target":{"@type":"EntryPoint","urlTemplate":"https:\/\/www.greenmobility.com\/dk\/da\/?s={search_term_string}"},"query-input":{"@type":"PropertyValueSpecification","valueRequired":true,"valueName":"search_term_string"}}],"inLanguage":"da-DK"},{"@type":"Organization","@id":"https:\/\/www.greenmobility.com\/dk\/da\/#organization","name":"GreenMobility","url":"https:\/\/www.greenmobility.com\/dk\/da\/","logo":{"@type":"ImageObject","inLanguage":"da-DK","@id":"https:\/\/www.greenmobility.com\/dk\/da\/#\/schema\/logo\/image\/","url":"https:\/\/www.greenmobility.com\/dk\/wp-content\/uploads\/sites\/9\/2021\/06\/logo-EM-DK.png","contentUrl":"https:\/\/www.greenmobility.com\/dk\/wp-content\/uploads\/sites\/9\/2021\/06\/logo-EM-DK.png","width":3125,"height":788,"caption":"GreenMobility"},"image":{"@id":"https:\/\/www.greenmobility.com\/dk\/da\/#\/schema\/logo\/image\/"}}]}},"_links":{"self":[{"href":"https:\/\/www.greenmobility.com\/dk\/da\/wp-json\/wp\/v2\/pages\/4365","targetHints":{"allow":["GET"]}}],"collection":[{"href":"https:\/\/www.greenmobility.com\/dk\/da\/wp-json\/wp\/v2\/pages"}],"about":[{"href":"https:\/\/www.greenmobility.com\/dk\/da\/wp-json\/wp\/v2\/types\/page"}],"author":[{"embeddable":true,"href":"https:\/\/www.greenmobility.com\/dk\/da\/wp-json\/wp\/v2\/users\/25"}],"replies":[{"embeddable":true,"href":"https:\/\/www.greenmobility.com\/dk\/da\/wp-json\/wp\/v2\/comments?post=4365"}],"version-history":[{"count":0,"href":"https:\/\/www.greenmobility.com\/dk\/da\/wp-json\/wp\/v2\/pages\/4365\/revisions"}],"wp:attachment":[{"href":"https:\/\/www.greenmobility.com\/dk\/da\/wp-json\/wp\/v2\/media?parent=4365"}],"curies":[{"name":"wp","href":"https:\/\/api.w.org\/{rel}","templated":true}]}}