{"id":4364,"date":"2021-12-09T14:56:21","date_gmt":"2021-12-09T13:56:21","guid":{"rendered":"https:\/\/www.greenmobility.com\/dk\/?page_id=4364"},"modified":"2023-03-31T08:43:29","modified_gmt":"2023-03-31T07:43:29","slug":"louisiana","status":"publish","type":"page","link":"https:\/\/www.greenmobility.com\/dk\/da\/louisiana\/","title":{"rendered":"Louisiana"},"content":{"rendered":"<div class=\"wpb-content-wrapper\"><p>[vc_section][vc_row][vc_column][vc_empty_space]<div class=\" agni-section-heading text-left ihda\" ><h1 class=\"section-heading-text \" style=\"font-size:48px;\"><span>Hvordan kommer man til Louisiana?<\/span><\/h1><div class=\"section-divide-line divide-line text-left\"><span style=\"width:90px; height:1px; background-color:#ff655c\"><\/span><\/div><\/div>[vc_column_text]<b>Find vej til Louisiana <\/b><span style=\"font-weight: 400;\">her p\u00e5 siden. <\/span><span style=\"font-weight: 400;\"><br \/>\n<\/span><span style=\"font-weight: 400;\"><br \/>\n<\/span><i><span style=\"font-weight: 400;\">Fra K\u00f8benhavn<\/span><\/i><span style=\"font-weight: 400;\"> (ca. 35 km): Tag motorvej E47\/E55 direkte til Louisiana. Du kan ogs\u00e5 k\u00f8re ad Strandvejen langs \u00d8resundskysten.\u00a0<\/span><\/p>\n<p><i><span style=\"font-weight: 400;\">Fra Helsing\u00f8r<\/span><\/i><span style=\"font-weight: 400;\"> (ca. 10 km): Tag motorvej E47\/E55. Du kan ogs\u00e5 k\u00f8re ad Strandvejen langs \u00d8resundskysten.<\/span><\/p>\n<p><span style=\"font-weight: 400;\">Hvis du ikke har egen bil, kan du med fordel<\/span><a href=\"https:\/\/www.greenmobility.com\/dk\/da\/billeje\/\"> <span style=\"font-weight: 400;\">leje en elbil hos GreenMobility<\/span><\/a><span style=\"font-weight: 400;\">. Det kan v\u00e6re rigtig godt givet ud at bestille en af vores tilbudspakker. P\u00e5 den m\u00e5de forudbetaler du for leje af bilen i en bestemt periode til en <\/span><b>fast lav pris<\/b><span style=\"font-weight: 400;\"> &#8211; s\u00e5 skal I ikke bekymre jer om at skynde jer hjem fra museet, og I kan f\u00e5 det meste ud af dagen p\u00e5 Louisiana i kunstnerisk ro og mag.<\/span><\/p>\n<p><b>Planl\u00e6g din rute til Louisiana <\/b><span style=\"font-weight: 400;\">med<\/span><a href=\"https:\/\/goo.gl\/maps\/P9TDttoG8QQFHk268\"> <span style=\"font-weight: 400;\">Google Maps her<\/span><\/a><span style=\"font-weight: 400;\">.<\/span>[\/vc_column_text][vc_column_text]<\/p>\n<h2><span style=\"font-weight: 400;\">Om Louisiana<\/span><\/h2>\n<p><span style=\"font-weight: 400;\">Louisiana Museum of Modern Art, som museet mere korrekt hedder, er et museum beliggende i Humleb\u00e6k. Museet blev grundlagt i 1958 af Knud W. Jensen. Siden Louisianas grundl\u00e6ggelse har der v\u00e6ret syv udvidelser og ombygninger for at f\u00f8lge med tidens tendenser inden for moderne kunst.<\/span><span style=\"font-weight: 400;\"><br \/>\n<\/span><\/p>\n<p><span style=\"font-weight: 400;\">Fokusset for Louisiana har altid v\u00e6re at fremvise samtidens moderne kunstv\u00e6rker, og museet er derfor en af de helt store turistattraktioner i Danmark. Du vil altid blive pr\u00e6senteret for tematiske udstillinger af bestemte kunstneres v\u00e6rker &#8211; lige nu udstiller Louisiana fx den danske kunstner<\/span><a href=\"https:\/\/louisiana.dk\/udstilling\/jens-adolf-jerichau\/\"> <span style=\"font-weight: 400;\">Jens Adolf Jerichau<\/span><\/a><span style=\"font-weight: 400;\">.<\/span><\/p>\n<h3><span style=\"font-weight: 400;\">Louisiana \u00e5bningstider<\/span><\/h3>\n<p><span style=\"font-weight: 400;\">Tirsdag &#8211; fredag 11:00-22:00<\/span><\/p>\n<p><span style=\"font-weight: 400;\">L\u00f8rdag og s\u00f8ndag 11:00-18:00<\/span><\/p>\n<p><span style=\"font-weight: 400;\">Mandag lukket<\/span>[\/vc_column_text][vc_column_text]<\/p>\n<h2><span style=\"font-weight: 400;\">Louisiana parkering<\/span><\/h2>\n<p><span style=\"font-weight: 400;\">Der er en r\u00e6kke offentlige parkeringspladser n\u00e6r Louisiana, som du gratis kan parkere p\u00e5. Du vil ogs\u00e5 kunne finde ladestandere ved parkeringspladserne. Er alle pladserne optaget, anbefaler vi, at du parkerer omkring Humleb\u00e6k Center, som er ca. 10 minutters gang fra museet.<\/span><\/p>\n<h3><span style=\"font-weight: 400;\">Hvor ligger Louisiana?<\/span><\/h3>\n<p><span style=\"font-weight: 400;\">Adressen p\u00e5 Louisiana er: Falkoner Alle 21, 2000 Frederiksberg.<\/span>[\/vc_column_text][vc_column_text]<\/p>\n<h2><span style=\"font-weight: 400;\">Tjek GreenMobilitys mange tilbudspakker<\/span><\/h2>\n<p><span style=\"font-weight: 400;\">Hos GreenMobility har du mange fordelagtige muligheder at v\u00e6lge imellem alt efter behov, n\u00e5r det kommer til biludlejning. Priserne p\u00e5 vores delebiler varierer, alt efter hvor l\u00e6nge og hvor ofte du skal bruge vores delebiler, og om du har abonnement hos os. En tilbudspakke er fx helt oplagt, n\u00e5r du skal bes\u00f8ge Louisiana. P\u00e5 den m\u00e5de betaler du kun leje for et tidsrum, du selv bestemmer. Se vores<\/span><a href=\"https:\/\/www.greenmobility.com\/dk\/da\/priser\/\"> <span style=\"font-weight: 400;\">tilbudspakker og priser<\/span><\/a><span style=\"font-weight: 400;\">. <\/span>[\/vc_column_text][vc_column_text]<\/p>\n<h2><span style=\"font-weight: 400;\">Nem og billig billeje med GreenMobility<\/span><\/h2>\n<p><span style=\"font-weight: 400;\">Det er nemt og billigt at anvende vores billeje hos GreenMobility. Du kan leje vores elbiler i et par timer eller v\u00e6lge helt op til 7 d\u00f8gn, hvis du skal bruge den til et l\u00e6ngerevarende \u00e6rinde \u2013 s\u00e5som et bes\u00f8g til Louisiana Museum of Modern Art. <\/span><\/p>\n<p>&nbsp;<\/p>\n<p><span style=\"font-weight: 400;\">Vores delebiler er simple at komme i gang med at bruge. Alt du skal g\u00f8re er at oprette dig som bruger i vores app, afvente godkendelse, finde en bil i n\u00e6rheden i appen, og n\u00e5r du er f\u00e6rdig, afslutter du turen inden for vores zone i appen. Kom<\/span><a href=\"https:\/\/www.greenmobility.com\/dk\/da\/saadan-virker-det\/\"> <span style=\"font-weight: 400;\">nemt i gang<\/span><\/a><span style=\"font-weight: 400;\"> med Green Mobility. <\/span>[\/vc_column_text][vc_column_text]<\/p>\n<h3><span style=\"font-weight: 400; color: #808080;\">Har du sp\u00f8rgsm\u00e5l til GreenMobilitys services?<\/span><\/h3>\n<p><span style=\"font-weight: 400; color: #808080;\">Vi har samlet vores ofte stillede sp\u00f8rgsm\u00e5l, s\u00e5 du nemt kan f\u00e5 svar p\u00e5 dine sp\u00f8rgsm\u00e5l.\u00a0<\/span><\/p>\n<p><span style=\"color: #808080;\"><span style=\"font-weight: 400;\">Du kan finde mange flere sp\u00f8rgsm\u00e5l og svar i vores<\/span><a style=\"color: #808080;\" href=\"https:\/\/www.greenmobility.com\/dk\/da\/faq\/\"> <span style=\"font-weight: 400;\">FAQ<\/span><\/a><span style=\"font-weight: 400;\"> kategori, og finder du ikke det svar, som du leder efter, er du ogs\u00e5 velkommen til at kontakte vores dygtige support p\u00e5 tlf: +4570778888 eller <\/span><span style=\"font-weight: 400;\">hej@greenmobility.<\/span><span style=\"font-weight: 400;\">com.\u00a0<\/span><\/span><\/p>\n<h4><span style=\"font-weight: 400; color: #808080;\">Priser og abonnementer?<\/span><\/h4>\n<p><span style=\"color: #808080;\"><span style=\"font-weight: 400;\">Med GreenMobility kan du k\u00f8re p\u00e5 minut-, time-, eller dagsbasis, eller du kan abonnere og f\u00e5 adgang til et hav af fede rabat og lave minutpriser for en fast lav m\u00e5nedspris. Se alle priser og abonnementer under<\/span><a style=\"color: #808080;\" href=\"https:\/\/www.greenmobility.com\/dk\/da\/priser\/\"> <span style=\"font-weight: 400;\">\u201c<\/span><span style=\"font-weight: 400;\">Priser<\/span><span style=\"font-weight: 400;\">\u201c<\/span><\/a><span style=\"font-weight: 400;\">.<\/span><\/span><\/p>\n<h4><span style=\"font-weight: 400; color: #808080;\">Hvad er \u201cstopover\u201d?<\/span><\/h4>\n<p><span style=\"font-weight: 400; color: #808080;\">Hvis du har brug for at parkere bilen, men fortsat leje den, f.eks. mens du handler, bes\u00f8ger nogle venner eller er p\u00e5 ferie, kan du benytte funktionen \u201cstopover\u201d i appen. Tryk p\u00e5 \u201cstopover\u201d n\u00e5r du er steget ud af bilen. S\u00e5 l\u00e5ser bilen, mens du er v\u00e6k fra den, og du betaler stadig for at leje bilen. Der er ikke andre, der kan reservere bilen i mellemtiden. Du kan efterf\u00f8lgende forts\u00e6tte din tur i appen, n\u00e5r du er klar til at k\u00f8re igen.<\/span><\/p>\n<h4><span style=\"font-weight: 400; color: #808080;\">S\u00e5dan starter du vores elbiler<\/span><\/h4>\n<p><span style=\"font-weight: 400; color: #808080;\">Du skal ikke bruge en n\u00f8gle \u2013 kun Start\/Stop knappen i bilen og din mobiltelefon.<\/span><\/p>\n<p><span style=\"font-weight: 400; color: #808080;\">For at t\u00e6nde motoren, plac\u00e9r din h\u00f8jre fod p\u00e5 den midterste pedal (Bremsen) og tryk p\u00e5 Start\/Stop knappen. Motoren er nu t\u00e6ndt. Du skal slet ikke bruge din venstre fod, n\u00e5r du k\u00f8rer.<\/span><\/p>\n<p><span style=\"font-weight: 400; color: #808080;\">S\u00e6t gearet i \u201dD\u201d (Drive) for at k\u00f8re, \u201dP\u201d (Park) n\u00e5r du skal parkere og \u201dR\u201d (Reverse) for at bakke. Det bliver ikke lettere.<\/span><\/p>\n<p><span style=\"font-weight: 400; color: #808080;\">OBS: I vores Maxus e-Deliver 3 varevogne skal du blot lade gearet v\u00e6re i \u201dD\u201d, n\u00e5r du parkerer. Husk altid at tr\u00e6kke h\u00e5ndbremsen, n\u00e5r du parkerer Maxus. F\u00f8rst da kan turen afsluttes.<\/span>[\/vc_column_text][\/vc_column][\/vc_row][\/vc_section][vc_row][vc_column][vc_empty_space height=&#8221;64px&#8221;][\/vc_column][\/vc_row]<\/p>\n<\/div>","protected":false},"excerpt":{"rendered":"<p>[vc_section][vc_row][vc_column][vc_empty_space][vc_column_text]Find vej til Louisiana her p\u00e5 siden. Fra K\u00f8benhavn (ca. 35 km): Tag motorvej E47\/E55 direkte til Louisiana. Du kan ogs\u00e5 k\u00f8re ad Strandvejen langs \u00d8resundskysten.\u00a0 Fra Helsing\u00f8r (ca. 10 km): Tag motorvej E47\/E55. Du kan ogs\u00e5 k\u00f8re ad Strandvejen langs \u00d8resundskysten. Hvis du ikke har egen bil, kan du med fordel leje en elbil [&hellip;]<\/p>\n","protected":false},"author":25,"featured_media":0,"parent":0,"menu_order":0,"comment_status":"closed","ping_status":"closed","template":"","meta":{"om_disable_all_campaigns":false,"footnotes":"","_links_to":"","_links_to_target":""},"class_list":["post-4364","page","type-page","status-publish","hentry"],"yoast_head":"<!-- This site is optimized with the Yoast SEO plugin v27.3 - https:\/\/yoast.com\/product\/yoast-seo-wordpress\/ -->\n<title>Louisiana - GreenMobility Denmark<\/title>\n<meta name=\"robots\" content=\"index, follow, max-snippet:-1, max-image-preview:large, max-video-preview:-1\" \/>\n<link rel=\"canonical\" href=\"https:\/\/www.greenmobility.com\/dk\/da\/louisiana\/\" \/>\n<meta property=\"og:locale\" content=\"da_DK\" \/>\n<meta property=\"og:type\" content=\"article\" \/>\n<meta property=\"og:title\" content=\"Louisiana - GreenMobility Denmark\" \/>\n<meta property=\"og:description\" content=\"[vc_section][vc_row][vc_column][vc_empty_space][vc_column_text]Find vej til Louisiana her p\u00e5 siden. Fra K\u00f8benhavn (ca. 35 km): Tag motorvej E47\/E55 direkte til Louisiana. Du kan ogs\u00e5 k\u00f8re ad Strandvejen langs \u00d8resundskysten.\u00a0 Fra Helsing\u00f8r (ca. 10 km): Tag motorvej E47\/E55. Du kan ogs\u00e5 k\u00f8re ad Strandvejen langs \u00d8resundskysten. Hvis du ikke har egen bil, kan du med fordel leje en elbil [&hellip;]\" \/>\n<meta property=\"og:url\" content=\"https:\/\/www.greenmobility.com\/dk\/da\/louisiana\/\" \/>\n<meta property=\"og:site_name\" content=\"GreenMobility Denmark\" \/>\n<meta property=\"article:modified_time\" content=\"2023-03-31T07:43:29+00:00\" \/>\n<meta name=\"twitter:card\" content=\"summary_large_image\" \/>\n<meta name=\"twitter:label1\" content=\"Estimeret l\u00e6setid\" \/>\n\t<meta name=\"twitter:data1\" content=\"4 minutter\" \/>\n<script type=\"application\/ld+json\" class=\"yoast-schema-graph\">{\"@context\":\"https:\\\/\\\/schema.org\",\"@graph\":[{\"@type\":\"WebPage\",\"@id\":\"https:\\\/\\\/www.greenmobility.com\\\/dk\\\/da\\\/louisiana\\\/\",\"url\":\"https:\\\/\\\/www.greenmobility.com\\\/dk\\\/da\\\/louisiana\\\/\",\"name\":\"Louisiana - GreenMobility Denmark\",\"isPartOf\":{\"@id\":\"https:\\\/\\\/www.greenmobility.com\\\/dk\\\/da\\\/#website\"},\"datePublished\":\"2021-12-09T13:56:21+00:00\",\"dateModified\":\"2023-03-31T07:43:29+00:00\",\"breadcrumb\":{\"@id\":\"https:\\\/\\\/www.greenmobility.com\\\/dk\\\/da\\\/louisiana\\\/#breadcrumb\"},\"inLanguage\":\"da-DK\",\"potentialAction\":[{\"@type\":\"ReadAction\",\"target\":[\"https:\\\/\\\/www.greenmobility.com\\\/dk\\\/da\\\/louisiana\\\/\"]}]},{\"@type\":\"BreadcrumbList\",\"@id\":\"https:\\\/\\\/www.greenmobility.com\\\/dk\\\/da\\\/louisiana\\\/#breadcrumb\",\"itemListElement\":[{\"@type\":\"ListItem\",\"position\":1,\"name\":\"Home\",\"item\":\"https:\\\/\\\/www.greenmobility.com\\\/dk\\\/da\\\/\"},{\"@type\":\"ListItem\",\"position\":2,\"name\":\"Louisiana\"}]},{\"@type\":\"WebSite\",\"@id\":\"https:\\\/\\\/www.greenmobility.com\\\/dk\\\/da\\\/#website\",\"url\":\"https:\\\/\\\/www.greenmobility.com\\\/dk\\\/da\\\/\",\"name\":\"GreenMobility Denmark\",\"description\":\"\",\"publisher\":{\"@id\":\"https:\\\/\\\/www.greenmobility.com\\\/dk\\\/da\\\/#organization\"},\"potentialAction\":[{\"@type\":\"SearchAction\",\"target\":{\"@type\":\"EntryPoint\",\"urlTemplate\":\"https:\\\/\\\/www.greenmobility.com\\\/dk\\\/da\\\/?s={search_term_string}\"},\"query-input\":{\"@type\":\"PropertyValueSpecification\",\"valueRequired\":true,\"valueName\":\"search_term_string\"}}],\"inLanguage\":\"da-DK\"},{\"@type\":\"Organization\",\"@id\":\"https:\\\/\\\/www.greenmobility.com\\\/dk\\\/da\\\/#organization\",\"name\":\"GreenMobility\",\"url\":\"https:\\\/\\\/www.greenmobility.com\\\/dk\\\/da\\\/\",\"logo\":{\"@type\":\"ImageObject\",\"inLanguage\":\"da-DK\",\"@id\":\"https:\\\/\\\/www.greenmobility.com\\\/dk\\\/da\\\/#\\\/schema\\\/logo\\\/image\\\/\",\"url\":\"https:\\\/\\\/www.greenmobility.com\\\/dk\\\/wp-content\\\/uploads\\\/sites\\\/9\\\/2021\\\/06\\\/logo-EM-DK.png\",\"contentUrl\":\"https:\\\/\\\/www.greenmobility.com\\\/dk\\\/wp-content\\\/uploads\\\/sites\\\/9\\\/2021\\\/06\\\/logo-EM-DK.png\",\"width\":3125,\"height\":788,\"caption\":\"GreenMobility\"},\"image\":{\"@id\":\"https:\\\/\\\/www.greenmobility.com\\\/dk\\\/da\\\/#\\\/schema\\\/logo\\\/image\\\/\"}}]}<\/script>\n<!-- \/ Yoast SEO plugin. -->","yoast_head_json":{"title":"Louisiana - GreenMobility Denmark","robots":{"index":"index","follow":"follow","max-snippet":"max-snippet:-1","max-image-preview":"max-image-preview:large","max-video-preview":"max-video-preview:-1"},"canonical":"https:\/\/www.greenmobility.com\/dk\/da\/louisiana\/","og_locale":"da_DK","og_type":"article","og_title":"Louisiana - GreenMobility Denmark","og_description":"[vc_section][vc_row][vc_column][vc_empty_space][vc_column_text]Find vej til Louisiana her p\u00e5 siden. Fra K\u00f8benhavn (ca. 35 km): Tag motorvej E47\/E55 direkte til Louisiana. Du kan ogs\u00e5 k\u00f8re ad Strandvejen langs \u00d8resundskysten.\u00a0 Fra Helsing\u00f8r (ca. 10 km): Tag motorvej E47\/E55. Du kan ogs\u00e5 k\u00f8re ad Strandvejen langs \u00d8resundskysten. Hvis du ikke har egen bil, kan du med fordel leje en elbil [&hellip;]","og_url":"https:\/\/www.greenmobility.com\/dk\/da\/louisiana\/","og_site_name":"GreenMobility Denmark","article_modified_time":"2023-03-31T07:43:29+00:00","twitter_card":"summary_large_image","twitter_misc":{"Estimeret l\u00e6setid":"4 minutter"},"schema":{"@context":"https:\/\/schema.org","@graph":[{"@type":"WebPage","@id":"https:\/\/www.greenmobility.com\/dk\/da\/louisiana\/","url":"https:\/\/www.greenmobility.com\/dk\/da\/louisiana\/","name":"Louisiana - GreenMobility Denmark","isPartOf":{"@id":"https:\/\/www.greenmobility.com\/dk\/da\/#website"},"datePublished":"2021-12-09T13:56:21+00:00","dateModified":"2023-03-31T07:43:29+00:00","breadcrumb":{"@id":"https:\/\/www.greenmobility.com\/dk\/da\/louisiana\/#breadcrumb"},"inLanguage":"da-DK","potentialAction":[{"@type":"ReadAction","target":["https:\/\/www.greenmobility.com\/dk\/da\/louisiana\/"]}]},{"@type":"BreadcrumbList","@id":"https:\/\/www.greenmobility.com\/dk\/da\/louisiana\/#breadcrumb","itemListElement":[{"@type":"ListItem","position":1,"name":"Home","item":"https:\/\/www.greenmobility.com\/dk\/da\/"},{"@type":"ListItem","position":2,"name":"Louisiana"}]},{"@type":"WebSite","@id":"https:\/\/www.greenmobility.com\/dk\/da\/#website","url":"https:\/\/www.greenmobility.com\/dk\/da\/","name":"GreenMobility Denmark","description":"","publisher":{"@id":"https:\/\/www.greenmobility.com\/dk\/da\/#organization"},"potentialAction":[{"@type":"SearchAction","target":{"@type":"EntryPoint","urlTemplate":"https:\/\/www.greenmobility.com\/dk\/da\/?s={search_term_string}"},"query-input":{"@type":"PropertyValueSpecification","valueRequired":true,"valueName":"search_term_string"}}],"inLanguage":"da-DK"},{"@type":"Organization","@id":"https:\/\/www.greenmobility.com\/dk\/da\/#organization","name":"GreenMobility","url":"https:\/\/www.greenmobility.com\/dk\/da\/","logo":{"@type":"ImageObject","inLanguage":"da-DK","@id":"https:\/\/www.greenmobility.com\/dk\/da\/#\/schema\/logo\/image\/","url":"https:\/\/www.greenmobility.com\/dk\/wp-content\/uploads\/sites\/9\/2021\/06\/logo-EM-DK.png","contentUrl":"https:\/\/www.greenmobility.com\/dk\/wp-content\/uploads\/sites\/9\/2021\/06\/logo-EM-DK.png","width":3125,"height":788,"caption":"GreenMobility"},"image":{"@id":"https:\/\/www.greenmobility.com\/dk\/da\/#\/schema\/logo\/image\/"}}]}},"_links":{"self":[{"href":"https:\/\/www.greenmobility.com\/dk\/da\/wp-json\/wp\/v2\/pages\/4364","targetHints":{"allow":["GET"]}}],"collection":[{"href":"https:\/\/www.greenmobility.com\/dk\/da\/wp-json\/wp\/v2\/pages"}],"about":[{"href":"https:\/\/www.greenmobility.com\/dk\/da\/wp-json\/wp\/v2\/types\/page"}],"author":[{"embeddable":true,"href":"https:\/\/www.greenmobility.com\/dk\/da\/wp-json\/wp\/v2\/users\/25"}],"replies":[{"embeddable":true,"href":"https:\/\/www.greenmobility.com\/dk\/da\/wp-json\/wp\/v2\/comments?post=4364"}],"version-history":[{"count":0,"href":"https:\/\/www.greenmobility.com\/dk\/da\/wp-json\/wp\/v2\/pages\/4364\/revisions"}],"wp:attachment":[{"href":"https:\/\/www.greenmobility.com\/dk\/da\/wp-json\/wp\/v2\/media?parent=4364"}],"curies":[{"name":"wp","href":"https:\/\/api.w.org\/{rel}","templated":true}]}}