{"id":4358,"date":"2021-12-09T11:14:29","date_gmt":"2021-12-09T10:14:29","guid":{"rendered":"https:\/\/www.greenmobility.com\/dk\/?page_id=4358"},"modified":"2022-06-13T08:53:56","modified_gmt":"2022-06-13T07:53:56","slug":"royal-arena","status":"publish","type":"page","link":"https:\/\/www.greenmobility.com\/dk\/da\/royal-arena\/","title":{"rendered":"Royal Arena"},"content":{"rendered":"<div class=\"wpb-content-wrapper\"><p>[vc_section][vc_row][vc_column][vc_empty_space]<div class=\" agni-section-heading text-left ihda\" ><h2 class=\"section-heading-text \" style=\"font-size:48px;\"><span>Hvordan kommer man til Royal Arena?<\/span><\/h2><div class=\"section-divide-line divide-line text-left\"><span style=\"width:90px; height:1px; background-color:#ff655c\"><\/span><\/div><\/div>[vc_column_text]<b>Find vej til Royal Arena <\/b><span style=\"font-weight: 400;\">her p\u00e5 siden. Hvis du har planlagt en lidt l\u00e6kker og eksklusiv aften med koncert i Royal Arena, vil du sikkert hellere k\u00f8re i bil dertil. Der er en hel del offentlige parkeringspladser i omr\u00e5det omkring Royal Arena, og parkeringsmulighederne er derfor gode.\u00a0<\/span><\/p>\n<p><span style=\"font-weight: 400;\">Hvis du ikke har egen bil, kan du med fordel <\/span><a href=\"https:\/\/www.greenmobility.com\/dk\/da\/billeje\/\"><span style=\"font-weight: 400;\">leje en elbil hos GreenMobility<\/span><\/a><span style=\"font-weight: 400;\">. GreenMobility har ogs\u00e5 et \u201cHotspot\u201d i Field\u2019s parkering, hvilket betyder, at du nyder godt af <\/span><b>gratis parkering d\u00f8gnet rundt<\/b><span style=\"font-weight: 400;\">. L\u00e6s mere om vores Hotspots nedenunder.<\/span><b>Planl\u00e6g din rute til Royal Arena<\/b><span style=\"font-weight: 400;\"> med <\/span><a href=\"https:\/\/goo.gl\/maps\/Mu1XcUcqnUFkQzBR6\"><span style=\"font-weight: 400;\">Google Maps her<\/span><\/a><span style=\"font-weight: 400;\">.<\/span>[\/vc_column_text][\/vc_column][\/vc_row][vc_row][vc_column][vc_column_text]<\/p>\n<h2><span style=\"font-weight: 400;\">GreenMobility Hotspot parkering ved Field\u2019s n\u00e6r Royal Arena<\/span><\/h2>\n<p><span style=\"font-weight: 400;\">GreenMobility har en lang r\u00e6kke \u201c<\/span><a href=\"https:\/\/www.greenmobility.com\/dk\/da\/hotspots\/\"><span style=\"font-weight: 400;\">Hotspots<\/span><\/a><span style=\"font-weight: 400;\">\u201d p\u00e5 tv\u00e6rs af K\u00f8benhavn. Et hotspot er vores VIP-parkering til dig, der v\u00e6lger at k\u00f8re med GreenMobility. Parkerer du i et hotspot, f\u00e5r du<\/span><b> gratis parkering<\/b><span style=\"font-weight: 400;\">, og du kan samtidig finde en ladestander til at oplade bilen \u2013 s\u00e5 er den klar til k\u00f8rsel, n\u00e5r koncerten i Royal Arena er f\u00e6rdig.<\/span><\/p>\n<p><span style=\"font-weight: 400;\">Hotspottet finder du inde i Fields parkeringshus P1. Tr\u00e6k en billet n\u00e5r du k\u00f8rer ind i huset (denne beh\u00f8ver du ikke gemme). Hold til h\u00f8jre efter bommen og f\u00f8lg rampen op til niveau 1, k\u00f8r lige ud til Zone 3, s\u00e5 finder du pladserne p\u00e5 venstre h\u00e5nd ved A-t\u00e5rnet. Pladserne er markeret med \u201dReserveret til GreenMobility\u201d-skilte.<\/span><\/p>\n<p><span style=\"font-weight: 400;\">Der er adgang til Hotspottet kl. 06.00 \u2013 22.00 (08.00-22.00 tirsdag og torsdag). Klik her for at se <\/span><a href=\"https:\/\/www.youtube.com\/watch?v=BlUcv8dQ158\"><span style=\"font-weight: 400;\">video med k\u00f8rselsvejledning<\/span><\/a><span style=\"font-weight: 400;\"> til pladserne.<\/span>[\/vc_column_text][\/vc_column][\/vc_row][\/vc_section][vc_row][vc_column][vc_column_text]<\/p>\n<h2><span style=\"font-weight: 400;\">Om Royal Arena<\/span><\/h2>\n<p><span style=\"font-weight: 400;\">Royal Arena er en k\u00e6mpestor multifunktionel arena med plads til op mod 17.000 mennesker. At det er en multifunktionel arena betyder, at det ikke kun er koncerter, der n\u00f8dvendigvis bliver afholdt der.<\/span><\/p>\n<p><span style=\"font-weight: 400;\">Royal Arena byder fx j\u00e6vnligt p\u00e5 andre slags events s\u00e5som stand-up shows, cirkusforestillinger, musicals og meget mere.\u00a0<\/span><\/p>\n<p><span style=\"font-weight: 400;\">Arenaen \u00e5bnede i 2017, og det f\u00f8rste event til at indtage scenen var Metallica. Siden da har store navne s\u00e5som Bruno Mars, Drake og Sam Smith g\u00e6stet Royal Arena.\u00a0<\/span><\/p>\n<h3><span style=\"font-weight: 400;\">Royal Arena koncerter<\/span><\/h3>\n<p><span style=\"font-weight: 400;\">Du kan se kommende koncerter og forestillinger i <\/span><a href=\"https:\/\/www.royalarena.dk\/events\"><span style=\"font-weight: 400;\">Royal Arena her<\/span><\/a><span style=\"font-weight: 400;\">.<\/span>[\/vc_column_text][\/vc_column][\/vc_row][vc_row][vc_column][vc_column_text]<\/p>\n<h2><span style=\"font-weight: 400;\">Royal Arena parkering<\/span><\/h2>\n<p><span style=\"font-weight: 400;\">Hvis du lejer en elbil gennem GreenMobility kan du altid nyde godt af l\u00e6kker VIP-parkering i Field\u2019s parkeringshus \u2013 som er <\/span><b>gratis d\u00f8gnet rundt<\/b><span style=\"font-weight: 400;\">.\u00a0<\/span><\/p>\n<p><span style=\"font-weight: 400;\">L\u00e6s mere om <\/span><a href=\"https:\/\/www.greenmobility.com\/dk\/da\/parkering\/\"><span style=\"font-weight: 400;\">parkering med GreenMobility<\/span><\/a><span style=\"font-weight: 400;\"> her.\u00a0<\/span><\/p>\n<p><span style=\"font-weight: 400;\">Der er ogs\u00e5 mange offentlige parkeringspladser i n\u00e6rheden af Royal Arena. Ingen af dem er dog gratis, og i forbindelse med events i Royal Arena er parkeringsvagterne altid p\u00e5 arbejde i omr\u00e5det. Klik her for en oversigt over <\/span><a href=\"https:\/\/parkincph.dk\/media\/1039\/parkering-royal-arena.pdf\"><span style=\"font-weight: 400;\">offentlige parkeringspladser<\/span><\/a><span style=\"font-weight: 400;\"> i omr\u00e5det.<\/span><\/p>\n<h3><span style=\"font-weight: 400;\">Hvad koster parkering ved Royal Arena?<\/span><\/h3>\n<p><span style=\"font-weight: 400;\">Med GreenMobility er <\/span><b>parkering gratis <\/b><span style=\"font-weight: 400;\">i Field\u2019s parkeringshus, og p\u00e5 alle offentlige parkeringspladser med minimum 2 timers tidsbegr\u00e6nsning.<\/span><\/p>\n<p><span style=\"font-weight: 400;\">Med din egen private bil ser den generelle pris for parkering ved Royal Arena s\u00e5dan her ud:<\/span><\/p>\n<p>&nbsp;<\/p>\n<table style=\"width: 29.4433%; height: 71px;\">\n<tbody>\n<tr style=\"height: 23px;\">\n<td style=\"width: 57.0333%; height: 23px;\"><b>Tidspunkt<\/b><\/td>\n<td style=\"width: 58.5207%; height: 23px;\"><b>Pris<\/b><\/td>\n<\/tr>\n<tr style=\"height: 24px;\">\n<td style=\"width: 57.0333%; height: 24px;\"><span style=\"font-weight: 400;\">Mandag-S\u00f8ndag (07:00-17:00)<\/span><\/td>\n<td style=\"width: 58.5207%; height: 24px;\"><span style=\"font-weight: 400;\">18 kr.\/pris<\/span><\/td>\n<\/tr>\n<tr style=\"height: 24px;\">\n<td style=\"width: 57.0333%; height: 24px;\"><span style=\"font-weight: 400;\">Mandag-S\u00f8ndag (17:00-07:00)<\/span><\/td>\n<td style=\"width: 58.5207%; height: 24px;\"><span style=\"font-weight: 400;\">9 kr.\/pris<\/span><\/td>\n<\/tr>\n<\/tbody>\n<\/table>\n<p>&nbsp;<\/p>\n<p><span style=\"font-weight: 400;\">De f\u00f8rste 30 minutter holder du gratis. Den maksimale pris pr. l\u00f8bende 24 timer er 120 kr.\u00a0<\/span><\/p>\n<p><span style=\"font-weight: 400;\">Med GreenMobility holder du som sagt gratis i Field\u2019s parkeringshus, der ligger lige opad Royal Arena. Parkeringspladserne er eksklusivt forbeholdt GreenMobility biler, og er markeret med teksten \u201cReserveret til Greenmobility\u201d.<\/span><\/p>\n<h3><span style=\"font-weight: 400;\">Hvordan finder du parkering ved Royal Arena?<\/span><\/h3>\n<p><span style=\"font-weight: 400;\">Klik her for en oversigt over <\/span><a href=\"https:\/\/parkincph.dk\/media\/1039\/parkering-royal-arena.pdf\"><span style=\"font-weight: 400;\">offentlige parkeringspladser<\/span><\/a><span style=\"font-weight: 400;\"> i omr\u00e5det.<\/span><\/p>\n<h3><span style=\"font-weight: 400;\">Hvor ligger Royal Arena?<\/span><\/h3>\n<p><span style=\"font-weight: 400;\">Adressen p\u00e5 Royal arena er: Hannemanns All\u00e9 18-20, 2300 K\u00f8benhavn.<\/span><span style=\"font-weight: 400;\"><br \/>\n<\/span>[\/vc_column_text][\/vc_column][\/vc_row][vc_row][vc_column][vc_column_text]<\/p>\n<h2><span style=\"font-weight: 400;\">Tjek GreenMobilitys mange tilbudspakker<\/span><\/h2>\n<p><span style=\"font-weight: 400;\">Hos GreenMobility har du mange fordelagtige muligheder at v\u00e6lge imellem alt efter behov, n\u00e5r det kommer til biludlejning. Priserne p\u00e5 vores delebiler varierer, alt efter hvor l\u00e6nge og hvor ofte du skal bruge vores delebiler, og om du har abonnement hos os. Se vores <\/span><a href=\"https:\/\/www.greenmobility.com\/dk\/da\/priser\/\"><span style=\"font-weight: 400;\">tilbudspakker og prise<\/span><\/a>[\/vc_column_text][\/vc_column][\/vc_row][vc_row][vc_column][vc_column_text]<\/p>\n<h2><span style=\"font-weight: 400;\">Nem parkering med GreenMobilitys delebiler<\/span><\/h2>\n<p><span style=\"font-weight: 400;\">Parkering kan v\u00e6re lidt af en hovedpine, is\u00e6r omkring \u00d8restad, n\u00e5r der afholdes events i Royal Arena. Vi har derfor fors\u00f8gt at g\u00f8re din hovedpine lidt mindre ved at g\u00f8re det s\u00e5 nemt som muligt at parkere.\u00a0<\/span><\/p>\n<p><span style=\"font-weight: 400;\">VIP-pladserne i Field\u2019s parkeringshus er markeret med \u201dReserveret til GreenMobility\u201d-skilte. Er alle pladser optaget, kan du parkere p\u00e5 en ledig plads i n\u00e6rheden.<\/span>[\/vc_column_text][\/vc_column][\/vc_row][vc_row][vc_column][vc_column_text]<\/p>\n<h2><span style=\"font-weight: 400;\">Nem og billig billeje med GreenMobility<\/span><\/h2>\n<p><span style=\"font-weight: 400;\">Det er nemt og billigt at anvende vores billeje hos GreenMobility. Du kan leje vores elbiler op til 7 d\u00f8gn eller n\u00f8jes med et par timer, hvis du skal bruge den til et kortere \u00e6rinde \u2013 s\u00e5som en koncert i Royal Arena.<\/span><\/p>\n<p><span style=\"font-weight: 400;\">Vores delebiler er simple at komme i gang med at bruge. Alt du skal g\u00f8re er at oprette dig som bruger i vores app, afvente godkendelse, finde en bil i n\u00e6rheden i appen, og n\u00e5r du er f\u00e6rdig, afslutter du turen inden for vores zone i appen. Kom <\/span><a href=\"https:\/\/www.greenmobility.com\/dk\/da\/saadan-virker-det\/\"><span style=\"font-weight: 400;\">nemt i gang<\/span><\/a><span style=\"font-weight: 400;\"> med Green Mobility.\u00a0<\/span><\/p>\n<h3><span style=\"font-weight: 400; color: #808080;\">Har du sp\u00f8rgsm\u00e5l til GreenMobilitys services?<\/span><\/h3>\n<p><span style=\"font-weight: 400; color: #808080;\">Vi har samlet vores ofte stillede sp\u00f8rgsm\u00e5l, s\u00e5 du nemt kan f\u00e5 svar p\u00e5 dine sp\u00f8rgsm\u00e5l.\u00a0<\/span><\/p>\n<p><span style=\"color: #808080;\"><span style=\"font-weight: 400;\">Du kan finde mange flere sp\u00f8rgsm\u00e5l og svar i vores <\/span><a style=\"color: #808080;\" href=\"https:\/\/www.greenmobility.com\/dk\/da\/faq\/\"><span style=\"font-weight: 400;\">FAQ<\/span><\/a><span style=\"font-weight: 400;\"> kategori, og finder du ikke det svar, som du leder efter, er du ogs\u00e5 velkommen til at kontakte vores dygtige support p\u00e5 tlf: +4570778888 eller <\/span><a style=\"color: #808080;\" href=\"mailto:hej@greenmobility.dk\"><span style=\"font-weight: 400;\">hej@greenmobility.<\/span><\/a><span style=\"font-weight: 400;\">com.\u00a0<\/span><\/span><\/p>\n<h4><span style=\"font-weight: 400; color: #808080;\">Hvor l\u00e6nge m\u00e5 man holde gratis ved Royal Arena?<\/span><\/h4>\n<p><span style=\"color: #808080;\"><span style=\"font-weight: 400;\">Du kan med GreenMobility <\/span><b>holde gratis<\/b><span style=\"font-weight: 400;\"> i Field\u2019s parkeringsanl\u00e6g d\u00f8gnet rundt, som ligger lige ved siden af Royal Arena.<\/span><\/span><\/p>\n<p><span style=\"font-weight: 400; color: #808080;\">K\u00f8rer du i egen bil, kan du holde gratis i Field\u2019s i op til 1 time. Herefter er prisen 5 kr. pr. p\u00e5begyndte halve time. Efter den 6. time er prisen 10 kr. pr. p\u00e5begyndte halve time. Dog maksimalt 150 kr. i d\u00f8gnet.<\/span><\/p>\n<p><span style=\"color: #808080;\"><span style=\"font-weight: 400;\">Offentlige parkeringspladser i omr\u00e5det koster ogs\u00e5 penge. Det er By &amp; Havn som st\u00e5r for parkeringen i omr\u00e5det. Se mere p\u00e5 deres <\/span><a style=\"color: #808080;\" href=\"https:\/\/parkincph.dk\/da\/omraader\/%C3%B8restad\/\"><span style=\"font-weight: 400;\">hjemmeside her<\/span><\/a><span style=\"font-weight: 400;\">.<\/span><\/span><\/p>\n<h4><span style=\"font-weight: 400; color: #808080;\">Priser og abonnementer?<\/span><\/h4>\n<p><span style=\"color: #808080;\"><span style=\"font-weight: 400;\">Med GreenMobility kan du k\u00f8re p\u00e5 minut-, time-, eller dagsbasis, eller du kan abonnerere og f\u00e5 adgang til et hav af fede rabat og lave minutpriser for en fast lav m\u00e5nedspris. Se alle priser og abonnementer under <\/span><a style=\"color: #808080;\" href=\"https:\/\/www.greenmobility.com\/dk\/da\/priser\/\"><span style=\"font-weight: 400;\">\u201c<\/span><span style=\"font-weight: 400;\">Priser<\/span><span style=\"font-weight: 400;\">\u201c<\/span><\/a><span style=\"font-weight: 400;\">.<\/span><\/span><\/p>\n<h4><span style=\"font-weight: 400; color: #808080;\">Hvad er \u201cstopover\u201d?<\/span><\/h4>\n<p><span style=\"font-weight: 400; color: #808080;\">Hvis du har brug for at parkere bilen, men fortsat leje den, f.eks. mens du handler, bes\u00f8ger nogle venner eller er p\u00e5 ferie, kan du benytte funktionen \u201cstopover\u201d i appen. Tryk p\u00e5 \u201cstopover\u201d n\u00e5r du er steget ud af bilen. S\u00e5 l\u00e5ser bilen, mens du er v\u00e6k fra den, og du betaler stadig for at leje bilen. Der er ikke andre, der kan reservere bilen i mellemtiden. Du kan efterf\u00f8lgende forts\u00e6tte din tur i appen, n\u00e5r du er klar til at k\u00f8re igen.<\/span><\/p>\n<h4><span style=\"font-weight: 400; color: #808080;\">S\u00e5dan starter du vores elbiler<\/span><\/h4>\n<p><span style=\"font-weight: 400; color: #808080;\">Du skal ikke bruge en n\u00f8gle \u2013 kun Start\/Stop knappen i bilen og din mobiltelefon.<\/span><\/p>\n<p><span style=\"font-weight: 400; color: #808080;\">For at t\u00e6nde motoren, plac\u00e9r din h\u00f8jre fod p\u00e5 den midterste pedal (Bremsen) og tryk p\u00e5 Start\/Stop knappen. Motoren er nu t\u00e6ndt. Du skal slet ikke bruge din venstre fod, n\u00e5r du k\u00f8rer.<\/span><\/p>\n<p><span style=\"font-weight: 400; color: #808080;\">S\u00e6t gearet i \u201dD\u201d (Drive) for at k\u00f8re, \u201dP\u201d (Park) n\u00e5r du skal parkere og \u201dR\u201d (Reverse) for at bakke. Det bliver ikke lettere.<\/span><\/p>\n<p><span style=\"font-weight: 400; color: #808080;\">OBS: I vores Maxus e-Deliver 3 varevogne skal du blot lade gearet v\u00e6re i \u201dD\u201d, n\u00e5r du parkerer. Husk altid at tr\u00e6kke h\u00e5ndbremsen, n\u00e5r du parkerer Maxus. F\u00f8rst da kan turen afsluttes.<\/span>[\/vc_column_text][\/vc_column][\/vc_row]<\/p>\n<\/div>","protected":false},"excerpt":{"rendered":"<p>[vc_section][vc_row][vc_column][vc_empty_space][vc_column_text]Find vej til Royal Arena her p\u00e5 siden. Hvis du har planlagt en lidt l\u00e6kker og eksklusiv aften med koncert i Royal Arena, vil du sikkert hellere k\u00f8re i bil dertil. Der er en hel del offentlige parkeringspladser i omr\u00e5det omkring Royal Arena, og parkeringsmulighederne er derfor gode.\u00a0 Hvis du ikke har egen bil, kan [&hellip;]<\/p>\n","protected":false},"author":25,"featured_media":0,"parent":0,"menu_order":0,"comment_status":"closed","ping_status":"closed","template":"","meta":{"om_disable_all_campaigns":false,"footnotes":"","_links_to":"","_links_to_target":""},"class_list":["post-4358","page","type-page","status-publish","hentry"],"yoast_head":"<!-- This site is optimized with the Yoast SEO plugin v27.3 - https:\/\/yoast.com\/product\/yoast-seo-wordpress\/ -->\n<title>Gratis parkering ved Royal Arena | GreenMobility<\/title>\n<meta name=\"description\" content=\"Parker gratis t\u00e6t p\u00e5 Royal Arena med en elbil fra GreenMobility. Du kan parkere d\u00f8gnet rundt, planl\u00e6g din rute her.\" \/>\n<meta name=\"robots\" content=\"index, follow, max-snippet:-1, max-image-preview:large, max-video-preview:-1\" \/>\n<link rel=\"canonical\" href=\"https:\/\/www.greenmobility.com\/dk\/da\/royal-arena\/\" \/>\n<meta property=\"og:locale\" content=\"da_DK\" \/>\n<meta property=\"og:type\" content=\"article\" \/>\n<meta property=\"og:title\" content=\"Gratis parkering ved Royal Arena | GreenMobility\" \/>\n<meta property=\"og:description\" content=\"Parker gratis t\u00e6t p\u00e5 Royal Arena med en elbil fra GreenMobility. Du kan parkere d\u00f8gnet rundt, planl\u00e6g din rute her.\" \/>\n<meta property=\"og:url\" content=\"https:\/\/www.greenmobility.com\/dk\/da\/royal-arena\/\" \/>\n<meta property=\"og:site_name\" content=\"GreenMobility Denmark\" \/>\n<meta property=\"article:modified_time\" content=\"2022-06-13T07:53:56+00:00\" \/>\n<meta name=\"twitter:card\" content=\"summary_large_image\" \/>\n<meta name=\"twitter:label1\" content=\"Estimeret l\u00e6setid\" \/>\n\t<meta name=\"twitter:data1\" content=\"6 minutter\" \/>\n<script type=\"application\/ld+json\" class=\"yoast-schema-graph\">{\"@context\":\"https:\\\/\\\/schema.org\",\"@graph\":[{\"@type\":\"WebPage\",\"@id\":\"https:\\\/\\\/www.greenmobility.com\\\/dk\\\/da\\\/royal-arena\\\/\",\"url\":\"https:\\\/\\\/www.greenmobility.com\\\/dk\\\/da\\\/royal-arena\\\/\",\"name\":\"Gratis parkering ved Royal Arena | GreenMobility\",\"isPartOf\":{\"@id\":\"https:\\\/\\\/www.greenmobility.com\\\/dk\\\/da\\\/#website\"},\"datePublished\":\"2021-12-09T10:14:29+00:00\",\"dateModified\":\"2022-06-13T07:53:56+00:00\",\"description\":\"Parker gratis t\u00e6t p\u00e5 Royal Arena med en elbil fra GreenMobility. Du kan parkere d\u00f8gnet rundt, planl\u00e6g din rute her.\",\"breadcrumb\":{\"@id\":\"https:\\\/\\\/www.greenmobility.com\\\/dk\\\/da\\\/royal-arena\\\/#breadcrumb\"},\"inLanguage\":\"da-DK\",\"potentialAction\":[{\"@type\":\"ReadAction\",\"target\":[\"https:\\\/\\\/www.greenmobility.com\\\/dk\\\/da\\\/royal-arena\\\/\"]}]},{\"@type\":\"BreadcrumbList\",\"@id\":\"https:\\\/\\\/www.greenmobility.com\\\/dk\\\/da\\\/royal-arena\\\/#breadcrumb\",\"itemListElement\":[{\"@type\":\"ListItem\",\"position\":1,\"name\":\"Home\",\"item\":\"https:\\\/\\\/www.greenmobility.com\\\/dk\\\/da\\\/\"},{\"@type\":\"ListItem\",\"position\":2,\"name\":\"Royal Arena\"}]},{\"@type\":\"WebSite\",\"@id\":\"https:\\\/\\\/www.greenmobility.com\\\/dk\\\/da\\\/#website\",\"url\":\"https:\\\/\\\/www.greenmobility.com\\\/dk\\\/da\\\/\",\"name\":\"GreenMobility Denmark\",\"description\":\"\",\"publisher\":{\"@id\":\"https:\\\/\\\/www.greenmobility.com\\\/dk\\\/da\\\/#organization\"},\"potentialAction\":[{\"@type\":\"SearchAction\",\"target\":{\"@type\":\"EntryPoint\",\"urlTemplate\":\"https:\\\/\\\/www.greenmobility.com\\\/dk\\\/da\\\/?s={search_term_string}\"},\"query-input\":{\"@type\":\"PropertyValueSpecification\",\"valueRequired\":true,\"valueName\":\"search_term_string\"}}],\"inLanguage\":\"da-DK\"},{\"@type\":\"Organization\",\"@id\":\"https:\\\/\\\/www.greenmobility.com\\\/dk\\\/da\\\/#organization\",\"name\":\"GreenMobility\",\"url\":\"https:\\\/\\\/www.greenmobility.com\\\/dk\\\/da\\\/\",\"logo\":{\"@type\":\"ImageObject\",\"inLanguage\":\"da-DK\",\"@id\":\"https:\\\/\\\/www.greenmobility.com\\\/dk\\\/da\\\/#\\\/schema\\\/logo\\\/image\\\/\",\"url\":\"https:\\\/\\\/www.greenmobility.com\\\/dk\\\/wp-content\\\/uploads\\\/sites\\\/9\\\/2021\\\/06\\\/logo-EM-DK.png\",\"contentUrl\":\"https:\\\/\\\/www.greenmobility.com\\\/dk\\\/wp-content\\\/uploads\\\/sites\\\/9\\\/2021\\\/06\\\/logo-EM-DK.png\",\"width\":3125,\"height\":788,\"caption\":\"GreenMobility\"},\"image\":{\"@id\":\"https:\\\/\\\/www.greenmobility.com\\\/dk\\\/da\\\/#\\\/schema\\\/logo\\\/image\\\/\"}}]}<\/script>\n<!-- \/ Yoast SEO plugin. -->","yoast_head_json":{"title":"Gratis parkering ved Royal Arena | GreenMobility","description":"Parker gratis t\u00e6t p\u00e5 Royal Arena med en elbil fra GreenMobility. Du kan parkere d\u00f8gnet rundt, planl\u00e6g din rute her.","robots":{"index":"index","follow":"follow","max-snippet":"max-snippet:-1","max-image-preview":"max-image-preview:large","max-video-preview":"max-video-preview:-1"},"canonical":"https:\/\/www.greenmobility.com\/dk\/da\/royal-arena\/","og_locale":"da_DK","og_type":"article","og_title":"Gratis parkering ved Royal Arena | GreenMobility","og_description":"Parker gratis t\u00e6t p\u00e5 Royal Arena med en elbil fra GreenMobility. Du kan parkere d\u00f8gnet rundt, planl\u00e6g din rute her.","og_url":"https:\/\/www.greenmobility.com\/dk\/da\/royal-arena\/","og_site_name":"GreenMobility Denmark","article_modified_time":"2022-06-13T07:53:56+00:00","twitter_card":"summary_large_image","twitter_misc":{"Estimeret l\u00e6setid":"6 minutter"},"schema":{"@context":"https:\/\/schema.org","@graph":[{"@type":"WebPage","@id":"https:\/\/www.greenmobility.com\/dk\/da\/royal-arena\/","url":"https:\/\/www.greenmobility.com\/dk\/da\/royal-arena\/","name":"Gratis parkering ved Royal Arena | GreenMobility","isPartOf":{"@id":"https:\/\/www.greenmobility.com\/dk\/da\/#website"},"datePublished":"2021-12-09T10:14:29+00:00","dateModified":"2022-06-13T07:53:56+00:00","description":"Parker gratis t\u00e6t p\u00e5 Royal Arena med en elbil fra GreenMobility. Du kan parkere d\u00f8gnet rundt, planl\u00e6g din rute her.","breadcrumb":{"@id":"https:\/\/www.greenmobility.com\/dk\/da\/royal-arena\/#breadcrumb"},"inLanguage":"da-DK","potentialAction":[{"@type":"ReadAction","target":["https:\/\/www.greenmobility.com\/dk\/da\/royal-arena\/"]}]},{"@type":"BreadcrumbList","@id":"https:\/\/www.greenmobility.com\/dk\/da\/royal-arena\/#breadcrumb","itemListElement":[{"@type":"ListItem","position":1,"name":"Home","item":"https:\/\/www.greenmobility.com\/dk\/da\/"},{"@type":"ListItem","position":2,"name":"Royal Arena"}]},{"@type":"WebSite","@id":"https:\/\/www.greenmobility.com\/dk\/da\/#website","url":"https:\/\/www.greenmobility.com\/dk\/da\/","name":"GreenMobility Denmark","description":"","publisher":{"@id":"https:\/\/www.greenmobility.com\/dk\/da\/#organization"},"potentialAction":[{"@type":"SearchAction","target":{"@type":"EntryPoint","urlTemplate":"https:\/\/www.greenmobility.com\/dk\/da\/?s={search_term_string}"},"query-input":{"@type":"PropertyValueSpecification","valueRequired":true,"valueName":"search_term_string"}}],"inLanguage":"da-DK"},{"@type":"Organization","@id":"https:\/\/www.greenmobility.com\/dk\/da\/#organization","name":"GreenMobility","url":"https:\/\/www.greenmobility.com\/dk\/da\/","logo":{"@type":"ImageObject","inLanguage":"da-DK","@id":"https:\/\/www.greenmobility.com\/dk\/da\/#\/schema\/logo\/image\/","url":"https:\/\/www.greenmobility.com\/dk\/wp-content\/uploads\/sites\/9\/2021\/06\/logo-EM-DK.png","contentUrl":"https:\/\/www.greenmobility.com\/dk\/wp-content\/uploads\/sites\/9\/2021\/06\/logo-EM-DK.png","width":3125,"height":788,"caption":"GreenMobility"},"image":{"@id":"https:\/\/www.greenmobility.com\/dk\/da\/#\/schema\/logo\/image\/"}}]}},"_links":{"self":[{"href":"https:\/\/www.greenmobility.com\/dk\/da\/wp-json\/wp\/v2\/pages\/4358","targetHints":{"allow":["GET"]}}],"collection":[{"href":"https:\/\/www.greenmobility.com\/dk\/da\/wp-json\/wp\/v2\/pages"}],"about":[{"href":"https:\/\/www.greenmobility.com\/dk\/da\/wp-json\/wp\/v2\/types\/page"}],"author":[{"embeddable":true,"href":"https:\/\/www.greenmobility.com\/dk\/da\/wp-json\/wp\/v2\/users\/25"}],"replies":[{"embeddable":true,"href":"https:\/\/www.greenmobility.com\/dk\/da\/wp-json\/wp\/v2\/comments?post=4358"}],"version-history":[{"count":0,"href":"https:\/\/www.greenmobility.com\/dk\/da\/wp-json\/wp\/v2\/pages\/4358\/revisions"}],"wp:attachment":[{"href":"https:\/\/www.greenmobility.com\/dk\/da\/wp-json\/wp\/v2\/media?parent=4358"}],"curies":[{"name":"wp","href":"https:\/\/api.w.org\/{rel}","templated":true}]}}