{"id":2075,"date":"2020-05-10T15:15:38","date_gmt":"2020-05-10T14:15:38","guid":{"rendered":"http:\/\/greenmobility.wpengine.com\/dk\/?page_id=2075"},"modified":"2021-03-12T13:20:01","modified_gmt":"2021-03-12T12:20:01","slug":"hospitalsansatte-koerer-gratis","status":"publish","type":"page","link":"https:\/\/www.greenmobility.com\/dk\/da\/hospitalsansatte-koerer-gratis\/","title":{"rendered":"Sundhedspersonale"},"content":{"rendered":"<div class=\"wpb-content-wrapper\"><p>[vc_row padding_top=&#8221;3.5%&#8221; padding_bottom=&#8221;3%&#8221; border_top=&#8221;1&#8243; border_color=&#8221;#dddddd&#8221; border_style=&#8221;solid&#8221; el_id=&#8221;our-approach&#8221; el_class=&#8221;our-approach&#8221;][vc_column][vc_empty_space height=&#8221;50px&#8221;]<div class=\" agni-section-heading text-left ihda\" ><h2 class=\"section-heading-text section-heading-text_responsive\" style=\"font-size:56px;\"><span>Sundhedspersonale k\u00f8rer gratis med GreenMobility<\/span><\/h2><div class=\"section-divide-line divide-line text-left\"><span style=\"width:180px; height:1px; background-color:#52d34c\"><\/span><\/div><p class=\"section-additional-heading-text\" style=\"font-size:22px;\">Vi vil gerne hj\u00e6lpe, hvor vi kan.<\/p><\/div>[vc_column_text]Hospitalsv\u00e6senet k\u00f8rer p\u00e5 h\u00f8jtryk, og derfor stiller GreenMobility biler til r\u00e5dighed for sundhedspersonale ansat p\u00e5 hospitalerne. Vi har fuld forst\u00e5else for det k\u00e6mpe arbejde, de g\u00f8r, og vi \u00f8nsker at hj\u00e6lpe, s\u00e5 godt vi kan!<\/p>\n<p>Derfor tilbyder vi hospitalsansatte at k\u00f8re gratis hjemmefra og til hospitalet i vores biler indtil 13. april.<\/p>\n<p><strong>OBS:\u00a0Ordningen er ikke l\u00e6ngere gyldig &#8211; men vi har fortsat \u00e5bnet for de midlertidige zoner ved hospitalerne! Vi takker alle for indsatsen!<\/strong>[\/vc_column_text][\/vc_column][vc_column padding_top=&#8221;30px&#8221;][vc_empty_space height=&#8221;20px&#8221;]<div class=\"row service-box-container\" style=\"margin: 0px -15px;\"><div class=\"service-box-column col-xs-12 col-sm-4 col-md-3 col-lg-3\" style=\"padding: 15px;\" ><div class =\"service-box service-box-style-1 text-center service-has-border \" style=\"border-color: ; \">\r\n\t\t\t\t\t\t<div class=\" agni-icon has-icon \" ><span class=\"agni-icon-container\" style=\"border-radius:50%; color:#000000; \"><a href=\"https:\/\/app.adjust.com\/bze7zzu\"><i class=\"pe-7s-add-user  \" style=\"border-radius:50%; color:#000000; \"><\/i><\/a><\/span><\/div><h6 class=\"service-box-heading\" style=\"font-size:24px; color:#000000;\">1. Opret en bruger<\/h6><div class=\"divide-line text-center\"><span style=\"background-color:#81d742\"><\/span><\/div><div class=\"service-box-description\" >Download vores app. Tilf\u00f8j k\u00f8rekort og et billede af dig selv i appen.<\/div>\r\n\t\t\t\t\t<\/div><\/div><div class=\"service-box-column col-xs-12 col-sm-4 col-md-3 col-lg-3\" style=\"padding: 15px;\" ><div class =\"service-box service-box-style-1 text-center \" >\r\n\t\t\t\t\t\t<div class=\" agni-icon has-icon \" ><span class=\"agni-icon-container\" style=\"border-radius:50%; color:#000000; \"><i class=\"ion-android-send  \" style=\"border-radius:50%; color:#000000; \"><\/i><\/span><\/div><h6 class=\"service-box-heading\" style=\"font-size:24px; \">2. Skriv til os<\/h6><div class=\"divide-line text-center\"><span style=\"background-color:#81d742\"><\/span><\/div><div class=\"service-box-description\" >Skriv til hej@greenmobility.com at du er hospitalsansat og vedh\u00e6ft et billede af dit medarbejderkort og et selfie.<\/div>\r\n\t\t\t\t\t<\/div><\/div><div class=\"service-box-column col-xs-12 col-sm-4 col-md-3 col-lg-3\" style=\"padding: 15px;\" ><div class =\"service-box service-box-style-1 text-center \" >\r\n\t\t\t\t\t\t<div class=\" agni-icon has-icon \" ><span class=\"agni-icon-container\" style=\"border-radius:50%; color:#000000; \"><i class=\"pe-7s-like2  \" style=\"border-radius:50%; color:#000000; \"><\/i><\/span><\/div><h6 class=\"service-box-heading\" style=\"font-size:24px; \">3. Afvent godkendelse<\/h6><div class=\"divide-line text-center\"><span style=\"background-color:#81d742\"><\/span><\/div><div class=\"service-box-description\" >Vores kundeservice verificerer din profil hurtigst muligt, s\u00e5 du er klar til at k\u00f8re.<\/div>\r\n\t\t\t\t\t<\/div><\/div><div class=\"service-box-column col-xs-12 col-sm-4 col-md-3 col-lg-3\" style=\"padding: 15px;\" ><div class =\"service-box service-box-style-1 text-center \" >\r\n\t\t\t\t\t\t<div class=\" agni-icon has-icon \" ><span class=\"agni-icon-container\" style=\"border-radius:50%; color:#000000; \"><i class=\"pe-7f-car  \" style=\"border-radius:50%; color:#000000; \"><\/i><\/span><\/div><h6 class=\"service-box-heading\" style=\"font-size:24px; \">4. K\u00f8r gratis<\/h6><div class=\"divide-line text-center\"><span style=\"background-color:#81d742\"><\/span><\/div><div class=\"service-box-description\" >Du modtager gratis k\u00f8rsel til og fra hospitalet og er klar til at k\u00f8re. Find den n\u00e6rmeste bil i appen.<\/div>\r\n\t\t\t\t\t<\/div><\/div><\/div>[vc_empty_space height=&#8221;80px&#8221;][\/vc_column][\/vc_row][vc_row fullwidth=&#8221;has-fullwidth-column&#8221; equal_height=&#8221;yes&#8221;][vc_column align=&#8221;center&#8221; bg_color=&#8221;#bbd6af&#8221; width=&#8221;1\/2&#8243;][vc_empty_space height=&#8221;80px&#8221;][vc_custom_heading divide_line=&#8221;yes&#8221; divide_line_color=&#8221;#ffffff&#8221; text=&#8221;Husk parkeringsreglerne&#8221; font_container=&#8221;tag:h2|text_align:center|color:%23ffffff&#8221; google_fonts=&#8221;font_family:Open%20Sans%3A300%2C300italic%2Cregular%2Citalic%2C600%2C600italic%2C700%2C700italic%2C800%2C800italic|font_style:400%20regular%3A400%3Anormal&#8221; responsive_font_size=&#8221;yes&#8221;][vc_empty_space height=&#8221;20px&#8221;][vc_column_text padding_right=&#8221;100&#8243; padding_left=&#8221;100&#8243;]<span style=\"color: #ffffff;\">F\u00f8lg vores generelle parkeringsregler:<\/span><\/p>\n<ul style=\"list-style-type: circle;\">\n<li style=\"text-align: left;\"><span style=\"color: #ffffff;\">Der kan parkeres frit p\u00e5 alle P-pladser uden tidsbegr\u00e6nsning (Dog ikke reserverede P-pladser)<\/span><\/li>\n<li style=\"text-align: left;\"><span style=\"color: #ffffff;\">Der kan parkeres frit p\u00e5 alle tidsbegr\u00e6nset P-pladser, hvor tidsbegr\u00e6nsningen er 2 timer eller derover (Husk at tjekke p-skiven)<\/span><\/li>\n<li style=\"text-align: left;\"><span style=\"color: #ffffff;\">P\u00e5 El-bilspladser med tidsbegr\u00e6nsning, skal bilen ikke v\u00e6re under opladning, men tidsbegr\u00e6nsningen skal overholdes. (Der bliver ikke skiltet med parkering forbudt for biler fra Green Mobility)<\/span><\/li>\n<li style=\"text-align: left;\"><span style=\"color: #ffffff;\">Alle andre regler for omr\u00e5det skal selvf\u00f8lgelig f\u00f8lges s\u00e5ledes at parkering udenfor b\u00e5s og parkering p\u00e5 brand- og k\u00f8revej er forbudt.<\/span><\/li>\n<li style=\"text-align: left;\"><span style=\"color: #ffffff;\">Vi opfordrer ogs\u00e5 alle til at s\u00e6tte bilen til opladning efter brug. S\u00e5 er vi sikre p\u00e5 at der er nok opladte biler til alle. <a style=\"color: #ffffff;\" href=\"https:\/\/greenmobility.com\/dk\/da\/opladning\/\">Se vores guide til opladning.<\/a><\/span><\/li>\n<\/ul>\n<p>[\/vc_column_text][vc_empty_space height=&#8221;20px&#8221;]<div class=\" call-to-action call-to-action-style-1\"><div class=\"call-to-action-description\"><\/div><div class=\"call-to-action-button\"><a class=\"btn btn-alt btn-white \" target=\"_self\" href=\"\" style=\"margin-top: 10px; \"> L\u00e6s mere om parkering<\/a><\/div><\/div>[vc_empty_space height=&#8221;80px&#8221;][\/vc_column][vc_column bg_choice=&#8221;2&#8243; bg_image=&#8221;1678&#8243; width=&#8221;1\/2&#8243;][vc_empty_space height=&#8221;300px&#8221;][\/vc_column][\/vc_row][vc_row fullwidth=&#8221;has-fullwidth-column&#8221; equal_height=&#8221;yes&#8221;][vc_column bg_choice=&#8221;2&#8243; bg_image=&#8221;2078&#8243; width=&#8221;1\/2&#8243;][vc_empty_space height=&#8221;300px&#8221;][\/vc_column][vc_column align=&#8221;center&#8221; bg_color=&#8221;#bbd6af&#8221; width=&#8221;1\/2&#8243;][vc_empty_space height=&#8221;80px&#8221;][vc_custom_heading divide_line=&#8221;yes&#8221; divide_line_color=&#8221;#ffffff&#8221; text=&#8221;Her kan du k\u00f8re hen&#8221; font_container=&#8221;tag:h2|text_align:center|color:%23ffffff&#8221; google_fonts=&#8221;font_family:Open%20Sans%3A300%2C300italic%2Cregular%2Citalic%2C600%2C600italic%2C700%2C700italic%2C800%2C800italic|font_style:400%20regular%3A400%3Anormal&#8221; responsive_font_size=&#8221;yes&#8221;][vc_empty_space height=&#8221;20px&#8221;][vc_column_text padding_right=&#8221;100&#8243; padding_left=&#8221;100&#8243;]<\/p>\n<p style=\"text-align: left;\"><span style=\"color: #ffffff;\"><strong>Region Hovedstaden:<\/strong><\/span><\/p>\n<ul style=\"list-style-type: circle;\">\n<li style=\"text-align: left;\"><span style=\"color: #ffffff;\">Gentofte<\/span><\/li>\n<li style=\"text-align: left;\"><span style=\"color: #ffffff;\">Herlev<\/span><\/li>\n<li style=\"text-align: left;\"><span style=\"color: #ffffff;\">Hvidovre<\/span><\/li>\n<li style=\"text-align: left;\"><span style=\"color: #ffffff;\">Amager<\/span><\/li>\n<li style=\"text-align: left;\"><span style=\"color: #ffffff;\">Frederiksberg<\/span><\/li>\n<li style=\"text-align: left;\"><span style=\"color: #ffffff;\">Bispebjerg<\/span><\/li>\n<li style=\"text-align: left;\"><span style=\"color: #ffffff;\">Glostrup<\/span><\/li>\n<li style=\"text-align: left;\"><span style=\"color: #ffffff;\">Rigshospitalet<\/span><\/li>\n<\/ul>\n<p style=\"text-align: left;\"><span style=\"color: #ffffff;\">Parkering er tilladt p\u00e5 alle tidsbegr\u00e6nset parkeringspladser, samt personaleparking i Region Hovedstaden.<\/span><\/p>\n<p style=\"text-align: left;\"><span style=\"color: #ffffff;\"><strong>Region Midtjylland:<\/strong><\/span><\/p>\n<ul style=\"list-style-type: circle;\">\n<li style=\"text-align: left;\"><span style=\"color: #ffffff;\">Aarhus Universitetshospital<\/span><\/li>\n<\/ul>\n<p>[\/vc_column_text][vc_empty_space height=&#8221;80px&#8221;][\/vc_column][\/vc_row][vc_row fullwidth=&#8221;has-fullwidth-column&#8221; content_placement=&#8221;middle&#8221; margin_top=&#8221;50&#8243; margin_bottom=&#8221;20&#8243;][vc_column][vc_custom_heading divide_line=&#8221;yes&#8221; divide_line_color=&#8221;#81d742&#8243; text=&#8221;Ring 70 77 88 88 for support&#8221; font_container=&#8221;tag:h2|text_align:center&#8221; google_fonts=&#8221;font_family:Open%20Sans%3A300%2C300italic%2Cregular%2Citalic%2C600%2C600italic%2C700%2C700italic%2C800%2C800italic|font_style:400%20regular%3A400%3Anormal&#8221; responsive_font_size=&#8221;yes&#8221;][vc_column_text]<\/p>\n<p style=\"text-align: center;\">Vi arbejder p\u00e5 h\u00f8jtryk for at skabe de bedste omst\u00e6ndigheder for alle, imens sundhedspersonale k\u00f8rer gratis med GreenMobility.<\/p>\n<p style=\"text-align: center;\">For at v\u00e6re sikker p\u00e5 at vi kan hj\u00e6lpe alle, beder vi jer om at kontakte os telefonisk p\u00e5 +45 7077 8888 mellem 8-16.<\/p>\n<p style=\"text-align: center;\">Vi kigger j\u00e6vnligt vores email-indbakke igennem &#8211; og for optimal behandling til sundhedspersonale (og almene borgere for andre henvendelser) beder vi om t\u00e5lmodighed, og at du f\u00e6rdigg\u00f8r tilmeldingsflowet som anvist \u00f8verst med k\u00f8rekort og selfie.<\/p>\n<p>[\/vc_column_text][vc_empty_space height=&#8221;70px&#8221;][\/vc_column][\/vc_row][vc_row fullwidth=&#8221;has-fullwidth-column&#8221;][vc_column bg_color=&#8221;#f2f2f2&#8243;][vc_empty_space height=&#8221;70px&#8221;]<div class=\"carousel-testimonials \" data-testimonial-gutter=\"30\" data-testimonial-autoplay=\"true\" data-testimonial-autoplay-timeout=\"4000\" data-testimonial-autoplay-speed=\"700\" data-testimonial-autoplay-hover=\"true\" data-testimonial-loop=\"true\" data-testimonial-pagination=\"false\" data-test-0=\"1\" data-test-768=\"1\" data-test-992=\"1\" data-test-1200=\"1\" ><div id=\"post-3618\" class=\"testimonial-column  post-3618 testimonials type-testimonials status-publish hentry quote_types-consumer \" style=\"\" >\r\n                    <div class=\"testimonial-content text-center testimonial-style-2 \" >\r\n                        <p class=\"testimonial-quote-text\">&quot;K\u00f8rte i GreenMobility til et m\u00f8de, og de andre m\u00f8dedeltagere bem\u00e6rkede det og kommenterede, at det var en super ide&quot;.<\/p><div class=\"testimonial-avatar\"><\/div>\r\n                        <div class=\"testimonial-meta\">\r\n                            <p class=\"testimonial-quote-cite\">Inge Rosendal<\/p>\r\n                        <\/div>\r\n                    <\/div>\r\n                <\/div><div id=\"post-3617\" class=\"testimonial-column  post-3617 testimonials type-testimonials status-publish hentry quote_types-consumer \" style=\"\" >\r\n                    <div class=\"testimonial-content text-center testimonial-style-2 \" >\r\n                        <p class=\"testimonial-quote-text\">&quot;N\u00e5r trafikken flyder, og din GreenMobility er i n\u00e6rheden, s\u00e5 er du fra A til B hurtigere end nogen anden transportform&quot;.\r\n<\/p><div class=\"testimonial-avatar\"><\/div>\r\n                        <div class=\"testimonial-meta\">\r\n                            <p class=\"testimonial-quote-cite\">Henrik Mathiassen<\/p>\r\n                        <\/div>\r\n                    <\/div>\r\n                <\/div><div id=\"post-3616\" class=\"testimonial-column  post-3616 testimonials type-testimonials status-publish hentry quote_types-consumer \" style=\"\" >\r\n                    <div class=\"testimonial-content text-center testimonial-style-2 \" >\r\n                        <p class=\"testimonial-quote-text\">&quot;Ringede for at oprette mig og vupti - 10 minutter senere var jeg godkendt og k\u00f8reklar!&quot;\r\n<\/p><div class=\"testimonial-avatar\"><\/div>\r\n                        <div class=\"testimonial-meta\">\r\n                            <p class=\"testimonial-quote-cite\">Janne Broholm<\/p>\r\n                        <\/div>\r\n                    <\/div>\r\n                <\/div><\/div>[vc_empty_space height=&#8221;70px&#8221;][\/vc_column][\/vc_row]<\/p>\n<\/div>","protected":false},"excerpt":{"rendered":"<p>[vc_row padding_top=&#8221;3.5%&#8221; padding_bottom=&#8221;3%&#8221; border_top=&#8221;1&#8243; border_color=&#8221;#dddddd&#8221; border_style=&#8221;solid&#8221; el_id=&#8221;our-approach&#8221; el_class=&#8221;our-approach&#8221;][vc_column][vc_empty_space height=&#8221;50px&#8221;][vc_column_text]Hospitalsv\u00e6senet k\u00f8rer p\u00e5 h\u00f8jtryk, og derfor stiller GreenMobility biler til r\u00e5dighed for sundhedspersonale ansat p\u00e5 hospitalerne. Vi har fuld forst\u00e5else for det k\u00e6mpe arbejde, de g\u00f8r, og vi \u00f8nsker at hj\u00e6lpe, s\u00e5 godt vi kan! Derfor tilbyder vi hospitalsansatte at k\u00f8re gratis hjemmefra og til hospitalet i [&hellip;]<\/p>\n","protected":false},"author":7,"featured_media":0,"parent":0,"menu_order":0,"comment_status":"closed","ping_status":"closed","template":"","meta":{"om_disable_all_campaigns":false,"footnotes":"","_links_to":"","_links_to_target":""},"class_list":["post-2075","page","type-page","status-publish","hentry"],"yoast_head":"<!-- This site is optimized with the Yoast SEO plugin v26.7 - https:\/\/yoast.com\/wordpress\/plugins\/seo\/ -->\n<title>Sundhedspersonale k\u00f8rer gratis med GreenMobility - GreenMobility<\/title>\n<meta name=\"description\" content=\"Vi vil gerne hj\u00e6lpe, hvor vi kan. Sundhedspersonale k\u00f8rer gratis med GreenMobility under det meste af coronakrisen. Se mere om gratis k\u00f8rsel til hospitalet.\" \/>\n<meta name=\"robots\" content=\"index, follow, max-snippet:-1, max-image-preview:large, max-video-preview:-1\" \/>\n<link rel=\"canonical\" href=\"https:\/\/www.greenmobility.com\/dk\/da\/hospitalsansatte-koerer-gratis\/\" \/>\n<meta property=\"og:locale\" content=\"da_DK\" \/>\n<meta property=\"og:type\" content=\"article\" \/>\n<meta property=\"og:title\" content=\"Sundhedspersonale k\u00f8rer gratis med GreenMobility - GreenMobility\" \/>\n<meta property=\"og:description\" content=\"Vi vil gerne hj\u00e6lpe, hvor vi kan. Sundhedspersonale k\u00f8rer gratis med GreenMobility under det meste af coronakrisen. Se mere om gratis k\u00f8rsel til hospitalet.\" \/>\n<meta property=\"og:url\" content=\"https:\/\/www.greenmobility.com\/dk\/da\/hospitalsansatte-koerer-gratis\/\" \/>\n<meta property=\"og:site_name\" content=\"GreenMobility Denmark\" \/>\n<meta property=\"article:modified_time\" content=\"2021-03-12T12:20:01+00:00\" \/>\n<meta name=\"twitter:card\" content=\"summary_large_image\" \/>\n<meta name=\"twitter:label1\" content=\"Estimeret l\u00e6setid\" \/>\n\t<meta name=\"twitter:data1\" content=\"7 minutter\" \/>\n<script type=\"application\/ld+json\" class=\"yoast-schema-graph\">{\"@context\":\"https:\/\/schema.org\",\"@graph\":[{\"@type\":\"WebPage\",\"@id\":\"https:\/\/www.greenmobility.com\/dk\/da\/hospitalsansatte-koerer-gratis\/\",\"url\":\"https:\/\/www.greenmobility.com\/dk\/da\/hospitalsansatte-koerer-gratis\/\",\"name\":\"Sundhedspersonale k\u00f8rer gratis med GreenMobility - GreenMobility\",\"isPartOf\":{\"@id\":\"https:\/\/www.greenmobility.com\/dk\/da\/#website\"},\"datePublished\":\"2020-05-10T14:15:38+00:00\",\"dateModified\":\"2021-03-12T12:20:01+00:00\",\"description\":\"Vi vil gerne hj\u00e6lpe, hvor vi kan. Sundhedspersonale k\u00f8rer gratis med GreenMobility under det meste af coronakrisen. Se mere om gratis k\u00f8rsel til hospitalet.\",\"breadcrumb\":{\"@id\":\"https:\/\/www.greenmobility.com\/dk\/da\/hospitalsansatte-koerer-gratis\/#breadcrumb\"},\"inLanguage\":\"da-DK\",\"potentialAction\":[{\"@type\":\"ReadAction\",\"target\":[\"https:\/\/www.greenmobility.com\/dk\/da\/hospitalsansatte-koerer-gratis\/\"]}]},{\"@type\":\"BreadcrumbList\",\"@id\":\"https:\/\/www.greenmobility.com\/dk\/da\/hospitalsansatte-koerer-gratis\/#breadcrumb\",\"itemListElement\":[{\"@type\":\"ListItem\",\"position\":1,\"name\":\"Home\",\"item\":\"https:\/\/www.greenmobility.com\/dk\/da\/\"},{\"@type\":\"ListItem\",\"position\":2,\"name\":\"Sundhedspersonale\"}]},{\"@type\":\"WebSite\",\"@id\":\"https:\/\/www.greenmobility.com\/dk\/da\/#website\",\"url\":\"https:\/\/www.greenmobility.com\/dk\/da\/\",\"name\":\"GreenMobility Denmark\",\"description\":\"\",\"publisher\":{\"@id\":\"https:\/\/www.greenmobility.com\/dk\/da\/#organization\"},\"potentialAction\":[{\"@type\":\"SearchAction\",\"target\":{\"@type\":\"EntryPoint\",\"urlTemplate\":\"https:\/\/www.greenmobility.com\/dk\/da\/?s={search_term_string}\"},\"query-input\":{\"@type\":\"PropertyValueSpecification\",\"valueRequired\":true,\"valueName\":\"search_term_string\"}}],\"inLanguage\":\"da-DK\"},{\"@type\":\"Organization\",\"@id\":\"https:\/\/www.greenmobility.com\/dk\/da\/#organization\",\"name\":\"GreenMobility\",\"url\":\"https:\/\/www.greenmobility.com\/dk\/da\/\",\"logo\":{\"@type\":\"ImageObject\",\"inLanguage\":\"da-DK\",\"@id\":\"https:\/\/www.greenmobility.com\/dk\/da\/#\/schema\/logo\/image\/\",\"url\":\"https:\/\/www.greenmobility.com\/dk\/wp-content\/uploads\/sites\/9\/2021\/06\/logo-EM-DK.png\",\"contentUrl\":\"https:\/\/www.greenmobility.com\/dk\/wp-content\/uploads\/sites\/9\/2021\/06\/logo-EM-DK.png\",\"width\":3125,\"height\":788,\"caption\":\"GreenMobility\"},\"image\":{\"@id\":\"https:\/\/www.greenmobility.com\/dk\/da\/#\/schema\/logo\/image\/\"}}]}<\/script>\n<!-- \/ Yoast SEO plugin. -->","yoast_head_json":{"title":"Sundhedspersonale k\u00f8rer gratis med GreenMobility - GreenMobility","description":"Vi vil gerne hj\u00e6lpe, hvor vi kan. Sundhedspersonale k\u00f8rer gratis med GreenMobility under det meste af coronakrisen. Se mere om gratis k\u00f8rsel til hospitalet.","robots":{"index":"index","follow":"follow","max-snippet":"max-snippet:-1","max-image-preview":"max-image-preview:large","max-video-preview":"max-video-preview:-1"},"canonical":"https:\/\/www.greenmobility.com\/dk\/da\/hospitalsansatte-koerer-gratis\/","og_locale":"da_DK","og_type":"article","og_title":"Sundhedspersonale k\u00f8rer gratis med GreenMobility - GreenMobility","og_description":"Vi vil gerne hj\u00e6lpe, hvor vi kan. Sundhedspersonale k\u00f8rer gratis med GreenMobility under det meste af coronakrisen. Se mere om gratis k\u00f8rsel til hospitalet.","og_url":"https:\/\/www.greenmobility.com\/dk\/da\/hospitalsansatte-koerer-gratis\/","og_site_name":"GreenMobility Denmark","article_modified_time":"2021-03-12T12:20:01+00:00","twitter_card":"summary_large_image","twitter_misc":{"Estimeret l\u00e6setid":"7 minutter"},"schema":{"@context":"https:\/\/schema.org","@graph":[{"@type":"WebPage","@id":"https:\/\/www.greenmobility.com\/dk\/da\/hospitalsansatte-koerer-gratis\/","url":"https:\/\/www.greenmobility.com\/dk\/da\/hospitalsansatte-koerer-gratis\/","name":"Sundhedspersonale k\u00f8rer gratis med GreenMobility - GreenMobility","isPartOf":{"@id":"https:\/\/www.greenmobility.com\/dk\/da\/#website"},"datePublished":"2020-05-10T14:15:38+00:00","dateModified":"2021-03-12T12:20:01+00:00","description":"Vi vil gerne hj\u00e6lpe, hvor vi kan. Sundhedspersonale k\u00f8rer gratis med GreenMobility under det meste af coronakrisen. Se mere om gratis k\u00f8rsel til hospitalet.","breadcrumb":{"@id":"https:\/\/www.greenmobility.com\/dk\/da\/hospitalsansatte-koerer-gratis\/#breadcrumb"},"inLanguage":"da-DK","potentialAction":[{"@type":"ReadAction","target":["https:\/\/www.greenmobility.com\/dk\/da\/hospitalsansatte-koerer-gratis\/"]}]},{"@type":"BreadcrumbList","@id":"https:\/\/www.greenmobility.com\/dk\/da\/hospitalsansatte-koerer-gratis\/#breadcrumb","itemListElement":[{"@type":"ListItem","position":1,"name":"Home","item":"https:\/\/www.greenmobility.com\/dk\/da\/"},{"@type":"ListItem","position":2,"name":"Sundhedspersonale"}]},{"@type":"WebSite","@id":"https:\/\/www.greenmobility.com\/dk\/da\/#website","url":"https:\/\/www.greenmobility.com\/dk\/da\/","name":"GreenMobility Denmark","description":"","publisher":{"@id":"https:\/\/www.greenmobility.com\/dk\/da\/#organization"},"potentialAction":[{"@type":"SearchAction","target":{"@type":"EntryPoint","urlTemplate":"https:\/\/www.greenmobility.com\/dk\/da\/?s={search_term_string}"},"query-input":{"@type":"PropertyValueSpecification","valueRequired":true,"valueName":"search_term_string"}}],"inLanguage":"da-DK"},{"@type":"Organization","@id":"https:\/\/www.greenmobility.com\/dk\/da\/#organization","name":"GreenMobility","url":"https:\/\/www.greenmobility.com\/dk\/da\/","logo":{"@type":"ImageObject","inLanguage":"da-DK","@id":"https:\/\/www.greenmobility.com\/dk\/da\/#\/schema\/logo\/image\/","url":"https:\/\/www.greenmobility.com\/dk\/wp-content\/uploads\/sites\/9\/2021\/06\/logo-EM-DK.png","contentUrl":"https:\/\/www.greenmobility.com\/dk\/wp-content\/uploads\/sites\/9\/2021\/06\/logo-EM-DK.png","width":3125,"height":788,"caption":"GreenMobility"},"image":{"@id":"https:\/\/www.greenmobility.com\/dk\/da\/#\/schema\/logo\/image\/"}}]}},"_links":{"self":[{"href":"https:\/\/www.greenmobility.com\/dk\/da\/wp-json\/wp\/v2\/pages\/2075","targetHints":{"allow":["GET"]}}],"collection":[{"href":"https:\/\/www.greenmobility.com\/dk\/da\/wp-json\/wp\/v2\/pages"}],"about":[{"href":"https:\/\/www.greenmobility.com\/dk\/da\/wp-json\/wp\/v2\/types\/page"}],"author":[{"embeddable":true,"href":"https:\/\/www.greenmobility.com\/dk\/da\/wp-json\/wp\/v2\/users\/7"}],"replies":[{"embeddable":true,"href":"https:\/\/www.greenmobility.com\/dk\/da\/wp-json\/wp\/v2\/comments?post=2075"}],"version-history":[{"count":0,"href":"https:\/\/www.greenmobility.com\/dk\/da\/wp-json\/wp\/v2\/pages\/2075\/revisions"}],"wp:attachment":[{"href":"https:\/\/www.greenmobility.com\/dk\/da\/wp-json\/wp\/v2\/media?parent=2075"}],"curies":[{"name":"wp","href":"https:\/\/api.w.org\/{rel}","templated":true}]}}