{"id":1728,"date":"2020-02-17T16:22:49","date_gmt":"2020-02-17T15:22:49","guid":{"rendered":"http:\/\/greenmobility.wpengine.com\/dk\/?page_id=1728"},"modified":"2026-04-09T12:51:49","modified_gmt":"2026-04-09T11:51:49","slug":"elbiler","status":"publish","type":"page","link":"https:\/\/www.greenmobility.com\/dk\/da\/elbiler\/","title":{"rendered":"Bilerne"},"content":{"rendered":"<div class=\"wpb-content-wrapper\"><p>[vc_row padding_top=&#8221;3%&#8221;][vc_column padding_top=&#8221;20px&#8221;]<div class=\" agni-section-heading text-left ihda\" ><h1 class=\"section-heading-text section-heading-text_responsive\" style=\"font-size:48px;\"><span>Smarte milj\u00f8bevidste elbiler<\/span><\/h1><div class=\"section-divide-line divide-line text-left\"><span style=\"width:80px; height:2px; background-color:#3EA635\"><\/span><\/div><p class=\"section-additional-heading-text\" style=\"font-size:22px;\">Hos GreenMobility har vi elbiler til b\u00e5de hverdag og weekend<\/p><\/div>[vc_column_text]<\/p>\n<p style=\"text-align: justify;\" data-start=\"87\" data-end=\"363\">Hos GreenMobility finder du et bredt udvalg af elbiler: fra smarte bybiler og rummelige familiebiler til varevogne og multiseaters. Alle biler er elektriske, har automatgear og er klar i appen, n\u00e5r du er. Ingen partikudledning under k\u00f8rslen, mindre st\u00f8j og en mere behagelig k\u00f8reoplevelse \u2013 uden at g\u00e5 p\u00e5 kompromis med fleksibiliteten. L\u00e6s mere om vores elbiler nedenfor og v\u00e6lg en bil til en tur rundt i byen, til weekend og ferie eller n\u00e5r du skal flytte.<\/p>\n<p>[\/vc_column_text][vc_empty_space][\/vc_column][\/vc_row][vc_row fullwidth=&#8221;has-fullwidth-column&#8221; equal_height=&#8221;yes&#8221;][vc_column align=&#8221;center&#8221; bg_color=&#8221;#bbd6af&#8221; width=&#8221;1\/2&#8243;][vc_empty_space height=&#8221;80px&#8221;][vc_custom_heading divide_line=&#8221;yes&#8221; divide_line_color=&#8221;#ffffff&#8221; text=&#8221;Renault Zoe &#8211; elbiler til bylivet&#8221; font_container=&#8221;tag:h2|text_align:center|color:%23ffffff&#8221; google_fonts=&#8221;font_family:Open%20Sans%3A300%2C300italic%2Cregular%2Citalic%2C600%2C600italic%2C700%2C700italic%2C800%2C800italic|font_style:400%20regular%3A400%3Anormal&#8221; responsive_font_size=&#8221;yes&#8221;][vc_empty_space height=&#8221;20px&#8221;][vc_column_text padding_right=&#8221;5%&#8221; padding_left=&#8221;5%&#8221;]<\/p>\n<p align=\"justify\"><span style=\"color: #ffffff;\">St\u00f8rstedelen af GreenMobilitys fl\u00e5de best\u00e5r af den elektriske bybil Renault Zoe. N\u00e5r du skal et smut ind til byen, til fritidsaktiviteter eller blot har brug for en bil til hverdagen g\u00f8rem\u00e5l, er Renault Zoe praktisk og nem at komme rundt i. Samtidig har den automatgear og er nem at navigere.<\/span><\/p>\n<p>[\/vc_column_text][vc_empty_space]<div class=\" call-to-action call-to-action-style-1\"><div class=\"call-to-action-description\"><\/div><div class=\"call-to-action-button\"><a class=\"btn btn-alt btn-white \" target=\"_blank\" href=\"https:\/\/www.youtube.com\/watch?v=DVieVva5L6o&amp;list=PLyArpUku1h0o7Jh5MLuLX_uC54HDLnQ6V\" style=\"margin-top: 10px; \"> Se hvordan du k\u00f8rer<\/a><\/div><\/div>[vc_empty_space height=&#8221;80px&#8221;][\/vc_column][vc_column bg_choice=&#8221;2&#8243; bg_image=&#8221;5464&#8243; width=&#8221;1\/2&#8243; offset=&#8221;vc_hidden-xs&#8221;][vc_empty_space height=&#8221;80px&#8221; height_tab=&#8221;60&#8243; height_mobile=&#8221;40&#8243;][\/vc_column][\/vc_row][vc_row fullwidth=&#8221;has-fullwidth-column&#8221; equal_height=&#8221;yes&#8221;][vc_column bg_choice=&#8221;2&#8243; bg_image=&#8221;11225&#8243; width=&#8221;1\/2&#8243; offset=&#8221;vc_hidden-xs&#8221;][vc_empty_space height=&#8221;80px&#8221; height_tab=&#8221;60&#8243; height_mobile=&#8221;40&#8243;][\/vc_column][vc_column align=&#8221;center&#8221; bg_color=&#8221;#bbd6af&#8221; width=&#8221;1\/2&#8243;][vc_empty_space height=&#8221;80px&#8221;][vc_custom_heading divide_line=&#8221;yes&#8221; divide_line_color=&#8221;#ffffff&#8221; text=&#8221;Nissan Micra &#8211; til byk\u00f8rsel og udflugter&#8221; font_container=&#8221;tag:h2|text_align:center|color:%23ffffff&#8221; google_fonts=&#8221;font_family:Open%20Sans%3A300%2C300italic%2Cregular%2Citalic%2C600%2C600italic%2C700%2C700italic%2C800%2C800italic|font_style:400%20regular%3A400%3Anormal&#8221; responsive_font_size=&#8221;yes&#8221;][vc_empty_space height=&#8221;20px&#8221;][vc_column_text padding_right=&#8221;5%&#8221; padding_left=&#8221;5%&#8221;]<\/p>\n<p align=\"justify\"><span style=\"color: #ffffff;\">Nissan Micra er skabt til byk\u00f8rsel, men har samtidig komfort, teknologi og r\u00e6kkevidde til mere end bare de korte ture. Med op til 400 km r\u00e6kkevidde er Nissan Micra oplagt til b\u00e5de udflugter, weekend og ferier, n\u00e5r du vil have fleksibiliteten ved bil uden at eje den selv.<\/span><\/p>\n<p>[\/vc_column_text]<div class=\" call-to-action call-to-action-style-1\"><div class=\"call-to-action-description\"><\/div><div class=\"call-to-action-button\"><a class=\"btn btn-alt btn-white \" target=\"_blank\" href=\"https:\/\/www.greenmobility.com\/dk\/da\/lej-nissan-micra\/\" style=\"margin-top: 10px; \"> L\u00e6s mere om Nissan Micra<\/a><\/div><\/div>[vc_empty_space height=&#8221;80px&#8221;][\/vc_column][\/vc_row][vc_row fullwidth=&#8221;has-fullwidth-column&#8221; equal_height=&#8221;yes&#8221;][vc_column align=&#8221;center&#8221; bg_color=&#8221;#bbd6af&#8221; width=&#8221;1\/2&#8243;][vc_empty_space height=&#8221;100px&#8221;][vc_custom_heading divide_line=&#8221;yes&#8221; divide_line_color=&#8221;#ffffff&#8221; text=&#8221;Elektriske varevogne&#8221; font_container=&#8221;tag:h2|text_align:center|color:%23ffffff&#8221; google_fonts=&#8221;font_family:Open%20Sans%3A300%2C300italic%2Cregular%2Citalic%2C600%2C600italic%2C700%2C700italic%2C800%2C800italic|font_style:400%20regular%3A400%3Anormal&#8221; responsive_font_size=&#8221;yes&#8221;][vc_empty_space height=&#8221;20px&#8221;][vc_column_text padding_right=&#8221;5%&#8221; padding_left=&#8221;5%&#8221;]<\/p>\n<p style=\"text-align: justify;\"><span style=\"color: #ffffff;\">Hos GreenMobility kan du leje flere forskellige typer af varevogne, der passer til dine forskellige behov. De er alle 100% elektriske og perfekte, n\u00e5r du skal <a style=\"color: #ffffff;\" href=\"https:\/\/www.greenmobility.com\/dk\/da\/lej-en-flyttebil\/\">flytte<\/a>, i IKEA eller <a style=\"color: #ffffff;\" href=\"http:\/\/Bauhaus K\u00f8benhavn - GreenMobility Denmark\">Bauhaus<\/a> eller blot har brug for ekstra plads. Du kan kende vores varevogne p\u00e5 det gr\u00e5 ikon p\u00e5 kortet i appen.<\/span><\/p>\n<p>[\/vc_column_text][vc_empty_space]<div class=\" call-to-action call-to-action-style-1\"><div class=\"call-to-action-description\"><\/div><div class=\"call-to-action-button\"><a class=\"btn btn-alt btn-white \" target=\"_blank\" href=\"https:\/\/www.greenmobility.com\/dk\/da\/el-varevogn\/\" style=\"margin-top: 10px; \"> L\u00e6s mere om vores varevogne<\/a><\/div><\/div>[vc_empty_space height=&#8221;100px&#8221;][\/vc_column][vc_column bg_choice=&#8221;2&#8243; bg_image=&#8221;9467&#8243; width=&#8221;1\/2&#8243;][vc_empty_space height=&#8221;300px&#8221;][\/vc_column][\/vc_row][vc_row fullwidth=&#8221;has-fullwidth-column&#8221; equal_height=&#8221;yes&#8221;][vc_column bg_choice=&#8221;2&#8243; bg_image=&#8221;6100&#8243; width=&#8221;1\/2&#8243;][vc_empty_space height=&#8221;300px&#8221;][\/vc_column][vc_column align=&#8221;center&#8221; bg_color=&#8221;#bbd6af&#8221; width=&#8221;1\/2&#8243;][vc_empty_space height=&#8221;100px&#8221;][vc_custom_heading divide_line=&#8221;yes&#8221; divide_line_color=&#8221;#ffffff&#8221; text=&#8221;Den eksklusive elbil fra Polestar&#8221; font_container=&#8221;tag:h2|text_align:center|color:%23ffffff&#8221; google_fonts=&#8221;font_family:Open%20Sans%3A300%2C300italic%2Cregular%2Citalic%2C600%2C600italic%2C700%2C700italic%2C800%2C800italic|font_style:400%20regular%3A400%3Anormal&#8221; responsive_font_size=&#8221;yes&#8221;][vc_empty_space height=&#8221;20px&#8221;][vc_column_text padding_right=&#8221;5%&#8221; padding_left=&#8221;5%&#8221;]<\/p>\n<p style=\"text-align: justify;\"><span style=\"color: #ffffff;\">Polestar er GreenMobilitys eksklusive elbil i K\u00f8benhavn, der giver dig en luksuri\u00f8s og sublim k\u00f8reoplevelse. Lej en Polestar n\u00e5r du vil have ekstra komfort p\u00e5 turen og en r\u00e6kkevidde p\u00e5 helt op til 546 km (WLTP). N\u00e5r du vil leje en Polestar, er der nogle krav, du skal opfylde. Dem kan du l\u00e6se om via linket.<\/span><\/p>\n<p>[\/vc_column_text][vc_empty_space]<div class=\" call-to-action call-to-action-style-1\"><div class=\"call-to-action-description\"><\/div><div class=\"call-to-action-button\"><a class=\"btn btn-alt btn-white \" target=\"_blank\" href=\"https:\/\/www.greenmobility.com\/dk\/da\/polestar\/\" style=\"margin-top: 10px; \"> L\u00e6s mere om Polestar<\/a><\/div><\/div>[vc_empty_space height=&#8221;100px&#8221;][\/vc_column][\/vc_row][vc_row fullwidth=&#8221;has-fullwidth-column&#8221; equal_height=&#8221;yes&#8221;][vc_column align=&#8221;center&#8221; bg_color=&#8221;#bbd6af&#8221; width=&#8221;1\/2&#8243;][vc_empty_space height=&#8221;100px&#8221;][vc_custom_heading divide_line=&#8221;yes&#8221; divide_line_color=&#8221;#ffffff&#8221; text=&#8221;Mere plads med Megane&#8221; font_container=&#8221;tag:h2|text_align:center|color:%23ffffff&#8221; google_fonts=&#8221;font_family:Open%20Sans%3A300%2C300italic%2Cregular%2Citalic%2C600%2C600italic%2C700%2C700italic%2C800%2C800italic|font_style:400%20regular%3A400%3Anormal&#8221; responsive_font_size=&#8221;yes&#8221;][vc_empty_space height=&#8221;20px&#8221;][vc_column_text padding_right=&#8221;5%&#8221; padding_left=&#8221;5%&#8221;]<\/p>\n<p style=\"text-align: justify;\"><span style=\"color: #ffffff;\">Renault Megane giver dig en rummelig og komfortabel k\u00f8reoplevelse. Vores Megane er 100% elektrisk og kan k\u00f8re op til 470 km (WLTP) p\u00e5 en opladning &#8211; perfekt til de l\u00e6ngere ture.<\/span><\/p>\n<p>[\/vc_column_text][vc_empty_space]<div class=\" call-to-action call-to-action-style-1\"><div class=\"call-to-action-description\"><\/div><div class=\"call-to-action-button\"><a class=\"btn btn-alt btn-white \" target=\"_blank\" href=\"https:\/\/www.greenmobility.com\/dk\/da\/renault-megane\/\" style=\"margin-top: 10px; \"> L\u00e6s mere om Megane<\/a><\/div><\/div>[vc_empty_space height=&#8221;100px&#8221;][\/vc_column][vc_column bg_choice=&#8221;2&#8243; bg_image=&#8221;6740&#8243; bg_image_position=&#8221;center bottom&#8221; width=&#8221;1\/2&#8243;][vc_empty_space height=&#8221;300px&#8221;][\/vc_column][\/vc_row][vc_row fullwidth=&#8221;has-fullwidth-column&#8221; equal_height=&#8221;yes&#8221;][vc_column bg_choice=&#8221;2&#8243; bg_image=&#8221;9288&#8243; width=&#8221;1\/2&#8243;][vc_empty_space height=&#8221;300px&#8221;][\/vc_column][vc_column align=&#8221;center&#8221; bg_color=&#8221;#bbd6af&#8221; width=&#8221;1\/2&#8243;][vc_empty_space height=&#8221;100px&#8221;][vc_custom_heading divide_line=&#8221;yes&#8221; divide_line_color=&#8221;#ffffff&#8221; text=&#8221;ID. Buzz &#8211; din nye turmakker&#8221; font_container=&#8221;tag:h2|text_align:center|color:%23ffffff&#8221; google_fonts=&#8221;font_family:Open%20Sans%3A300%2C300italic%2Cregular%2Citalic%2C600%2C600italic%2C700%2C700italic%2C800%2C800italic|font_style:400%20regular%3A400%3Anormal&#8221; responsive_font_size=&#8221;yes&#8221;][vc_empty_space height=&#8221;20px&#8221;][vc_column_text padding_right=&#8221;5%&#8221; padding_left=&#8221;5%&#8221;]<\/p>\n<p style=\"text-align: justify;\"><span style=\"color: #ffffff;\">ID. Buzz er GreenMobilitys rummelige og ikoniske elbil til syv personer i K\u00f8benhavn \u2013 perfekt til dig, der vil have masser af plads, stil og personlighed p\u00e5 turen. Med sit karakteristiske retrodesign og gode komfort er den ideel til b\u00e5de familieudflugter, til at tage vennerne med p\u00e5 tur eller dig, der har brug for ekstra plads til alt dit udstyr.<\/span><\/p>\n<p>[\/vc_column_text][vc_empty_space]<div class=\" call-to-action call-to-action-style-1\"><div class=\"call-to-action-description\"><\/div><div class=\"call-to-action-button\"><a class=\"btn btn-alt btn-white \" target=\"_blank\" href=\"https:\/\/www.greenmobility.com\/dk\/da\/lej-id-buzz\/\" style=\"margin-top: 10px; \"> L\u00e6s mere om ID. Buzz<\/a><\/div><\/div>[vc_empty_space height=&#8221;100px&#8221;][\/vc_column][\/vc_row][vc_row margin_top=&#8221;20&#8243; margin_bottom=&#8221;30&#8243;][vc_column][vc_empty_space height=&#8221;50px&#8221;][\/vc_column][vc_column align=&#8221;right&#8221; width=&#8221;1\/2&#8243;][vc_empty_space height=&#8221;80px&#8221;][vc_column_text]<\/p>\n<h4 style=\"text-align: right;\">Find bilerne i appen.<\/h4>\n<p style=\"text-align: right;\">Kend forskel p\u00e5 bilernes ikoner.<\/p>\n<p>[\/vc_column_text][vc_empty_space]<div class=\" call-to-action call-to-action-style-1\"><div class=\"call-to-action-description\"><\/div><div class=\"call-to-action-button\"><a class=\"btn btn-alt btn-default \" target=\"_blank\" href=\"https:\/\/greenmobility.onelink.me\/uCww\/qfe39esm\" style=\"margin-top: 10px; \"> Download appen gratis<\/a><\/div><\/div>[vc_empty_space height=&#8221;40px&#8221;][vc_column_text]<\/p>\n<p style=\"text-align: right;\"><span style=\"font-size: 10pt;\"><strong>Kend forskel p\u00e5 varevogne og bybiler<\/strong><\/span><\/p>\n<p style=\"text-align: right;\" align=\"justify\">I appen kan du nemt kende forskel p\u00e5 bilerne. De almindelige elbiler har et gr\u00f8nt ikon, premium elbilerne har et m\u00f8rkegr\u00f8nt ikon, varevognene har et gr\u00e5t ikon og multiseater har et gult ikon.<\/p>\n<p>[\/vc_column_text][\/vc_column][vc_column align=&#8221;right&#8221; width=&#8221;1\/2&#8243;][vc_empty_space height=&#8221;50px&#8221;]<div class=\"agni-gallery img-carousel \"><div class=\"agni-gallery-row row carousel-gallery \" data-gallery-margin=30 data-gallery-autoplay=false data-gallery-autoplay-timeout=5000 data-gallery-autoplay-hover=true data-gallery-loop=false data-gallery-autoheight=false data-gallery-center=false data-gallery-pagination=false data-gallery-m=1 data-gallery-tp=1 data-gallery-tl=1 data-gallery-d=1  ><div class=\"custom-gallery-item agni-gallery-column\" style=\"\" ><figure class=\"agni-gallery-figure\"><img decoding=\"async\" width=\"1024\" height=\"1024\" data-src=\"https:\/\/www.greenmobility.com\/dk\/wp-content\/uploads\/sites\/9\/2026\/03\/Parking4-1024x1024.png\" class=\"attachment-large size-large lazyload\" alt=\"\" data-srcset=\"https:\/\/www.greenmobility.com\/dk\/wp-content\/uploads\/sites\/9\/2026\/03\/Parking4-1024x1024.png 1024w, https:\/\/www.greenmobility.com\/dk\/wp-content\/uploads\/sites\/9\/2026\/03\/Parking4-300x300.png 300w, https:\/\/www.greenmobility.com\/dk\/wp-content\/uploads\/sites\/9\/2026\/03\/Parking4-150x150.png 150w, https:\/\/www.greenmobility.com\/dk\/wp-content\/uploads\/sites\/9\/2026\/03\/Parking4-768x768.png 768w, https:\/\/www.greenmobility.com\/dk\/wp-content\/uploads\/sites\/9\/2026\/03\/Parking4-50x50.png 50w, https:\/\/www.greenmobility.com\/dk\/wp-content\/uploads\/sites\/9\/2026\/03\/Parking4-960x960.png 960w, https:\/\/www.greenmobility.com\/dk\/wp-content\/uploads\/sites\/9\/2026\/03\/Parking4.png 1080w\" data-sizes=\"(max-width: 1024px) 100vw, 1024px\" src=\"data:image\/svg+xml;base64,PHN2ZyB3aWR0aD0iMSIgaGVpZ2h0PSIxIiB4bWxucz0iaHR0cDovL3d3dy53My5vcmcvMjAwMC9zdmciPjwvc3ZnPg==\" style=\"--smush-placeholder-width: 1024px; --smush-placeholder-aspect-ratio: 1024\/1024;\" \/><\/figure><\/div><\/div><\/div>[\/vc_column][\/vc_row][vc_row margin_bottom=&#8221;32&#8243;][vc_column align=&#8221;center&#8221;][vc_empty_space height=&#8221;80px&#8221;][vc_custom_heading divide_line=&#8221;yes&#8221; divide_line_height=&#8221;2&#8243; divide_line_color=&#8221;#81d742&#8243; text=&#8221;Alt er med i prisen&#8221; font_container=&#8221;tag:h3|text_align:center&#8221; google_fonts=&#8221;font_family:Open%20Sans%3A300%2C300italic%2Cregular%2Citalic%2C600%2C600italic%2C700%2C700italic%2C800%2C800italic|font_style:400%20regular%3A400%3Anormal&#8221; responsive_font_size=&#8221;yes&#8221;][vc_column_text]<\/p>\n<div id=\"\" class=\"agni_text_column agni-text-block \">\n<p>Str\u00f8m, parkering, forsikring og vedligehold er inkluderet. Vi har all-inclusive priser, som passer til dine forskellige k\u00f8rselsbehov \u2013 ligegyldigt om du skal bruge os i 2 minutter eller 2 d\u00f8gn.<\/p>\n<\/div>\n<div class=\" call-to-action call-to-action-style-1\">\n<div class=\"call-to-action-description\"><\/div>\n<div class=\"call-to-action-button\"><\/div>\n<\/div>\n<p>[\/vc_column_text]<div class=\" call-to-action call-to-action-style-1\"><div class=\"call-to-action-description\"><\/div><div class=\"call-to-action-button\"><a class=\"btn btn-alt btn-default \" target=\"_self\" href=\"https:\/\/www.greenmobility.com\/dk\/da\/priser\/\" style=\"margin-top: 10px; \"> Se vores priser<\/a><\/div><\/div>[vc_empty_space height=&#8221;50px&#8221; height_tab=&#8221;40&#8243; height_mobile=&#8221;30&#8243;][\/vc_column][\/vc_row]<\/p>\n<\/div>","protected":false},"excerpt":{"rendered":"<p>[vc_row padding_top=&#8221;3%&#8221;][vc_column padding_top=&#8221;20px&#8221;][vc_column_text] Hos GreenMobility finder du et bredt udvalg af elbiler: fra smarte bybiler og rummelige familiebiler til varevogne og multiseaters. Alle biler er elektriske, har automatgear og er klar i appen, n\u00e5r du er. Ingen partikudledning under k\u00f8rslen, mindre st\u00f8j og en mere behagelig k\u00f8reoplevelse \u2013 uden at g\u00e5 p\u00e5 kompromis med fleksibiliteten. [&hellip;]<\/p>\n","protected":false},"author":38,"featured_media":0,"parent":0,"menu_order":0,"comment_status":"closed","ping_status":"closed","template":"","meta":{"om_disable_all_campaigns":false,"footnotes":"","_links_to":"","_links_to_target":""},"class_list":["post-1728","page","type-page","status-publish","hentry"],"yoast_head":"<!-- This site is optimized with the Yoast SEO plugin v27.3 - https:\/\/yoast.com\/product\/yoast-seo-wordpress\/ -->\n<title>Milj\u00f8bevidste elbiler | L\u00e6s om lejebilerne hos GreenMobility<\/title>\n<meta name=\"description\" content=\"Hos GreenMobility har vi over 1.000 mij\u00f8bevidste lejebiler i Danmark. Vi har biltyper til alle behov som er 100% eldrevne. Bliv klogere her!\" \/>\n<meta name=\"robots\" content=\"index, follow, max-snippet:-1, max-image-preview:large, max-video-preview:-1\" \/>\n<link rel=\"canonical\" href=\"https:\/\/www.greenmobility.com\/dk\/da\/elbiler\/\" \/>\n<meta property=\"og:locale\" content=\"da_DK\" \/>\n<meta property=\"og:type\" content=\"article\" \/>\n<meta property=\"og:title\" content=\"Milj\u00f8bevidste elbiler | L\u00e6s om lejebilerne hos GreenMobility\" \/>\n<meta property=\"og:description\" content=\"Hos GreenMobility har vi over 1.000 mij\u00f8bevidste lejebiler i Danmark. Vi har biltyper til alle behov som er 100% eldrevne. Bliv klogere her!\" \/>\n<meta property=\"og:url\" content=\"https:\/\/www.greenmobility.com\/dk\/da\/elbiler\/\" \/>\n<meta property=\"og:site_name\" content=\"GreenMobility Denmark\" \/>\n<meta property=\"article:modified_time\" content=\"2026-04-09T11:51:49+00:00\" \/>\n<meta name=\"twitter:card\" content=\"summary_large_image\" \/>\n<meta name=\"twitter:label1\" content=\"Estimeret l\u00e6setid\" \/>\n\t<meta name=\"twitter:data1\" content=\"3 minutter\" \/>\n<script type=\"application\/ld+json\" class=\"yoast-schema-graph\">{\"@context\":\"https:\\\/\\\/schema.org\",\"@graph\":[{\"@type\":\"WebPage\",\"@id\":\"https:\\\/\\\/www.greenmobility.com\\\/dk\\\/da\\\/elbiler\\\/\",\"url\":\"https:\\\/\\\/www.greenmobility.com\\\/dk\\\/da\\\/elbiler\\\/\",\"name\":\"Milj\u00f8bevidste elbiler | L\u00e6s om lejebilerne hos GreenMobility\",\"isPartOf\":{\"@id\":\"https:\\\/\\\/www.greenmobility.com\\\/dk\\\/da\\\/#website\"},\"datePublished\":\"2020-02-17T15:22:49+00:00\",\"dateModified\":\"2026-04-09T11:51:49+00:00\",\"description\":\"Hos GreenMobility har vi over 1.000 mij\u00f8bevidste lejebiler i Danmark. Vi har biltyper til alle behov som er 100% eldrevne. Bliv klogere her!\",\"breadcrumb\":{\"@id\":\"https:\\\/\\\/www.greenmobility.com\\\/dk\\\/da\\\/elbiler\\\/#breadcrumb\"},\"inLanguage\":\"da-DK\",\"potentialAction\":[{\"@type\":\"ReadAction\",\"target\":[\"https:\\\/\\\/www.greenmobility.com\\\/dk\\\/da\\\/elbiler\\\/\"]}]},{\"@type\":\"BreadcrumbList\",\"@id\":\"https:\\\/\\\/www.greenmobility.com\\\/dk\\\/da\\\/elbiler\\\/#breadcrumb\",\"itemListElement\":[{\"@type\":\"ListItem\",\"position\":1,\"name\":\"Home\",\"item\":\"https:\\\/\\\/www.greenmobility.com\\\/dk\\\/da\\\/\"},{\"@type\":\"ListItem\",\"position\":2,\"name\":\"Bilerne\"}]},{\"@type\":\"WebSite\",\"@id\":\"https:\\\/\\\/www.greenmobility.com\\\/dk\\\/da\\\/#website\",\"url\":\"https:\\\/\\\/www.greenmobility.com\\\/dk\\\/da\\\/\",\"name\":\"GreenMobility Denmark\",\"description\":\"\",\"publisher\":{\"@id\":\"https:\\\/\\\/www.greenmobility.com\\\/dk\\\/da\\\/#organization\"},\"potentialAction\":[{\"@type\":\"SearchAction\",\"target\":{\"@type\":\"EntryPoint\",\"urlTemplate\":\"https:\\\/\\\/www.greenmobility.com\\\/dk\\\/da\\\/?s={search_term_string}\"},\"query-input\":{\"@type\":\"PropertyValueSpecification\",\"valueRequired\":true,\"valueName\":\"search_term_string\"}}],\"inLanguage\":\"da-DK\"},{\"@type\":\"Organization\",\"@id\":\"https:\\\/\\\/www.greenmobility.com\\\/dk\\\/da\\\/#organization\",\"name\":\"GreenMobility\",\"url\":\"https:\\\/\\\/www.greenmobility.com\\\/dk\\\/da\\\/\",\"logo\":{\"@type\":\"ImageObject\",\"inLanguage\":\"da-DK\",\"@id\":\"https:\\\/\\\/www.greenmobility.com\\\/dk\\\/da\\\/#\\\/schema\\\/logo\\\/image\\\/\",\"url\":\"https:\\\/\\\/www.greenmobility.com\\\/dk\\\/wp-content\\\/uploads\\\/sites\\\/9\\\/2021\\\/06\\\/logo-EM-DK.png\",\"contentUrl\":\"https:\\\/\\\/www.greenmobility.com\\\/dk\\\/wp-content\\\/uploads\\\/sites\\\/9\\\/2021\\\/06\\\/logo-EM-DK.png\",\"width\":3125,\"height\":788,\"caption\":\"GreenMobility\"},\"image\":{\"@id\":\"https:\\\/\\\/www.greenmobility.com\\\/dk\\\/da\\\/#\\\/schema\\\/logo\\\/image\\\/\"}}]}<\/script>\n<!-- \/ Yoast SEO plugin. -->","yoast_head_json":{"title":"Milj\u00f8bevidste elbiler | L\u00e6s om lejebilerne hos GreenMobility","description":"Hos GreenMobility har vi over 1.000 mij\u00f8bevidste lejebiler i Danmark. Vi har biltyper til alle behov som er 100% eldrevne. Bliv klogere her!","robots":{"index":"index","follow":"follow","max-snippet":"max-snippet:-1","max-image-preview":"max-image-preview:large","max-video-preview":"max-video-preview:-1"},"canonical":"https:\/\/www.greenmobility.com\/dk\/da\/elbiler\/","og_locale":"da_DK","og_type":"article","og_title":"Milj\u00f8bevidste elbiler | L\u00e6s om lejebilerne hos GreenMobility","og_description":"Hos GreenMobility har vi over 1.000 mij\u00f8bevidste lejebiler i Danmark. Vi har biltyper til alle behov som er 100% eldrevne. Bliv klogere her!","og_url":"https:\/\/www.greenmobility.com\/dk\/da\/elbiler\/","og_site_name":"GreenMobility Denmark","article_modified_time":"2026-04-09T11:51:49+00:00","twitter_card":"summary_large_image","twitter_misc":{"Estimeret l\u00e6setid":"3 minutter"},"schema":{"@context":"https:\/\/schema.org","@graph":[{"@type":"WebPage","@id":"https:\/\/www.greenmobility.com\/dk\/da\/elbiler\/","url":"https:\/\/www.greenmobility.com\/dk\/da\/elbiler\/","name":"Milj\u00f8bevidste elbiler | L\u00e6s om lejebilerne hos GreenMobility","isPartOf":{"@id":"https:\/\/www.greenmobility.com\/dk\/da\/#website"},"datePublished":"2020-02-17T15:22:49+00:00","dateModified":"2026-04-09T11:51:49+00:00","description":"Hos GreenMobility har vi over 1.000 mij\u00f8bevidste lejebiler i Danmark. Vi har biltyper til alle behov som er 100% eldrevne. Bliv klogere her!","breadcrumb":{"@id":"https:\/\/www.greenmobility.com\/dk\/da\/elbiler\/#breadcrumb"},"inLanguage":"da-DK","potentialAction":[{"@type":"ReadAction","target":["https:\/\/www.greenmobility.com\/dk\/da\/elbiler\/"]}]},{"@type":"BreadcrumbList","@id":"https:\/\/www.greenmobility.com\/dk\/da\/elbiler\/#breadcrumb","itemListElement":[{"@type":"ListItem","position":1,"name":"Home","item":"https:\/\/www.greenmobility.com\/dk\/da\/"},{"@type":"ListItem","position":2,"name":"Bilerne"}]},{"@type":"WebSite","@id":"https:\/\/www.greenmobility.com\/dk\/da\/#website","url":"https:\/\/www.greenmobility.com\/dk\/da\/","name":"GreenMobility Denmark","description":"","publisher":{"@id":"https:\/\/www.greenmobility.com\/dk\/da\/#organization"},"potentialAction":[{"@type":"SearchAction","target":{"@type":"EntryPoint","urlTemplate":"https:\/\/www.greenmobility.com\/dk\/da\/?s={search_term_string}"},"query-input":{"@type":"PropertyValueSpecification","valueRequired":true,"valueName":"search_term_string"}}],"inLanguage":"da-DK"},{"@type":"Organization","@id":"https:\/\/www.greenmobility.com\/dk\/da\/#organization","name":"GreenMobility","url":"https:\/\/www.greenmobility.com\/dk\/da\/","logo":{"@type":"ImageObject","inLanguage":"da-DK","@id":"https:\/\/www.greenmobility.com\/dk\/da\/#\/schema\/logo\/image\/","url":"https:\/\/www.greenmobility.com\/dk\/wp-content\/uploads\/sites\/9\/2021\/06\/logo-EM-DK.png","contentUrl":"https:\/\/www.greenmobility.com\/dk\/wp-content\/uploads\/sites\/9\/2021\/06\/logo-EM-DK.png","width":3125,"height":788,"caption":"GreenMobility"},"image":{"@id":"https:\/\/www.greenmobility.com\/dk\/da\/#\/schema\/logo\/image\/"}}]}},"_links":{"self":[{"href":"https:\/\/www.greenmobility.com\/dk\/da\/wp-json\/wp\/v2\/pages\/1728","targetHints":{"allow":["GET"]}}],"collection":[{"href":"https:\/\/www.greenmobility.com\/dk\/da\/wp-json\/wp\/v2\/pages"}],"about":[{"href":"https:\/\/www.greenmobility.com\/dk\/da\/wp-json\/wp\/v2\/types\/page"}],"author":[{"embeddable":true,"href":"https:\/\/www.greenmobility.com\/dk\/da\/wp-json\/wp\/v2\/users\/38"}],"replies":[{"embeddable":true,"href":"https:\/\/www.greenmobility.com\/dk\/da\/wp-json\/wp\/v2\/comments?post=1728"}],"version-history":[{"count":3,"href":"https:\/\/www.greenmobility.com\/dk\/da\/wp-json\/wp\/v2\/pages\/1728\/revisions"}],"predecessor-version":[{"id":11233,"href":"https:\/\/www.greenmobility.com\/dk\/da\/wp-json\/wp\/v2\/pages\/1728\/revisions\/11233"}],"wp:attachment":[{"href":"https:\/\/www.greenmobility.com\/dk\/da\/wp-json\/wp\/v2\/media?parent=1728"}],"curies":[{"name":"wp","href":"https:\/\/api.w.org\/{rel}","templated":true}]}}