{"id":1615,"date":"2020-02-06T19:56:47","date_gmt":"2020-02-06T18:56:47","guid":{"rendered":"http:\/\/greenmobility.wpengine.com\/dk\/?page_id=1615"},"modified":"2026-04-01T09:20:40","modified_gmt":"2026-04-01T08:20:40","slug":"kontakt","status":"publish","type":"page","link":"https:\/\/www.greenmobility.com\/dk\/da\/kontakt\/","title":{"rendered":"Kontakt"},"content":{"rendered":"<div class=\"wpb-content-wrapper\"><p>[vc_row padding_top=&#8221;3%&#8221; padding_bottom=&#8221;3%&#8221; el_id=&#8221;intro&#8221; el_class=&#8221;intro&#8221;][vc_column width=&#8221;5\/6&#8243; padding_top=&#8221;20px&#8221; padding_bottom=&#8221;20px&#8221; offset=&#8221;vc_col-md-8 vc_col-xs-12&#8243;][\/vc_column][vc_column width=&#8221;1\/2&#8243; padding_bottom=&#8221;20px&#8221; offset=&#8221;vc_col-md-6&#8243;]<div class=\" agni-section-heading text-center ihda\" ><h1 class=\"section-heading-text section-heading-text_responsive\" style=\"font-size:48px;\"><span>Kontakt os<\/span><\/h1><div class=\"section-divide-line divide-line text-center\"><span style=\"width:80px; height:2px; background-color:#3EA635\"><\/span><\/div><\/div>[vc_column_text margin_top=&#8221;10%&#8221;]<\/p>\n<div class=\"contact-block__info\">\n<p style=\"text-align: center;\"><span style=\"font-size: large;\">Du er altid velkommen til at kontakte os &#8211; d\u00f8gnet rundt, 365 dage om \u00e5ret.<\/span><\/p>\n<p style=\"text-align: center;\"><span style=\"font-size: 14pt;\">\ud83d\udcac <strong>Chat med os: <\/strong><a href=\"https:\/\/greenmobility.onelink.me\/uCww\/qfe39esm\"><span style=\"text-decoration: underline;\">via menupunktet &#8220;Chat &amp; FAQ&#8221; i appen<\/span><\/a><br \/>\n<\/span><span style=\"font-size: 14pt;\">\ud83d\udce7 <strong>E-mail<\/strong>: <a href=\"mailto:hej@greenmobility.com\"><span style=\"text-decoration: underline;\">hej@greenmobility.com <\/span><\/a><\/span><\/p>\n<p style=\"text-align: center;\"><em><span style=\"font-size: 14pt;\">V<\/span><span style=\"font-size: 14pt;\">i besvarer din henvendelse hurtigst muligt.<\/span><\/em><\/p>\n<\/div>\n<p>[\/vc_column_text][vc_empty_space height=&#8221;75px&#8221; height_mobile=&#8221;20px&#8221;][vc_column_text]<\/p>\n<p style=\"text-align: center;\"><span style=\"font-size: 12pt;\"><strong>GreenMobility A\/S<\/strong><\/span><br \/>\n<span style=\"font-size: 12pt;\">Landgreven 3, 4. sal<\/span><br \/>\n<span style=\"font-size: 12pt;\">1301 K\u00f8benhavn K<\/span><br \/>\n<span style=\"font-size: 12pt;\">CVR: 35521585<\/span><\/p>\n<p>[\/vc_column_text][vc_empty_space height=&#8221;75px&#8221; height_mobile=&#8221;20px&#8221;][\/vc_column][vc_column align=&#8221;center&#8221; width=&#8221;1\/2&#8243; padding_bottom=&#8221;20px&#8221; offset=&#8221;vc_col-md-6&#8243;]<div class=\" agni-image custom-image-container text-center\">\r\n\t\t\t<figure class=\"agni-image-figure\">\r\n\t\t\t\t<img decoding=\"async\" width=\"810\" height=\"810\" data-src=\"https:\/\/www.greenmobility.com\/dk\/wp-content\/uploads\/sites\/9\/2026\/04\/V2-Kontaktside-DA-1.png\" class=\"fullwidth-image attachment-full  attachment-full lazyload\" alt=\"\" title=\"V2 Kontaktside DA\" data-srcset=\"https:\/\/www.greenmobility.com\/dk\/wp-content\/uploads\/sites\/9\/2026\/04\/V2-Kontaktside-DA-1.png 810w, https:\/\/www.greenmobility.com\/dk\/wp-content\/uploads\/sites\/9\/2026\/04\/V2-Kontaktside-DA-1-300x300.png 300w, https:\/\/www.greenmobility.com\/dk\/wp-content\/uploads\/sites\/9\/2026\/04\/V2-Kontaktside-DA-1-150x150.png 150w, https:\/\/www.greenmobility.com\/dk\/wp-content\/uploads\/sites\/9\/2026\/04\/V2-Kontaktside-DA-1-768x768.png 768w, https:\/\/www.greenmobility.com\/dk\/wp-content\/uploads\/sites\/9\/2026\/04\/V2-Kontaktside-DA-1-50x50.png 50w\" data-sizes=\"(max-width: 810px) 100vw, 810px\" src=\"data:image\/svg+xml;base64,PHN2ZyB3aWR0aD0iMSIgaGVpZ2h0PSIxIiB4bWxucz0iaHR0cDovL3d3dy53My5vcmcvMjAwMC9zdmciPjwvc3ZnPg==\" style=\"--smush-placeholder-width: 810px; --smush-placeholder-aspect-ratio: 810\/810;\" \/>\r\n\t\t\t\t<figcaption class=\"vc_figure-caption\"><\/figcaption>\r\n\t\t\t<\/figure>\r\n\t\t<\/div>[\/vc_column][\/vc_row][vc_row el_id=&#8221;FAQ&#8221;][vc_column][vc_empty_space height=&#8221;50px&#8221;]<div class=\" agni-section-heading text-left ihda\" ><h2 class=\"section-heading-text \" style=\"font-size:40px;\"><span>F\u00e5 svar p\u00e5 dine sp\u00f8rgsm\u00e5l<\/span><\/h2><div class=\"section-divide-line divide-line text-left\"><span style=\"width:90px; height:1px; background-color:#73b742\"><\/span><\/div><\/div>[vc_column_text]<\/p>\n<p data-start=\"60\" data-end=\"312\"><strong data-start=\"60\" data-end=\"117\">Hvordan kommer jeg hurtigst i kontakt med GreenMobility?<\/strong><br data-start=\"117\" data-end=\"120\" \/>Skal du hurtigt i kontakt med os, anbefaler vi, at du bruger vores chatfunktion i menupunktet &#8220;Chat &amp; FAQ&#8221;. Vores kundeservice er tilg\u00e6ngelig 24\/7 &#8211; ogs\u00e5 i weekender og p\u00e5 helligdage. Du er ogs\u00e5 velkommen til at ringe til os p\u00e5 +45 7077 8888 eller skrive en mail til <a href=\"mailto:hej@greenmobility.com\"><span style=\"text-decoration: underline;\">hej@greenmobility.com<\/span><\/a>, som vi besvarer hurtigst muligt.<\/p>\n<p data-start=\"537\" data-end=\"769\"><strong>Hvor lang ventetid er der typisk, n\u00e5r man kontakter jer?<\/strong><br data-start=\"575\" data-end=\"578\" \/>Vi g\u00f8r altid, hvad vi kan, for at besvare din henvendelse s\u00e5 hurtigt som muligt. I myldretid kan du dog forvente en smule l\u00e6ngere ventetid.<\/p>\n<p><strong>Kan jeg komme i kontakt med jer p\u00e5 helligdage, f.eks. juleaften, nyt\u00e5rsaften eller i p\u00e5sken?\u00a0<\/strong><br \/>\nJa, du kan komme i kontakt med os p\u00e5 alle hellig- og m\u00e6rkedage. Vi har altid medarbejdere p\u00e5 arbejde &#8211; b\u00e5de p\u00e5 telefon, mail og chat d\u00f8gnet rundt, 365 dage om \u00e5ret.<\/p>\n<p><strong data-start=\"35\" data-end=\"134\">Hvem skal jeg kontakte, hvis jeg \u00f8nsker at indg\u00e5 et marketingpartnerskab eller samarbejde?<\/strong><br data-start=\"134\" data-end=\"137\" \/>Hvis du er interesseret i et partnerskab eller samarbejde med GreenMobility, er du velkommen til at kontakte vores marketingteam p\u00e5 <span style=\"text-decoration: underline;\"><a class=\"decorated-link cursor-pointer\" href=\"mailto:partnerships@greenmobility.com\" rel=\"noopener\" data-start=\"285\" data-end=\"312\">partnerships@greenmobility.com<\/a><\/span>. Vi ser frem til at h\u00f8re dine id\u00e9er.<\/p>\n<p data-start=\"537\" data-end=\"769\"><em>Find svar p\u00e5 flere sp\u00f8rgsm\u00e5l i vores <a href=\"https:\/\/greenmobility.elevio.help\/da\"><span style=\"text-decoration: underline;\">FAQ<\/span><\/a>.<\/em><\/p>\n<p>[\/vc_column_text][vc_empty_space height=&#8221;50px&#8221;][\/vc_column][\/vc_row]<\/p>\n<\/div>","protected":false},"excerpt":{"rendered":"<p>[vc_row padding_top=&#8221;3%&#8221; padding_bottom=&#8221;3%&#8221; el_id=&#8221;intro&#8221; el_class=&#8221;intro&#8221;][vc_column width=&#8221;5\/6&#8243; padding_top=&#8221;20px&#8221; padding_bottom=&#8221;20px&#8221; offset=&#8221;vc_col-md-8 vc_col-xs-12&#8243;][\/vc_column][vc_column width=&#8221;1\/2&#8243; padding_bottom=&#8221;20px&#8221; offset=&#8221;vc_col-md-6&#8243;][vc_column_text margin_top=&#8221;10%&#8221;] Du er altid velkommen til at kontakte os &#8211; d\u00f8gnet rundt, 365 dage om \u00e5ret. \ud83d\udcac Chat med os: via menupunktet &#8220;Chat &amp; FAQ&#8221; i appen \ud83d\udce7 E-mail: hej@greenmobility.com Vi besvarer din henvendelse hurtigst muligt. [\/vc_column_text][vc_empty_space height=&#8221;75px&#8221; height_mobile=&#8221;20px&#8221;][vc_column_text] GreenMobility A\/S Landgreven [&hellip;]<\/p>\n","protected":false},"author":38,"featured_media":0,"parent":0,"menu_order":0,"comment_status":"closed","ping_status":"closed","template":"","meta":{"om_disable_all_campaigns":false,"footnotes":"","_links_to":"","_links_to_target":""},"class_list":["post-1615","page","type-page","status-publish","hentry"],"yoast_head":"<!-- This site is optimized with the Yoast SEO plugin v27.3 - https:\/\/yoast.com\/product\/yoast-seo-wordpress\/ -->\n<title>Kontakt GreenMobility - GreenMobility<\/title>\n<meta name=\"description\" content=\"Kontakt GreenMobility p\u00e5 telefon eller mail, hvis du har sp\u00f8rgsm\u00e5l. Vi sidder klar til at hj\u00e6lpe dig, s\u00e5 hurtigt vi kan. Se \u00e5bningstider p\u00e5 hjemmesiden.\" \/>\n<meta name=\"robots\" content=\"index, follow, max-snippet:-1, max-image-preview:large, max-video-preview:-1\" \/>\n<link rel=\"canonical\" href=\"https:\/\/www.greenmobility.com\/dk\/da\/kontakt\/\" \/>\n<meta property=\"og:locale\" content=\"da_DK\" \/>\n<meta property=\"og:type\" content=\"article\" \/>\n<meta property=\"og:title\" content=\"Kontakt GreenMobility - GreenMobility\" \/>\n<meta property=\"og:description\" content=\"Kontakt GreenMobility p\u00e5 telefon eller mail, hvis du har sp\u00f8rgsm\u00e5l. Vi sidder klar til at hj\u00e6lpe dig, s\u00e5 hurtigt vi kan. Se \u00e5bningstider p\u00e5 hjemmesiden.\" \/>\n<meta property=\"og:url\" content=\"https:\/\/www.greenmobility.com\/dk\/da\/kontakt\/\" \/>\n<meta property=\"og:site_name\" content=\"GreenMobility Denmark\" \/>\n<meta property=\"article:modified_time\" content=\"2026-04-01T08:20:40+00:00\" \/>\n<meta name=\"twitter:card\" content=\"summary_large_image\" \/>\n<meta name=\"twitter:label1\" content=\"Estimeret l\u00e6setid\" \/>\n\t<meta name=\"twitter:data1\" content=\"2 minutter\" \/>\n<script type=\"application\/ld+json\" class=\"yoast-schema-graph\">{\"@context\":\"https:\\\/\\\/schema.org\",\"@graph\":[{\"@type\":\"WebPage\",\"@id\":\"https:\\\/\\\/www.greenmobility.com\\\/dk\\\/da\\\/kontakt\\\/\",\"url\":\"https:\\\/\\\/www.greenmobility.com\\\/dk\\\/da\\\/kontakt\\\/\",\"name\":\"Kontakt GreenMobility - GreenMobility\",\"isPartOf\":{\"@id\":\"https:\\\/\\\/www.greenmobility.com\\\/dk\\\/da\\\/#website\"},\"datePublished\":\"2020-02-06T18:56:47+00:00\",\"dateModified\":\"2026-04-01T08:20:40+00:00\",\"description\":\"Kontakt GreenMobility p\u00e5 telefon eller mail, hvis du har sp\u00f8rgsm\u00e5l. Vi sidder klar til at hj\u00e6lpe dig, s\u00e5 hurtigt vi kan. Se \u00e5bningstider p\u00e5 hjemmesiden.\",\"breadcrumb\":{\"@id\":\"https:\\\/\\\/www.greenmobility.com\\\/dk\\\/da\\\/kontakt\\\/#breadcrumb\"},\"inLanguage\":\"da-DK\",\"potentialAction\":[{\"@type\":\"ReadAction\",\"target\":[\"https:\\\/\\\/www.greenmobility.com\\\/dk\\\/da\\\/kontakt\\\/\"]}]},{\"@type\":\"BreadcrumbList\",\"@id\":\"https:\\\/\\\/www.greenmobility.com\\\/dk\\\/da\\\/kontakt\\\/#breadcrumb\",\"itemListElement\":[{\"@type\":\"ListItem\",\"position\":1,\"name\":\"Home\",\"item\":\"https:\\\/\\\/www.greenmobility.com\\\/dk\\\/da\\\/\"},{\"@type\":\"ListItem\",\"position\":2,\"name\":\"Kontakt\"}]},{\"@type\":\"WebSite\",\"@id\":\"https:\\\/\\\/www.greenmobility.com\\\/dk\\\/da\\\/#website\",\"url\":\"https:\\\/\\\/www.greenmobility.com\\\/dk\\\/da\\\/\",\"name\":\"GreenMobility Denmark\",\"description\":\"\",\"publisher\":{\"@id\":\"https:\\\/\\\/www.greenmobility.com\\\/dk\\\/da\\\/#organization\"},\"potentialAction\":[{\"@type\":\"SearchAction\",\"target\":{\"@type\":\"EntryPoint\",\"urlTemplate\":\"https:\\\/\\\/www.greenmobility.com\\\/dk\\\/da\\\/?s={search_term_string}\"},\"query-input\":{\"@type\":\"PropertyValueSpecification\",\"valueRequired\":true,\"valueName\":\"search_term_string\"}}],\"inLanguage\":\"da-DK\"},{\"@type\":\"Organization\",\"@id\":\"https:\\\/\\\/www.greenmobility.com\\\/dk\\\/da\\\/#organization\",\"name\":\"GreenMobility\",\"url\":\"https:\\\/\\\/www.greenmobility.com\\\/dk\\\/da\\\/\",\"logo\":{\"@type\":\"ImageObject\",\"inLanguage\":\"da-DK\",\"@id\":\"https:\\\/\\\/www.greenmobility.com\\\/dk\\\/da\\\/#\\\/schema\\\/logo\\\/image\\\/\",\"url\":\"https:\\\/\\\/www.greenmobility.com\\\/dk\\\/wp-content\\\/uploads\\\/sites\\\/9\\\/2021\\\/06\\\/logo-EM-DK.png\",\"contentUrl\":\"https:\\\/\\\/www.greenmobility.com\\\/dk\\\/wp-content\\\/uploads\\\/sites\\\/9\\\/2021\\\/06\\\/logo-EM-DK.png\",\"width\":3125,\"height\":788,\"caption\":\"GreenMobility\"},\"image\":{\"@id\":\"https:\\\/\\\/www.greenmobility.com\\\/dk\\\/da\\\/#\\\/schema\\\/logo\\\/image\\\/\"}}]}<\/script>\n<!-- \/ Yoast SEO plugin. -->","yoast_head_json":{"title":"Kontakt GreenMobility - GreenMobility","description":"Kontakt GreenMobility p\u00e5 telefon eller mail, hvis du har sp\u00f8rgsm\u00e5l. Vi sidder klar til at hj\u00e6lpe dig, s\u00e5 hurtigt vi kan. Se \u00e5bningstider p\u00e5 hjemmesiden.","robots":{"index":"index","follow":"follow","max-snippet":"max-snippet:-1","max-image-preview":"max-image-preview:large","max-video-preview":"max-video-preview:-1"},"canonical":"https:\/\/www.greenmobility.com\/dk\/da\/kontakt\/","og_locale":"da_DK","og_type":"article","og_title":"Kontakt GreenMobility - GreenMobility","og_description":"Kontakt GreenMobility p\u00e5 telefon eller mail, hvis du har sp\u00f8rgsm\u00e5l. Vi sidder klar til at hj\u00e6lpe dig, s\u00e5 hurtigt vi kan. Se \u00e5bningstider p\u00e5 hjemmesiden.","og_url":"https:\/\/www.greenmobility.com\/dk\/da\/kontakt\/","og_site_name":"GreenMobility Denmark","article_modified_time":"2026-04-01T08:20:40+00:00","twitter_card":"summary_large_image","twitter_misc":{"Estimeret l\u00e6setid":"2 minutter"},"schema":{"@context":"https:\/\/schema.org","@graph":[{"@type":"WebPage","@id":"https:\/\/www.greenmobility.com\/dk\/da\/kontakt\/","url":"https:\/\/www.greenmobility.com\/dk\/da\/kontakt\/","name":"Kontakt GreenMobility - GreenMobility","isPartOf":{"@id":"https:\/\/www.greenmobility.com\/dk\/da\/#website"},"datePublished":"2020-02-06T18:56:47+00:00","dateModified":"2026-04-01T08:20:40+00:00","description":"Kontakt GreenMobility p\u00e5 telefon eller mail, hvis du har sp\u00f8rgsm\u00e5l. Vi sidder klar til at hj\u00e6lpe dig, s\u00e5 hurtigt vi kan. Se \u00e5bningstider p\u00e5 hjemmesiden.","breadcrumb":{"@id":"https:\/\/www.greenmobility.com\/dk\/da\/kontakt\/#breadcrumb"},"inLanguage":"da-DK","potentialAction":[{"@type":"ReadAction","target":["https:\/\/www.greenmobility.com\/dk\/da\/kontakt\/"]}]},{"@type":"BreadcrumbList","@id":"https:\/\/www.greenmobility.com\/dk\/da\/kontakt\/#breadcrumb","itemListElement":[{"@type":"ListItem","position":1,"name":"Home","item":"https:\/\/www.greenmobility.com\/dk\/da\/"},{"@type":"ListItem","position":2,"name":"Kontakt"}]},{"@type":"WebSite","@id":"https:\/\/www.greenmobility.com\/dk\/da\/#website","url":"https:\/\/www.greenmobility.com\/dk\/da\/","name":"GreenMobility Denmark","description":"","publisher":{"@id":"https:\/\/www.greenmobility.com\/dk\/da\/#organization"},"potentialAction":[{"@type":"SearchAction","target":{"@type":"EntryPoint","urlTemplate":"https:\/\/www.greenmobility.com\/dk\/da\/?s={search_term_string}"},"query-input":{"@type":"PropertyValueSpecification","valueRequired":true,"valueName":"search_term_string"}}],"inLanguage":"da-DK"},{"@type":"Organization","@id":"https:\/\/www.greenmobility.com\/dk\/da\/#organization","name":"GreenMobility","url":"https:\/\/www.greenmobility.com\/dk\/da\/","logo":{"@type":"ImageObject","inLanguage":"da-DK","@id":"https:\/\/www.greenmobility.com\/dk\/da\/#\/schema\/logo\/image\/","url":"https:\/\/www.greenmobility.com\/dk\/wp-content\/uploads\/sites\/9\/2021\/06\/logo-EM-DK.png","contentUrl":"https:\/\/www.greenmobility.com\/dk\/wp-content\/uploads\/sites\/9\/2021\/06\/logo-EM-DK.png","width":3125,"height":788,"caption":"GreenMobility"},"image":{"@id":"https:\/\/www.greenmobility.com\/dk\/da\/#\/schema\/logo\/image\/"}}]}},"_links":{"self":[{"href":"https:\/\/www.greenmobility.com\/dk\/da\/wp-json\/wp\/v2\/pages\/1615","targetHints":{"allow":["GET"]}}],"collection":[{"href":"https:\/\/www.greenmobility.com\/dk\/da\/wp-json\/wp\/v2\/pages"}],"about":[{"href":"https:\/\/www.greenmobility.com\/dk\/da\/wp-json\/wp\/v2\/types\/page"}],"author":[{"embeddable":true,"href":"https:\/\/www.greenmobility.com\/dk\/da\/wp-json\/wp\/v2\/users\/38"}],"replies":[{"embeddable":true,"href":"https:\/\/www.greenmobility.com\/dk\/da\/wp-json\/wp\/v2\/comments?post=1615"}],"version-history":[{"count":3,"href":"https:\/\/www.greenmobility.com\/dk\/da\/wp-json\/wp\/v2\/pages\/1615\/revisions"}],"predecessor-version":[{"id":11165,"href":"https:\/\/www.greenmobility.com\/dk\/da\/wp-json\/wp\/v2\/pages\/1615\/revisions\/11165"}],"wp:attachment":[{"href":"https:\/\/www.greenmobility.com\/dk\/da\/wp-json\/wp\/v2\/media?parent=1615"}],"curies":[{"name":"wp","href":"https:\/\/api.w.org\/{rel}","templated":true}]}}