{"id":11210,"date":"2026-04-07T14:40:42","date_gmt":"2026-04-07T13:40:42","guid":{"rendered":"https:\/\/www.greenmobility.com\/dk\/?page_id=11210"},"modified":"2026-04-07T14:48:43","modified_gmt":"2026-04-07T13:48:43","slug":"lej-nissan-micra","status":"publish","type":"page","link":"https:\/\/www.greenmobility.com\/dk\/da\/lej-nissan-micra\/","title":{"rendered":"Lej Nissan Micra"},"content":{"rendered":"<div class=\"wpb-content-wrapper\"><p>[vc_row padding_top=&#8221;5%&#8221;][vc_column]<div class=\" agni-section-heading text-left ihda\" ><h2 class=\"section-heading-text \" style=\"font-size:48px;\"><span>Lej en Nissan Micra elbil<\/span><\/h2><div class=\"section-divide-line divide-line text-left\"><span style=\"width:90px; height:1px; background-color:#3ea635\"><\/span><\/div><p class=\"section-additional-heading-text\" style=\"font-size:22px;\">Kompakt, elektrisk og perfekt til byen<\/p><\/div>[vc_empty_space][\/vc_column][vc_column width=&#8221;1\/2&#8243;][vc_column_text]Med GreenMobility kan du leje en Nissan Micra &#8211; perfekt til hverdagens ture. Nissan Micra er skabt til byen med kompakte m\u00e5l, moderne teknologi og en r\u00e6kkevidde p\u00e5 op til 400 km &#8211; ideel til b\u00e5de pendling, \u00e6rinder og spontane ture.[\/vc_column_text][\/vc_column][vc_column width=&#8221;1\/2&#8243;][vc_column_text]Lej en Nissan Micra med GreenMobility direkte fra K\u00f8benhavns gader. K\u00f8r for 5,5 kr.\/min. eller lej i op til 30 dage. V\u00e6lg en time- eller d\u00f8gnpakke til din tur i appen, eller brug Tank-op-kroner og f\u00e5 en skarpere pris p\u00e5 din k\u00f8rsel.[\/vc_column_text][\/vc_column][\/vc_row][vc_row margin_bottom=&#8221;32&#8243;][vc_column align=&#8221;center&#8221;][vc_empty_space height=&#8221;80px&#8221;]<div class=\" agni-section-heading text-center ihda\" ><h2 class=\"section-heading-text \" style=\"font-size:36px;\"><span>S\u00e5dan lejer du en Nissan Micra<\/span><\/h2><div class=\"section-divide-line divide-line text-center\"><span style=\"width:90px; height:1px; background-color:#3ea635\"><\/span><\/div><\/div>[\/vc_column][\/vc_row][vc_row][vc_column align=&#8221;center&#8221; width=&#8221;1\/3&#8243;]<div class=\" service-box service-box-style-1 text-center \" >\r\n\t\t\t\t\t<div class=\" agni-icon has-icon \" ><span class=\"agni-icon-container\" style=\"border-radius:50%; color:#000000; \"><i class=\"icon-basic-smartphone  \" style=\"border-radius:50%; color:#3ea635; \"><\/i><\/span><\/div><h6 class=\"service-box-heading\" style=\"font-size:24px; \">1. Download app'en<\/h6><div class=\"divide-line text-center\"><span ><\/span><\/div><div class=\"service-box-description\" ><p>Download GreenMobility-appen gratis og opret en profil.<\/p>\n<\/div>\r\n\t\t\t\t<\/div>[vc_empty_space][\/vc_column][vc_column align=&#8221;center&#8221; width=&#8221;1\/3&#8243;]<div class=\" service-box service-box-style-1 text-center \" >\r\n\t\t\t\t\t<div class=\" agni-icon has-icon \" ><span class=\"agni-icon-container\" style=\"border-radius:50%; color:#000000; \"><i class=\"ion-load-c  \" style=\"border-radius:50%; color:#3ea635; \"><\/i><\/span><\/div><h6 class=\"service-box-heading\" style=\"font-size:24px; \">2. Book en Nissan Micra<\/h6><div class=\"divide-line text-center\"><span ><\/span><\/div><div class=\"service-box-description\" ><p>Nissan Micra er tilg\u00e6ngelig i K\u00f8benhavn og har sit eget bilikon i appen.<\/p>\n<\/div>\r\n\t\t\t\t<\/div>[vc_empty_space][\/vc_column][vc_column align=&#8221;center&#8221; width=&#8221;1\/3&#8243;]<div class=\" service-box service-box-style-1 text-center \" >\r\n\t\t\t\t\t<div class=\" agni-icon has-icon \" ><span class=\"agni-icon-container\" style=\"border-radius:50%; color:#000000; \"><i class=\"ion-ios-checkmark-outline  \" style=\"border-radius:50%; color:#3ea635; \"><\/i><\/span><\/div><h6 class=\"service-box-heading\" style=\"font-size:24px; \">3. K\u00f8r afsted<\/h6><div class=\"divide-line text-center\"><span ><\/span><\/div><div class=\"service-box-description\" ><p>K\u00f8r pr. minut, time eller d\u00f8gn og nyd en fleksibel elbil til byen og hverdagen.<\/p>\n<\/div>\r\n\t\t\t\t<\/div>[vc_empty_space][\/vc_column][\/vc_row][vc_row margin_bottom=&#8221;32&#8243;][vc_column align=&#8221;center&#8221;]<div class=\" call-to-action call-to-action-style-1\"><div class=\"call-to-action-description\"><\/div><div class=\"call-to-action-button\"><a class=\"btn btn-alt btn-default \" target=\"_blank\" href=\"https:\/\/app.adjust.com\/bze7zzu\" style=\"margin-top: 10px; \"> Lej nu i appen<\/a><\/div><\/div>[vc_empty_space height=&#8221;50px&#8221;][\/vc_column][\/vc_row][vc_row fullwidth=&#8221;has-fullwidth-column&#8221; equal_height=&#8221;yes&#8221;][vc_column bg_color=&#8221;#3ea635&#8243; width=&#8221;1\/2&#8243;][vc_empty_space height=&#8221;80px&#8221;][vc_custom_heading divide_line=&#8221;yes&#8221; divide_line_color=&#8221;#ffffff&#8221; text=&#8221;En lille elbil med store fordele&#8221; font_container=&#8221;tag:h2|text_align:center|color:%23ffffff&#8221; google_fonts=&#8221;font_family:Open%20Sans%3A300%2C300italic%2Cregular%2Citalic%2C600%2C600italic%2C700%2C700italic%2C800%2C800italic|font_style:400%20regular%3A400%3Anormal&#8221; responsive_font_size=&#8221;yes&#8221;][vc_empty_space height=&#8221;20px&#8221;][vc_column_text padding_right=&#8221;5%&#8221; padding_left=&#8221;5%&#8221;]<span style=\"color: #ffffff;\">Med Nissan Micra f\u00e5r du en praktisk og moderne elbil, der er oplagt til b\u00e5de korte ture og l\u00e6ngere str\u00e6k. Den er nem at man\u00f8vrere i byen, let at parkere og samtidig rummelig nok til hverdagens behov.<\/span><\/p>\n<p><span style=\"color: #ffffff;\">\u2713 100 % elektrisk bybil med op til 400 km r\u00e6kkevidde<\/span><br \/>\n<span style=\"color: #ffffff;\">\u2713 Gratis str\u00f8m, forsikring og parkering i zonen<\/span><br \/>\n<span style=\"color: #ffffff;\">\u2713 Velegnet til pendling, \u00e6rinder og byk\u00f8rsel.<\/span><br \/>\n<span style=\"color: #ffffff;\">\u2713 Et praktisk alternativ til at eje en bil eller i stedet for bil nr. 2<\/span><br \/>\n<span style=\"color: #ffffff;\">\u2713 Intet papirarbejde eller startgebyr<\/span>[\/vc_column_text][vc_empty_space height=&#8221;80px&#8221;][\/vc_column][vc_column align=&#8221;center&#8221; bg_choice=&#8221;2&#8243; bg_image=&#8221;11225&#8243; width=&#8221;1\/2&#8243;][vc_empty_space height=&#8221;320px&#8221;][\/vc_column][\/vc_row][vc_row fullwidth=&#8221;has-fullwidth-column&#8221; equal_height=&#8221;yes&#8221;][vc_column bg_choice=&#8221;2&#8243; bg_image=&#8221;6752&#8243; width=&#8221;1\/2&#8243;][vc_empty_space height=&#8221;300px&#8221;][\/vc_column][vc_column bg_color=&#8221;#3ea635&#8243; width=&#8221;1\/2&#8243;][vc_empty_space height=&#8221;80px&#8221;][vc_custom_heading divide_line=&#8221;yes&#8221; divide_line_color=&#8221;#ffffff&#8221; text=&#8221;Smart teknologi til hverdagsk\u00f8rsel&#8221; font_container=&#8221;tag:h2|text_align:center|color:%23ffffff&#8221; google_fonts=&#8221;font_family:Open%20Sans%3A300%2C300italic%2Cregular%2Citalic%2C600%2C600italic%2C700%2C700italic%2C800%2C800italic|font_style:400%20regular%3A400%3Anormal&#8221; responsive_font_size=&#8221;yes&#8221;][vc_empty_space height=&#8221;20px&#8221;][vc_column_text padding_right=&#8221;5%&#8221; padding_left=&#8221;5%&#8221;]<span style=\"color: #ffffff;\">Oplev en elektrisk hatchback, der g\u00f8r hverdagen lettere med smarte funktioner:<\/span><\/p>\n<p><span style=\"color: #ffffff;\">\u2713 10,1\u201d touchsk\u00e6rm med intuitive funktioner.<\/span><br \/>\n<span style=\"color: #ffffff;\">\u2713 Google Maps, Google Assistant og Google Play direkte i bilen.<\/span><br \/>\n<span style=\"color: #ffffff;\">\u2713 Flere k\u00f8retilstande som Eco, Komfort, Sport og Tilpasset.<\/span><br \/>\n<span style=\"color: #ffffff;\">\u2713 Hurtigladning fra 15 % til 80 % p\u00e5 ca. 30 minutter.<\/span><br \/>\n<span style=\"color: #ffffff;\">\u2713 Rummeligt bagagerum til indk\u00f8b, tasker og weekendplaner.<\/span>[\/vc_column_text][vc_empty_space height=&#8221;80px&#8221;][\/vc_column][\/vc_row][vc_row margin_bottom=&#8221;32&#8243;][vc_column align=&#8221;center&#8221;][vc_empty_space height=&#8221;80px&#8221;][\/vc_column][\/vc_row][vc_row padding_right=&#8221;5%&#8221; padding_left=&#8221;5%&#8221;][vc_column][vc_empty_space height=&#8221;50px&#8221;]<div class=\" agni-section-heading text-left ihda\" ><h2 class=\"section-heading-text \" style=\"font-size:48px;\"><span>Du k\u00f8rer 'alt inklusiv'<\/span><\/h2><div class=\"section-divide-line divide-line text-left\"><span style=\"width:90px; height:1px; background-color:#73b742\"><\/span><\/div><p class=\"section-additional-heading-text\" style=\"font-size:22px;\">En fleksibel lejebil uden de faste biludgifter<\/p><\/div>[vc_column_text]<\/p>\n<p>Lej en Nissan Micra med GreenMobility og slip for udgifter til ejerskab, leasing og vedligeholdelse. Du betaler kun for den tid, du bruger bilen. K\u00f8r pr. minut, eller v\u00e6lg en time- eller d\u00f8gnpakke til l\u00e6ngere ture. Str\u00f8m, parkering i zonen, forsikring og vedligeholdelse er altid inkluderet. Du kan ogs\u00e5 bruge Tank-op-kroner p\u00e5 Nissan Micra og f\u00e5 rabat p\u00e5 dine ture.<\/p>\n<p>[\/vc_column_text]<div class=\" call-to-action call-to-action-style-1\"><div class=\"call-to-action-description\"><\/div><div class=\"call-to-action-button\"><a class=\"btn btn-alt btn-default \" target=\"_blank\" href=\"https:\/\/www.greenmobility.com\/dk\/da\/priser\/\" style=\"margin-top: 10px; \"> Se priser<\/a><\/div><\/div>[\/vc_column][vc_column][vc_empty_space][\/vc_column][\/vc_row][vc_row margin_bottom=&#8221;32&#8243;][vc_column align=&#8221;center&#8221;][vc_empty_space height=&#8221;80px&#8221;][\/vc_column][\/vc_row][vc_row fullwidth=&#8221;has-fullwidth-column&#8221; equal_height=&#8221;yes&#8221;][vc_column align=&#8221;center&#8221; bg_color=&#8221;#3ea635&#8243; width=&#8221;1\/2&#8243;][vc_empty_space height=&#8221;80px&#8221;][vc_custom_heading divide_line=&#8221;yes&#8221; divide_line_color=&#8221;#ffffff&#8221; text=&#8221;S\u00e5dan oplader du en Nissan Micra&#8221; font_container=&#8221;tag:h2|text_align:center|color:%23ffffff&#8221; google_fonts=&#8221;font_family:Open%20Sans%3A300%2C300italic%2Cregular%2Citalic%2C600%2C600italic%2C700%2C700italic%2C800%2C800italic|font_style:400%20regular%3A400%3Anormal&#8221; responsive_font_size=&#8221;yes&#8221;][vc_empty_space height=&#8221;20px&#8221;][vc_column_text padding_right=&#8221;5%&#8221; padding_left=&#8221;5%&#8221;]<\/p>\n<p style=\"text-align: left;\"><span style=\"color: #ffffff;\">GreenMobility betaler for din str\u00f8m i Danmark, n\u00e5r du oplader hos E.ON&#8217;s eller Spiiris ladestationer i Danmark. N\u00e5r bilen er l\u00e5st op, kan du \u00e5bne ladeporten p\u00e5 bilen og tage ladekablet ud af bagagerummet. S\u00e6t det ene ende af ladekablet i bilens ladeport og den anden i ladestationen. Find derefter ladebrikken i holderen under sk\u00e6rmen. Hold ladebrikken mod l\u00e6seren p\u00e5 ladestationen, indtil opladningen starter. Husk at s\u00e6tte ladebrikken tilbage i holderen under sk\u00e6rmen i bilen. Derefter kan du afslutte din tur eller lave et &#8220;Stopover&#8221; i appen.<\/span><\/p>\n<p style=\"text-align: left;\"><span style=\"color: #ffffff;\">N\u00e5r du vil frakoble bilen fra en ladestation, skal du l\u00e5se bilen op i appen og derefter trykke p\u00e5 ikonet med h\u00e6ngel\u00e5sen inde i ladeporten p\u00e5 bilen. S\u00e5 frig\u00f8res ladekablet. Tag derefter kablet ud af ladestanderen og l\u00e6g kablet i tilbage i bagagerummet.<\/span><\/p>\n<p>[\/vc_column_text][vc_empty_space height=&#8221;80px&#8221;][\/vc_column][vc_column bg_choice=&#8221;2&#8243; bg_image=&#8221;6756&#8243; width=&#8221;1\/2&#8243;][vc_empty_space height=&#8221;300px&#8221;][\/vc_column][\/vc_row][vc_row][vc_column][vc_empty_space height=&#8221;50px&#8221; height_mobile=&#8221;20px&#8221;][\/vc_column][\/vc_row][vc_row el_id=&#8221;FAQ&#8221;][vc_column][vc_empty_space height=&#8221;50px&#8221;]<div class=\" agni-section-heading text-left ihda\" ><h2 class=\"section-heading-text \" style=\"font-size:40px;\"><span>FAQ om at leje en Nissan Micra<\/span><\/h2><div class=\"section-divide-line divide-line text-left\"><span style=\"width:90px; height:1px; background-color:#73b742\"><\/span><\/div><\/div>[vc_column_text]<strong>Hvordan sikrer jeg mig, at den Nissan Micra, jeg booker, har nok r\u00e6kkevidde til min tur?<\/strong><br \/>\nI appen kan du se bilens aktuelle batteriniveau, f\u00f8r du reserverer den. Hvis du skal k\u00f8re l\u00e6ngere, kan du planl\u00e6gge et ladestop undervejs.<\/p>\n<p><strong>Er Nissan Micra en god elbil til pendling og byk\u00f8rsel?<\/strong><br \/>\nJa, Nissan Micra er oplagt til b\u00e5de pendling, \u00e6rinder og byliv. Den er kompakt, let at parkere og har samtidig r\u00e6kkevidde nok til mange daglige og l\u00e6ngere ture.<\/p>\n<p><strong>Kan jeg bruge tim- og d\u00f8gnpakker, n\u00e5r jeg lejer en Nissan Micra?<\/strong><br \/>\nJa, du kan b\u00e5de k\u00f8re pr. minut eller v\u00e6lge en time- eller d\u00f8gnpakke i appen, alt efter hvor l\u00e6nge du skal bruge bilen. Det g\u00f8r Nissan Micra til en fleksibel lejebil til b\u00e5de korte og l\u00e6ngere ture.<\/p>\n<p><strong>Kan jeg bruge Tank-op-kroner p\u00e5 Nissan Micra?<\/strong><br \/>\nJa, Tank-op-kroner kan bruges p\u00e5 Nissan Micra. De bruges automatisk til betaling af din k\u00f8rsel og giver dig en lavere pris p\u00e5 minutk\u00f8rsel end den normale minutpris.<\/p>\n<p><strong>Er Nissan Micra stor nok til hverdagens behov?<\/strong><br \/>\nJa, Nissan Micra er en kompakt elbil, men den har stadig et rummeligt bagagerum og god plads til indk\u00f8b, tasker og det meste af det, du skal have med i hverdagen.<\/p>\n<p><strong>Hvad sker der, hvis jeg har brug for at beholde bilen l\u00e6ngere tid end planlagt?<\/strong><br \/>\nHvis du har pauset turen med &#8220;Stopover&#8221;-funktionen i appen, er bilen stadig udlejet til dig, s\u00e5 l\u00e6nge du \u00f8nsker det. Husk blot, at du stadig betaler for lejen under &#8220;Stopover&#8221;. K\u00f8rer du p\u00e5 en time- eller d\u00f8gnpakke, kan du altid forl\u00e6nge din lejeperiode ved at k\u00f8be en ny pakke i appen og aktivere den, inden den anden udl\u00f8ber.[\/vc_column_text][vc_empty_space height=&#8221;50px&#8221;][\/vc_column][\/vc_row]<\/p>\n<\/div>","protected":false},"excerpt":{"rendered":"<p>[vc_row padding_top=&#8221;5%&#8221;][vc_column][vc_empty_space][\/vc_column][vc_column width=&#8221;1\/2&#8243;][vc_column_text]Med GreenMobility kan du leje en Nissan Micra &#8211; perfekt til hverdagens ture. Nissan Micra er skabt til byen med kompakte m\u00e5l, moderne teknologi og en r\u00e6kkevidde p\u00e5 op til 400 km &#8211; ideel til b\u00e5de pendling, \u00e6rinder og spontane ture.[\/vc_column_text][\/vc_column][vc_column width=&#8221;1\/2&#8243;][vc_column_text]Lej en Nissan Micra med GreenMobility direkte fra K\u00f8benhavns gader. K\u00f8r for [&hellip;]<\/p>\n","protected":false},"author":7,"featured_media":0,"parent":0,"menu_order":0,"comment_status":"closed","ping_status":"closed","template":"","meta":{"om_disable_all_campaigns":false,"footnotes":"","_links_to":"","_links_to_target":""},"class_list":["post-11210","page","type-page","status-publish","hentry"],"yoast_head":"<!-- This site is optimized with the Yoast SEO plugin v26.7 - https:\/\/yoast.com\/wordpress\/plugins\/seo\/ -->\n<title>Lej en Nissan Micra med GreenMobility<\/title>\n<meta name=\"robots\" content=\"index, follow, max-snippet:-1, max-image-preview:large, max-video-preview:-1\" \/>\n<link rel=\"canonical\" href=\"https:\/\/www.greenmobility.com\/dk\/da\/lej-nissan-micra\/\" \/>\n<meta property=\"og:locale\" content=\"da_DK\" \/>\n<meta property=\"og:type\" content=\"article\" \/>\n<meta property=\"og:title\" content=\"Lej en Nissan Micra med GreenMobility\" \/>\n<meta property=\"og:description\" content=\"[vc_row padding_top=&#8221;5%&#8221;][vc_column][vc_empty_space][\/vc_column][vc_column width=&#8221;1\/2&#8243;][vc_column_text]Med GreenMobility kan du leje en Nissan Micra &#8211; perfekt til hverdagens ture. Nissan Micra er skabt til byen med kompakte m\u00e5l, moderne teknologi og en r\u00e6kkevidde p\u00e5 op til 400 km &#8211; ideel til b\u00e5de pendling, \u00e6rinder og spontane ture.[\/vc_column_text][\/vc_column][vc_column width=&#8221;1\/2&#8243;][vc_column_text]Lej en Nissan Micra med GreenMobility direkte fra K\u00f8benhavns gader. K\u00f8r for [&hellip;]\" \/>\n<meta property=\"og:url\" content=\"https:\/\/www.greenmobility.com\/dk\/da\/lej-nissan-micra\/\" \/>\n<meta property=\"og:site_name\" content=\"GreenMobility Denmark\" \/>\n<meta property=\"article:modified_time\" content=\"2026-04-07T13:48:43+00:00\" \/>\n<meta name=\"twitter:card\" content=\"summary_large_image\" \/>\n<meta name=\"twitter:label1\" content=\"Estimeret l\u00e6setid\" \/>\n\t<meta name=\"twitter:data1\" content=\"7 minutter\" \/>\n<script type=\"application\/ld+json\" class=\"yoast-schema-graph\">{\"@context\":\"https:\/\/schema.org\",\"@graph\":[{\"@type\":\"WebPage\",\"@id\":\"https:\/\/www.greenmobility.com\/dk\/da\/lej-nissan-micra\/\",\"url\":\"https:\/\/www.greenmobility.com\/dk\/da\/lej-nissan-micra\/\",\"name\":\"Lej en Nissan Micra med GreenMobility\",\"isPartOf\":{\"@id\":\"https:\/\/www.greenmobility.com\/dk\/da\/#website\"},\"datePublished\":\"2026-04-07T13:40:42+00:00\",\"dateModified\":\"2026-04-07T13:48:43+00:00\",\"breadcrumb\":{\"@id\":\"https:\/\/www.greenmobility.com\/dk\/da\/lej-nissan-micra\/#breadcrumb\"},\"inLanguage\":\"da-DK\",\"potentialAction\":[{\"@type\":\"ReadAction\",\"target\":[\"https:\/\/www.greenmobility.com\/dk\/da\/lej-nissan-micra\/\"]}]},{\"@type\":\"BreadcrumbList\",\"@id\":\"https:\/\/www.greenmobility.com\/dk\/da\/lej-nissan-micra\/#breadcrumb\",\"itemListElement\":[{\"@type\":\"ListItem\",\"position\":1,\"name\":\"Home\",\"item\":\"https:\/\/www.greenmobility.com\/dk\/da\/\"},{\"@type\":\"ListItem\",\"position\":2,\"name\":\"Lej Nissan Micra\"}]},{\"@type\":\"WebSite\",\"@id\":\"https:\/\/www.greenmobility.com\/dk\/da\/#website\",\"url\":\"https:\/\/www.greenmobility.com\/dk\/da\/\",\"name\":\"GreenMobility Denmark\",\"description\":\"\",\"publisher\":{\"@id\":\"https:\/\/www.greenmobility.com\/dk\/da\/#organization\"},\"potentialAction\":[{\"@type\":\"SearchAction\",\"target\":{\"@type\":\"EntryPoint\",\"urlTemplate\":\"https:\/\/www.greenmobility.com\/dk\/da\/?s={search_term_string}\"},\"query-input\":{\"@type\":\"PropertyValueSpecification\",\"valueRequired\":true,\"valueName\":\"search_term_string\"}}],\"inLanguage\":\"da-DK\"},{\"@type\":\"Organization\",\"@id\":\"https:\/\/www.greenmobility.com\/dk\/da\/#organization\",\"name\":\"GreenMobility\",\"url\":\"https:\/\/www.greenmobility.com\/dk\/da\/\",\"logo\":{\"@type\":\"ImageObject\",\"inLanguage\":\"da-DK\",\"@id\":\"https:\/\/www.greenmobility.com\/dk\/da\/#\/schema\/logo\/image\/\",\"url\":\"https:\/\/www.greenmobility.com\/dk\/wp-content\/uploads\/sites\/9\/2021\/06\/logo-EM-DK.png\",\"contentUrl\":\"https:\/\/www.greenmobility.com\/dk\/wp-content\/uploads\/sites\/9\/2021\/06\/logo-EM-DK.png\",\"width\":3125,\"height\":788,\"caption\":\"GreenMobility\"},\"image\":{\"@id\":\"https:\/\/www.greenmobility.com\/dk\/da\/#\/schema\/logo\/image\/\"}}]}<\/script>\n<!-- \/ Yoast SEO plugin. -->","yoast_head_json":{"title":"Lej en Nissan Micra med GreenMobility","robots":{"index":"index","follow":"follow","max-snippet":"max-snippet:-1","max-image-preview":"max-image-preview:large","max-video-preview":"max-video-preview:-1"},"canonical":"https:\/\/www.greenmobility.com\/dk\/da\/lej-nissan-micra\/","og_locale":"da_DK","og_type":"article","og_title":"Lej en Nissan Micra med GreenMobility","og_description":"[vc_row padding_top=&#8221;5%&#8221;][vc_column][vc_empty_space][\/vc_column][vc_column width=&#8221;1\/2&#8243;][vc_column_text]Med GreenMobility kan du leje en Nissan Micra &#8211; perfekt til hverdagens ture. Nissan Micra er skabt til byen med kompakte m\u00e5l, moderne teknologi og en r\u00e6kkevidde p\u00e5 op til 400 km &#8211; ideel til b\u00e5de pendling, \u00e6rinder og spontane ture.[\/vc_column_text][\/vc_column][vc_column width=&#8221;1\/2&#8243;][vc_column_text]Lej en Nissan Micra med GreenMobility direkte fra K\u00f8benhavns gader. K\u00f8r for [&hellip;]","og_url":"https:\/\/www.greenmobility.com\/dk\/da\/lej-nissan-micra\/","og_site_name":"GreenMobility Denmark","article_modified_time":"2026-04-07T13:48:43+00:00","twitter_card":"summary_large_image","twitter_misc":{"Estimeret l\u00e6setid":"7 minutter"},"schema":{"@context":"https:\/\/schema.org","@graph":[{"@type":"WebPage","@id":"https:\/\/www.greenmobility.com\/dk\/da\/lej-nissan-micra\/","url":"https:\/\/www.greenmobility.com\/dk\/da\/lej-nissan-micra\/","name":"Lej en Nissan Micra med GreenMobility","isPartOf":{"@id":"https:\/\/www.greenmobility.com\/dk\/da\/#website"},"datePublished":"2026-04-07T13:40:42+00:00","dateModified":"2026-04-07T13:48:43+00:00","breadcrumb":{"@id":"https:\/\/www.greenmobility.com\/dk\/da\/lej-nissan-micra\/#breadcrumb"},"inLanguage":"da-DK","potentialAction":[{"@type":"ReadAction","target":["https:\/\/www.greenmobility.com\/dk\/da\/lej-nissan-micra\/"]}]},{"@type":"BreadcrumbList","@id":"https:\/\/www.greenmobility.com\/dk\/da\/lej-nissan-micra\/#breadcrumb","itemListElement":[{"@type":"ListItem","position":1,"name":"Home","item":"https:\/\/www.greenmobility.com\/dk\/da\/"},{"@type":"ListItem","position":2,"name":"Lej Nissan Micra"}]},{"@type":"WebSite","@id":"https:\/\/www.greenmobility.com\/dk\/da\/#website","url":"https:\/\/www.greenmobility.com\/dk\/da\/","name":"GreenMobility Denmark","description":"","publisher":{"@id":"https:\/\/www.greenmobility.com\/dk\/da\/#organization"},"potentialAction":[{"@type":"SearchAction","target":{"@type":"EntryPoint","urlTemplate":"https:\/\/www.greenmobility.com\/dk\/da\/?s={search_term_string}"},"query-input":{"@type":"PropertyValueSpecification","valueRequired":true,"valueName":"search_term_string"}}],"inLanguage":"da-DK"},{"@type":"Organization","@id":"https:\/\/www.greenmobility.com\/dk\/da\/#organization","name":"GreenMobility","url":"https:\/\/www.greenmobility.com\/dk\/da\/","logo":{"@type":"ImageObject","inLanguage":"da-DK","@id":"https:\/\/www.greenmobility.com\/dk\/da\/#\/schema\/logo\/image\/","url":"https:\/\/www.greenmobility.com\/dk\/wp-content\/uploads\/sites\/9\/2021\/06\/logo-EM-DK.png","contentUrl":"https:\/\/www.greenmobility.com\/dk\/wp-content\/uploads\/sites\/9\/2021\/06\/logo-EM-DK.png","width":3125,"height":788,"caption":"GreenMobility"},"image":{"@id":"https:\/\/www.greenmobility.com\/dk\/da\/#\/schema\/logo\/image\/"}}]}},"_links":{"self":[{"href":"https:\/\/www.greenmobility.com\/dk\/da\/wp-json\/wp\/v2\/pages\/11210","targetHints":{"allow":["GET"]}}],"collection":[{"href":"https:\/\/www.greenmobility.com\/dk\/da\/wp-json\/wp\/v2\/pages"}],"about":[{"href":"https:\/\/www.greenmobility.com\/dk\/da\/wp-json\/wp\/v2\/types\/page"}],"author":[{"embeddable":true,"href":"https:\/\/www.greenmobility.com\/dk\/da\/wp-json\/wp\/v2\/users\/7"}],"replies":[{"embeddable":true,"href":"https:\/\/www.greenmobility.com\/dk\/da\/wp-json\/wp\/v2\/comments?post=11210"}],"version-history":[{"count":3,"href":"https:\/\/www.greenmobility.com\/dk\/da\/wp-json\/wp\/v2\/pages\/11210\/revisions"}],"predecessor-version":[{"id":11228,"href":"https:\/\/www.greenmobility.com\/dk\/da\/wp-json\/wp\/v2\/pages\/11210\/revisions\/11228"}],"wp:attachment":[{"href":"https:\/\/www.greenmobility.com\/dk\/da\/wp-json\/wp\/v2\/media?parent=11210"}],"curies":[{"name":"wp","href":"https:\/\/api.w.org\/{rel}","templated":true}]}}